{"id":6238,"date":"2023-03-27T06:54:03","date_gmt":"2023-03-27T06:54:03","guid":{"rendered":"https:\/\/tekoprefrigeration.com\/cold-room-panel\/"},"modified":"2024-10-16T07:41:47","modified_gmt":"2024-10-16T07:41:47","slug":"cold-room-panel","status":"publish","type":"page","link":"https:\/\/tekoprefrigeration.com\/usa\/cold-room-panel\/","title":{"rendered":"Cold Room Panel"},"content":{"rendered":"\t\t<div data-elementor-type=\"wp-page\" data-elementor-id=\"6238\" class=\"elementor elementor-6238 elementor-838\" data-elementor-settings=\"{&quot;ha_cmc_init_switcher&quot;:&quot;no&quot;}\">\n\t\t\t\t\t\t<section class=\"elementor-section elementor-top-section elementor-element elementor-element-7899bdcb elementor-section-content-middle elementor-section-boxed elementor-section-height-default elementor-section-height-default\" data-id=\"7899bdcb\" data-element_type=\"section\" data-e-type=\"section\" data-settings=\"{&quot;_ha_eqh_enable&quot;:false}\">\n\t\t\t\t\t\t<div class=\"elementor-container elementor-column-gap-default\">\n\t\t\t\t\t<div class=\"elementor-column elementor-col-50 elementor-top-column elementor-element elementor-element-229f7a3c\" data-id=\"229f7a3c\" data-element_type=\"column\" data-e-type=\"column\">\n\t\t\t<div class=\"elementor-widget-wrap elementor-element-populated\">\n\t\t\t\t\t\t<div class=\"elementor-element elementor-element-7d63215 elementor-arrows-position-inside elementor-pagination-position-outside elementor-widget elementor-widget-image-carousel\" data-id=\"7d63215\" data-element_type=\"widget\" data-e-type=\"widget\" data-settings=\"{&quot;slides_to_show&quot;:&quot;1&quot;,&quot;autoplay_speed&quot;:2000,&quot;navigation&quot;:&quot;both&quot;,&quot;autoplay&quot;:&quot;yes&quot;,&quot;pause_on_hover&quot;:&quot;yes&quot;,&quot;pause_on_interaction&quot;:&quot;yes&quot;,&quot;infinite&quot;:&quot;yes&quot;,&quot;effect&quot;:&quot;slide&quot;,&quot;speed&quot;:500}\" data-widget_type=\"image-carousel.default\">\n\t\t\t\t<div class=\"elementor-widget-container\">\n\t\t\t\t\t\t\t<div class=\"elementor-image-carousel-wrapper swiper\" role=\"region\" aria-roledescription=\"carousel\" aria-label=\"Image Carousel\" dir=\"ltr\">\n\t\t\t<div class=\"elementor-image-carousel swiper-wrapper\" aria-live=\"off\">\n\t\t\t\t\t\t\t\t<div class=\"swiper-slide\" role=\"group\" aria-roledescription=\"slide\" aria-label=\"1 of 1\"><figure class=\"swiper-slide-inner\"><img decoding=\"async\" class=\"swiper-slide-image\" src=\"https:\/\/tekoprefrigeration.com\/wp-content\/uploads\/2023\/04\/cold-room-panel.png\" alt=\"cold-room-panel\" \/><\/figure><\/div>\t\t\t<\/div>\n\t\t\t\t\t<\/div>\n\t\t\t\t\t\t<\/div>\n\t\t\t\t<\/div>\n\t\t\t\t\t<\/div>\n\t\t<\/div>\n\t\t\t\t<div class=\"elementor-column elementor-col-50 elementor-top-column elementor-element elementor-element-5a96ce08\" data-id=\"5a96ce08\" data-element_type=\"column\" data-e-type=\"column\">\n\t\t\t<div class=\"elementor-widget-wrap elementor-element-populated\">\n\t\t\t\t\t\t<div class=\"elementor-element elementor-element-30594bfa elementor-widget elementor-widget-heading\" data-id=\"30594bfa\" data-element_type=\"widget\" data-e-type=\"widget\" data-widget_type=\"heading.default\">\n\t\t\t\t<div class=\"elementor-widget-container\">\n\t\t\t\t\t<h2 class=\"elementor-heading-title elementor-size-default\">Cold Room Panel <\/h2>\t\t\t\t<\/div>\n\t\t\t\t<\/div>\n\t\t\t\t<div class=\"elementor-element elementor-element-25472ed8 elementor-widget elementor-widget-text-editor\" data-id=\"25472ed8\" data-element_type=\"widget\" data-e-type=\"widget\" data-widget_type=\"text-editor.default\">\n\t\t\t\t<div class=\"elementor-widget-container\">\n\t\t\t\t\t\t\t\t\t<p>Our Cold Room Panels, designed to provide you with the utmost efficiency, durability, and robust insulation capabilities for your temperature-sensitive operations.The insulation core of our Cold Room Panels is made from high-density polyurethane foam (PU), renowned for its superior insulating properties and resistance to moisture absorption. This ensures that your cold room stays dry and cold, even in high humidity environments. <\/p>\n\t\t\t\t\t\t\t\t<\/div>\n\t\t\t\t<\/div>\n\t\t\t\t<div class=\"elementor-element elementor-element-5f0b69c3 elementor-align-start elementor-icon-list--layout-traditional elementor-list-item-link-full_width elementor-widget elementor-widget-icon-list\" data-id=\"5f0b69c3\" data-element_type=\"widget\" data-e-type=\"widget\" data-widget_type=\"icon-list.default\">\n\t\t\t\t<div class=\"elementor-widget-container\">\n\t\t\t\t\t\t\t<ul class=\"elementor-icon-list-items\">\n\t\t\t\t\t\t\t<li class=\"elementor-icon-list-item\">\n\t\t\t\t\t\t\t\t\t\t\t<span class=\"elementor-icon-list-icon\">\n\t\t\t\t\t\t\t<i aria-hidden=\"true\" class=\"fas fa-globe-americas\"><\/i>\t\t\t\t\t\t<\/span>\n\t\t\t\t\t\t\t\t\t\t<span class=\"elementor-icon-list-text\">Environmentally Friendly<\/span>\n\t\t\t\t\t\t\t\t\t<\/li>\n\t\t\t\t\t\t\t\t<li class=\"elementor-icon-list-item\">\n\t\t\t\t\t\t\t\t\t\t\t<span class=\"elementor-icon-list-icon\">\n\t\t\t\t\t\t\t<i aria-hidden=\"true\" class=\"fas fa-certificate\"><\/i>\t\t\t\t\t\t<\/span>\n\t\t\t\t\t\t\t\t\t\t<span class=\"elementor-icon-list-text\">Certified Products<\/span>\n\t\t\t\t\t\t\t\t\t<\/li>\n\t\t\t\t\t\t\t\t<li class=\"elementor-icon-list-item\">\n\t\t\t\t\t\t\t\t\t\t\t<span class=\"elementor-icon-list-icon\">\n\t\t\t\t\t\t\t<i aria-hidden=\"true\" class=\"fas fa-bolt\"><\/i>\t\t\t\t\t\t<\/span>\n\t\t\t\t\t\t\t\t\t\t<span class=\"elementor-icon-list-text\">Energy Saving<\/span>\n\t\t\t\t\t\t\t\t\t<\/li>\n\t\t\t\t\t\t\t\t<li class=\"elementor-icon-list-item\">\n\t\t\t\t\t\t\t\t\t\t\t<span class=\"elementor-icon-list-icon\">\n\t\t\t\t\t\t\t<i aria-hidden=\"true\" class=\"fas fa-biohazard\"><\/i>\t\t\t\t\t\t<\/span>\n\t\t\t\t\t\t\t\t\t\t<span class=\"elementor-icon-list-text\">Does not contain carcinogenic material<\/span>\n\t\t\t\t\t\t\t\t\t<\/li>\n\t\t\t\t\t\t\t\t<li class=\"elementor-icon-list-item\">\n\t\t\t\t\t\t\t\t\t\t\t<span class=\"elementor-icon-list-icon\">\n\t\t\t\t\t\t\t<i aria-hidden=\"true\" class=\"fas fa-feather-alt\"><\/i>\t\t\t\t\t\t<\/span>\n\t\t\t\t\t\t\t\t\t\t<span class=\"elementor-icon-list-text\">Can be used in health and food sector<\/span>\n\t\t\t\t\t\t\t\t\t<\/li>\n\t\t\t\t\t\t<\/ul>\n\t\t\t\t\t\t<\/div>\n\t\t\t\t<\/div>\n\t\t\t\t<section data-ep-wrapper-link=\"{&quot;url&quot;:&quot;http:\\\/\\\/tekoprefrigeration.com\\\/wp-content\\\/uploads\\\/2023\\\/06\\\/cold-room-panel.pdf&quot;,&quot;is_external&quot;:&quot;on&quot;,&quot;nofollow&quot;:&quot;&quot;,&quot;custom_attributes&quot;:&quot;&quot;}\" style=\"cursor: pointer\" class=\"bdt-element-link elementor-section elementor-inner-section elementor-element elementor-element-470684cd elementor-section-content-middle elementor-section-boxed elementor-section-height-default elementor-section-height-default\" data-id=\"470684cd\" data-element_type=\"section\" data-e-type=\"section\" data-settings=\"{&quot;background_background&quot;:&quot;gradient&quot;,&quot;_ha_eqh_enable&quot;:false}\">\n\t\t\t\t\t\t<div class=\"elementor-container elementor-column-gap-default\">\n\t\t\t\t\t<div class=\"elementor-column elementor-col-50 elementor-inner-column elementor-element elementor-element-8c9f3a3\" data-id=\"8c9f3a3\" data-element_type=\"column\" data-e-type=\"column\">\n\t\t\t<div class=\"elementor-widget-wrap elementor-element-populated\">\n\t\t\t\t\t\t<div data-ep-wrapper-link=\"{&quot;url&quot;:&quot;https:\\\/\\\/tekoprefrigeration.com\\\/wp-content\\\/uploads\\\/2023\\\/03\\\/cold-room-panel.pdf&quot;,&quot;is_external&quot;:&quot;on&quot;,&quot;nofollow&quot;:&quot;&quot;,&quot;custom_attributes&quot;:&quot;&quot;}\" style=\"cursor: pointer\" class=\"bdt-element-link elementor-element elementor-element-4872e245 elementor-widget elementor-widget-html\" data-id=\"4872e245\" data-element_type=\"widget\" data-e-type=\"widget\" data-widget_type=\"html.default\">\n\t\t\t\t<div class=\"elementor-widget-container\">\n\t\t\t\t\t<script src=\"https:\/\/unpkg.com\/@lottiefiles\/lottie-player@latest\/dist\/lottie-player.js\"><\/script>\n<lottie-player src=\"https:\/\/assets5.lottiefiles.com\/private_files\/lf30_xkvrpcwa.json\" background=\"transparent\" speed=\"1\" style=\"width: 50px; height: 50px;\" loop=\"\" autoplay=\"\"><\/lottie-player>\t\t\t\t<\/div>\n\t\t\t\t<\/div>\n\t\t\t\t\t<\/div>\n\t\t<\/div>\n\t\t\t\t<div class=\"elementor-column elementor-col-50 elementor-inner-column elementor-element elementor-element-461e98c2\" data-id=\"461e98c2\" data-element_type=\"column\" data-e-type=\"column\">\n\t\t\t<div class=\"elementor-widget-wrap elementor-element-populated\">\n\t\t\t\t\t\t<div class=\"elementor-element elementor-element-abb6c0c elementor-widget elementor-widget-heading\" data-id=\"abb6c0c\" data-element_type=\"widget\" data-e-type=\"widget\" data-widget_type=\"heading.default\">\n\t\t\t\t<div class=\"elementor-widget-container\">\n\t\t\t\t\t<h3 class=\"elementor-heading-title elementor-size-default\">Examine the Product in Detail<\/h3>\t\t\t\t<\/div>\n\t\t\t\t<\/div>\n\t\t\t\t\t<\/div>\n\t\t<\/div>\n\t\t\t\t\t<\/div>\n\t\t<\/section>\n\t\t\t\t<div class=\"elementor-element elementor-element-da7fd13 elementor-align-center elementor-widget elementor-widget-button\" data-id=\"da7fd13\" data-element_type=\"widget\" data-e-type=\"widget\" id=\"offerGetClick\" data-widget_type=\"button.default\">\n\t\t\t\t<div class=\"elementor-widget-container\">\n\t\t\t\t\t\t\t\t\t<div class=\"elementor-button-wrapper\">\n\t\t\t\t\t<a class=\"elementor-button elementor-button-link elementor-size-sm\" href=\"#\">\n\t\t\t\t\t\t<span class=\"elementor-button-content-wrapper\">\n\t\t\t\t\t\t\t\t\t<span class=\"elementor-button-text\">Get An Offer<\/span>\n\t\t\t\t\t<\/span>\n\t\t\t\t\t<\/a>\n\t\t\t\t<\/div>\n\t\t\t\t\t\t\t\t<\/div>\n\t\t\t\t<\/div>\n\t\t\t\t\t<\/div>\n\t\t<\/div>\n\t\t\t\t\t<\/div>\n\t\t<\/section>\n\t\t\t\t<section class=\"elementor-section elementor-top-section elementor-element elementor-element-3f010363 elementor-section-boxed elementor-section-height-default elementor-section-height-default\" data-id=\"3f010363\" data-element_type=\"section\" data-e-type=\"section\" data-settings=\"{&quot;_ha_eqh_enable&quot;:false}\">\n\t\t\t\t\t\t<div class=\"elementor-container elementor-column-gap-default\">\n\t\t\t\t\t<div class=\"elementor-column elementor-col-100 elementor-top-column elementor-element elementor-element-236e7947\" data-id=\"236e7947\" data-element_type=\"column\" data-e-type=\"column\">\n\t\t\t<div class=\"elementor-widget-wrap elementor-element-populated\">\n\t\t\t\t\t\t<div class=\"elementor-element elementor-element-66d6dccf elementor-tabs-alignment-stretch elementor-tabs-view-horizontal elementor-widget elementor-widget-tabs\" data-id=\"66d6dccf\" data-element_type=\"widget\" data-e-type=\"widget\" data-widget_type=\"tabs.default\">\n\t\t\t\t<div class=\"elementor-widget-container\">\n\t\t\t\t\t\t\t<div class=\"elementor-tabs\">\n\t\t\t<div class=\"elementor-tabs-wrapper\" role=\"tablist\" >\n\t\t\t\t\t\t\t\t\t<div id=\"elementor-tab-title-1721\" class=\"elementor-tab-title elementor-tab-desktop-title\" aria-selected=\"true\" data-tab=\"1\" role=\"tab\" tabindex=\"0\" aria-controls=\"elementor-tab-content-1721\" aria-expanded=\"false\">General Specifications<\/div>\n\t\t\t\t\t\t\t\t\t<div id=\"elementor-tab-title-1722\" class=\"elementor-tab-title elementor-tab-desktop-title\" aria-selected=\"false\" data-tab=\"2\" role=\"tab\" tabindex=\"-1\" aria-controls=\"elementor-tab-content-1722\" aria-expanded=\"false\">Technical Specifications<\/div>\n\t\t\t\t\t\t\t<\/div>\n\t\t\t<div class=\"elementor-tabs-content-wrapper\" role=\"tablist\" aria-orientation=\"vertical\">\n\t\t\t\t\t\t\t\t\t<div class=\"elementor-tab-title elementor-tab-mobile-title\" aria-selected=\"true\" data-tab=\"1\" role=\"tab\" tabindex=\"0\" aria-controls=\"elementor-tab-content-1721\" aria-expanded=\"false\">General Specifications<\/div>\n\t\t\t\t\t<div id=\"elementor-tab-content-1721\" class=\"elementor-tab-content elementor-clearfix\" data-tab=\"1\" role=\"tabpanel\" aria-labelledby=\"elementor-tab-title-1721\" tabindex=\"0\" hidden=\"false\"><p>Cold room panels are manufactured from 2.62 lb\/ft\u00b3 (\u00b1 0.12) Polyurethane.<br \/>They also have the B2 non-flammability standard within the scope of TS EN 13501-1.<br \/>Cold room panels are connected together in a jigsaw shape.<br \/>They can also be disassembled later.<br \/>Wall and ceiling panels are produced in different thicknesses (3.15 inches, 3.94 inches, 4.72 inches, 5.91 inches, 7.09 inches, 7.87 inches).<br \/>It is 100 cm wide and can be produced as long as desired, according to your instructions.<br \/>The inner and outer surfaces of the wall panels are 7.87 inches thick galvanized steel sheet and colored with RAL 9002 authentic polyester color.<br \/>Depending on the purpose of use, wall and ceiling panel sheets can be produced with Cr-Ni, PVC, Galvanized and Polyester.<br \/>Cold room panels are smooth, hygienic and easy to clean.<br \/>They are widely used in hospitals because they are hygienic.<br \/>in grocery stores and drug stores.<br \/>Cold room panels prevent heat loss with their personalized design and accessories.<\/p><\/div>\n\t\t\t\t\t\t\t\t\t<div class=\"elementor-tab-title elementor-tab-mobile-title\" aria-selected=\"false\" data-tab=\"2\" role=\"tab\" tabindex=\"-1\" aria-controls=\"elementor-tab-content-1722\" aria-expanded=\"false\">Technical Specifications<\/div>\n\t\t\t\t\t<div id=\"elementor-tab-content-1722\" class=\"elementor-tab-content elementor-clearfix\" data-tab=\"2\" role=\"tabpanel\" aria-labelledby=\"elementor-tab-title-1722\" tabindex=\"0\" hidden=\"hidden\"><table>\n<tbody>\n<tr>\n<td>\n<p><strong>Thickness(mm)<\/strong><br \/>Kal\u0131nl\u0131k (mm)<\/p>\n<\/td>\n<td>\n<p><strong>Thermal Resistance<\/strong><br \/>Is\u0131l Diren\u00e7<\/p>\n<\/td>\n<td>\n<p><strong>Heat Transfer Coefficient<\/strong><br \/>Is\u0131 Ge\u00e7irgenlik Katsay\u0131s\u0131<\/p>\n<\/td>\n<td>\n<p><strong>Weight KG\/m\u00b2<\/strong><br \/>A\u011f\u0131rl\u0131k KG\/m\u00b2<\/p>\n<\/td>\n<\/tr>\n<tr>\n<td>\n<p><strong>Core Thickness (t) <\/strong>Yal\u0131t\u0131m Kal\u0131nl\u0131\u011f\u0131 (t)<br \/><strong>Width (w) =<\/strong> Geni\u015flik (w) = 1000 mm<\/p>\n<\/td>\n<td>\n<p><strong>R(m\u00b2 K\/W)<\/strong><\/p>\n<\/td>\n<td>\n<p><strong>K Value W\/m\u00b2 K<\/strong><br \/>K De\u011feri W\/m\u00b2 K<\/p>\n<\/td>\n<td>\n<p><strong>(0,5+0,5)<\/strong><\/p>\n<\/td>\n<\/tr>\n<tr>\n<td>\n<p>t=60 mm<\/p>\n<\/td>\n<td>\n<p>2,36<\/p>\n<\/td>\n<td>\n<p>0,36<\/p>\n<\/td>\n<td>\n<p>10,12<\/p>\n<\/td>\n<\/tr>\n<tr>\n<td>\n<p>t=80 mm<\/p>\n<\/td>\n<td>\n<p>3,68<\/p>\n<\/td>\n<td>\n<p>0,27<\/p>\n<\/td>\n<td>\n<p>11,80<\/p>\n<\/td>\n<\/tr>\n<tr>\n<td>\n<p>t=100 mm<\/p>\n<\/td>\n<td>\n<p>4,61<\/p>\n<\/td>\n<td>\n<p>0,22<\/p>\n<\/td>\n<td>\n<p>12,50<\/p>\n<\/td>\n<\/tr>\n<tr>\n<td>\n<p>t=120 mm<\/p>\n<\/td>\n<td>\n<p>5,52<\/p>\n<\/td>\n<td>\n<p>0,18<\/p>\n<\/td>\n<td>\n<p>13,40<\/p>\n<\/td>\n<\/tr>\n<tr>\n<td>\n<p>t=150 mm<\/p>\n<\/td>\n<td>\n<p>6,88<\/p>\n<\/td>\n<td>\n<p>0,15<\/p>\n<\/td>\n<td>\n<p>14,60<\/p>\n<\/td>\n<\/tr>\n<tr>\n<td>\n<p>t=180 mm<\/p>\n<\/td>\n<td>\n<p>8,25<\/p>\n<\/td>\n<td>\n<p>0,12<\/p>\n<\/td>\n<td>\n<p>15,60<\/p>\n<\/td>\n<\/tr>\n<tr>\n<td>\n<p>t=200 mm<\/p>\n<\/td>\n<td>\n<p>9,16<\/p>\n<\/td>\n<td>\n<p>0,11<\/p>\n<\/td>\n<td>\n<p>16,60<\/p>\n<\/td>\n<\/tr>\n<\/tbody>\n<\/table>\n<\/div>\n\t\t\t\t\t\t\t<\/div>\n\t\t<\/div>\n\t\t\t\t\t\t<\/div>\n\t\t\t\t<\/div>\n\t\t\t\t\t<\/div>\n\t\t<\/div>\n\t\t\t\t\t<\/div>\n\t\t<\/section>\n\t\t\t\t<\/div>\n\t\t","protected":false},"excerpt":{"rendered":"<p>Cold Room Panel Our Cold Room Panels, designed to provide you with the utmost efficiency, durability, and robust insulation capabilities for your [&hellip;]<\/p>\n","protected":false},"author":1,"featured_media":0,"parent":0,"menu_order":0,"comment_status":"closed","ping_status":"closed","template":"","meta":{"footnotes":""},"class_list":["post-6238","page","type-page","status-publish","hentry"],"_links":{"self":[{"href":"https:\/\/tekoprefrigeration.com\/usa\/wp-json\/wp\/v2\/pages\/6238","targetHints":{"allow":["GET"]}}],"collection":[{"href":"https:\/\/tekoprefrigeration.com\/usa\/wp-json\/wp\/v2\/pages"}],"about":[{"href":"https:\/\/tekoprefrigeration.com\/usa\/wp-json\/wp\/v2\/types\/page"}],"author":[{"embeddable":true,"href":"https:\/\/tekoprefrigeration.com\/usa\/wp-json\/wp\/v2\/users\/1"}],"replies":[{"embeddable":true,"href":"https:\/\/tekoprefrigeration.com\/usa\/wp-json\/wp\/v2\/comments?post=6238"}],"version-history":[{"count":5,"href":"https:\/\/tekoprefrigeration.com\/usa\/wp-json\/wp\/v2\/pages\/6238\/revisions"}],"predecessor-version":[{"id":6445,"href":"https:\/\/tekoprefrigeration.com\/usa\/wp-json\/wp\/v2\/pages\/6238\/revisions\/6445"}],"wp:attachment":[{"href":"https:\/\/tekoprefrigeration.com\/usa\/wp-json\/wp\/v2\/media?parent=6238"}],"curies":[{"name":"wp","href":"https:\/\/api.w.org\/{rel}","templated":true}]}}