{"id":8848,"date":"2025-08-08T08:09:12","date_gmt":"2025-08-08T08:09:12","guid":{"rendered":"https:\/\/tekoprefrigeration.com\/blog\/"},"modified":"2025-09-24T09:57:20","modified_gmt":"2025-09-24T09:57:20","slug":"blog","status":"publish","type":"page","link":"https:\/\/tekoprefrigeration.com\/tr\/blog\/","title":{"rendered":"BLOG"},"content":{"rendered":"\t\t<div data-elementor-type=\"wp-page\" data-elementor-id=\"8848\" class=\"elementor elementor-8848 elementor-8516\" data-elementor-settings=\"{&quot;ha_cmc_init_switcher&quot;:&quot;no&quot;}\">\n\t\t\t\t<div class=\"elementor-element elementor-element-f9d02cf e-flex e-con-boxed e-con e-parent\" data-id=\"f9d02cf\" data-element_type=\"container\" data-e-type=\"container\" data-settings=\"{&quot;_ha_eqh_enable&quot;:false}\">\n\t\t\t\t\t<div class=\"e-con-inner\">\n\t\t<div class=\"elementor-element elementor-element-4343a0e e-con-full e-flex e-con e-child\" data-id=\"4343a0e\" data-element_type=\"container\" data-e-type=\"container\" data-settings=\"{&quot;_ha_eqh_enable&quot;:false}\">\n\t\t<div class=\"elementor-element elementor-element-0f05254 e-con-full e-flex e-con e-child\" data-id=\"0f05254\" data-element_type=\"container\" data-e-type=\"container\" data-settings=\"{&quot;_ha_eqh_enable&quot;:false}\">\n\t\t\t\t<div class=\"elementor-element elementor-element-a489c3d elementor-widget elementor-widget-elementskit-heading\" data-id=\"a489c3d\" data-element_type=\"widget\" data-e-type=\"widget\" data-widget_type=\"elementskit-heading.default\">\n\t\t\t\t<div class=\"elementor-widget-container\">\n\t\t\t\t\t<div class=\"ekit-wid-con\" ><div class=\"ekit-heading elementskit-section-title-wraper text_left   ekit_heading_tablet-   ekit_heading_mobile-\"><div class=\"ekit_heading_separetor_wraper ekit_heading_elementskit-border-divider elementskit-style-long\"><div class=\"elementskit-border-divider elementskit-style-long\"><\/div><\/div><h2 class=\"ekit-heading--title elementskit-section-title \">G\u00fcncel <span>Haberlerimiz<\/span><\/h2><h3 class=\"ekit-heading--subtitle elementskit-section-subtitle  \">\n\t\t\t\t\t\tYenilikler ve \u00c7\u00f6z\u00fcmler\n\t\t\t\t\t<\/h3><\/div><\/div>\t\t\t\t<\/div>\n\t\t\t\t<\/div>\n\t\t\t\t<\/div>\n\t\t\t\t<div class=\"elementor-element elementor-element-f9745aa elementor-widget elementor-widget-elementskit-blog-posts\" data-id=\"f9745aa\" data-element_type=\"widget\" data-e-type=\"widget\" data-widget_type=\"elementskit-blog-posts.default\">\n\t\t\t\t<div class=\"elementor-widget-container\">\n\t\t\t\t\t<div class=\"ekit-wid-con\" >        <div id=\"post-items--f9745aa\" class=\"row post-items\">\n                    <div class=\"col-lg-4 col-md-6\">\n\n                                    <div class=\"elementskit-post-image-card\">\n                        <div class=\"elementskit-entry-header\">\n                                                            <a href=\"https:\/\/tekoprefrigeration.com\/tr\/meyve-ve-sebzeler-icin-soguk-hava-deposu-tazelik-ve-raf-omru-icin-neden-gerekli\/\" class=\"elementskit-entry-thumb\">\n                                    <img decoding=\"async\" src=\"https:\/\/tekoprefrigeration.com\/wp-content\/uploads\/2025\/09\/fruit-and-vegetables-cold-storage-edited-e1757070956342.png\" alt=\"Meyve ve Sebzeler i\u00e7in So\u011fuk Hava Deposu: Tazelik ve Raf \u00d6mr\u00fc i\u00e7in Neden Gerekli?\">\n                                <\/a><!-- .elementskit-entry-thumb END -->\n                                                            \n                            \n\t\t\t\t\t\t\t\t\t\t\t\t\t<\/div><!-- .elementskit-entry-header END -->\n\n\t\t\t\t\t\t<div class=\"elementskit-post-body \">\n\t\t\t\t\t\t\t\t\t\t\t\t\t\t\t\t\t\t\t\t<h2 class=\"entry-title\">\n\t\t\t\t\t<a href=\"https:\/\/tekoprefrigeration.com\/tr\/meyve-ve-sebzeler-icin-soguk-hava-deposu-tazelik-ve-raf-omru-icin-neden-gerekli\/\">\n\t\t\t\t\t\tMeyve ve Sebzeler i\u00e7in So\u011fuk Hava Deposu: Tazelik ve&hellip;\t\t\t\t\t<\/a>\n\t\t\t\t<\/h2>\n\t\t\t\t\t\t\t\t\t\t\t\n\t\t\t\t\t\t\t\t\t\t\t\t\t\t\t\t\t\t\t\t\t\t\t\t\t\t\t\t<div class=\"post-meta-list\">\n\t\t\t\t\t\t\t\t\t\t\t\t\t<\/div>\n\t\t\t\t\t\t\t\t\t\t\t\t\t\n\t\t\t\t\t\t\t\t\n\t\t\t\t\t\t\t\t\t\t\t\t\t\t\t\t\t\t\t\t\t\t\t\t\t\t\t\t\t\t\t\t\t\t\t\t\t\t\t<p>Meyve ve sebzeler i\u00e7in so\u011fuk depolama, g\u0131da tedarik zincirindeki en \u00f6nemli \u00e7\u00f6z\u00fcmlerden biridir. Taze \u00fcr\u00fcnler tarladan sofraya kadar uzun bir&hellip;<\/p>\n\t\t\t\t\t\t\t\t\t\t\t\t\t\t\t\t\t\t\t\t\t\t                                                            <div class=\"btn-wraper\">\n                                    \n                                                                            <a class=\"elementskit-btn whitespace--normal\" id=\"\" href=\"https:\/\/tekoprefrigeration.com\/tr\/meyve-ve-sebzeler-icin-soguk-hava-deposu-tazelik-ve-raf-omru-icin-neden-gerekli\/\">\n                                        \t                                            Read More                                        <\/a>\n                                                                    <\/div>\n                                                    <\/div><!-- .elementskit-post-body END -->\n                    <\/div>\n                \n            <\/div>\n                    <div class=\"col-lg-4 col-md-6\">\n\n                                    <div class=\"elementskit-post-image-card\">\n                        <div class=\"elementskit-entry-header\">\n                                                            <a href=\"https:\/\/tekoprefrigeration.com\/tr\/maksimum-tazelik-icin-ideal-elma-saklama-kosullari-2\/\" class=\"elementskit-entry-thumb\">\n                                    <img decoding=\"async\" src=\"https:\/\/tekoprefrigeration.com\/wp-content\/uploads\/2025\/08\/postharvest_Apples-e1754892929972-300x300-1.webp\" alt=\"Maksimum Tazelik i\u00e7in \u0130deal Elma Saklama Ko\u015fullar\u0131\">\n                                <\/a><!-- .elementskit-entry-thumb END -->\n                                                            \n                            \n\t\t\t\t\t\t\t\t\t\t\t\t\t<\/div><!-- .elementskit-entry-header END -->\n\n\t\t\t\t\t\t<div class=\"elementskit-post-body \">\n\t\t\t\t\t\t\t\t\t\t\t\t\t\t\t\t\t\t\t\t<h2 class=\"entry-title\">\n\t\t\t\t\t<a href=\"https:\/\/tekoprefrigeration.com\/tr\/maksimum-tazelik-icin-ideal-elma-saklama-kosullari-2\/\">\n\t\t\t\t\t\tMaksimum Tazelik i\u00e7in \u0130deal Elma Saklama Ko\u015fullar\u0131\t\t\t\t\t<\/a>\n\t\t\t\t<\/h2>\n\t\t\t\t\t\t\t\t\t\t\t\n\t\t\t\t\t\t\t\t\t\t\t\t\t\t\t\t\t\t\t\t\t\t\t\t\t\t\t\t<div class=\"post-meta-list\">\n\t\t\t\t\t\t\t\t\t\t\t\t\t<\/div>\n\t\t\t\t\t\t\t\t\t\t\t\t\t\n\t\t\t\t\t\t\t\t\n\t\t\t\t\t\t\t\t\t\t\t\t\t\t\t\t\t\t\t\t\t\t\t\t\t\t\t\t\t\t\t\t\t\t\t\t\t\t\t<p>\u0130deal elma saklama ko\u015fullar\u0131, elma kalitesinin bah\u00e7eden rafa kadar korunmas\u0131nda kritik bir rol oynar. Tekop Refrigeration olarak, elmalar\u0131n daha uzun&hellip;<\/p>\n\t\t\t\t\t\t\t\t\t\t\t\t\t\t\t\t\t\t\t\t\t\t                                                            <div class=\"btn-wraper\">\n                                    \n                                                                            <a class=\"elementskit-btn whitespace--normal\" id=\"\" href=\"https:\/\/tekoprefrigeration.com\/tr\/maksimum-tazelik-icin-ideal-elma-saklama-kosullari-2\/\">\n                                        \t                                            Read More                                        <\/a>\n                                                                    <\/div>\n                                                    <\/div><!-- .elementskit-post-body END -->\n                    <\/div>\n                \n            <\/div>\n                    <div class=\"col-lg-4 col-md-6\">\n\n                                    <div class=\"elementskit-post-image-card\">\n                        <div class=\"elementskit-entry-header\">\n                                                            <a href=\"https:\/\/tekoprefrigeration.com\/tr\/soguk-oda-nasil-kurulur\/\" class=\"elementskit-entry-thumb\">\n                                    <img decoding=\"async\" src=\"https:\/\/tekoprefrigeration.com\/wp-content\/uploads\/2025\/08\/IMG_5143-1-scaled-e1754981648395-300x300-1.webp\" alt=\"So\u011fuk Oda Nas\u0131l Kurulur?\">\n                                <\/a><!-- .elementskit-entry-thumb END -->\n                                                            \n                            \n\t\t\t\t\t\t\t\t\t\t\t\t\t<\/div><!-- .elementskit-entry-header END -->\n\n\t\t\t\t\t\t<div class=\"elementskit-post-body \">\n\t\t\t\t\t\t\t\t\t\t\t\t\t\t\t\t\t\t\t\t<h2 class=\"entry-title\">\n\t\t\t\t\t<a href=\"https:\/\/tekoprefrigeration.com\/tr\/soguk-oda-nasil-kurulur\/\">\n\t\t\t\t\t\tSo\u011fuk Oda Nas\u0131l Kurulur?\t\t\t\t\t<\/a>\n\t\t\t\t<\/h2>\n\t\t\t\t\t\t\t\t\t\t\t\n\t\t\t\t\t\t\t\t\t\t\t\t\t\t\t\t\t\t\t\t\t\t\t\t\t\t\t\t<div class=\"post-meta-list\">\n\t\t\t\t\t\t\t\t\t\t\t\t\t<\/div>\n\t\t\t\t\t\t\t\t\t\t\t\t\t\n\t\t\t\t\t\t\t\t\n\t\t\t\t\t\t\t\t\t\t\t\t\t\t\t\t\t\t\t\t\t\t\t\t\t\t\t\t\t\t\t\t\t\t\t\t\t\t\t<p>So\u011fuk oda nas\u0131l kurulur? So\u011fuk oda, yiyecek, i\u00e7ecek veya ila\u00e7lar\u0131 kontroll\u00fc s\u0131cakl\u0131klarda saklamas\u0131 gereken i\u015fletmeler i\u00e7in \u00e7ok \u00f6nemlidir. Tekop Refrigeration&#8217;\u0131n&hellip;<\/p>\n\t\t\t\t\t\t\t\t\t\t\t\t\t\t\t\t\t\t\t\t\t\t                                                            <div class=\"btn-wraper\">\n                                    \n                                                                            <a class=\"elementskit-btn whitespace--normal\" id=\"\" href=\"https:\/\/tekoprefrigeration.com\/tr\/soguk-oda-nasil-kurulur\/\">\n                                        \t                                            Read More                                        <\/a>\n                                                                    <\/div>\n                                                    <\/div><!-- .elementskit-post-body END -->\n                    <\/div>\n                \n            <\/div>\n                    <div class=\"col-lg-4 col-md-6\">\n\n                                    <div class=\"elementskit-post-image-card\">\n                        <div class=\"elementskit-entry-header\">\n                                                            <a href=\"https:\/\/tekoprefrigeration.com\/tr\/soguk-oda-cozumlerimiz-supermarketlerin-maliyetleri-dusurmesine-nasil-yardimci-oluyor\/\" class=\"elementskit-entry-thumb\">\n                                    <img decoding=\"async\" src=\"https:\/\/tekoprefrigeration.com\/wp-content\/uploads\/2025\/08\/cold-storage-project-11-e1754892866414-300x300-1.webp\" alt=\"So\u011fuk Oda \u00c7\u00f6z\u00fcmlerimiz S\u00fcpermarketlerin Maliyetleri D\u00fc\u015f\u00fcrmesine Nas\u0131l Yard\u0131mc\u0131 Oluyor?\">\n                                <\/a><!-- .elementskit-entry-thumb END -->\n                                                            \n                            \n\t\t\t\t\t\t\t\t\t\t\t\t\t<\/div><!-- .elementskit-entry-header END -->\n\n\t\t\t\t\t\t<div class=\"elementskit-post-body \">\n\t\t\t\t\t\t\t\t\t\t\t\t\t\t\t\t\t\t\t\t<h2 class=\"entry-title\">\n\t\t\t\t\t<a href=\"https:\/\/tekoprefrigeration.com\/tr\/soguk-oda-cozumlerimiz-supermarketlerin-maliyetleri-dusurmesine-nasil-yardimci-oluyor\/\">\n\t\t\t\t\t\tSo\u011fuk Oda \u00c7\u00f6z\u00fcmlerimiz S\u00fcpermarketlerin Maliyetleri D\u00fc\u015f\u00fcrmesine Nas\u0131l Yard\u0131mc\u0131 Oluyor?\t\t\t\t\t<\/a>\n\t\t\t\t<\/h2>\n\t\t\t\t\t\t\t\t\t\t\t\n\t\t\t\t\t\t\t\t\t\t\t\t\t\t\t\t\t\t\t\t\t\t\t\t\t\t\t\t<div class=\"post-meta-list\">\n\t\t\t\t\t\t\t\t\t\t\t\t\t<\/div>\n\t\t\t\t\t\t\t\t\t\t\t\t\t\n\t\t\t\t\t\t\t\t\n\t\t\t\t\t\t\t\t\t\t\t\t\t\t\t\t\t\t\t\t\t\t\t\t\t\t\t\t\t\t\t\t\t\t\t\t\t\t\t<p>S\u00fcpermarketler taze \u00fcr\u00fcnler ve s\u00fct \u00fcr\u00fcnlerinden dondurulmu\u015f \u00fcr\u00fcnlere ve i\u00e7eceklere kadar her g\u00fcn binlerce bozulabilir \u00fcr\u00fcnle ilgilenir. Do\u011fru so\u011futma sistemi&hellip;<\/p>\n\t\t\t\t\t\t\t\t\t\t\t\t\t\t\t\t\t\t\t\t\t\t                                                            <div class=\"btn-wraper\">\n                                    \n                                                                            <a class=\"elementskit-btn whitespace--normal\" id=\"\" href=\"https:\/\/tekoprefrigeration.com\/tr\/soguk-oda-cozumlerimiz-supermarketlerin-maliyetleri-dusurmesine-nasil-yardimci-oluyor\/\">\n                                        \t                                            Read More                                        <\/a>\n                                                                    <\/div>\n                                                    <\/div><!-- .elementskit-post-body END -->\n                    <\/div>\n                \n            <\/div>\n                    <div class=\"col-lg-4 col-md-6\">\n\n                                    <div class=\"elementskit-post-image-card\">\n                        <div class=\"elementskit-entry-header\">\n                                                            <a href=\"https:\/\/tekoprefrigeration.com\/tr\/soguk-oda-verimliligini-optimize-etmek-icin-5-ipucu\/\" class=\"elementskit-entry-thumb\">\n                                    <img decoding=\"async\" src=\"https:\/\/tekoprefrigeration.com\/wp-content\/uploads\/2024\/10\/tekop-refrigeration-cold-rooms.png\" alt=\"So\u011fuk Oda Verimlili\u011fini Optimize Etmek i\u00e7in 5 \u0130pucu\">\n                                <\/a><!-- .elementskit-entry-thumb END -->\n                                                            \n                            \n\t\t\t\t\t\t\t\t\t\t\t\t\t<\/div><!-- .elementskit-entry-header END -->\n\n\t\t\t\t\t\t<div class=\"elementskit-post-body \">\n\t\t\t\t\t\t\t\t\t\t\t\t\t\t\t\t\t\t\t\t<h2 class=\"entry-title\">\n\t\t\t\t\t<a href=\"https:\/\/tekoprefrigeration.com\/tr\/soguk-oda-verimliligini-optimize-etmek-icin-5-ipucu\/\">\n\t\t\t\t\t\tSo\u011fuk Oda Verimlili\u011fini Optimize Etmek i\u00e7in 5 \u0130pucu\t\t\t\t\t<\/a>\n\t\t\t\t<\/h2>\n\t\t\t\t\t\t\t\t\t\t\t\n\t\t\t\t\t\t\t\t\t\t\t\t\t\t\t\t\t\t\t\t\t\t\t\t\t\t\t\t<div class=\"post-meta-list\">\n\t\t\t\t\t\t\t\t\t\t\t\t\t<\/div>\n\t\t\t\t\t\t\t\t\t\t\t\t\t\n\t\t\t\t\t\t\t\t\n\t\t\t\t\t\t\t\t\t\t\t\t\t\t\t\t\t\t\t\t\t\t\t\t\t\t\t\t\t\t\t\t\t\t\t\t\t\t\t<p>So\u011fuk odalar g\u0131da, ila\u00e7 ve s\u0131cakl\u0131\u011fa duyarl\u0131 di\u011fer \u00fcr\u00fcnlerin korunmas\u0131nda hayati bir rol oynar. Ancak bir so\u011fuk oda verimli \u00e7al\u0131\u015fmad\u0131\u011f\u0131nda,&hellip;<\/p>\n\t\t\t\t\t\t\t\t\t\t\t\t\t\t\t\t\t\t\t\t\t\t                                                            <div class=\"btn-wraper\">\n                                    \n                                                                            <a class=\"elementskit-btn whitespace--normal\" id=\"\" href=\"https:\/\/tekoprefrigeration.com\/tr\/soguk-oda-verimliligini-optimize-etmek-icin-5-ipucu\/\">\n                                        \t                                            Read More                                        <\/a>\n                                                                    <\/div>\n                                                    <\/div><!-- .elementskit-post-body END -->\n                    <\/div>\n                \n            <\/div>\n                    <div class=\"col-lg-4 col-md-6\">\n\n                                    <div class=\"elementskit-post-image-card\">\n                        <div class=\"elementskit-entry-header\">\n                                                            <a href=\"https:\/\/tekoprefrigeration.com\/tr\/tekop-refrigeration-uk\/\" class=\"elementskit-entry-thumb\">\n                                    <img decoding=\"async\" src=\"https:\/\/tekoprefrigeration.com\/wp-content\/uploads\/2025\/08\/ChatGPT-Image-20-Agu-2025-14_06_37.png\" alt=\"Tekop Refrigeration\u2019dan \u0130\u015fletmeler i\u00e7in So\u011fuk Oda \u0130ngiltere \u00c7\u00f6z\u00fcmleri\">\n                                <\/a><!-- .elementskit-entry-thumb END -->\n                                                            \n                            \n\t\t\t\t\t\t\t\t\t\t\t\t\t<\/div><!-- .elementskit-entry-header END -->\n\n\t\t\t\t\t\t<div class=\"elementskit-post-body \">\n\t\t\t\t\t\t\t\t\t\t\t\t\t\t\t\t\t\t\t\t<h2 class=\"entry-title\">\n\t\t\t\t\t<a href=\"https:\/\/tekoprefrigeration.com\/tr\/tekop-refrigeration-uk\/\">\n\t\t\t\t\t\tTekop Refrigeration\u2019dan \u0130\u015fletmeler i\u00e7in So\u011fuk Oda \u0130ngiltere \u00c7\u00f6z\u00fcmleri\t\t\t\t\t<\/a>\n\t\t\t\t<\/h2>\n\t\t\t\t\t\t\t\t\t\t\t\n\t\t\t\t\t\t\t\t\t\t\t\t\t\t\t\t\t\t\t\t\t\t\t\t\t\t\t\t<div class=\"post-meta-list\">\n\t\t\t\t\t\t\t\t\t\t\t\t\t<\/div>\n\t\t\t\t\t\t\t\t\t\t\t\t\t\n\t\t\t\t\t\t\t\t\n\t\t\t\t\t\t\t\t\t\t\t\t\t\t\t\t\t\t\t\t\t\t\t\t\t\t\t\t\t\t\t\t\t\t\t\t\t\t\t<p>\u00a0 Tekop Refrigeration&#8217;da Londra ofisimiz, Birle\u015fik Krall\u0131k&#8217;taki i\u015fletmelerin \u00e7e\u015fitli so\u011futma ihtiya\u00e7lar\u0131n\u0131 kar\u015f\u0131lamak i\u00e7in \u00f6zel so\u011fuk oda \u0130ngiltere \u00e7\u00f6z\u00fcmleri sunmaktad\u0131r. S\u00fcpermarketler&hellip;<\/p>\n\t\t\t\t\t\t\t\t\t\t\t\t\t\t\t\t\t\t\t\t\t\t                                                            <div class=\"btn-wraper\">\n                                    \n                                                                            <a class=\"elementskit-btn whitespace--normal\" id=\"\" href=\"https:\/\/tekoprefrigeration.com\/tr\/tekop-refrigeration-uk\/\">\n                                        \t                                            Read More                                        <\/a>\n                                                                    <\/div>\n                                                    <\/div><!-- .elementskit-post-body END -->\n                    <\/div>\n                \n            <\/div>\n                    <div class=\"col-lg-4 col-md-6\">\n\n                                    <div class=\"elementskit-post-image-card\">\n                        <div class=\"elementskit-entry-header\">\n                                                            <a href=\"https:\/\/tekoprefrigeration.com\/tr\/maksimum-tazelik-icin-ideal-elma-saklama-kosullari\/\" class=\"elementskit-entry-thumb\">\n                                    <img decoding=\"async\" src=\"https:\/\/tekoprefrigeration.com\/wp-content\/uploads\/2025\/08\/postharvest_Apples-e1754892929972.webp\" alt=\"Maksimum Tazelik i\u00e7in \u0130deal Elma Saklama Ko\u015fullar\u0131\">\n                                <\/a><!-- .elementskit-entry-thumb END -->\n                                                            \n                            \n\t\t\t\t\t\t\t\t\t\t\t\t\t<\/div><!-- .elementskit-entry-header END -->\n\n\t\t\t\t\t\t<div class=\"elementskit-post-body \">\n\t\t\t\t\t\t\t\t\t\t\t\t\t\t\t\t\t\t\t\t<h2 class=\"entry-title\">\n\t\t\t\t\t<a href=\"https:\/\/tekoprefrigeration.com\/tr\/maksimum-tazelik-icin-ideal-elma-saklama-kosullari\/\">\n\t\t\t\t\t\tMaksimum Tazelik i\u00e7in \u0130deal Elma Saklama Ko\u015fullar\u0131\t\t\t\t\t<\/a>\n\t\t\t\t<\/h2>\n\t\t\t\t\t\t\t\t\t\t\t\n\t\t\t\t\t\t\t\t\t\t\t\t\t\t\t\t\t\t\t\t\t\t\t\t\t\t\t\t<div class=\"post-meta-list\">\n\t\t\t\t\t\t\t\t\t\t\t\t\t<\/div>\n\t\t\t\t\t\t\t\t\t\t\t\t\t\n\t\t\t\t\t\t\t\t\n\t\t\t\t\t\t\t\t\t\t\t\t\t\t\t\t\t\t\t\t\t\t\t\t\t\t\t\t\t\t\t\t\t\t\t\t\t\t\t<p>Maksimum Tazelik i\u00e7in \u0130deal Elma Saklama Ko\u015fullar\u0131\u0130deal elma saklama ko\u015fullar\u0131, elma kalitesinin bah\u00e7eden rafa kadar korunmas\u0131nda kritik bir rol oynar.&hellip;<\/p>\n\t\t\t\t\t\t\t\t\t\t\t\t\t\t\t\t\t\t\t\t\t\t                                                            <div class=\"btn-wraper\">\n                                    \n                                                                            <a class=\"elementskit-btn whitespace--normal\" id=\"\" href=\"https:\/\/tekoprefrigeration.com\/tr\/maksimum-tazelik-icin-ideal-elma-saklama-kosullari\/\">\n                                        \t                                            Read More                                        <\/a>\n                                                                    <\/div>\n                                                    <\/div><!-- .elementskit-post-body END -->\n                    <\/div>\n                \n            <\/div>\n                <\/div>\n       <\/div>\t\t\t\t<\/div>\n\t\t\t\t<\/div>\n\t\t\t\t<\/div>\n\t\t\t\t\t<\/div>\n\t\t\t\t<\/div>\n\t\t\t\t<\/div>\n\t\t","protected":false},"excerpt":{"rendered":"<p>G\u00fcncel Haberlerimiz Yenilikler ve \u00c7\u00f6z\u00fcmler Meyve ve Sebzeler i\u00e7in So\u011fuk Hava Deposu: Tazelik ve&hellip; Meyve ve sebzeler i\u00e7in so\u011fuk depolama, g\u0131da tedarik [&hellip;]<\/p>\n","protected":false},"author":1,"featured_media":0,"parent":0,"menu_order":0,"comment_status":"closed","ping_status":"closed","template":"","meta":{"footnotes":""},"class_list":["post-8848","page","type-page","status-publish","hentry"],"_links":{"self":[{"href":"https:\/\/tekoprefrigeration.com\/tr\/wp-json\/wp\/v2\/pages\/8848","targetHints":{"allow":["GET"]}}],"collection":[{"href":"https:\/\/tekoprefrigeration.com\/tr\/wp-json\/wp\/v2\/pages"}],"about":[{"href":"https:\/\/tekoprefrigeration.com\/tr\/wp-json\/wp\/v2\/types\/page"}],"author":[{"embeddable":true,"href":"https:\/\/tekoprefrigeration.com\/tr\/wp-json\/wp\/v2\/users\/1"}],"replies":[{"embeddable":true,"href":"https:\/\/tekoprefrigeration.com\/tr\/wp-json\/wp\/v2\/comments?post=8848"}],"version-history":[{"count":7,"href":"https:\/\/tekoprefrigeration.com\/tr\/wp-json\/wp\/v2\/pages\/8848\/revisions"}],"predecessor-version":[{"id":11194,"href":"https:\/\/tekoprefrigeration.com\/tr\/wp-json\/wp\/v2\/pages\/8848\/revisions\/11194"}],"wp:attachment":[{"href":"https:\/\/tekoprefrigeration.com\/tr\/wp-json\/wp\/v2\/media?parent=8848"}],"curies":[{"name":"wp","href":"https:\/\/api.w.org\/{rel}","templated":true}]}}