{"id":8786,"date":"2025-08-20T07:58:09","date_gmt":"2025-08-20T07:58:09","guid":{"rendered":"https:\/\/tekoprefrigeration.com\/ingilterede-soguk-odalar-icin-neden-tekopu-secmelisiniz\/"},"modified":"2025-08-20T08:17:42","modified_gmt":"2025-08-20T08:17:42","slug":"ingilterede-soguk-odalar-icin-neden-tekopu-secmelisiniz","status":"publish","type":"page","link":"https:\/\/tekoprefrigeration.com\/tr\/ingilterede-soguk-odalar-icin-neden-tekopu-secmelisiniz\/","title":{"rendered":"So\u011fuk Oda \u0130ngiltere: G\u00fcvenilir Walk-In So\u011futucular ve Dondurucu Odalar\u0131"},"content":{"rendered":"\t\t<div data-elementor-type=\"wp-page\" data-elementor-id=\"8786\" class=\"elementor elementor-8786\" data-elementor-settings=\"{&quot;ha_cmc_init_switcher&quot;:&quot;no&quot;}\">\n\t\t\t\t<div class=\"elementor-element elementor-element-314bd8e e-flex e-con-boxed e-con e-parent\" data-id=\"314bd8e\" data-element_type=\"container\" data-e-type=\"container\" data-settings=\"{&quot;_ha_eqh_enable&quot;:false}\">\n\t\t\t\t\t<div class=\"e-con-inner\">\n\t\t\t\t<div class=\"elementor-element elementor-element-20dc69b elementor-widget elementor-widget-text-editor\" data-id=\"20dc69b\" data-element_type=\"widget\" data-e-type=\"widget\" data-widget_type=\"text-editor.default\">\n\t\t\t\t<div class=\"elementor-widget-container\">\n\t\t\t\t\t\t\t\t\t<h2 data-start=\"323\" data-end=\"399\">Tekop Refrigeration&#8217;dan \u0130\u015fletmeler i\u00e7in So\u011fuk Oda \u0130ngiltere \u00c7\u00f6z\u00fcmleri<\/h2><p data-start=\"401\" data-end=\"420\"> <\/p><p data-start=\"422\" data-end=\"785\">Tekop Refrigeration&#8217;da Londra ofisimiz, Birle\u015fik Krall\u0131k&#8217;taki i\u015fletmelerin \u00e7e\u015fitli so\u011futma ihtiya\u00e7lar\u0131n\u0131 kar\u015f\u0131lamak i\u00e7in \u00f6zel <strong data-start=\"483\" data-end=\"509\">so\u011fuk oda \u0130ngiltere \u00e7\u00f6z\u00fcmleri<\/strong> sunmaktad\u0131r. S\u00fcpermarketler ve restoranlardan end\u00fcstriyel mutfaklara ve laboratuvarlara kadar ekibimiz, optimum performans ve verimlilik i\u00e7in tasarlanm\u0131\u015f g\u00fcvenilir, y\u00fcksek kaliteli <strong data-start=\"707\" data-end=\"726\">so\u011fuk hava deposu \u0130ngiltere<\/strong> sistemleri sa\u011flar. <\/p><p data-start=\"787\" data-end=\"1156\">\u0130\u015fletmeniz ister k\u00fc\u00e7\u00fck bir <strong data-start=\"826\" data-end=\"848\">so\u011futucu \u0130ngiltere<\/strong>&#8216;ye, ister b\u00fcy\u00fck bir <strong data-start=\"858\" data-end=\"877\">dondurucu odas\u0131<\/strong> <strong data-start=\"901\" data-end=\"929\">\u0130ngiltere<\/strong>&#8216;ye veya tamamen \u00f6zelle\u015ftirilmi\u015f bir <strong data-start=\"901\" data-end=\"929\">so\u011fuk depolama \u00e7\u00f6z\u00fcm\u00fc \u0130ngiltere<\/strong>&#8216;ye ihtiya\u00e7 duysun, Tekop bozulabilir \u00fcr\u00fcnlerinizin g\u00fcvenli ve taze kalmas\u0131n\u0131 sa\u011flayan profesyonel hizmetler sunar. <strong data-start=\"1029\" data-end=\"1054\">\u0130ngiltere<\/strong> &#8216;deki <strong data-start=\"1029\" data-end=\"1054\">so\u011fuk oda hizmetlerimiz<\/strong> kat\u0131 end\u00fcstri standartlar\u0131n\u0131 kar\u015f\u0131layacak \u015fekilde tasarlanm\u0131\u015ft\u0131r ve t\u00fcm ticari m\u00fc\u015fterilerin i\u00e7inin rahat olmas\u0131n\u0131 sa\u011flar. <\/p><p data-start=\"1158\" data-end=\"1208\"><strong data-start=\"1158\" data-end=\"1206\">So\u011fuk Oda \u0130ngiltere \u00c7\u00f6z\u00fcmleri i\u00e7in Neden Tekop&#8217;u Se\u00e7melisiniz?<\/strong><\/p><ul data-start=\"1210\" data-end=\"2111\"><li data-start=\"1210\" data-end=\"1495\"><p data-start=\"1212\" data-end=\"1495\"><strong data-start=\"1212\" data-end=\"1236\">Uzman Kurulum:<\/strong> Sertifikal\u0131 m\u00fchendislerimiz, g\u00f6mme so\u011futucular, mod\u00fcler dondurucu <strong data-start=\"1286\" data-end=\"1303\">odalar\u0131<\/strong> ve \u00f6zel so\u011fuk depolama sistemleri dahil olmak \u00fczere <strong data-start=\"1286\" data-end=\"1303\">\u0130ngiltere<\/strong>&#8216;de so\u011fuk oda kurulumu konusunda uzmanla\u015fm\u0131\u015ft\u0131r. Her kurulum, tam gereksinimlerinizi kar\u015f\u0131lamak ve uzun vadeli g\u00fcvenilirlik sa\u011flamak i\u00e7in dikkatlice planlan\u0131r. <\/p><\/li><li data-start=\"1496\" data-end=\"1729\"><p data-start=\"1498\" data-end=\"1729\"><strong data-start=\"1498\" data-end=\"1523\">G\u00fcvenilir Bak\u0131m:<\/strong> Tekop, rutin denetimler ve acil onar\u0131mlar dahil olmak \u00fczere kapsaml\u0131 <strong data-start=\"1551\" data-end=\"1588\">so\u011fuk oda UK bak\u0131m hizmetleri<\/strong> sunar. So\u011futma sistemlerinizin y\u0131l boyunca en y\u00fcksek verimlilikte \u00e7al\u0131\u015fmas\u0131n\u0131 sa\u011fl\u0131yoruz. <\/p><\/li><li data-start=\"1730\" data-end=\"1925\"><p data-start=\"1732\" data-end=\"1925\"><strong data-start=\"1732\" data-end=\"1756\">\u00d6zel So\u011fuk Hava Deposu:<\/strong> Her i\u015fletmenin kendine \u00f6zg\u00fc ihtiya\u00e7lar\u0131 vard\u0131r. Ekibimiz, alan\u0131, enerji verimlili\u011fini ve so\u011futma performans\u0131n\u0131 en \u00fcst d\u00fczeye \u00e7\u0131karmak i\u00e7in \u00f6zel <strong data-start=\"1831\" data-end=\"1860\">so\u011fuk hava deposu UK \u00e7\u00f6z\u00fcmleri<\/strong> tasarlar ve uygular. <\/p><\/li><li data-start=\"1926\" data-end=\"2111\"><p data-start=\"1928\" data-end=\"2111\"><strong data-start=\"1928\" data-end=\"1950\">Enerji Verimlili\u011fi:<\/strong> Tekop&#8217;un <strong data-start=\"1959\" data-end=\"1976\">\u0130ngiltere&#8217;deki so\u011fuk odalar\u0131,<\/strong> s\u0131cakl\u0131k kontrol\u00fcnden \u00f6d\u00fcn vermeden enerji t\u00fcketimini en aza indirecek \u015fekilde tasarlanm\u0131\u015ft\u0131r ve i\u015fletmelerin i\u015fletme maliyetlerini azaltmas\u0131na yard\u0131mc\u0131 olur.<\/p><\/li><\/ul><p data-start=\"2113\" data-end=\"2380\">Londra ofisimiz sadece yerel m\u00fc\u015fterilere hizmet vermekle kalmaz, ayn\u0131 zamanda Birle\u015fik Krall\u0131k genelindeki i\u015fletmeleri de destekler. Tekop, konseptten tamamlamaya kadar u\u00e7tan uca \u00e7\u00f6z\u00fcmler sunarak <strong data-start=\"2286\" data-end=\"2317\">\u0130ngiltere&#8217;deki ticari so\u011futma<\/strong> sistemlerinizin uzmanlar taraf\u0131ndan kurulmas\u0131n\u0131, bak\u0131m\u0131n\u0131n yap\u0131lmas\u0131n\u0131 ve optimize edilmesini sa\u011flar. <\/p><p data-start=\"2382\" data-end=\"2703\"><strong data-start=\"2382\" data-end=\"2414\">Bug\u00fcn Tekop&#8217;u Ziyaret Edin veya \u0130leti\u015fime<\/strong> Ge\u00e7in<br data-start=\"2414\" data-end=\"2417\"><strong data-start=\"2442\" data-end=\"2468\">\u0130ngiltere&#8217;de<\/strong> profesyonel <strong data-start=\"2442\" data-end=\"2468\">so\u011fuk oda \u00e7\u00f6z\u00fcmleri<\/strong> mi ar\u0131yorsunuz? Ticari so\u011futma ihtiya\u00e7lar\u0131n\u0131z\u0131 g\u00f6r\u00fc\u015fmek i\u00e7in Londra ofisimizi ziyaret edin veya bug\u00fcn bizimle ileti\u015fime ge\u00e7in. Tekop Refrigeration, her b\u00fcy\u00fckl\u00fckteki i\u015fletme i\u00e7in yenilik\u00e7i, verimli ve g\u00fcvenilir <strong data-start=\"2645\" data-end=\"2672\">so\u011fuk hava deposu \u0130ngiltere sistemleri<\/strong> sunmay\u0131 taahh\u00fct eder.  <\/p>\t\t\t\t\t\t\t\t<\/div>\n\t\t\t\t<\/div>\n\t\t\t\t\t<\/div>\n\t\t\t\t<\/div>\n\t\t<div class=\"elementor-element elementor-element-a0b320f e-grid e-con-boxed e-con e-parent\" data-id=\"a0b320f\" data-element_type=\"container\" data-e-type=\"container\" data-settings=\"{&quot;_ha_eqh_enable&quot;:false}\">\n\t\t\t\t\t<div class=\"e-con-inner\">\n\t\t\t\t<div class=\"elementor-element elementor-element-e83e67e elementor-widget elementor-widget-image\" data-id=\"e83e67e\" data-element_type=\"widget\" data-e-type=\"widget\" data-widget_type=\"image.default\">\n\t\t\t\t<div class=\"elementor-widget-container\">\n\t\t\t\t\t\t\t\t\t\t\t\t\t\t\t<img fetchpriority=\"high\" decoding=\"async\" width=\"1000\" height=\"1000\" src=\"https:\/\/tekoprefrigeration.com\/wp-content\/uploads\/2025\/08\/1-1024x1024.png\" class=\"attachment-large size-large wp-image-8778\" alt=\"Cold Room UK\" srcset=\"https:\/\/tekoprefrigeration.com\/wp-content\/uploads\/2025\/08\/1-1024x1024.png 1024w, https:\/\/tekoprefrigeration.com\/wp-content\/uploads\/2025\/08\/1-300x300.png 300w, https:\/\/tekoprefrigeration.com\/wp-content\/uploads\/2025\/08\/1-150x150.png 150w, https:\/\/tekoprefrigeration.com\/wp-content\/uploads\/2025\/08\/1-768x768.png 768w, https:\/\/tekoprefrigeration.com\/wp-content\/uploads\/2025\/08\/1-600x600.png 600w, https:\/\/tekoprefrigeration.com\/wp-content\/uploads\/2025\/08\/1-650x650.png 650w, https:\/\/tekoprefrigeration.com\/wp-content\/uploads\/2025\/08\/1.png 1080w\" sizes=\"(max-width: 1000px) 100vw, 1000px\" \/>\t\t\t\t\t\t\t\t\t\t\t\t\t\t\t<\/div>\n\t\t\t\t<\/div>\n\t\t\t\t<div class=\"elementor-element elementor-element-1309f33 elementor-widget elementor-widget-google_maps\" data-id=\"1309f33\" data-element_type=\"widget\" data-e-type=\"widget\" data-widget_type=\"google_maps.default\">\n\t\t\t\t<div class=\"elementor-widget-container\">\n\t\t\t\t\t\t\t<div class=\"elementor-custom-embed\">\n\t\t\t<iframe loading=\"lazy\"\n\t\t\t\t\tsrc=\"https:\/\/maps.google.com\/maps?q=Tekop%20Refrigeration%20United%20Kingdom%20Office&#038;t=m&#038;z=10&#038;output=embed&#038;iwloc=near\"\n\t\t\t\t\ttitle=\"Tekop Refrigeration United Kingdom Office\"\n\t\t\t\t\taria-label=\"Tekop Refrigeration United Kingdom Office\"\n\t\t\t><\/iframe>\n\t\t<\/div>\n\t\t\t\t\t\t<\/div>\n\t\t\t\t<\/div>\n\t\t\t\t<div class=\"elementor-element elementor-element-edc9c66 elementor-widget elementor-widget-text-editor\" data-id=\"edc9c66\" data-element_type=\"widget\" data-e-type=\"widget\" data-widget_type=\"text-editor.default\">\n\t\t\t\t<div class=\"elementor-widget-container\">\n\t\t\t\t\t\t\t\t\t<p>\u0130ngiltere&#8217;de uzman so\u011fuk oda \u00e7\u00f6z\u00fcmleri mi ar\u0131yorsunuz?  <br>Londra ofisimizi ziyaret edin &#8211; haritadaki konumu g\u00f6r\u00fcn ve bug\u00fcn bizimle ileti\u015fime ge\u00e7in.<\/p><p> <\/p><p> <\/p><div style=\"align-self: auto; flex: 0 1 auto; order: 0; place-content: normal; align-items: normal; flex-flow: row; gap: normal; --widgets-spacing: 20px 20px; --widgets-spacing-row: 20px; --widgets-spacing-column: 20px; width: 450px; margin-bottom: 20px; margin-block-end: 20px;\" data-id=\"6419285\" data-element_type=\"widget\" data-settings=\"{\"_animation\":\"none\",\"_animation_delay\":600}\" data-widget_type=\"heading.default\"><div style=\"transition: background 0.3s, border 0.3s, border-radius 0.3s, box-shadow 0.3s, transform 0.4s; margin: -30px 0px 0px;\"><h3 style=\"font-family: Manrope; font-weight: 600; line-height: 1.2; letter-spacing: -0.648px; text-transform: none; font-style: normal; color: #00122e; font-size: 24px;\">Birle\u015fik Krall\u0131k Ofisi<\/h3><\/div><\/div><div style=\"align-self: auto; flex: 0 1 auto; order: 0; place-content: normal; align-items: normal; flex-flow: row; gap: normal; --widgets-spacing: 20px 20px; --widgets-spacing-row: 20px; --widgets-spacing-column: 20px; width: 450px; margin-bottom: 20px; margin-block-end: 20px;\" data-id=\"a0b21ca\" data-element_type=\"widget\" data-widget_type=\"text-editor.default\"><div style=\"transition: background 0.3s, border 0.3s, border-radius 0.3s, box-shadow 0.3s, transform 0.4s; margin: -15px 0px 0px; padding: 0px 0px 20px;\"><p>35 Harbet Road, Unit F16 Hastingwood Trading Estate, London N18 3HU<br><span style=\"font-weight: bolder;\">Telefon :<\/span> <a style=\"transition-property: all; color: #0f5eab;\" href=\"tel:442039469358\">+44 2039 469358<\/a><br><span style=\"font-weight: bolder;\">E-posta:<\/span> <a style=\"transition-property: all; color: #0f5eab;\" href=\"mailto:info@tekop.co.uk\">info@tekop.co.uk<\/a><\/p><\/div><\/div>\t\t\t\t\t\t\t\t<\/div>\n\t\t\t\t<\/div>\n\t\t\t\t\t<\/div>\n\t\t\t\t<\/div>\n\t\t\t\t<\/div>\n\t\t","protected":false},"excerpt":{"rendered":"<p>Tekop Refrigeration&#8217;dan \u0130\u015fletmeler i\u00e7in So\u011fuk Oda \u0130ngiltere \u00c7\u00f6z\u00fcmleri Tekop Refrigeration&#8217;da Londra ofisimiz, Birle\u015fik Krall\u0131k&#8217;taki i\u015fletmelerin \u00e7e\u015fitli so\u011futma ihtiya\u00e7lar\u0131n\u0131 kar\u015f\u0131lamak i\u00e7in \u00f6zel so\u011fuk [&hellip;]<\/p>\n","protected":false},"author":1,"featured_media":0,"parent":0,"menu_order":0,"comment_status":"open","ping_status":"closed","template":"","meta":{"footnotes":""},"class_list":["post-8786","page","type-page","status-publish","hentry"],"_links":{"self":[{"href":"https:\/\/tekoprefrigeration.com\/tr\/wp-json\/wp\/v2\/pages\/8786","targetHints":{"allow":["GET"]}}],"collection":[{"href":"https:\/\/tekoprefrigeration.com\/tr\/wp-json\/wp\/v2\/pages"}],"about":[{"href":"https:\/\/tekoprefrigeration.com\/tr\/wp-json\/wp\/v2\/types\/page"}],"author":[{"embeddable":true,"href":"https:\/\/tekoprefrigeration.com\/tr\/wp-json\/wp\/v2\/users\/1"}],"replies":[{"embeddable":true,"href":"https:\/\/tekoprefrigeration.com\/tr\/wp-json\/wp\/v2\/comments?post=8786"}],"version-history":[{"count":6,"href":"https:\/\/tekoprefrigeration.com\/tr\/wp-json\/wp\/v2\/pages\/8786\/revisions"}],"predecessor-version":[{"id":8823,"href":"https:\/\/tekoprefrigeration.com\/tr\/wp-json\/wp\/v2\/pages\/8786\/revisions\/8823"}],"wp:attachment":[{"href":"https:\/\/tekoprefrigeration.com\/tr\/wp-json\/wp\/v2\/media?parent=8786"}],"curies":[{"name":"wp","href":"https:\/\/api.w.org\/{rel}","templated":true}]}}