{"id":8757,"date":"2025-08-08T08:22:27","date_gmt":"2025-08-08T08:22:27","guid":{"rendered":"https:\/\/tekoprefrigeration.com\/maksimum-tazelik-icin-ideal-elma-saklama-kosullari\/"},"modified":"2025-09-25T11:41:54","modified_gmt":"2025-09-25T11:41:54","slug":"maksimum-tazelik-icin-ideal-elma-saklama-kosullari","status":"publish","type":"page","link":"https:\/\/tekoprefrigeration.com\/tr\/maksimum-tazelik-icin-ideal-elma-saklama-kosullari\/","title":{"rendered":"Maksimum Tazelik i\u00e7in \u0130deal Elma Saklama Ko\u015fullar\u0131"},"content":{"rendered":"\t\t<div data-elementor-type=\"wp-page\" data-elementor-id=\"8757\" class=\"elementor elementor-8757\" data-elementor-settings=\"{&quot;ha_cmc_init_switcher&quot;:&quot;no&quot;}\">\n\t\t\t\t<div class=\"elementor-element elementor-element-88faa45 e-flex e-con-boxed e-con e-parent\" data-id=\"88faa45\" data-element_type=\"container\" data-e-type=\"container\" data-settings=\"{&quot;_ha_eqh_enable&quot;:false}\">\n\t\t\t\t\t<div class=\"e-con-inner\">\n\t\t\t\t<div class=\"elementor-element elementor-element-e28db64 elementor-widget elementor-widget-image\" data-id=\"e28db64\" data-element_type=\"widget\" data-e-type=\"widget\" data-widget_type=\"image.default\">\n\t\t\t\t<div class=\"elementor-widget-container\">\n\t\t\t\t\t\t\t\t\t\t\t\t\t\t\t<img decoding=\"async\" src=\"https:\/\/tekoprefrigeration.com\/wp-content\/uploads\/2025\/08\/postharvest_Apples.webp\" title=\"\" alt=\"\" loading=\"lazy\" \/>\t\t\t\t\t\t\t\t\t\t\t\t\t\t\t<\/div>\n\t\t\t\t<\/div>\n\t\t\t\t\t<\/div>\n\t\t\t\t<\/div>\n\t\t<div class=\"elementor-element elementor-element-314bd8e e-flex e-con-boxed e-con e-parent\" data-id=\"314bd8e\" data-element_type=\"container\" data-e-type=\"container\" data-settings=\"{&quot;_ha_eqh_enable&quot;:false}\">\n\t\t\t\t\t<div class=\"e-con-inner\">\n\t\t\t\t<div class=\"elementor-element elementor-element-20dc69b elementor-widget elementor-widget-text-editor\" data-id=\"20dc69b\" data-element_type=\"widget\" data-e-type=\"widget\" data-widget_type=\"text-editor.default\">\n\t\t\t\t<div class=\"elementor-widget-container\">\n\t\t\t\t\t\t\t\t\t<h2 data-start=\"293\" data-end=\"370\">Maksimum Tazelik i\u00e7in \u0130deal Elma Saklama Ko\u015fullar\u0131<\/h2>\n<p data-start=\"128\" data-end=\"157\"><span style=\"color: #808080;\">\u0130deal elma saklama ko\u015fullar\u0131<span style=\"font-size: inherit; letter-spacing: normal;\">  elma kalitesinin bah\u00e7eden rafa kadar korunmas\u0131nda kritik bir rol oynar. Tekop Refrigeration olarak, elmalar\u0131n daha uzun s\u00fcre taze kalmas\u0131 ve bozulma kay\u0131plar\u0131n\u0131n azalt\u0131lmas\u0131 i\u00e7in gereken hassas s\u0131cakl\u0131k, nem ve hava sirk\u00fclasyonunu sa\u011flayan so\u011fuk odalar tasarl\u0131yoruz. <\/span><\/span><\/p>\n<hr data-start=\"445\" data-end=\"448\">\n<p data-start=\"598\" data-end=\"668\">\n<\/p><h3 data-start=\"617\" data-end=\"687\">Taze \u00dcr\u00fcn End\u00fcstrisi i\u00e7in Elma So\u011fuk Hava Deposu Neden \u00d6nemlidir?<\/h3>\n<p data-start=\"689\" data-end=\"1082\">Elma so\u011fuk hava deposu, g\u0131da tedarik zincirinde meyve muhafazas\u0131n\u0131n en kritik bile\u015fenlerinden biridir. D\u00fcnya \u00e7ap\u0131nda en \u00e7ok t\u00fcketilen meyvelerden biri olan elma, tazeli\u011fini, dokusunu, rengini ve besin de\u011ferini korumak i\u00e7in hasattan sonra hassas bir \u00e7evresel kontrol gerektirir. Uygun depolama ko\u015fullar\u0131 olmad\u0131\u011f\u0131nda elmalar nem kaybedebilir, yumu\u015fayabilir ve hatta pazara ula\u015fmadan bozulabilir.  <\/p>\n<p data-start=\"1084\" data-end=\"1422\"><strong data-start=\"1087\" data-end=\"1110\">Tekop Refrigeration<\/strong> olarak, \u00f6zellikle elma gibi hassas \u00fcr\u00fcnler i\u00e7in meyve depolamaya uygun so\u011fuk hava depolar\u0131 tasarlama ve \u00fcretme konusunda uzman\u0131z. Bu makalede elmalar i\u00e7in ideal so\u011fuk depolama ko\u015fullar\u0131, gerekli ekipmanlar ve elmalar\u0131 profesyonelce tasarlanm\u0131\u015f so\u011fuk odalarda depolaman\u0131n avantajlar\u0131 ele al\u0131nacakt\u0131r. <\/p>\n<hr data-start=\"1424\" data-end=\"1427\">\n<h3 data-start=\"1429\" data-end=\"1472\">Elma So\u011fuk Hava Deposu i\u00e7in \u0130deal Ko\u015fullar<\/h3>\n<p data-start=\"1474\" data-end=\"1662\">Maksimum kalite ve uzun \u00f6m\u00fcr i\u00e7in elmalar hasattan hemen sonra kontroll\u00fc ko\u015fullar alt\u0131nda saklanmal\u0131d\u0131r. \u0130\u015fte y\u00fcksek performansl\u0131 bir <strong data-start=\"1617\" data-end=\"1639\">elma so\u011fuk depolama<\/strong> sisteminin sa\u011flamas\u0131 gerekenler: <\/p>\n<ul data-start=\"1664\" data-end=\"2206\">\n<li data-start=\"1664\" data-end=\"1829\">\n<p data-start=\"1666\" data-end=\"1829\"><strong data-start=\"1666\" data-end=\"1682\">S\u0131cakl\u0131k:<\/strong> \u00c7o\u011fu elma \u00e7e\u015fidi <strong data-start=\"1741\" data-end=\"1757\">-1\u00b0C ile 1\u00b0C<\/strong> aras\u0131nda depolama s\u0131cakl\u0131klar\u0131na ihtiya\u00e7 duyar. Bu aral\u0131k meyveyi dondurmadan solunum h\u0131z\u0131n\u0131 yava\u015flat\u0131r. <\/p>\n<\/li>\n<li data-start=\"1830\" data-end=\"1932\">\n<p data-start=\"1832\" data-end=\"1932\"><strong data-start=\"1832\" data-end=\"1845\">Nem oran\u0131:<\/strong> Optimum <strong data-start=\"1857\" data-end=\"1888\">%90-95 ba\u011f\u0131l nem<\/strong>, nem kayb\u0131n\u0131 ve buru\u015fmay\u0131 \u00f6nlemeye yard\u0131mc\u0131 olur.<\/p>\n<\/li>\n<li data-start=\"1933\" data-end=\"2053\">\n<p data-start=\"1935\" data-end=\"2053\"><strong data-start=\"1935\" data-end=\"1951\">Havaland\u0131rma:<\/strong> Uygun hava sirk\u00fclasyonu, olgunla\u015fmay\u0131 ve bozulmay\u0131 h\u0131zland\u0131ran etilen gaz\u0131n\u0131n birikmesini \u00f6nler.<\/p>\n<\/li>\n<li data-start=\"2054\" data-end=\"2206\">\n<p data-start=\"2056\" data-end=\"2206\"><strong data-start=\"2056\" data-end=\"2080\">Etilen Y\u00f6netimi:<\/strong> Elmalar etilen \u00fcretti\u011finden, havaland\u0131rma ve hava filtreleme sistemleri fazla gaz\u0131 gidermek ve a\u015f\u0131r\u0131 olgunla\u015fmay\u0131 geciktirmek i\u00e7in hayati \u00f6nem ta\u015f\u0131r.<\/p>\n<\/li>\n<\/ul>\n<p data-start=\"2208\" data-end=\"2295\">Tutarl\u0131 kaliteyi sa\u011flamak i\u00e7in bu ko\u015fullar sabit tutulmal\u0131 ve 7\/24 izlenmelidir.<\/p>\n<hr data-start=\"2297\" data-end=\"2300\">\n<h3 data-start=\"2302\" data-end=\"2348\">Elma So\u011fuk Hava Depolar\u0131nda Kullan\u0131lan Ekipmanlar<\/h3>\n<p data-start=\"2350\" data-end=\"2447\">Tekop Refrigeration, elma so\u011fuk hava depolar\u0131 i\u00e7in tasarlanm\u0131\u015f tam entegre \u00e7\u00f6z\u00fcmler sunar:<\/p>\n<ul data-start=\"2449\" data-end=\"3092\">\n<li data-start=\"2449\" data-end=\"2622\">\n<p data-start=\"2451\" data-end=\"2622\"><strong data-start=\"2451\" data-end=\"2475\"><a style=\"background-color: #ffffff; font-weight: 400;\" href=\"https:\/\/tekoprefrigeration.com\/tr\/sogutma-sistemleri\/\" target=\"_blank\" rel=\"noopener\">So\u011futma \u00dcniteleri<\/a>:<\/strong> Hassas \u00fcr\u00fcnleri korumak i\u00e7in sabit s\u0131cakl\u0131klar\u0131 koruyan ve minimum titre\u015fimle \u00e7al\u0131\u015fan enerji tasarruflu, split veya monoblok tip \u00fcniteler.<\/p>\n<\/li>\n<li data-start=\"2623\" data-end=\"2752\">\n<p data-start=\"2625\" data-end=\"2752\"><strong data-start=\"2625\" data-end=\"2646\"><a href=\"https:\/\/tekoprefrigeration.com\/tr\/soguk-oda-panelleri\/\" target=\"_blank\" style=\"background-color: rgb(255, 255, 255); font-weight: 400;\">Yal\u0131t\u0131ml\u0131 Paneller<\/a>:<\/strong> Y\u00fcksek yo\u011funluklu poli\u00fcretan paneller m\u00fckemmel \u0131s\u0131 yal\u0131t\u0131m\u0131 sunarak s\u0131cakl\u0131k dalgalanmalar\u0131n\u0131 \u00f6nler.<\/p>\n<\/li>\n<li data-start=\"2753\" data-end=\"2859\">\n<p data-start=\"2755\" data-end=\"2859\"><strong data-start=\"2755\" data-end=\"2775\"><a href=\"https:\/\/tekoprefrigeration.com\/tr\/soguk-oda-kapilari\/\" target=\"_blank\" style=\"background-color: rgb(255, 255, 255); font-weight: 400;\">So\u011fuk Oda Kap\u0131lar\u0131<\/a>:<\/strong> \u0130\u00e7 iklim ko\u015fullar\u0131n\u0131 korumak i\u00e7in s\u0131k\u0131 s\u0131zd\u0131rmazl\u0131\u011fa sahip s\u00fcrg\u00fcl\u00fc veya mente\u015feli kap\u0131lar.<\/p>\n<\/li>\n<li data-start=\"2860\" data-end=\"2984\"><p data-start=\"2862\" data-end=\"2984\"><strong data-start=\"2862\" data-end=\"2891\"><a href=\"https:\/\/tekoprefrigeration.com\/tr\/evaporatorler\/ultrasonik-nemlendirici\/\" target=\"_blank\" style=\"background-color: rgb(255, 255, 255); font-weight: 400;\">Nem Kontrol Sistemleri<\/a>:<\/strong> Havadaki nem i\u00e7eri\u011fini d\u00fczenlemek i\u00e7in iste\u011fe ba\u011fl\u0131 sistemler, uzun s\u00fcreli meyve depolama i\u00e7in idealdir.<\/p>\n<\/li>\n<li data-start=\"2985\" data-end=\"3092\">\n<p data-start=\"2987\" data-end=\"3092\"><strong data-start=\"2987\" data-end=\"3010\">\u0130zleme Sistemleri:<\/strong> Ger\u00e7ek zamanl\u0131 veri takibi ve uzaktan uyar\u0131lar i\u00e7in dijital kontroller ve ak\u0131ll\u0131 sens\u00f6rler.<\/p>\n<\/li>\n<\/ul>\n<p data-start=\"3094\" data-end=\"3160\">T\u00fcm bile\u015fenler g\u0131daya uygundur ve hijyen standartlar\u0131yla uyumludur.<\/p>\n<hr data-start=\"3162\" data-end=\"3165\">\n<h3 data-start=\"3167\" data-end=\"3205\">Elma So\u011fuk Hava Deposunun Temel Faydalar\u0131<\/h3>\n<p data-start=\"3207\" data-end=\"3336\">\u00d6zel bir <strong data-start=\"3235\" data-end=\"3257\">elma so\u011fuk hava deposu<\/strong> sistemi uygulayarak meyve i\u015fleyicileri, ihracat\u00e7\u0131lar ve s\u00fcpermarketler \u00e7e\u015fitli avantajlar elde eder:<\/p>\n<ul data-start=\"3338\" data-end=\"3897\">\n<li data-start=\"3338\" data-end=\"3453\">\n<p data-start=\"3340\" data-end=\"3453\"><strong data-start=\"3340\" data-end=\"3364\">Uzat\u0131lm\u0131\u015f Raf \u00d6mr\u00fc:<\/strong> Elmalar, \u00e7e\u015fidine ve saklama kalitesine ba\u011fl\u0131 olarak <strong data-start=\"3396\" data-end=\"3411\">6-12 aya<\/strong> kadar saklanabilir.<\/p>\n<\/li>\n<li data-start=\"3454\" data-end=\"3570\">\n<p data-start=\"3456\" data-end=\"3570\"><strong data-start=\"3456\" data-end=\"3488\">Korunmu\u015f Tat ve Doku:<\/strong> Kontroll\u00fc s\u0131cakl\u0131k ve nem, meyvenin unlu veya kuru olmas\u0131n\u0131 \u00f6nler.<\/p>\n<\/li>\n<li data-start=\"3571\" data-end=\"3662\">\n<p data-start=\"3573\" data-end=\"3662\"><strong data-start=\"3573\" data-end=\"3591\">Azalt\u0131lm\u0131\u015f At\u0131k:<\/strong> Ta\u015f\u0131ma ve depolama s\u0131ras\u0131nda daha az bozulma, daha y\u00fcksek karl\u0131l\u0131k anlam\u0131na gelir.<\/p>\n<\/li>\n<li data-start=\"3663\" data-end=\"3780\">\n<p data-start=\"3665\" data-end=\"3780\"><strong data-start=\"3665\" data-end=\"3688\">Pazar Esnekli\u011fi:<\/strong> Uzun s\u00fcreli depolama ile \u00fcr\u00fcn\u00fcn\u00fcz\u00fc piyasa fiyatlar\u0131n\u0131n en uygun oldu\u011fu zamanda piyasaya s\u00fcrebilirsiniz.<\/p>\n<\/li>\n<li data-start=\"3781\" data-end=\"3897\">\n<p data-start=\"3783\" data-end=\"3897\"><strong data-start=\"3783\" data-end=\"3814\">Geli\u015ftirilmi\u015f Kalite G\u00fcvencesi:<\/strong> Tutarl\u0131 \u00fcr\u00fcn kalitesinin s\u00fcrd\u00fcr\u00fclmesi, al\u0131c\u0131lar ve son m\u00fc\u015fteriler nezdinde g\u00fcven olu\u015fturur.<\/p>\n<\/li>\n<\/ul>\n<hr data-start=\"3899\" data-end=\"3902\">\n<h3 data-start=\"3904\" data-end=\"3962\">Elma So\u011fuk Hava Deposu i\u00e7in Neden Tekop So\u011futma&#8217;y\u0131 Se\u00e7melisiniz?<\/h3>\n<p data-start=\"3964\" data-end=\"4320\">25 y\u0131l\u0131 a\u015fk\u0131n deneyimiyle <strong data-start=\"3998\" data-end=\"4021\">Tekop Refrigeration<\/strong>, taze \u00fcr\u00fcn end\u00fcstrisinin \u00f6zel ihtiya\u00e7lar\u0131na g\u00f6re uyarlanm\u0131\u015f anahtar teslim so\u011fuk depolama \u00e7\u00f6z\u00fcmleri sunar. \u0130ster tek odal\u0131 bir elma depolama tesisine ister b\u00fcy\u00fck \u00f6l\u00e7ekli bir da\u011f\u0131t\u0131m deposuna ihtiyac\u0131n\u0131z olsun, elmalar\u0131n\u0131z\u0131n taze, g\u00fcvenli ve pazara haz\u0131r kalmas\u0131n\u0131 sa\u011flayan hassas m\u00fchendislik sistemleri sunuyoruz. <\/p>\n<hr data-start=\"4322\" data-end=\"4325\">\n<p data-start=\"4327\" data-end=\"4512\"><strong data-start=\"4327\" data-end=\"4375\">Elma so\u011fuk hava deponuzu in\u015fa etmeye haz\u0131r m\u0131s\u0131n\u0131z?<\/strong><br data-start=\"4375\" data-end=\"4378\">Tekop So\u011futma ile bug\u00fcn ileti\u015fime ge\u00e7in ve uzman ekibimizin tasar\u0131m, ekipman se\u00e7imi ve kurulum s\u00fcrecinde size rehberlik etmesine izin verin.<\/p>\n<p data-start=\"4327\" data-end=\"4512\">\n<\/p><p data-start=\"4327\" data-end=\"4512\">\n<\/p><p data-start=\"4327\" data-end=\"4512\">Projelerimizi detayl\u0131 incelemek i\u00e7in <a href=\"https:\/\/tekopproject.com\/projects\/\" target=\"_blank\" rel=\"noopener\">tekopproject.com<\/a> adresini ziyaret edebilirsiniz.<\/p>\t\t\t\t\t\t\t\t<\/div>\n\t\t\t\t<\/div>\n\t\t\t\t\t<\/div>\n\t\t\t\t<\/div>\n\t\t\t\t<\/div>\n\t\t","protected":false},"excerpt":{"rendered":"<p>Maksimum Tazelik i\u00e7in \u0130deal Elma Saklama Ko\u015fullar\u0131 \u0130deal elma saklama ko\u015fullar\u0131 elma kalitesinin bah\u00e7eden rafa kadar korunmas\u0131nda kritik bir rol oynar. Tekop [&hellip;]<\/p>\n","protected":false},"author":1,"featured_media":0,"parent":0,"menu_order":0,"comment_status":"open","ping_status":"closed","template":"","meta":{"footnotes":""},"class_list":["post-8757","page","type-page","status-publish","hentry"],"_links":{"self":[{"href":"https:\/\/tekoprefrigeration.com\/tr\/wp-json\/wp\/v2\/pages\/8757","targetHints":{"allow":["GET"]}}],"collection":[{"href":"https:\/\/tekoprefrigeration.com\/tr\/wp-json\/wp\/v2\/pages"}],"about":[{"href":"https:\/\/tekoprefrigeration.com\/tr\/wp-json\/wp\/v2\/types\/page"}],"author":[{"embeddable":true,"href":"https:\/\/tekoprefrigeration.com\/tr\/wp-json\/wp\/v2\/users\/1"}],"replies":[{"embeddable":true,"href":"https:\/\/tekoprefrigeration.com\/tr\/wp-json\/wp\/v2\/comments?post=8757"}],"version-history":[{"count":4,"href":"https:\/\/tekoprefrigeration.com\/tr\/wp-json\/wp\/v2\/pages\/8757\/revisions"}],"predecessor-version":[{"id":11227,"href":"https:\/\/tekoprefrigeration.com\/tr\/wp-json\/wp\/v2\/pages\/8757\/revisions\/11227"}],"wp:attachment":[{"href":"https:\/\/tekoprefrigeration.com\/tr\/wp-json\/wp\/v2\/media?parent=8757"}],"curies":[{"name":"wp","href":"https:\/\/api.w.org\/{rel}","templated":true}]}}