{"id":8731,"date":"2025-08-19T12:19:54","date_gmt":"2025-08-19T12:19:54","guid":{"rendered":"https:\/\/tekoprefrigeration.com\/soguk-oda-cozumlerimiz-supermarketlerin-maliyetleri-dusurmesine-nasil-yardimci-oluyor\/"},"modified":"2025-09-25T10:43:33","modified_gmt":"2025-09-25T10:43:33","slug":"soguk-oda-cozumlerimiz-supermarketlerin-maliyetleri-dusurmesine-nasil-yardimci-oluyor","status":"publish","type":"page","link":"https:\/\/tekoprefrigeration.com\/tr\/soguk-oda-cozumlerimiz-supermarketlerin-maliyetleri-dusurmesine-nasil-yardimci-oluyor\/","title":{"rendered":"So\u011fuk Oda \u00c7\u00f6z\u00fcmlerimiz S\u00fcpermarketlerin Maliyetleri D\u00fc\u015f\u00fcrmesine Nas\u0131l Yard\u0131mc\u0131 Oluyor?"},"content":{"rendered":"\t\t<div data-elementor-type=\"wp-page\" data-elementor-id=\"8731\" class=\"elementor elementor-8731\" data-elementor-settings=\"{&quot;ha_cmc_init_switcher&quot;:&quot;no&quot;}\">\n\t\t\t\t<div class=\"elementor-element elementor-element-88faa45 e-flex e-con-boxed e-con e-parent\" data-id=\"88faa45\" data-element_type=\"container\" data-e-type=\"container\" data-settings=\"{&quot;_ha_eqh_enable&quot;:false}\">\n\t\t\t\t\t<div class=\"e-con-inner\">\n\t\t\t\t\t<\/div>\n\t\t\t\t<\/div>\n\t\t<div class=\"elementor-element elementor-element-314bd8e e-flex e-con-boxed e-con e-parent\" data-id=\"314bd8e\" data-element_type=\"container\" data-e-type=\"container\" data-settings=\"{&quot;_ha_eqh_enable&quot;:false}\">\n\t\t\t\t\t<div class=\"e-con-inner\">\n\t\t\t\t<div class=\"elementor-element elementor-element-20dc69b elementor-widget elementor-widget-text-editor\" data-id=\"20dc69b\" data-element_type=\"widget\" data-e-type=\"widget\" data-widget_type=\"text-editor.default\">\n\t\t\t\t<div class=\"elementor-widget-container\">\n\t\t\t\t\t\t\t\t\t<h1 data-start=\"339\" data-end=\"402\"><strong data-start=\"341\" data-end=\"400\"> So\u011fuk Oda \u00c7\u00f6z\u00fcmlerimiz S\u00fcpermarketlerin Maliyetleri D\u00fc\u015f\u00fcrmesine<\/strong> Nas\u0131l<strong data-start=\"341\" data-end=\"400\"> Yard\u0131mc\u0131<\/strong> Oluyor?<\/h1><p data-start=\"404\" data-end=\"797\">S\u00fcpermarketler taze \u00fcr\u00fcnler ve s\u00fct \u00fcr\u00fcnlerinden dondurulmu\u015f \u00fcr\u00fcnlere ve i\u00e7eceklere kadar her g\u00fcn binlerce bozulabilir \u00fcr\u00fcnle ilgilenir. Do\u011fru <a href=\"https:\/\/tekoprefrigeration.com\/tr\/sogutma-sistemleri\/\" target=\"_blank\" rel=\"noopener\">so\u011futma sistemi<\/a> olmadan bu \u00fcr\u00fcnler bozulma riskiyle kar\u015f\u0131 kar\u015f\u0131ya kal\u0131r, enerji faturalar\u0131 artar ve operasyonlar daha az verimli hale gelir. \u0130\u015fte bu noktada <a href=\"https:\/\/tekoprefrigeration.com\/tr\/soguk-odalar\/\" target=\"_blank\" rel=\"noopener\">Tekop so\u011fuk oda \u00e7\u00f6z\u00fcmleri<\/a> devreye girerek s\u00fcpermarketlerin genel performans\u0131n\u0131 art\u0131r\u0131rken maliyetlerini d\u00fc\u015f\u00fcrmelerine yard\u0131mc\u0131 olur.  <\/p><hr data-start=\"799\" data-end=\"802\"><h2 data-start=\"804\" data-end=\"854\"><strong data-start=\"807\" data-end=\"852\">1. Enerji Tasarruflu So\u011futma Sistemleri<\/strong><\/h2><p data-start=\"855\" data-end=\"1354\">S\u00fcpermarketler i\u00e7in en b\u00fcy\u00fck giderlerden biri <strong data-start=\"903\" data-end=\"925\">enerji t\u00fcketimidir<\/strong>. Geleneksel so\u011futma \u00fcniteleri, \u00f6zellikle de yal\u0131t\u0131m veya so\u011futma teknolojisi eskiyse, genellikle enerji israf\u0131na neden olur. <strong data-start=\"1042\" data-end=\"1088\"><a href=\"https:\/\/tekoprefrigeration.com\/tr\/soguk-odalar\/\" target=\"_blank\" rel=\"noopener\">G\u00f6mme so\u011fuk odalar\u0131m\u0131z<\/a>, <a href=\"https:\/\/tekoprefrigeration.com\/tr\/soguk-odalar\/\" target=\"_blank\" rel=\"noopener\">so\u011futucular\u0131m\u0131z ve dondurucular\u0131m\u0131z<\/a><\/strong>, enerji kullan\u0131m\u0131n\u0131 \u00f6nemli \u00f6l\u00e7\u00fcde azaltan <strong data-start=\"1107\" data-end=\"1141\">y\u00fcksek yo\u011funluklu yal\u0131t\u0131m panelleri<\/strong> ve geli\u015fmi\u015f so\u011futma sistemleri ile tasarlanm\u0131\u015ft\u0131r. <strong data-start=\"1232\" data-end=\"1271\">Enerji tasarruflu<\/strong> bir <strong data-start=\"1232\" data-end=\"1271\">so\u011fuk oda \u00e7\u00f6z\u00fcm\u00fcne<\/strong> yat\u0131r\u0131m yaparak s\u00fcpermarketler, tutarl\u0131 s\u0131cakl\u0131klar\u0131 korurken elektrik faturalar\u0131n\u0131 d\u00fc\u015f\u00fcrebilir.   <\/p><hr data-start=\"1356\" data-end=\"1359\"><h2 data-start=\"1361\" data-end=\"1419\"><strong data-start=\"1364\" data-end=\"1417\">2. G\u00fcvenilir So\u011fuk Hava Deposu ile G\u0131da \u0130sraf\u0131n\u0131n Azalt\u0131lmas\u0131<\/strong><\/h2><p data-start=\"1420\" data-end=\"1836\">G\u0131da israf\u0131 perakende sekt\u00f6r\u00fcnde \u00f6nemli bir maliyet fakt\u00f6r\u00fcd\u00fcr. Yanl\u0131\u015f so\u011futma veya e\u015fit olmayan s\u0131cakl\u0131klar, \u00fcr\u00fcnlerin raf \u00f6mr\u00fc dolmadan bozulmas\u0131na neden olabilir. Tekop&#8217;un <strong data-start=\"1571\" data-end=\"1597\">so\u011fuk hava depolar\u0131<\/strong> <strong data-start=\"1610\" data-end=\"1643\">ve dondurucular\u0131<\/strong> da dahil olmak \u00fczere so\u011fuk <strong data-start=\"1571\" data-end=\"1597\">depolama \u00e7\u00f6z\u00fcmleri<\/strong>, so\u011fuk odan\u0131n t\u00fcm b\u00f6l\u00fcmlerinde istikrarl\u0131 bir s\u0131cakl\u0131k y\u00f6netimi sa\u011flar. Bu sadece g\u0131dalar\u0131n daha uzun s\u00fcre taze kalmas\u0131n\u0131 sa\u011flamakla kalmaz, ayn\u0131 zamanda s\u00fcpermarketlerin <strong data-start=\"1796\" data-end=\"1833\">g\u0131da g\u00fcvenli\u011fi ve hijyen standartlar\u0131n\u0131<\/strong> kar\u015f\u0131lamas\u0131na da yard\u0131mc\u0131 olur.   <\/p><hr data-start=\"1838\" data-end=\"1841\"><h2 data-start=\"1843\" data-end=\"1888\"><strong data-start=\"1846\" data-end=\"1886\">3. \u0130\u015f Ak\u0131\u015f\u0131 ve Operasyonlar\u0131n \u0130yile\u015ftirilmesi<\/strong><\/h2><p data-start=\"1889\" data-end=\"2311\">S\u00fcpermarketler sadece g\u00fcvenilir de\u011fil ayn\u0131 zamanda pratik olan so\u011futma sistemlerine ihtiya\u00e7 duyar. <strong data-start=\"1980\" data-end=\"2002\">Mod\u00fcler so\u011fuk odalar\u0131m\u0131z\u0131n<\/strong> kurulumu, geni\u015fletilmesi ve bak\u0131m\u0131 kolayd\u0131r. Verimli d\u00fczenlerle tasarlanan bu sistemler, personelin \u00fcr\u00fcnleri daha iyi organize etmesine, yeniden stoklamay\u0131 h\u0131zland\u0131rmas\u0131na ve ekipman ar\u0131zalar\u0131ndan kaynaklanan gecikmeleri \u00f6nlemesine yard\u0131mc\u0131 olur. <strong data-start=\"2196\" data-end=\"2224\">7\/24 so\u011futma g\u00fcvenilirli\u011fi<\/strong> ile s\u00fcpermarketler operasyonlar\u0131n\u0131 sorunsuz bir \u015fekilde y\u00fcr\u00fctebilir ve m\u00fc\u015fterilere kesintisiz hizmet verebilir.   <\/p><hr data-start=\"2313\" data-end=\"2316\"><h2 data-start=\"2318\" data-end=\"2374\"><strong data-start=\"2321\" data-end=\"2372\">4. So\u011fuk Oda Bak\u0131m\u0131 ile Uzun Vadeli Tasarruflar<\/strong><\/h2><p data-start=\"2375\" data-end=\"2722\">Y\u00fcksek kaliteli <strong data-start=\"2401\" data-end=\"2427\">so\u011fuk oda kurulumuna<\/strong> yat\u0131r\u0131m yapmak, zaman i\u00e7inde onar\u0131m maliyetlerini azalt\u0131r. Tekop, dayan\u0131kl\u0131 paneller, g\u00fc\u00e7l\u00fc yal\u0131t\u0131m ve ekipman \u00f6mr\u00fcn\u00fc uzatan profesyonel <strong data-start=\"2527\" data-end=\"2561\">so\u011fuk oda bak\u0131m hizmetleri<\/strong> sa\u011flar. Ar\u0131zalar\u0131 \u00f6nleyerek ve maksimum performans sa\u011flayarak s\u00fcpermarketler hem onar\u0131mlardan hem de erken de\u011fi\u015fimlerden tasarruf eder.  <\/p><hr data-start=\"2724\" data-end=\"2727\"><h2 data-start=\"2729\" data-end=\"2781\"><strong data-start=\"2732\" data-end=\"2779\">5. Gelecek i\u00e7in S\u00fcrd\u00fcr\u00fclebilir So\u011futma<\/strong><\/h2><p data-start=\"2782\" data-end=\"3096\">G\u00fcn\u00fcm\u00fcz t\u00fcketicileri i\u015fletmelerin sorumlu bir \u015fekilde faaliyet g\u00f6stermesini beklemektedir. <strong data-start=\"2846\" data-end=\"2882\">\u00c7evre dostu so\u011fuk oda \u00e7\u00f6z\u00fcmlerimiz<\/strong> s\u00fcrd\u00fcr\u00fclebilir yal\u0131t\u0131m malzemeleri ve enerji tasarrufu sa\u011flayan teknolojiler kullanarak hem karbon ayak izini hem de i\u015fletme maliyetlerini azalt\u0131r. S\u00fcpermarketler i\u00e7in bu, daha ye\u015fil bir gelece\u011fe katk\u0131da bulunurken rekabet\u00e7i kalmak anlam\u0131na geliyor.  <\/p><hr data-start=\"3098\" data-end=\"3101\"><h3 data-start=\"3103\" data-end=\"3123\"><strong data-start=\"3107\" data-end=\"3121\">Sonu\u00e7<\/strong><\/h3><p data-start=\"3124\" data-end=\"3386\">S\u00fcpermarketler <strong data-start=\"3164\" data-end=\"3226\">bozulabilir \u00fcr\u00fcnler, y\u00fcksek enerji kullan\u0131m\u0131 ve operasyonel maliyetler<\/strong> nedeniyle g\u00fcnl\u00fck zorluklarla kar\u015f\u0131la\u015fmaktad\u0131r. Tekop&#8217;un <strong data-start=\"3248\" data-end=\"3271\">so\u011fuk oda \u00e7\u00f6z\u00fcmlerini<\/strong> se\u00e7erek, enerji tasarruflu so\u011futma, daha az g\u0131da israf\u0131, geli\u015fmi\u015f i\u015f ak\u0131\u015f\u0131 ve uzun vadeli tasarruflardan yararlan\u0131rlar. <\/p><p data-start=\"3388\" data-end=\"3518\">\ud83d\udc49 <strong><a href=\"https:\/\/tekoprefrigeration.com\/tr\/soguk-odalar\/#\" target=\"_blank\" rel=\"noopener\">Tekop ile bug\u00fcn ileti\u015fime ge\u00e7in<\/a><\/strong> maliyetleri d\u00fc\u015f\u00fcren ve \u00fcr\u00fcnleri taze tutan \u00f6zelle\u015ftirilmi\u015f bir <strong data-start=\"3438\" data-end=\"3474\">s\u00fcpermarket so\u011futma sistemi<\/strong> tasarlamak i\u00e7in.<br><br><\/p><article class=\"text-token-text-primary w-full focus:outline-none scroll-mt-[calc(var(--header-height)+min(200px,max(70px,20svh)))]\" dir=\"auto\" tabindex=\"-1\" data-turn-id=\"request-689ae023-0e48-8323-a194-a4d8700de5e4-7\" data-testid=\"conversation-turn-58\" data-scroll-anchor=\"true\" data-turn=\"assistant\"><div class=\"text-base my-auto mx-auto pb-10 [--thread-content-margin:--spacing(4)] @[37rem]:[--thread-content-margin:--spacing(6)] @[72rem]:[--thread-content-margin:--spacing(16)] px-(--thread-content-margin)\"><div class=\"[--thread-content-max-width:32rem] @[34rem]:[--thread-content-max-width:40rem] @[64rem]:[--thread-content-max-width:48rem] mx-auto max-w-(--thread-content-max-width) flex-1 group\/turn-messages focus-visible:outline-hidden relative flex w-full min-w-0 flex-col agent-turn\" tabindex=\"-1\"><div class=\"flex max-w-full flex-col grow\"><div class=\"min-h-8 text-message relative flex w-full flex-col items-end gap-2 text-start break-words whitespace-normal [.text-message+&amp;]:mt-5\" dir=\"auto\" data-message-author-role=\"assistant\" data-message-id=\"f17f08ab-84c2-4047-bdd6-c946e9996b44\" data-message-model-slug=\"gpt-5\"><div class=\"flex w-full flex-col gap-1 empty:hidden first:pt-[3px]\"><div class=\"markdown prose dark:prose-invert w-full break-words light markdown-new-styling\"><p data-start=\"0\" data-end=\"39\" data-is-last-node=\"\" data-is-only-node=\"\">\u00d6rnek projemiz i\u00e7in buraya t\u0131klay\u0131n: <a href=\"https:\/\/tekopproject.com\/portfolio\/finland-supermarket-cold-storage-and-freezer-solutions\/\" target=\"_blank\" rel=\"noopener\">https:\/\/tekopproject.com\/portfolio\/finland-supermarket-cold-storage-and-freezer-solutions\/<\/a><\/p><\/div><\/div><\/div><\/div><div class=\"flex min-h-[46px] justify-start\"> <\/div><div class=\"mt-3 w-full empty:hidden\"><div class=\"text-center\"> <\/div><\/div><\/div><\/div><\/article><div class=\"pointer-events-none h-px w-px\" aria-hidden=\"true\" data-edge=\"true\"> <\/div>\t\t\t\t\t\t\t\t<\/div>\n\t\t\t\t<\/div>\n\t\t\t\t\t<\/div>\n\t\t\t\t<\/div>\n\t\t\t\t<\/div>\n\t\t","protected":false},"excerpt":{"rendered":"<p>So\u011fuk Oda \u00c7\u00f6z\u00fcmlerimiz S\u00fcpermarketlerin Maliyetleri D\u00fc\u015f\u00fcrmesine Nas\u0131l Yard\u0131mc\u0131 Oluyor? S\u00fcpermarketler taze \u00fcr\u00fcnler ve s\u00fct \u00fcr\u00fcnlerinden dondurulmu\u015f \u00fcr\u00fcnlere ve i\u00e7eceklere kadar her g\u00fcn [&hellip;]<\/p>\n","protected":false},"author":1,"featured_media":0,"parent":0,"menu_order":0,"comment_status":"open","ping_status":"closed","template":"","meta":{"footnotes":""},"class_list":["post-8731","page","type-page","status-publish","hentry"],"_links":{"self":[{"href":"https:\/\/tekoprefrigeration.com\/tr\/wp-json\/wp\/v2\/pages\/8731","targetHints":{"allow":["GET"]}}],"collection":[{"href":"https:\/\/tekoprefrigeration.com\/tr\/wp-json\/wp\/v2\/pages"}],"about":[{"href":"https:\/\/tekoprefrigeration.com\/tr\/wp-json\/wp\/v2\/types\/page"}],"author":[{"embeddable":true,"href":"https:\/\/tekoprefrigeration.com\/tr\/wp-json\/wp\/v2\/users\/1"}],"replies":[{"embeddable":true,"href":"https:\/\/tekoprefrigeration.com\/tr\/wp-json\/wp\/v2\/comments?post=8731"}],"version-history":[{"count":5,"href":"https:\/\/tekoprefrigeration.com\/tr\/wp-json\/wp\/v2\/pages\/8731\/revisions"}],"predecessor-version":[{"id":11222,"href":"https:\/\/tekoprefrigeration.com\/tr\/wp-json\/wp\/v2\/pages\/8731\/revisions\/11222"}],"wp:attachment":[{"href":"https:\/\/tekoprefrigeration.com\/tr\/wp-json\/wp\/v2\/media?parent=8731"}],"curies":[{"name":"wp","href":"https:\/\/api.w.org\/{rel}","templated":true}]}}