{"id":8625,"date":"2025-08-12T06:31:04","date_gmt":"2025-08-12T06:31:04","guid":{"rendered":"https:\/\/tekoprefrigeration.com\/maksimum-tazelik-icin-ideal-elma-saklama-kosullari-kopyala\/"},"modified":"2025-08-12T06:38:57","modified_gmt":"2025-08-12T06:38:57","slug":"maksimum-tazelik-icin-ideal-elma-saklama-kosullari-kopyala","status":"publish","type":"page","link":"https:\/\/tekoprefrigeration.com\/tr\/maksimum-tazelik-icin-ideal-elma-saklama-kosullari-kopyala\/","title":{"rendered":"So\u011fuk oda nas\u0131l kurulur?"},"content":{"rendered":"\t\t<div data-elementor-type=\"wp-page\" data-elementor-id=\"8625\" class=\"elementor elementor-8625\" data-elementor-settings=\"{&quot;ha_cmc_init_switcher&quot;:&quot;no&quot;}\">\n\t\t\t\t<div class=\"elementor-element elementor-element-88faa45 e-flex e-con-boxed e-con e-parent\" data-id=\"88faa45\" data-element_type=\"container\" data-e-type=\"container\" data-settings=\"{&quot;_ha_eqh_enable&quot;:false}\">\n\t\t\t\t\t<div class=\"e-con-inner\">\n\t\t\t\t<div class=\"elementor-element elementor-element-d7112f2 elementor-widget elementor-widget-video\" data-id=\"d7112f2\" data-element_type=\"widget\" data-e-type=\"widget\" data-settings=\"{&quot;youtube_url&quot;:&quot;https:\\\/\\\/www.youtube.com\\\/watch?v=zBCXAs3xFVY&quot;,&quot;autoplay&quot;:&quot;yes&quot;,&quot;video_type&quot;:&quot;youtube&quot;,&quot;controls&quot;:&quot;yes&quot;}\" data-widget_type=\"video.default\">\n\t\t\t\t<div class=\"elementor-widget-container\">\n\t\t\t\t\t\t\t<div class=\"elementor-wrapper elementor-open-inline\">\n\t\t\t<div class=\"elementor-video\"><\/div>\t\t<\/div>\n\t\t\t\t\t\t<\/div>\n\t\t\t\t<\/div>\n\t\t\t\t\t<\/div>\n\t\t\t\t<\/div>\n\t\t<div class=\"elementor-element elementor-element-314bd8e e-flex e-con-boxed e-con e-parent\" data-id=\"314bd8e\" data-element_type=\"container\" data-e-type=\"container\" data-settings=\"{&quot;_ha_eqh_enable&quot;:false}\">\n\t\t\t\t\t<div class=\"e-con-inner\">\n\t\t\t\t<div class=\"elementor-element elementor-element-20dc69b elementor-widget elementor-widget-text-editor\" data-id=\"20dc69b\" data-element_type=\"widget\" data-e-type=\"widget\" data-widget_type=\"text-editor.default\">\n\t\t\t\t<div class=\"elementor-widget-container\">\n\t\t\t\t\t\t\t\t\t<h3 data-start=\"716\" data-end=\"736\"><strong data-start=\"720\" data-end=\"736\">So\u011fuk oda nas\u0131l kurulur?<\/strong><\/h3>\n<p data-start=\"737\" data-end=\"1059\">So\u011fuk oda, yiyecek, i\u00e7ecek veya ila\u00e7lar\u0131 kontroll\u00fc s\u0131cakl\u0131klarda saklamas\u0131 gereken i\u015fletmeler i\u00e7in \u00e7ok \u00f6nemlidir. Tekop Refrigeration&#8217;\u0131n <strong data-start=\"906\" data-end=\"936\">So\u011fuk Oda Nas\u0131l Kurulur<\/strong> videosunu temel alan bu k\u0131lavuzda, sahan\u0131n haz\u0131rlanmas\u0131ndan so\u011futma sisteminin \u00e7al\u0131\u015ft\u0131r\u0131lmas\u0131na kadar t\u00fcm kurulum s\u00fcrecinde size yol g\u00f6sterece\u011fiz. <\/p>\n<hr data-start=\"1061\" data-end=\"1064\">\n<h3 data-start=\"1066\" data-end=\"1095\"><strong data-start=\"1070\" data-end=\"1095\">1. Sahan\u0131n Haz\u0131rlanmas\u0131<\/strong><\/h3>\n<p data-start=\"1096\" data-end=\"1333\">So\u011fuk oda kurulumunuza ba\u015flamadan \u00f6nce d\u00fcz ve sabit bir y\u00fczey se\u00e7in. Sadece so\u011fuk odan\u0131n kendisi i\u00e7in de\u011fil, ayn\u0131 zamanda hava ak\u0131\u015f\u0131 ve bak\u0131m eri\u015fimi i\u00e7in de yeterli alan oldu\u011fundan emin olun. Do\u011fru saha haz\u0131rl\u0131\u011f\u0131 uzun vadeli verimlilik sa\u011flar.  <\/p>\n<hr data-start=\"1335\" data-end=\"1338\">\n<h3 data-start=\"1340\" data-end=\"1375\"><strong data-start=\"1344\" data-end=\"1375\">2. Zemin Paneli Montaj\u0131<\/strong><\/h3>\n<p data-start=\"1376\" data-end=\"1610\">Kurulum, <strong data-start=\"1421\" data-end=\"1437\">zemin panellerinin<\/strong> konumland\u0131r\u0131lmas\u0131yla ba\u015flar. Bu yal\u0131t\u0131ml\u0131 paneller \u0131s\u0131 transferini \u00f6nler ve sabit i\u00e7 s\u0131cakl\u0131klar\u0131n korunmas\u0131na yard\u0131mc\u0131 olur. Duvar panelleri ile m\u00fckemmel bir uyum sa\u011flamak i\u00e7in tam olarak hizalanmal\u0131d\u0131rlar.  <\/p>\n<hr data-start=\"1612\" data-end=\"1615\">\n<h3 data-start=\"1617\" data-end=\"1647\"><strong data-start=\"1621\" data-end=\"1647\">3. Duvar Paneli Montaj\u0131<\/strong><\/h3>\n<p data-start=\"1648\" data-end=\"1884\">Ard\u0131ndan, <strong data-start=\"1658\" data-end=\"1673\">duvar panelleri<\/strong> monte edilir. Tekop Refrigeration h\u0131zl\u0131 ve g\u00fcvenli ba\u011flant\u0131lar i\u00e7in kam kilit sistemleri kullan\u0131r. Bir k\u00f6\u015feden ba\u015flay\u0131n ve her paneli takmaya devam edin, hava s\u0131z\u0131nt\u0131lar\u0131n\u0131 \u00f6nlemek i\u00e7in kenarlar\u0131n s\u0131k\u0131ca kapat\u0131ld\u0131\u011f\u0131ndan emin olun.  <\/p>\n<hr data-start=\"1886\" data-end=\"1889\">\n<h3 data-start=\"1891\" data-end=\"1925\"><strong data-start=\"1895\" data-end=\"1925\">4. Tavan Paneli Yerle\u015fimi<\/strong><\/h3>\n<p data-start=\"1926\" data-end=\"2112\">Duvarlar yerine yerle\u015ftirildikten sonra <strong data-start=\"1959\" data-end=\"1977\">tavan panelleri<\/strong> eklenir. Bu ad\u0131m, yap\u0131n\u0131n hava ge\u00e7irmez olmas\u0131n\u0131 sa\u011flamak i\u00e7in dikkatli bir hizalama gerektirir. Enerji verimlili\u011fi i\u00e7in uygun s\u0131zd\u0131rmazl\u0131k kritik \u00f6nem ta\u015f\u0131r.  <\/p>\n<hr data-start=\"2114\" data-end=\"2117\">\n<h3 data-start=\"2119\" data-end=\"2149\"><strong data-start=\"2123\" data-end=\"2149\">5. Kap\u0131n\u0131n Tak\u0131lmas\u0131<\/strong><\/h3>\n<p data-start=\"2150\" data-end=\"2375\">So\u011fuk oda kap\u0131lar\u0131 a\u011f\u0131r kullan\u0131m ve \u0131s\u0131 yal\u0131t\u0131m\u0131 i\u00e7in tasarlanm\u0131\u015ft\u0131r. \u0130htiya\u00e7lar\u0131n\u0131za ba\u011fl\u0131 olarak s\u00fcrg\u00fcl\u00fc veya mente\u015feli kap\u0131lar\u0131 se\u00e7ebilirsiniz. Kap\u0131 \u00e7er\u00e7evesi yerine sabitlenir ve m\u00fckemmel s\u0131zd\u0131rmazl\u0131k sa\u011flamak i\u00e7in kau\u00e7uk contalar kontrol edilir.  <\/p>\n<hr data-start=\"2377\" data-end=\"2380\">\n<h3 data-start=\"2382\" data-end=\"2417\"><strong data-start=\"2386\" data-end=\"2417\">6. So\u011futma \u00dcnitesi Kurulumu<\/strong><\/h3>\n<p data-start=\"2418\" data-end=\"2687\">So\u011futma sistemi iki ana bile\u015fenden olu\u015fur: so\u011fuk odan\u0131n i\u00e7indeki <strong data-start=\"2480\" data-end=\"2499\">evaporat\u00f6r \u00fcnitesi<\/strong> ve d\u0131\u015far\u0131daki <strong data-start=\"2529\" data-end=\"2547\">kondenser \u00fcnitesi<\/strong>. Tekop&#8217;un sistemleri yal\u0131t\u0131ml\u0131 bak\u0131r borularla birbirine ba\u011flan\u0131r. Do\u011fru kurulum, verimli so\u011futma ve daha uzun ekipman \u00f6mr\u00fc sa\u011flar.  <\/p>\n<hr data-start=\"2689\" data-end=\"2692\">\n<h3 data-start=\"2694\" data-end=\"2729\"><strong data-start=\"2698\" data-end=\"2729\">7. Son Kontroller ve Testler<\/strong><\/h3>\n<p data-start=\"2730\" data-end=\"2948\">Montajdan sonra so\u011fuk oda test edilir. So\u011futma \u00fcnitesi \u00e7al\u0131\u015ft\u0131r\u0131l\u0131r, termostat gerekli s\u0131cakl\u0131\u011fa ayarlan\u0131r ve yal\u0131t\u0131m kontrol edilir. Bu ad\u0131m so\u011fuk hava deposunun kullan\u0131ma haz\u0131r oldu\u011funu teyit eder.  <\/p>\n<hr data-start=\"2950\" data-end=\"2953\">\n<h3 data-start=\"2955\" data-end=\"2990\"><strong data-start=\"2959\" data-end=\"2990\">So\u011fuk Oda Kurulum \u0130pu\u00e7lar\u0131<\/strong><\/h3>\n<ul data-start=\"2991\" data-end=\"3218\">\n<li data-start=\"2991\" data-end=\"3041\">\n<p data-start=\"2993\" data-end=\"3041\">Her zaman \u00fcreticinin talimatlar\u0131na uyun.<\/p>\n<\/li>\n<li data-start=\"3042\" data-end=\"3105\">\n<p data-start=\"3044\" data-end=\"3105\">Enerji tasarrufunu art\u0131rmak i\u00e7in kaliteli yal\u0131t\u0131m malzemeleri kullan\u0131n.<\/p>\n<\/li>\n<li data-start=\"3106\" data-end=\"3155\">\n<p data-start=\"3108\" data-end=\"3155\">T\u00fcm kam kilit ba\u011flant\u0131lar\u0131n\u0131n s\u0131k\u0131 oldu\u011fundan emin olun.<\/p>\n<\/li>\n<li data-start=\"3156\" data-end=\"3218\">\n<p data-start=\"3158\" data-end=\"3218\">So\u011futma sistemi i\u00e7in d\u00fczenli bak\u0131m planlay\u0131n.<\/p>\n<\/li>\n<\/ul>\n<hr data-start=\"3220\" data-end=\"3223\">\n<h3 data-start=\"3225\" data-end=\"3243\"><strong data-start=\"3229\" data-end=\"3243\">Sonu\u00e7<\/strong><\/h3>\n<p data-start=\"3244\" data-end=\"3501\">So\u011fuk oda kurulumu karma\u015f\u0131k g\u00f6r\u00fcnebilir, ancak do\u011fru ad\u0131mlar ve kaliteli ekipmanla basit bir s\u00fcre\u00e7 haline gelir. Tekop Refrigeration&#8217;\u0131n mod\u00fcler sistemleri montaj\u0131 h\u0131zl\u0131, g\u00fcvenilir ve verimli hale getirerek \u00fcr\u00fcnlerinizin taze ve g\u00fcvenli kalmas\u0131n\u0131 sa\u011flar. <\/p>\t\t\t\t\t\t\t\t<\/div>\n\t\t\t\t<\/div>\n\t\t\t\t\t<\/div>\n\t\t\t\t<\/div>\n\t\t\t\t<\/div>\n\t\t","protected":false},"excerpt":{"rendered":"<p>https:\/\/www.youtube.com\/watch?v=zBCXAs3xFVY So\u011fuk oda nas\u0131l kurulur? So\u011fuk oda, yiyecek, i\u00e7ecek veya ila\u00e7lar\u0131 kontroll\u00fc s\u0131cakl\u0131klarda saklamas\u0131 gereken i\u015fletmeler i\u00e7in \u00e7ok \u00f6nemlidir. Tekop Refrigeration&#8217;\u0131n So\u011fuk [&hellip;]<\/p>\n","protected":false},"author":1,"featured_media":0,"parent":0,"menu_order":0,"comment_status":"open","ping_status":"closed","template":"","meta":{"footnotes":""},"class_list":["post-8625","page","type-page","status-publish","hentry"],"_links":{"self":[{"href":"https:\/\/tekoprefrigeration.com\/tr\/wp-json\/wp\/v2\/pages\/8625","targetHints":{"allow":["GET"]}}],"collection":[{"href":"https:\/\/tekoprefrigeration.com\/tr\/wp-json\/wp\/v2\/pages"}],"about":[{"href":"https:\/\/tekoprefrigeration.com\/tr\/wp-json\/wp\/v2\/types\/page"}],"author":[{"embeddable":true,"href":"https:\/\/tekoprefrigeration.com\/tr\/wp-json\/wp\/v2\/users\/1"}],"replies":[{"embeddable":true,"href":"https:\/\/tekoprefrigeration.com\/tr\/wp-json\/wp\/v2\/comments?post=8625"}],"version-history":[{"count":6,"href":"https:\/\/tekoprefrigeration.com\/tr\/wp-json\/wp\/v2\/pages\/8625\/revisions"}],"predecessor-version":[{"id":8640,"href":"https:\/\/tekoprefrigeration.com\/tr\/wp-json\/wp\/v2\/pages\/8625\/revisions\/8640"}],"wp:attachment":[{"href":"https:\/\/tekoprefrigeration.com\/tr\/wp-json\/wp\/v2\/media?parent=8625"}],"curies":[{"name":"wp","href":"https:\/\/api.w.org\/{rel}","templated":true}]}}