{"id":5059,"date":"2024-04-03T10:25:40","date_gmt":"2024-04-03T10:25:40","guid":{"rendered":"https:\/\/tekoprefrigeration.com\/soguk-oda-paneli-pir\/"},"modified":"2026-02-13T12:03:33","modified_gmt":"2026-02-13T12:03:33","slug":"soguk-oda-paneli-pir","status":"publish","type":"page","link":"https:\/\/tekoprefrigeration.com\/tr\/soguk-oda-paneli-pir\/","title":{"rendered":"So\u011fuk Oda Paneli (PIR)"},"content":{"rendered":"\t\t<div data-elementor-type=\"wp-page\" data-elementor-id=\"5059\" class=\"elementor elementor-5059 elementor-5057\" data-elementor-settings=\"{&quot;ha_cmc_init_switcher&quot;:&quot;no&quot;}\">\n\t\t\t\t\t\t<section class=\"elementor-section elementor-top-section elementor-element elementor-element-7899bdcb elementor-section-content-middle elementor-section-boxed elementor-section-height-default elementor-section-height-default\" data-id=\"7899bdcb\" data-element_type=\"section\" data-e-type=\"section\" data-settings=\"{&quot;_ha_eqh_enable&quot;:false}\">\n\t\t\t\t\t\t<div class=\"elementor-container elementor-column-gap-default\">\n\t\t\t\t\t<div class=\"elementor-column elementor-col-50 elementor-top-column elementor-element elementor-element-229f7a3c\" data-id=\"229f7a3c\" data-element_type=\"column\" data-e-type=\"column\">\n\t\t\t<div class=\"elementor-widget-wrap elementor-element-populated\">\n\t\t\t\t\t\t<div class=\"elementor-element elementor-element-7d63215 elementor-arrows-position-inside elementor-pagination-position-outside elementor-widget elementor-widget-image-carousel\" data-id=\"7d63215\" data-element_type=\"widget\" data-e-type=\"widget\" data-settings=\"{&quot;slides_to_show&quot;:&quot;1&quot;,&quot;autoplay_speed&quot;:2000,&quot;navigation&quot;:&quot;both&quot;,&quot;autoplay&quot;:&quot;yes&quot;,&quot;pause_on_hover&quot;:&quot;yes&quot;,&quot;pause_on_interaction&quot;:&quot;yes&quot;,&quot;infinite&quot;:&quot;yes&quot;,&quot;effect&quot;:&quot;slide&quot;,&quot;speed&quot;:500}\" data-widget_type=\"image-carousel.default\">\n\t\t\t\t<div class=\"elementor-widget-container\">\n\t\t\t\t\t\t\t<div class=\"elementor-image-carousel-wrapper swiper\" role=\"region\" aria-roledescription=\"carousel\" aria-label=\"Image Carousel\" dir=\"ltr\">\n\t\t\t<div class=\"elementor-image-carousel swiper-wrapper\" aria-live=\"off\">\n\t\t\t\t\t\t\t\t<div class=\"swiper-slide\" role=\"group\" aria-roledescription=\"slide\" aria-label=\"1 \/ 1\"><figure class=\"swiper-slide-inner\"><img decoding=\"async\" class=\"swiper-slide-image\" src=\"https:\/\/tekoprefrigeration.com\/wp-content\/uploads\/2023\/04\/cold-room-panel.png\" alt=\"cold-room-panel\" \/><\/figure><\/div>\t\t\t<\/div>\n\t\t\t\t\t<\/div>\n\t\t\t\t\t\t<\/div>\n\t\t\t\t<\/div>\n\t\t\t\t\t<\/div>\n\t\t<\/div>\n\t\t\t\t<div class=\"elementor-column elementor-col-50 elementor-top-column elementor-element elementor-element-5a96ce08\" data-id=\"5a96ce08\" data-element_type=\"column\" data-e-type=\"column\">\n\t\t\t<div class=\"elementor-widget-wrap elementor-element-populated\">\n\t\t\t\t\t\t<div class=\"elementor-element elementor-element-30594bfa elementor-widget elementor-widget-heading\" data-id=\"30594bfa\" data-element_type=\"widget\" data-e-type=\"widget\" data-widget_type=\"heading.default\">\n\t\t\t\t<div class=\"elementor-widget-container\">\n\t\t\t\t\t<h1 class=\"elementor-heading-title elementor-size-default\">So\u011fuk Oda Paneli\n(PIR)<\/h1>\t\t\t\t<\/div>\n\t\t\t\t<\/div>\n\t\t\t\t<div class=\"elementor-element elementor-element-25472ed8 elementor-widget elementor-widget-text-editor\" data-id=\"25472ed8\" data-element_type=\"widget\" data-e-type=\"widget\" data-widget_type=\"text-editor.default\">\n\t\t\t\t<div class=\"elementor-widget-container\">\n\t\t\t\t\t\t\t\t\t<p>So\u011fuk Oda Panellerimiz, s\u0131cakl\u0131\u011fa duyarl\u0131 operasyonlar\u0131n\u0131z i\u00e7in size en \u00fcst d\u00fczeyde verimlilik, dayan\u0131kl\u0131l\u0131k ve sa\u011flam yal\u0131t\u0131m \u00f6zellikleri sa\u011flamak \u00fczere tasarlanm\u0131\u015ft\u0131r. So\u011fuk Oda Panellerimizin yal\u0131t\u0131m \u00e7ekirde\u011fi, \u00fcst\u00fcn yal\u0131t\u0131m \u00f6zellikleri ve nem emilimine kar\u015f\u0131 direnci ile tan\u0131nan y\u00fcksek yo\u011funluklu poliizosiyan\u00fcrat k\u00f6p\u00fckten (PIR) yap\u0131lm\u0131\u015ft\u0131r. Bu, so\u011fuk odan\u0131z\u0131n y\u00fcksek nemli ortamlarda bile kuru ve so\u011fuk kalmas\u0131n\u0131 sa\u011flar. <\/p>\t\t\t\t\t\t\t\t<\/div>\n\t\t\t\t<\/div>\n\t\t\t\t<div class=\"elementor-element elementor-element-5f0b69c3 elementor-align-start elementor-icon-list--layout-traditional elementor-list-item-link-full_width elementor-widget elementor-widget-icon-list\" data-id=\"5f0b69c3\" data-element_type=\"widget\" data-e-type=\"widget\" data-widget_type=\"icon-list.default\">\n\t\t\t\t<div class=\"elementor-widget-container\">\n\t\t\t\t\t\t\t<ul class=\"elementor-icon-list-items\">\n\t\t\t\t\t\t\t<li class=\"elementor-icon-list-item\">\n\t\t\t\t\t\t\t\t\t\t\t<span class=\"elementor-icon-list-icon\">\n\t\t\t\t\t\t\t<i aria-hidden=\"true\" class=\"fas fa-globe-americas\"><\/i>\t\t\t\t\t\t<\/span>\n\t\t\t\t\t\t\t\t\t\t<span class=\"elementor-icon-list-text\">\u00c7evre Dostu<\/span>\n\t\t\t\t\t\t\t\t\t<\/li>\n\t\t\t\t\t\t\t\t<li class=\"elementor-icon-list-item\">\n\t\t\t\t\t\t\t\t\t\t\t<span class=\"elementor-icon-list-icon\">\n\t\t\t\t\t\t\t<i aria-hidden=\"true\" class=\"fas fa-certificate\"><\/i>\t\t\t\t\t\t<\/span>\n\t\t\t\t\t\t\t\t\t\t<span class=\"elementor-icon-list-text\">Sertifikal\u0131 \u00dcr\u00fcnler<\/span>\n\t\t\t\t\t\t\t\t\t<\/li>\n\t\t\t\t\t\t\t\t<li class=\"elementor-icon-list-item\">\n\t\t\t\t\t\t\t\t\t\t\t<span class=\"elementor-icon-list-icon\">\n\t\t\t\t\t\t\t<i aria-hidden=\"true\" class=\"fas fa-bolt\"><\/i>\t\t\t\t\t\t<\/span>\n\t\t\t\t\t\t\t\t\t\t<span class=\"elementor-icon-list-text\">Enerji Tasarrufu<\/span>\n\t\t\t\t\t\t\t\t\t<\/li>\n\t\t\t\t\t\t\t\t<li class=\"elementor-icon-list-item\">\n\t\t\t\t\t\t\t\t\t\t\t<span class=\"elementor-icon-list-icon\">\n\t\t\t\t\t\t\t<i aria-hidden=\"true\" class=\"fas fa-biohazard\"><\/i>\t\t\t\t\t\t<\/span>\n\t\t\t\t\t\t\t\t\t\t<span class=\"elementor-icon-list-text\">Kanserojen madde i\u00e7ermez<\/span>\n\t\t\t\t\t\t\t\t\t<\/li>\n\t\t\t\t\t\t\t\t<li class=\"elementor-icon-list-item\">\n\t\t\t\t\t\t\t\t\t\t\t<span class=\"elementor-icon-list-icon\">\n\t\t\t\t\t\t\t<i aria-hidden=\"true\" class=\"fas fa-feather-alt\"><\/i>\t\t\t\t\t\t<\/span>\n\t\t\t\t\t\t\t\t\t\t<span class=\"elementor-icon-list-text\">Sa\u011fl\u0131k ve g\u0131da sekt\u00f6r\u00fcnde kullan\u0131labilir<\/span>\n\t\t\t\t\t\t\t\t\t<\/li>\n\t\t\t\t\t\t<\/ul>\n\t\t\t\t\t\t<\/div>\n\t\t\t\t<\/div>\n\t\t\t\t<section data-ep-wrapper-link=\"{&quot;url&quot;:&quot;http:\\\/\\\/tekoprefrigeration.com\\\/wp-content\\\/uploads\\\/2023\\\/06\\\/cold-room-panel.pdf&quot;,&quot;is_external&quot;:&quot;on&quot;,&quot;nofollow&quot;:&quot;&quot;,&quot;custom_attributes&quot;:&quot;&quot;}\" style=\"cursor: pointer\" class=\"bdt-element-link elementor-section elementor-inner-section elementor-element elementor-element-470684cd elementor-section-content-middle elementor-section-boxed elementor-section-height-default elementor-section-height-default\" data-id=\"470684cd\" data-element_type=\"section\" data-e-type=\"section\" data-settings=\"{&quot;background_background&quot;:&quot;gradient&quot;,&quot;_ha_eqh_enable&quot;:false}\">\n\t\t\t\t\t\t<div class=\"elementor-container elementor-column-gap-default\">\n\t\t\t\t\t<div class=\"elementor-column elementor-col-50 elementor-inner-column elementor-element elementor-element-8c9f3a3\" data-id=\"8c9f3a3\" data-element_type=\"column\" data-e-type=\"column\">\n\t\t\t<div class=\"elementor-widget-wrap elementor-element-populated\">\n\t\t\t\t\t\t<div data-ep-wrapper-link=\"{&quot;url&quot;:&quot;https:\\\/\\\/tekoprefrigeration.com\\\/wp-content\\\/uploads\\\/2023\\\/03\\\/cold-room-panel.pdf&quot;,&quot;is_external&quot;:&quot;on&quot;,&quot;nofollow&quot;:&quot;&quot;,&quot;custom_attributes&quot;:&quot;&quot;}\" style=\"cursor: pointer\" class=\"bdt-element-link elementor-element elementor-element-4872e245 elementor-widget elementor-widget-html\" data-id=\"4872e245\" data-element_type=\"widget\" data-e-type=\"widget\" data-widget_type=\"html.default\">\n\t\t\t\t<div class=\"elementor-widget-container\">\n\t\t\t\t\t<script src=\"https:\/\/unpkg.com\/@lottiefiles\/lottie-player@latest\/dist\/lottie-player.js\"><\/script>\n<lottie-player src=\"https:\/\/assets5.lottiefiles.com\/private_files\/lf30_xkvrpcwa.json\" background=\"transparent\" speed=\"1\" style=\"width: 50px; height: 50px;\" loop=\"\" autoplay=\"\"><\/lottie-player>\t\t\t\t<\/div>\n\t\t\t\t<\/div>\n\t\t\t\t\t<\/div>\n\t\t<\/div>\n\t\t\t\t<div class=\"elementor-column elementor-col-50 elementor-inner-column elementor-element elementor-element-461e98c2\" data-id=\"461e98c2\" data-element_type=\"column\" data-e-type=\"column\">\n\t\t\t<div class=\"elementor-widget-wrap elementor-element-populated\">\n\t\t\t\t\t\t<div class=\"elementor-element elementor-element-abb6c0c elementor-widget elementor-widget-heading\" data-id=\"abb6c0c\" data-element_type=\"widget\" data-e-type=\"widget\" data-widget_type=\"heading.default\">\n\t\t\t\t<div class=\"elementor-widget-container\">\n\t\t\t\t\t<h3 class=\"elementor-heading-title elementor-size-default\">\u00dcr\u00fcn\u00fc Detayl\u0131 \u0130nceleyin<\/h3>\t\t\t\t<\/div>\n\t\t\t\t<\/div>\n\t\t\t\t\t<\/div>\n\t\t<\/div>\n\t\t\t\t\t<\/div>\n\t\t<\/section>\n\t\t\t\t<div class=\"elementor-element elementor-element-b85abca elementor-widget-mobile__width-initial elementor-widget elementor-widget-html\" data-id=\"b85abca\" data-element_type=\"widget\" data-e-type=\"widget\" data-widget_type=\"html.default\">\n\t\t\t\t<div class=\"elementor-widget-container\">\n\t\t\t\t\t<a href=\"#\" class=\"custom-offer-btn\">H\u0131zl\u0131 Teklif Al\u0131n<\/a>\r\n\r\n<style>\r\n.custom-offer-btn {\r\n  display: inline-block;\r\n  padding: 12px 28px;\r\n  border: 2px solid #007BFF;\r\n  border-radius: 6px;\r\n  background-color: #0f52a1;\r\n  color: #ffffff;\r\n  font-size: 16px;\r\n  font-weight: 600;\r\n  text-decoration: none;\r\n  text-align: center;\r\n  transition: all 0.3s ease;\r\n}\r\n.custom-offer-btn:hover {\r\n  background-color: #ffffff;\r\n  color: #0f52a1;\r\n  border-color: #0056b3;\r\n}\r\n<\/style>\r\n\r\n<script>\r\njQuery(document).ready(function($){\r\n  $('.custom-offer-btn').on('click', function(e){\r\n    e.preventDefault();\r\n\r\n    \/\/ Mevcut popup a\u00e7ma fonksiyonunu \u00e7a\u011f\u0131r\r\n    \/\/ E\u011fer bu linkin click fonksiyonu varsa do\u011frudan \u00e7a\u011f\u0131r\r\n    var popupLink = $('.uicore-extra[data-uils=\"header_extra\"] a');\r\n    if (popupLink.length) {\r\n      if (typeof popupLink[0].click === 'function') {\r\n        popupLink[0].click(); \/\/ Do\u011frudan native click\r\n      } else {\r\n        console.log('Popup trigger fonksiyonu bulunamad\u0131');\r\n      }\r\n    }\r\n  });\r\n});\r\n<\/script>\r\n\t\t\t\t<\/div>\n\t\t\t\t<\/div>\n\t\t\t\t\t<\/div>\n\t\t<\/div>\n\t\t\t\t\t<\/div>\n\t\t<\/section>\n\t\t\t\t<section class=\"elementor-section elementor-top-section elementor-element elementor-element-3f010363 elementor-section-boxed elementor-section-height-default elementor-section-height-default\" data-id=\"3f010363\" data-element_type=\"section\" data-e-type=\"section\" data-settings=\"{&quot;_ha_eqh_enable&quot;:false}\">\n\t\t\t\t\t\t<div class=\"elementor-container elementor-column-gap-default\">\n\t\t\t\t\t<div class=\"elementor-column elementor-col-100 elementor-top-column elementor-element elementor-element-236e7947\" data-id=\"236e7947\" data-element_type=\"column\" data-e-type=\"column\">\n\t\t\t<div class=\"elementor-widget-wrap elementor-element-populated\">\n\t\t\t\t\t\t<div class=\"elementor-element elementor-element-66d6dccf elementor-tabs-alignment-stretch elementor-tabs-view-horizontal elementor-widget elementor-widget-tabs\" data-id=\"66d6dccf\" data-element_type=\"widget\" data-e-type=\"widget\" data-widget_type=\"tabs.default\">\n\t\t\t\t<div class=\"elementor-widget-container\">\n\t\t\t\t\t\t\t<div class=\"elementor-tabs\">\n\t\t\t<div class=\"elementor-tabs-wrapper\" role=\"tablist\" >\n\t\t\t\t\t\t\t\t\t<div id=\"elementor-tab-title-1721\" class=\"elementor-tab-title elementor-tab-desktop-title\" aria-selected=\"true\" data-tab=\"1\" role=\"tab\" tabindex=\"0\" aria-controls=\"elementor-tab-content-1721\" aria-expanded=\"false\">Genel \u00d6zellikler<\/div>\n\t\t\t\t\t\t\t\t\t<div id=\"elementor-tab-title-1722\" class=\"elementor-tab-title elementor-tab-desktop-title\" aria-selected=\"false\" data-tab=\"2\" role=\"tab\" tabindex=\"-1\" aria-controls=\"elementor-tab-content-1722\" aria-expanded=\"false\">Teknik \u00d6zellikler<\/div>\n\t\t\t\t\t\t\t<\/div>\n\t\t\t<div class=\"elementor-tabs-content-wrapper\" role=\"tablist\" aria-orientation=\"vertical\">\n\t\t\t\t\t\t\t\t\t<div class=\"elementor-tab-title elementor-tab-mobile-title\" aria-selected=\"true\" data-tab=\"1\" role=\"tab\" tabindex=\"0\" aria-controls=\"elementor-tab-content-1721\" aria-expanded=\"false\">Genel \u00d6zellikler<\/div>\n\t\t\t\t\t<div id=\"elementor-tab-content-1721\" class=\"elementor-tab-content elementor-clearfix\" data-tab=\"1\" role=\"tabpanel\" aria-labelledby=\"elementor-tab-title-1721\" tabindex=\"0\" hidden=\"false\"><p>So\u011fuk oda panelleri 2,62 lb\/ft\u00b3 (\u00b1 0,12) poliizosiyanurat (PIR) malzemeden \u00fcretilmektedir. Ayr\u0131ca TS EN 13501-1 kapsam\u0131nda B2 yanmazl\u0131k standard\u0131n\u0131 da kar\u015f\u0131lamaktad\u0131r. Paneller yapboz \u015feklinde birbirine ba\u011flan\u0131r ve daha sonra s\u00f6k\u00fclebilir. Duvar ve tavan panelleri farkl\u0131 kal\u0131nl\u0131klarda (3,15 in\u00e7, 3,94 in\u00e7, 4,72 in\u00e7, 5,91 in\u00e7, 7,09 in\u00e7, 7,87 in\u00e7) \u00fcretilir ve talimatlar\u0131n\u0131za g\u00f6re istenilen uzunlukta \u00fcretilebilir. Duvar panellerinin i\u00e7 ve d\u0131\u015f y\u00fczeyleri 0,50 mm kal\u0131nl\u0131\u011f\u0131nda galvaniz sac ile kaplanmakta ve RAL 9002 otantik polyester rengi ile renklendirilmektedir. Kullan\u0131m amac\u0131na ba\u011fl\u0131 olarak duvar ve tavan panel saclar\u0131 Cr-Ni, PVC, Galvaniz ve Polyester malzemeler ile \u00fcretilebilmektedir.     <\/p>\n<p>So\u011fuk oda panelleri p\u00fcr\u00fczs\u00fcz, hijyenik ve temizlenmesi kolayd\u0131r. Hijyenik \u00f6zelliklerinden dolay\u0131 hastanelerde yayg\u0131n olarak kullan\u0131l\u0131rlar. Ayr\u0131ca marketlerde ve eczanelerde de yayg\u0131n olarak kullan\u0131l\u0131rlar.   So\u011fuk oda panelleri, ki\u015fiye \u00f6zel tasar\u0131m\u0131 ve aksesuarlar\u0131 ile \u0131s\u0131 kayb\u0131n\u0131 \u00f6nler.<\/p>\n<\/div>\n\t\t\t\t\t\t\t\t\t<div class=\"elementor-tab-title elementor-tab-mobile-title\" aria-selected=\"false\" data-tab=\"2\" role=\"tab\" tabindex=\"-1\" aria-controls=\"elementor-tab-content-1722\" aria-expanded=\"false\">Teknik \u00d6zellikler<\/div>\n\t\t\t\t\t<div id=\"elementor-tab-content-1722\" class=\"elementor-tab-content elementor-clearfix\" data-tab=\"2\" role=\"tabpanel\" aria-labelledby=\"elementor-tab-title-1722\" tabindex=\"0\" hidden=\"hidden\"><table>\n<tbody>\n<tr>\n<td>\n<p><strong>Kal\u0131nl\u0131k (in\u00e7)<\/strong><\/p>\n<\/td>\n<td>\n<p><b>U DE\u011eER<\/b><\/p>\n<\/td>\n<td>\n<p><strong>R DE\u011eER\u0130<\/strong><\/p>\n<\/td>\n<td> <\/td>\n<\/tr>\n<tr>\n<td>\n<p><strong>\u00c7ekirdek Kal\u0131nl\u0131\u011f\u0131 (t) <\/strong><br \/><strong>Geni\u015flik (w)<\/strong><\/p>\n<\/td>\n<td>\n<p><strong>(W\/M2K)<\/strong><\/p>\n<\/td>\n<td>\n<p><b>(h.ft2 &#8220;f\/Btu)<\/b><\/p>\n<\/td>\n<td> <\/td>\n<\/tr>\n<tr>\n<td>\n<p>t=2.36<\/p>\n<\/td>\n<td>\n<p>2,36<\/p>\n<\/td>\n<td>\n<p>0,36<\/p>\n<\/td>\n<td> <\/td>\n<\/tr>\n<tr>\n<td>\n<p>t=3.15<\/p>\n<\/td>\n<td>\n<p>3,68<\/p>\n<\/td>\n<td>\n<p>0,27<\/p>\n<\/td>\n<td> <\/td>\n<\/tr>\n<tr>\n<td>\n<p>t=3.94<\/p>\n<\/td>\n<td>\n<p>4,61<\/p>\n<\/td>\n<td>\n<p>0,22<\/p>\n<\/td>\n<td> <\/td>\n<\/tr>\n<tr>\n<td>\n<p>t=4.72<\/p>\n<\/td>\n<td>\n<p>5,52<\/p>\n<\/td>\n<td>\n<p>0,18<\/p>\n<\/td>\n<td> <\/td>\n<\/tr>\n<tr>\n<td>\n<p>t=5.91<\/p>\n<\/td>\n<td>\n<p>6,88<\/p>\n<\/td>\n<td>\n<p>0,15<\/p>\n<\/td>\n<td> <\/td>\n<\/tr>\n<tr>\n<td>\n<p>t=7.87<\/p>\n<\/td>\n<td>\n<p>9,16<\/p>\n<\/td>\n<td>\n<p>0,11<\/p>\n<\/td>\n<td> <\/td>\n<\/tr>\n<tr>\n<td> <\/td>\n<td> <\/td>\n<td> <\/td>\n<td> <\/td>\n<\/tr>\n<\/tbody>\n<\/table>\n<\/div>\n\t\t\t\t\t\t\t<\/div>\n\t\t<\/div>\n\t\t\t\t\t\t<\/div>\n\t\t\t\t<\/div>\n\t\t\t\t\t<\/div>\n\t\t<\/div>\n\t\t\t\t\t<\/div>\n\t\t<\/section>\n\t\t\t\t<\/div>\n\t\t","protected":false},"excerpt":{"rendered":"<p>So\u011fuk Oda Paneli (PIR) So\u011fuk Oda Panellerimiz, s\u0131cakl\u0131\u011fa duyarl\u0131 operasyonlar\u0131n\u0131z i\u00e7in size en \u00fcst d\u00fczeyde verimlilik, dayan\u0131kl\u0131l\u0131k ve sa\u011flam yal\u0131t\u0131m \u00f6zellikleri sa\u011flamak [&hellip;]<\/p>\n","protected":false},"author":1,"featured_media":0,"parent":0,"menu_order":0,"comment_status":"closed","ping_status":"closed","template":"","meta":{"footnotes":""},"class_list":["post-5059","page","type-page","status-publish","hentry"],"_links":{"self":[{"href":"https:\/\/tekoprefrigeration.com\/tr\/wp-json\/wp\/v2\/pages\/5059","targetHints":{"allow":["GET"]}}],"collection":[{"href":"https:\/\/tekoprefrigeration.com\/tr\/wp-json\/wp\/v2\/pages"}],"about":[{"href":"https:\/\/tekoprefrigeration.com\/tr\/wp-json\/wp\/v2\/types\/page"}],"author":[{"embeddable":true,"href":"https:\/\/tekoprefrigeration.com\/tr\/wp-json\/wp\/v2\/users\/1"}],"replies":[{"embeddable":true,"href":"https:\/\/tekoprefrigeration.com\/tr\/wp-json\/wp\/v2\/comments?post=5059"}],"version-history":[{"count":17,"href":"https:\/\/tekoprefrigeration.com\/tr\/wp-json\/wp\/v2\/pages\/5059\/revisions"}],"predecessor-version":[{"id":12393,"href":"https:\/\/tekoprefrigeration.com\/tr\/wp-json\/wp\/v2\/pages\/5059\/revisions\/12393"}],"wp:attachment":[{"href":"https:\/\/tekoprefrigeration.com\/tr\/wp-json\/wp\/v2\/media?parent=5059"}],"curies":[{"name":"wp","href":"https:\/\/api.w.org\/{rel}","templated":true}]}}