{"id":4760,"date":"2023-05-22T11:21:56","date_gmt":"2023-05-22T11:21:56","guid":{"rendered":"https:\/\/tekoprefrigeration.com\/kataloglarimiz\/"},"modified":"2025-12-23T07:31:00","modified_gmt":"2025-12-23T07:31:00","slug":"kataloglarimiz","status":"publish","type":"page","link":"https:\/\/tekoprefrigeration.com\/tr\/kataloglarimiz\/","title":{"rendered":"Kataloglar\u0131m\u0131z"},"content":{"rendered":"\t\t<div data-elementor-type=\"wp-page\" data-elementor-id=\"4760\" class=\"elementor elementor-4760 elementor-1527\" data-elementor-settings=\"{&quot;ha_cmc_init_switcher&quot;:&quot;no&quot;}\">\n\t\t\t\t\t\t<section class=\"elementor-section elementor-top-section elementor-element elementor-element-a6fe8e9 elementor-section-boxed elementor-section-height-default elementor-section-height-default\" data-id=\"a6fe8e9\" data-element_type=\"section\" data-e-type=\"section\" data-settings=\"{&quot;_ha_eqh_enable&quot;:false}\">\n\t\t\t\t\t\t<div class=\"elementor-container elementor-column-gap-default\">\n\t\t\t\t\t<div class=\"elementor-column elementor-col-25 elementor-top-column elementor-element elementor-element-63487c3\" data-id=\"63487c3\" data-element_type=\"column\" data-e-type=\"column\">\n\t\t\t<div class=\"elementor-widget-wrap elementor-element-populated\">\n\t\t\t\t\t\t<div class=\"elementor-element elementor-element-6139526 elementor-position-top elementor-widget elementor-widget-image-box\" data-id=\"6139526\" data-element_type=\"widget\" data-e-type=\"widget\" data-widget_type=\"image-box.default\">\n\t\t\t\t<div class=\"elementor-widget-container\">\n\t\t\t\t\t<div class=\"elementor-image-box-wrapper\"><figure class=\"elementor-image-box-img\"><a href=\"https:\/\/tekoprefrigeration.com\/tr\/kataloglarimiz\/tekop-soguk-oda-katalogu\/\" tabindex=\"-1\"><img fetchpriority=\"high\" decoding=\"async\" width=\"1804\" height=\"2560\" src=\"https:\/\/tekoprefrigeration.com\/wp-content\/uploads\/2025\/07\/Basliksiz-1.pdf-scaled.jpg\" class=\"attachment-full size-full wp-image-11708\" alt=\"Tekop Refrigeration Cold Room Equiment Catalog\" srcset=\"https:\/\/tekoprefrigeration.com\/wp-content\/uploads\/2025\/07\/Basliksiz-1.pdf-scaled.jpg 1804w, https:\/\/tekoprefrigeration.com\/wp-content\/uploads\/2025\/07\/Basliksiz-1.pdf-211x300.jpg 211w, https:\/\/tekoprefrigeration.com\/wp-content\/uploads\/2025\/07\/Basliksiz-1.pdf-722x1024.jpg 722w, https:\/\/tekoprefrigeration.com\/wp-content\/uploads\/2025\/07\/Basliksiz-1.pdf-768x1090.jpg 768w, https:\/\/tekoprefrigeration.com\/wp-content\/uploads\/2025\/07\/Basliksiz-1.pdf-1083x1536.jpg 1083w, https:\/\/tekoprefrigeration.com\/wp-content\/uploads\/2025\/07\/Basliksiz-1.pdf-1443x2048.jpg 1443w, https:\/\/tekoprefrigeration.com\/wp-content\/uploads\/2025\/07\/Basliksiz-1.pdf-458x650.jpg 458w\" sizes=\"(max-width: 1804px) 100vw, 1804px\" \/><\/a><\/figure><div class=\"elementor-image-box-content\"><h3 class=\"elementor-image-box-title\"><a href=\"https:\/\/tekoprefrigeration.com\/tr\/kataloglarimiz\/tekop-soguk-oda-katalogu\/\">Tekop So\u011futma So\u011fuk Oda Ekipmanlar\u0131 Katalo\u011fu<\/a><\/h3><p class=\"elementor-image-box-description\">End\u00fcstriyel So\u011fuk Oda Ekipmanlar\u0131<\/p><\/div><\/div>\t\t\t\t<\/div>\n\t\t\t\t<\/div>\n\t\t\t\t\t<\/div>\n\t\t<\/div>\n\t\t\t\t<div class=\"elementor-column elementor-col-25 elementor-top-column elementor-element elementor-element-cebb2f2\" data-id=\"cebb2f2\" data-element_type=\"column\" data-e-type=\"column\">\n\t\t\t<div class=\"elementor-widget-wrap elementor-element-populated\">\n\t\t\t\t\t\t<div class=\"elementor-element elementor-element-632bc16 elementor-position-top elementor-widget elementor-widget-image-box\" data-id=\"632bc16\" data-element_type=\"widget\" data-e-type=\"widget\" data-widget_type=\"image-box.default\">\n\t\t\t\t<div class=\"elementor-widget-container\">\n\t\t\t\t\t<div class=\"elementor-image-box-wrapper\"><figure class=\"elementor-image-box-img\"><a href=\"https:\/\/tekoprefrigeration.com\/tr\/kataloglarimiz\/orca-sogutma-uniteleri-katalogu\/\" tabindex=\"-1\"><img decoding=\"async\" width=\"1654\" height=\"2339\" src=\"https:\/\/tekoprefrigeration.com\/wp-content\/uploads\/2025\/12\/Basliksiz-1.pdf.jpg\" class=\"attachment-full size-full wp-image-12214\" alt=\"\" srcset=\"https:\/\/tekoprefrigeration.com\/wp-content\/uploads\/2025\/12\/Basliksiz-1.pdf.jpg 1654w, https:\/\/tekoprefrigeration.com\/wp-content\/uploads\/2025\/12\/Basliksiz-1.pdf-212x300.jpg 212w, https:\/\/tekoprefrigeration.com\/wp-content\/uploads\/2025\/12\/Basliksiz-1.pdf-724x1024.jpg 724w, https:\/\/tekoprefrigeration.com\/wp-content\/uploads\/2025\/12\/Basliksiz-1.pdf-768x1086.jpg 768w, https:\/\/tekoprefrigeration.com\/wp-content\/uploads\/2025\/12\/Basliksiz-1.pdf-1086x1536.jpg 1086w, https:\/\/tekoprefrigeration.com\/wp-content\/uploads\/2025\/12\/Basliksiz-1.pdf-1448x2048.jpg 1448w, https:\/\/tekoprefrigeration.com\/wp-content\/uploads\/2025\/12\/Basliksiz-1.pdf-460x650.jpg 460w, https:\/\/tekoprefrigeration.com\/wp-content\/uploads\/2025\/12\/Basliksiz-1.pdf-600x848.jpg 600w\" sizes=\"(max-width: 1654px) 100vw, 1654px\" \/><\/a><\/figure><div class=\"elementor-image-box-content\"><h3 class=\"elementor-image-box-title\"><a href=\"https:\/\/tekoprefrigeration.com\/tr\/kataloglarimiz\/orca-sogutma-uniteleri-katalogu\/\">ORCA So\u011futma \u00dcniteleri Katalo\u011fu<\/a><\/h3><p class=\"elementor-image-box-description\">Evaporat\u00f6rler<\/p><\/div><\/div>\t\t\t\t<\/div>\n\t\t\t\t<\/div>\n\t\t\t\t\t<\/div>\n\t\t<\/div>\n\t\t\t\t<div class=\"elementor-column elementor-col-25 elementor-top-column elementor-element elementor-element-433dbf1\" data-id=\"433dbf1\" data-element_type=\"column\" data-e-type=\"column\">\n\t\t\t<div class=\"elementor-widget-wrap elementor-element-populated\">\n\t\t\t\t\t\t<div class=\"elementor-element elementor-element-25ea3e2 elementor-position-top elementor-widget elementor-widget-image-box\" data-id=\"25ea3e2\" data-element_type=\"widget\" data-e-type=\"widget\" data-widget_type=\"image-box.default\">\n\t\t\t\t<div class=\"elementor-widget-container\">\n\t\t\t\t\t<div class=\"elementor-image-box-wrapper\"><figure class=\"elementor-image-box-img\"><a href=\"https:\/\/tekoprefrigeration.com\/tr\/kataloglarimiz\/orca-sogutma-uniteleri-endustriyel-sogutma-sistemleri-katalogu\/\" tabindex=\"-1\"><img decoding=\"async\" width=\"1654\" height=\"2339\" src=\"https:\/\/tekoprefrigeration.com\/wp-content\/uploads\/2025\/07\/Basliksiz-1.pdf-1.jpg\" class=\"attachment-full size-full wp-image-11709\" alt=\"Orca Refrigeration Unit Industrial Refrigeration Systems Catalog\" srcset=\"https:\/\/tekoprefrigeration.com\/wp-content\/uploads\/2025\/07\/Basliksiz-1.pdf-1.jpg 1654w, https:\/\/tekoprefrigeration.com\/wp-content\/uploads\/2025\/07\/Basliksiz-1.pdf-1-212x300.jpg 212w, https:\/\/tekoprefrigeration.com\/wp-content\/uploads\/2025\/07\/Basliksiz-1.pdf-1-724x1024.jpg 724w, https:\/\/tekoprefrigeration.com\/wp-content\/uploads\/2025\/07\/Basliksiz-1.pdf-1-768x1086.jpg 768w, https:\/\/tekoprefrigeration.com\/wp-content\/uploads\/2025\/07\/Basliksiz-1.pdf-1-1086x1536.jpg 1086w, https:\/\/tekoprefrigeration.com\/wp-content\/uploads\/2025\/07\/Basliksiz-1.pdf-1-1448x2048.jpg 1448w, https:\/\/tekoprefrigeration.com\/wp-content\/uploads\/2025\/07\/Basliksiz-1.pdf-1-460x650.jpg 460w\" sizes=\"(max-width: 1654px) 100vw, 1654px\" \/><\/a><\/figure><div class=\"elementor-image-box-content\"><h3 class=\"elementor-image-box-title\"><a href=\"https:\/\/tekoprefrigeration.com\/tr\/kataloglarimiz\/orca-sogutma-uniteleri-endustriyel-sogutma-sistemleri-katalogu\/\">ORCA So\u011futma \u00dcniteleri Katalo\u011fu<\/a><\/h3><p class=\"elementor-image-box-description\">End\u00fcstriyel So\u011futma Sistemleri<\/p><\/div><\/div>\t\t\t\t<\/div>\n\t\t\t\t<\/div>\n\t\t\t\t\t<\/div>\n\t\t<\/div>\n\t\t\t\t<div class=\"elementor-column elementor-col-25 elementor-top-column elementor-element elementor-element-af79594\" data-id=\"af79594\" data-element_type=\"column\" data-e-type=\"column\">\n\t\t\t<div class=\"elementor-widget-wrap elementor-element-populated\">\n\t\t\t\t\t\t<div class=\"elementor-element elementor-element-d208aa6 elementor-position-top elementor-widget elementor-widget-image-box\" data-id=\"d208aa6\" data-element_type=\"widget\" data-e-type=\"widget\" data-widget_type=\"image-box.default\">\n\t\t\t\t<div class=\"elementor-widget-container\">\n\t\t\t\t\t<div class=\"elementor-image-box-wrapper\"><figure class=\"elementor-image-box-img\"><a href=\"http:\/\/tekoprefrigeration.com\/our-catalogs\/tekop-supermarket-equipment-catalog\" tabindex=\"-1\"><img loading=\"lazy\" decoding=\"async\" width=\"2480\" height=\"3508\" src=\"https:\/\/tekoprefrigeration.com\/wp-content\/uploads\/2023\/10\/tekop-supermarket-catalog-cover.png\" class=\"attachment-full size-full wp-image-4478\" alt=\"tekop-supermarket-catalog\" srcset=\"https:\/\/tekoprefrigeration.com\/wp-content\/uploads\/2023\/10\/tekop-supermarket-catalog-cover.png 2480w, https:\/\/tekoprefrigeration.com\/wp-content\/uploads\/2023\/10\/tekop-supermarket-catalog-cover-212x300.png 212w, https:\/\/tekoprefrigeration.com\/wp-content\/uploads\/2023\/10\/tekop-supermarket-catalog-cover-724x1024.png 724w, https:\/\/tekoprefrigeration.com\/wp-content\/uploads\/2023\/10\/tekop-supermarket-catalog-cover-768x1086.png 768w, https:\/\/tekoprefrigeration.com\/wp-content\/uploads\/2023\/10\/tekop-supermarket-catalog-cover-1086x1536.png 1086w, https:\/\/tekoprefrigeration.com\/wp-content\/uploads\/2023\/10\/tekop-supermarket-catalog-cover-1448x2048.png 1448w, https:\/\/tekoprefrigeration.com\/wp-content\/uploads\/2023\/10\/tekop-supermarket-catalog-cover-460x650.png 460w\" sizes=\"(max-width: 2480px) 100vw, 2480px\" \/><\/a><\/figure><div class=\"elementor-image-box-content\"><h3 class=\"elementor-image-box-title\"><a href=\"http:\/\/tekoprefrigeration.com\/our-catalogs\/tekop-supermarket-equipment-catalog\">Tekop S\u00fcpermarket Ekipmanlar\u0131<\/a><\/h3><p class=\"elementor-image-box-description\">S\u00fcpermarket Ekipmanlar\u0131 ve Dolaplar\u0131<\/p><\/div><\/div>\t\t\t\t<\/div>\n\t\t\t\t<\/div>\n\t\t\t\t\t<\/div>\n\t\t<\/div>\n\t\t\t\t\t<\/div>\n\t\t<\/section>\n\t\t\t\t<\/div>\n\t\t","protected":false},"excerpt":{"rendered":"<p>Tekop So\u011futma So\u011fuk Oda Ekipmanlar\u0131 Katalo\u011fu End\u00fcstriyel So\u011fuk Oda Ekipmanlar\u0131 ORCA So\u011futma \u00dcniteleri Katalo\u011fu Evaporat\u00f6rler ORCA So\u011futma \u00dcniteleri Katalo\u011fu End\u00fcstriyel So\u011futma Sistemleri [&hellip;]<\/p>\n","protected":false},"author":1,"featured_media":0,"parent":0,"menu_order":0,"comment_status":"closed","ping_status":"closed","template":"","meta":{"footnotes":""},"class_list":["post-4760","page","type-page","status-publish","hentry"],"_links":{"self":[{"href":"https:\/\/tekoprefrigeration.com\/tr\/wp-json\/wp\/v2\/pages\/4760","targetHints":{"allow":["GET"]}}],"collection":[{"href":"https:\/\/tekoprefrigeration.com\/tr\/wp-json\/wp\/v2\/pages"}],"about":[{"href":"https:\/\/tekoprefrigeration.com\/tr\/wp-json\/wp\/v2\/types\/page"}],"author":[{"embeddable":true,"href":"https:\/\/tekoprefrigeration.com\/tr\/wp-json\/wp\/v2\/users\/1"}],"replies":[{"embeddable":true,"href":"https:\/\/tekoprefrigeration.com\/tr\/wp-json\/wp\/v2\/comments?post=4760"}],"version-history":[{"count":8,"href":"https:\/\/tekoprefrigeration.com\/tr\/wp-json\/wp\/v2\/pages\/4760\/revisions"}],"predecessor-version":[{"id":12248,"href":"https:\/\/tekoprefrigeration.com\/tr\/wp-json\/wp\/v2\/pages\/4760\/revisions\/12248"}],"wp:attachment":[{"href":"https:\/\/tekoprefrigeration.com\/tr\/wp-json\/wp\/v2\/media?parent=4760"}],"curies":[{"name":"wp","href":"https:\/\/api.w.org\/{rel}","templated":true}]}}