{"id":4738,"date":"2023-05-15T10:53:35","date_gmt":"2023-05-15T10:53:35","guid":{"rendered":"https:\/\/tekoprefrigeration.com\/urunler\/"},"modified":"2025-12-16T07:29:49","modified_gmt":"2025-12-16T07:29:49","slug":"urunler","status":"publish","type":"page","link":"https:\/\/tekoprefrigeration.com\/tr\/urunler\/","title":{"rendered":"Walk-in So\u011futucu \/ Dondurucu Odas\u0131 \u00dcr\u00fcnleri"},"content":{"rendered":"\t\t<div data-elementor-type=\"wp-page\" data-elementor-id=\"4738\" class=\"elementor elementor-4738 elementor-1439\" data-elementor-settings=\"{&quot;ha_cmc_init_switcher&quot;:&quot;no&quot;}\">\n\t\t\t\t<div class=\"elementor-element elementor-element-720e17f e-flex e-con-boxed e-con e-parent\" data-id=\"720e17f\" data-element_type=\"container\" data-e-type=\"container\" data-settings=\"{&quot;background_background&quot;:&quot;classic&quot;,&quot;_ha_eqh_enable&quot;:false}\">\n\t\t\t\t\t<div class=\"e-con-inner\">\n\t\t<div class=\"elementor-element elementor-element-d98b441 e-con-full e-flex e-con e-child\" data-id=\"d98b441\" data-element_type=\"container\" data-e-type=\"container\" data-settings=\"{&quot;background_background&quot;:&quot;classic&quot;,&quot;_ha_eqh_enable&quot;:false}\">\n\t\t\t\t<div class=\"elementor-element elementor-element-024d93e elementor-widget__width-initial elementor-widget-tablet__width-inherit elementor-widget elementor-widget-elementskit-heading\" data-id=\"024d93e\" data-element_type=\"widget\" data-e-type=\"widget\" data-widget_type=\"elementskit-heading.default\">\n\t\t\t\t<div class=\"elementor-widget-container\">\n\t\t\t\t\t<div class=\"ekit-wid-con\" ><div class=\"ekit-heading elementskit-section-title-wraper text_left   ekit_heading_tablet-   ekit_heading_mobile-\"><h4 class=\"elementskit-section-subtitle  \">\n\t\t\t\t\t\tTEKOP REFRIGERATION\n\t\t\t\t\t<\/h4><h1 class=\"ekit-heading--title elementskit-section-title \">\u00dcr\u00fcnlerimiz<\/h1>\t\t\t\t<div class='ekit-heading__description'>\n\t\t\t\t\t<p>Tekop Refrigeration, g\u00fcvenilir so\u011fuk hava depolama \u00e7\u00f6z\u00fcmleri i\u00e7in ihtiyac\u0131n\u0131z olan her \u015feyi sunar. Y\u00fcksek performansl\u0131 so\u011futma \u00fcnitelerinden yal\u0131t\u0131ml\u0131 kap\u0131lara, dayan\u0131kl\u0131 panellere, aksesuarlara ve yedek par\u00e7alara kadar her bile\u015fen uzun \u00f6m\u00fcrl\u00fc performans i\u00e7in tasarlanm\u0131\u015ft\u0131r. \u00dcr\u00fcnlerimiz g\u00fcvenilirlik, hijyen ve enerji verimlili\u011fine odaklanarak \u00fcretilir ve g\u0131da, lojistik ve ila\u00e7 gibi \u00e7ok \u00e7e\u015fitli sekt\u00f6rlere hizmet eder.<\/p>\n\t\t\t\t<\/div>\n\t\t\t<\/div><\/div>\t\t\t\t<\/div>\n\t\t\t\t<\/div>\n\t\t<div class=\"elementor-element elementor-element-3a7195c e-con-full e-grid e-con e-child\" data-id=\"3a7195c\" data-element_type=\"container\" data-e-type=\"container\" data-settings=\"{&quot;_ha_eqh_enable&quot;:false}\">\n\t\t\t\t<div class=\"elementor-element elementor-element-caeca3e ekit-equal-height-disable elementor-widget elementor-widget-elementskit-image-box\" data-id=\"caeca3e\" data-element_type=\"widget\" data-e-type=\"widget\" data-widget_type=\"elementskit-image-box.default\">\n\t\t\t\t<div class=\"elementor-widget-container\">\n\t\t\t\t\t<div class=\"ekit-wid-con\" >\n            <div class=\"elementskit-info-image-box ekit-image-box text-left simple-card\" >\n\n                <a href=\"https:\/\/tekoprefrigeration.com\/tr\/soguk-odalar\/\">\n                <div class=\"elementskit-box-header image-box-img-left\">\n\n                    <img fetchpriority=\"high\" decoding=\"async\" width=\"1080\" height=\"1080\" src=\"https:\/\/tekoprefrigeration.com\/wp-content\/uploads\/2023\/09\/tekop-cold-room.png\" class=\"attachment-full size-full wp-image-2995\" alt=\"tekop cold room\" srcset=\"https:\/\/tekoprefrigeration.com\/wp-content\/uploads\/2023\/09\/tekop-cold-room.png 1080w, https:\/\/tekoprefrigeration.com\/wp-content\/uploads\/2023\/09\/tekop-cold-room-300x300.png 300w, https:\/\/tekoprefrigeration.com\/wp-content\/uploads\/2023\/09\/tekop-cold-room-1024x1024.png 1024w, https:\/\/tekoprefrigeration.com\/wp-content\/uploads\/2023\/09\/tekop-cold-room-150x150.png 150w, https:\/\/tekoprefrigeration.com\/wp-content\/uploads\/2023\/09\/tekop-cold-room-768x768.png 768w, https:\/\/tekoprefrigeration.com\/wp-content\/uploads\/2023\/09\/tekop-cold-room-650x650.png 650w\" sizes=\"(max-width: 1080px) 100vw, 1080px\" \/>\n                <\/div>\n                <\/a>\n                <div class=\"elementskit-box-body ekit-image-box-body\">\n                    <div class=\"elementskit-box-content ekit-image-box-body-inner\">\n                                                <h2 class=\"elementskit-info-box-title\">\n\n                        So\u011fuk Odalar\n                        \n                    <\/h2>\n                                                            <div class=\"elementskit-box-style-content\">\n                        So\u011fuk odalar, g\u0131da ve di\u011fer \u00e7abuk bozulan \u00fcr\u00fcnleri korumak i\u00e7in hassas s\u0131cakl\u0131k kontrol\u00fc sa\u011flamak \u00fczere tasarlanm\u0131\u015ft\u0131r. Tekop Refrigeration, dayan\u0131kl\u0131l\u0131k, enerji verimlili\u011fi ve hijyeni bir araya getiren \u00f6zelle\u015ftirilmi\u015f so\u011fuk oda sistemleri sunmaktad\u0131r. S\u00fcpermarketler, restoranlar, g\u0131da i\u015fleme tesisleri ve ila\u00e7 depolama i\u00e7in idealdir.                    <\/div>\n                                    <\/div>\n\n                                <div class=\"elementskit-box-footer\">\n                    <div class=\"box-footer\">\n                        <div class=\"btn-wraper\">\n                                                            <a href=\"https:\/\/tekoprefrigeration.com\/tr\/soguk-odalar\/\" target=\"_blank\" class=\"elementskit-btn whitespace--normal\">\n                                    \n                                    \n                                    \u00dcr\u00fcnleri g\u00f6r\u00fcnt\u00fcle                                <\/a>\n                                                        <\/div>\n                    <\/div>\n                <\/div>\n                            <\/div>\n            <\/div>\n    <\/div>\t\t\t\t<\/div>\n\t\t\t\t<\/div>\n\t\t\t\t<div class=\"elementor-element elementor-element-bd8eda9 ekit-equal-height-disable elementor-widget elementor-widget-elementskit-image-box\" data-id=\"bd8eda9\" data-element_type=\"widget\" data-e-type=\"widget\" data-widget_type=\"elementskit-image-box.default\">\n\t\t\t\t<div class=\"elementor-widget-container\">\n\t\t\t\t\t<div class=\"ekit-wid-con\" >\n            <div class=\"elementskit-info-image-box ekit-image-box text-left simple-card\" >\n\n                <a href=\"https:\/\/tekoprefrigeration.com\/tr\/urunler\/soguk-oda-cihazlari\/\">\n                <div class=\"elementskit-box-header image-box-img-left\">\n\n                    <img decoding=\"async\" width=\"1080\" height=\"1080\" src=\"https:\/\/tekoprefrigeration.com\/wp-content\/uploads\/2025\/12\/Industrial-Refrigeration-Units.png\" class=\"attachment-full size-full wp-image-11987\" alt=\"Industrial Refrigeration Units\" srcset=\"https:\/\/tekoprefrigeration.com\/wp-content\/uploads\/2025\/12\/Industrial-Refrigeration-Units.png 1080w, https:\/\/tekoprefrigeration.com\/wp-content\/uploads\/2025\/12\/Industrial-Refrigeration-Units-300x300.png 300w, https:\/\/tekoprefrigeration.com\/wp-content\/uploads\/2025\/12\/Industrial-Refrigeration-Units-1024x1024.png 1024w, https:\/\/tekoprefrigeration.com\/wp-content\/uploads\/2025\/12\/Industrial-Refrigeration-Units-150x150.png 150w, https:\/\/tekoprefrigeration.com\/wp-content\/uploads\/2025\/12\/Industrial-Refrigeration-Units-768x768.png 768w, https:\/\/tekoprefrigeration.com\/wp-content\/uploads\/2025\/12\/Industrial-Refrigeration-Units-650x650.png 650w, https:\/\/tekoprefrigeration.com\/wp-content\/uploads\/2025\/12\/Industrial-Refrigeration-Units-600x600.png 600w, https:\/\/tekoprefrigeration.com\/wp-content\/uploads\/2025\/12\/Industrial-Refrigeration-Units-100x100.png 100w\" sizes=\"(max-width: 1080px) 100vw, 1080px\" \/>\n                <\/div>\n                <\/a>\n                <div class=\"elementskit-box-body ekit-image-box-body\">\n                    <div class=\"elementskit-box-content ekit-image-box-body-inner\">\n                                                <h2 class=\"elementskit-info-box-title\">\n\n                        So\u011fuk Oda Cihazlar\u0131\n                        \n                    <\/h2>\n                                                            <div class=\"elementskit-box-style-content\">\n                        Tekop Refrigeration, verimlilik, dayan\u0131kl\u0131l\u0131k ve hassas s\u0131cakl\u0131k kontrol\u00fc i\u00e7in tasarlanm\u0131\u015f eksiksiz bir so\u011fuk oda cihazlar\u0131 yelpazesi sunmaktad\u0131r. \u00dcr\u00fcn yelpazemiz, istikrarl\u0131 performans ve enerji tasarrufu sa\u011flayan so\u011futma \u00fcniteleri, kondansat\u00f6rler, evaporat\u00f6rler ve kontrol panellerini i\u00e7ermektedir. Her cihaz, g\u0131da, t\u0131bbi ve end\u00fcstriyel depolama uygulamalar\u0131 i\u00e7in ideal ko\u015fullar\u0131 korumak \u00fczere tasarlanm\u0131\u015ft\u0131r.                    <\/div>\n                                    <\/div>\n\n                                <div class=\"elementskit-box-footer\">\n                    <div class=\"box-footer\">\n                        <div class=\"btn-wraper\">\n                                                            <a href=\"https:\/\/tekoprefrigeration.com\/tr\/urunler\/soguk-oda-cihazlari\/\" target=\"_blank\" class=\"elementskit-btn whitespace--normal\">\n                                    \n                                    \n                                    \u00dcr\u00fcnleri g\u00f6r\u00fcnt\u00fcle                                <\/a>\n                                                        <\/div>\n                    <\/div>\n                <\/div>\n                            <\/div>\n            <\/div>\n    <\/div>\t\t\t\t<\/div>\n\t\t\t\t<\/div>\n\t\t\t\t<div class=\"elementor-element elementor-element-1af84cd ekit-equal-height-disable elementor-widget elementor-widget-elementskit-image-box\" data-id=\"1af84cd\" data-element_type=\"widget\" data-e-type=\"widget\" data-widget_type=\"elementskit-image-box.default\">\n\t\t\t\t<div class=\"elementor-widget-container\">\n\t\t\t\t\t<div class=\"ekit-wid-con\" >\n            <div class=\"elementskit-info-image-box ekit-image-box text-left simple-card\" >\n\n                <a href=\"https:\/\/tekoprefrigeration.com\/tr\/soguk-oda-kapilari\/\">\n                <div class=\"elementskit-box-header image-box-img-left\">\n\n                    <img decoding=\"async\" width=\"1200\" height=\"1200\" src=\"https:\/\/tekoprefrigeration.com\/wp-content\/uploads\/2023\/10\/cold-room-sliding-door-2.png\" class=\"attachment-full size-full wp-image-3750\" alt=\"Industrial cold room sliding door by Tekop Refrigeration with durable track system and airtight sealing.\" srcset=\"https:\/\/tekoprefrigeration.com\/wp-content\/uploads\/2023\/10\/cold-room-sliding-door-2.png 1200w, https:\/\/tekoprefrigeration.com\/wp-content\/uploads\/2023\/10\/cold-room-sliding-door-2-300x300.png 300w, https:\/\/tekoprefrigeration.com\/wp-content\/uploads\/2023\/10\/cold-room-sliding-door-2-1024x1024.png 1024w, https:\/\/tekoprefrigeration.com\/wp-content\/uploads\/2023\/10\/cold-room-sliding-door-2-150x150.png 150w, https:\/\/tekoprefrigeration.com\/wp-content\/uploads\/2023\/10\/cold-room-sliding-door-2-768x768.png 768w, https:\/\/tekoprefrigeration.com\/wp-content\/uploads\/2023\/10\/cold-room-sliding-door-2-650x650.png 650w\" sizes=\"(max-width: 1200px) 100vw, 1200px\" \/>\n                <\/div>\n                <\/a>\n                <div class=\"elementskit-box-body ekit-image-box-body\">\n                    <div class=\"elementskit-box-content ekit-image-box-body-inner\">\n                                                <h2 class=\"elementskit-info-box-title\">\n\n                        So\u011fuk Oda Kap\u0131lar\u0131\n                        \n                    <\/h2>\n                                                            <div class=\"elementskit-box-style-content\">\n                        So\u011fuk oda kap\u0131lar\u0131m\u0131z, her t\u00fcrl\u00fc so\u011fuk depolama ortam\u0131 i\u00e7in m\u00fckemmel yal\u0131t\u0131m ve hava ge\u00e7irmez s\u0131zd\u0131rmazl\u0131k sa\u011flar. Mente\u015feli veya s\u00fcrg\u00fcl\u00fc modellerde mevcut olan kap\u0131lar\u0131m\u0131z, end\u00fcstriyel kullan\u0131m i\u00e7in hijyen ve dayan\u0131kl\u0131l\u0131\u011f\u0131 korurken d\u00fc\u015f\u00fck s\u0131cakl\u0131klara dayanacak \u015fekilde tasarlanm\u0131\u015ft\u0131r.                    <\/div>\n                                    <\/div>\n\n                                <div class=\"elementskit-box-footer\">\n                    <div class=\"box-footer\">\n                        <div class=\"btn-wraper\">\n                                                            <a href=\"https:\/\/tekoprefrigeration.com\/tr\/soguk-oda-kapilari\/\" target=\"_blank\" class=\"elementskit-btn whitespace--normal\">\n                                    \n                                    \n                                    \u00dcr\u00fcnleri g\u00f6r\u00fcnt\u00fcle                                <\/a>\n                                                        <\/div>\n                    <\/div>\n                <\/div>\n                            <\/div>\n            <\/div>\n    <\/div>\t\t\t\t<\/div>\n\t\t\t\t<\/div>\n\t\t\t\t<div class=\"elementor-element elementor-element-705b29a ekit-equal-height-disable elementor-widget elementor-widget-elementskit-image-box\" data-id=\"705b29a\" data-element_type=\"widget\" data-e-type=\"widget\" data-widget_type=\"elementskit-image-box.default\">\n\t\t\t\t<div class=\"elementor-widget-container\">\n\t\t\t\t\t<div class=\"ekit-wid-con\" >\n            <div class=\"elementskit-info-image-box ekit-image-box text-left simple-card\" >\n\n                <a href=\"https:\/\/tekoprefrigeration.com\/tr\/soguk-oda-panelleri\/\">\n                <div class=\"elementskit-box-header image-box-img-left\">\n\n                    <img loading=\"lazy\" decoding=\"async\" width=\"2560\" height=\"2468\" src=\"https:\/\/tekoprefrigeration.com\/wp-content\/uploads\/2025\/09\/K6A6205-scaled.webp\" class=\"attachment-full size-full wp-image-10747\" alt=\"Cold Room Panels\" srcset=\"https:\/\/tekoprefrigeration.com\/wp-content\/uploads\/2025\/09\/K6A6205-scaled.webp 2560w, https:\/\/tekoprefrigeration.com\/wp-content\/uploads\/2025\/09\/K6A6205-300x289.webp 300w, https:\/\/tekoprefrigeration.com\/wp-content\/uploads\/2025\/09\/K6A6205-1024x987.webp 1024w, https:\/\/tekoprefrigeration.com\/wp-content\/uploads\/2025\/09\/K6A6205-768x740.webp 768w, https:\/\/tekoprefrigeration.com\/wp-content\/uploads\/2025\/09\/K6A6205-1536x1481.webp 1536w, https:\/\/tekoprefrigeration.com\/wp-content\/uploads\/2025\/09\/K6A6205-2048x1974.webp 2048w, https:\/\/tekoprefrigeration.com\/wp-content\/uploads\/2025\/09\/K6A6205-650x627.webp 650w, https:\/\/tekoprefrigeration.com\/wp-content\/uploads\/2025\/09\/K6A6205-600x578.webp 600w\" sizes=\"(max-width: 2560px) 100vw, 2560px\" \/>\n                <\/div>\n                <\/a>\n                <div class=\"elementskit-box-body ekit-image-box-body\">\n                    <div class=\"elementskit-box-content ekit-image-box-body-inner\">\n                                                <h2 class=\"elementskit-info-box-title\">\n\n                        So\u011fuk Oda Panelleri\n                        \n                    <\/h2>\n                                                            <div class=\"elementskit-box-style-content\">\n                        So\u011fuk oda panellerimiz \u00fcst\u00fcn yal\u0131t\u0131m ve yap\u0131sal b\u00fct\u00fcnl\u00fck sa\u011flar. Y\u00fcksek yo\u011funluklu poli\u00fcretan veya PIR \u00e7ekirdeklerle \u00fcretilen bu paneller, \u0131s\u0131 transferini ve nemi \u00f6nleyerek tutarl\u0131 s\u0131cakl\u0131k performans\u0131 sa\u011flar. Kurulumu kolayd\u0131r ve t\u00fcm so\u011fuk hava deposu uygulamalar\u0131 i\u00e7in idealdir.                    <\/div>\n                                    <\/div>\n\n                                <div class=\"elementskit-box-footer\">\n                    <div class=\"box-footer\">\n                        <div class=\"btn-wraper\">\n                                                            <a href=\"https:\/\/tekoprefrigeration.com\/tr\/soguk-oda-panelleri\/\" target=\"_blank\" class=\"elementskit-btn whitespace--normal\">\n                                    \n                                    \n                                    \u00dcr\u00fcnleri g\u00f6r\u00fcnt\u00fcle                                <\/a>\n                                                        <\/div>\n                    <\/div>\n                <\/div>\n                            <\/div>\n            <\/div>\n    <\/div>\t\t\t\t<\/div>\n\t\t\t\t<\/div>\n\t\t\t\t<div class=\"elementor-element elementor-element-c23e595 ekit-equal-height-disable elementor-widget elementor-widget-elementskit-image-box\" data-id=\"c23e595\" data-element_type=\"widget\" data-e-type=\"widget\" data-widget_type=\"elementskit-image-box.default\">\n\t\t\t\t<div class=\"elementor-widget-container\">\n\t\t\t\t\t<div class=\"ekit-wid-con\" >\n            <div class=\"elementskit-info-image-box ekit-image-box text-left simple-card\" >\n\n                <a href=\"https:\/\/tekoprefrigeration.com\/tr\/urunler\/soguk-oda-aksesuarlari\/\">\n                <div class=\"elementskit-box-header image-box-img-left\">\n\n                    <img loading=\"lazy\" decoding=\"async\" width=\"1200\" height=\"1200\" src=\"https:\/\/tekoprefrigeration.com\/wp-content\/uploads\/2025\/09\/cold-room-accessories-1-2.webp\" class=\"attachment-full size-full wp-image-10753\" alt=\"cold-room-accessories-1\" srcset=\"https:\/\/tekoprefrigeration.com\/wp-content\/uploads\/2025\/09\/cold-room-accessories-1-2.webp 1200w, https:\/\/tekoprefrigeration.com\/wp-content\/uploads\/2025\/09\/cold-room-accessories-1-2-300x300.webp 300w, https:\/\/tekoprefrigeration.com\/wp-content\/uploads\/2025\/09\/cold-room-accessories-1-2-1024x1024.webp 1024w, https:\/\/tekoprefrigeration.com\/wp-content\/uploads\/2025\/09\/cold-room-accessories-1-2-150x150.webp 150w, https:\/\/tekoprefrigeration.com\/wp-content\/uploads\/2025\/09\/cold-room-accessories-1-2-768x768.webp 768w, https:\/\/tekoprefrigeration.com\/wp-content\/uploads\/2025\/09\/cold-room-accessories-1-2-650x650.webp 650w, https:\/\/tekoprefrigeration.com\/wp-content\/uploads\/2025\/09\/cold-room-accessories-1-2-600x600.webp 600w, https:\/\/tekoprefrigeration.com\/wp-content\/uploads\/2025\/09\/cold-room-accessories-1-2-100x100.webp 100w\" sizes=\"(max-width: 1200px) 100vw, 1200px\" \/>\n                <\/div>\n                <\/a>\n                <div class=\"elementskit-box-body ekit-image-box-body\">\n                    <div class=\"elementskit-box-content ekit-image-box-body-inner\">\n                                                <h2 class=\"elementskit-info-box-title\">\n\n                        So\u011fuk Oda Aksesuarlar\u0131\n                        \n                    <\/h2>\n                                                            <div class=\"elementskit-box-style-content\">\n                        Raf sistemleri, k\u00f6\u015fe ba\u011flant\u0131 par\u00e7alar\u0131 ve s\u0131cakl\u0131k izleme ara\u00e7lar\u0131 dahil olmak \u00fczere aksesuar yelpazemizle so\u011fuk hava deponuzun verimlili\u011fini art\u0131r\u0131n. Her aksesuar, so\u011fuk hava depolar\u0131n\u0131zda i\u015flevselli\u011fi, d\u00fczeni ve hijyeni iyile\u015ftirmek i\u00e7in tasarlanm\u0131\u015ft\u0131r.                    <\/div>\n                                    <\/div>\n\n                                <div class=\"elementskit-box-footer\">\n                    <div class=\"box-footer\">\n                        <div class=\"btn-wraper\">\n                                                            <a href=\"https:\/\/tekoprefrigeration.com\/tr\/urunler\/soguk-oda-aksesuarlari\/\" target=\"_blank\" class=\"elementskit-btn whitespace--normal\">\n                                    \n                                    \n                                    \u00dcr\u00fcnleri g\u00f6r\u00fcnt\u00fcle                                <\/a>\n                                                        <\/div>\n                    <\/div>\n                <\/div>\n                            <\/div>\n            <\/div>\n    <\/div>\t\t\t\t<\/div>\n\t\t\t\t<\/div>\n\t\t\t\t<div class=\"elementor-element elementor-element-eb2038b ekit-equal-height-disable elementor-widget elementor-widget-elementskit-image-box\" data-id=\"eb2038b\" data-element_type=\"widget\" data-e-type=\"widget\" data-widget_type=\"elementskit-image-box.default\">\n\t\t\t\t<div class=\"elementor-widget-container\">\n\t\t\t\t\t<div class=\"ekit-wid-con\" >\n            <div class=\"elementskit-info-image-box ekit-image-box text-left simple-card\" >\n\n                <a href=\"https:\/\/tekoprefrigeration.com\/tr\/urunler\/soguk-oda-aksesuarlari\/soguk-oda-yedek-parcalari\/\">\n                <div class=\"elementskit-box-header image-box-img-left\">\n\n                    <img loading=\"lazy\" decoding=\"async\" width=\"710\" height=\"710\" src=\"https:\/\/tekoprefrigeration.com\/wp-content\/uploads\/2023\/08\/col-room-spare-parts-1.jpg\" class=\"attachment-full size-full wp-image-2359\" alt=\"\" srcset=\"https:\/\/tekoprefrigeration.com\/wp-content\/uploads\/2023\/08\/col-room-spare-parts-1.jpg 710w, https:\/\/tekoprefrigeration.com\/wp-content\/uploads\/2023\/08\/col-room-spare-parts-1-300x300.jpg 300w, https:\/\/tekoprefrigeration.com\/wp-content\/uploads\/2023\/08\/col-room-spare-parts-1-150x150.jpg 150w, https:\/\/tekoprefrigeration.com\/wp-content\/uploads\/2023\/08\/col-room-spare-parts-1-650x650.jpg 650w\" sizes=\"(max-width: 710px) 100vw, 710px\" \/>\n                <\/div>\n                <\/a>\n                <div class=\"elementskit-box-body ekit-image-box-body\">\n                    <div class=\"elementskit-box-content ekit-image-box-body-inner\">\n                                                <h2 class=\"elementskit-info-box-title\">\n\n                        So\u011fuk Oda Yedek Par\u00e7alar\u0131\n                        \n                    <\/h2>\n                                                            <div class=\"elementskit-box-style-content\">\n                        So\u011futma sistemlerinizin kesintisiz \u00e7al\u0131\u015fmas\u0131n\u0131 sa\u011flamak i\u00e7in geni\u015f bir yelpazede so\u011fuk oda yedek par\u00e7alar\u0131 tedarik ediyoruz. Kap\u0131 contalar\u0131 ve kulplar\u0131ndan elektronik kontrollere ve kompres\u00f6rlere kadar Tekop, uzun \u00f6m\u00fcrl\u00fc performans i\u00e7in g\u00fcvenilir yedek par\u00e7alar sunar.                    <\/div>\n                                    <\/div>\n\n                                <div class=\"elementskit-box-footer\">\n                    <div class=\"box-footer\">\n                        <div class=\"btn-wraper\">\n                                                            <a href=\"https:\/\/tekoprefrigeration.com\/tr\/urunler\/soguk-oda-aksesuarlari\/soguk-oda-yedek-parcalari\/\" target=\"_blank\" class=\"elementskit-btn whitespace--normal\">\n                                    \n                                    \n                                    \u00dcr\u00fcnleri g\u00f6r\u00fcnt\u00fcle                                <\/a>\n                                                        <\/div>\n                    <\/div>\n                <\/div>\n                            <\/div>\n            <\/div>\n    <\/div>\t\t\t\t<\/div>\n\t\t\t\t<\/div>\n\t\t\t\t<\/div>\n\t\t\t\t<\/div>\n\t\t<div class=\"elementor-element elementor-element-2cda06a e-con-full e-flex e-con e-child\" data-id=\"2cda06a\" data-element_type=\"container\" data-e-type=\"container\" data-settings=\"{&quot;background_background&quot;:&quot;classic&quot;,&quot;_ha_eqh_enable&quot;:false}\">\n\t\t\t\t<\/div>\n\t\t\t\t\t<\/div>\n\t\t\t\t<\/div>\n\t\t\t\t<\/div>\n\t\t","protected":false},"excerpt":{"rendered":"<p>TEKOP REFRIGERATION \u00dcr\u00fcnlerimiz Tekop Refrigeration, g\u00fcvenilir so\u011fuk hava depolama \u00e7\u00f6z\u00fcmleri i\u00e7in ihtiyac\u0131n\u0131z olan her \u015feyi sunar. Y\u00fcksek performansl\u0131 so\u011futma \u00fcnitelerinden yal\u0131t\u0131ml\u0131 kap\u0131lara, [&hellip;]<\/p>\n","protected":false},"author":1,"featured_media":0,"parent":0,"menu_order":0,"comment_status":"closed","ping_status":"closed","template":"","meta":{"footnotes":""},"class_list":["post-4738","page","type-page","status-publish","hentry"],"_links":{"self":[{"href":"https:\/\/tekoprefrigeration.com\/tr\/wp-json\/wp\/v2\/pages\/4738","targetHints":{"allow":["GET"]}}],"collection":[{"href":"https:\/\/tekoprefrigeration.com\/tr\/wp-json\/wp\/v2\/pages"}],"about":[{"href":"https:\/\/tekoprefrigeration.com\/tr\/wp-json\/wp\/v2\/types\/page"}],"author":[{"embeddable":true,"href":"https:\/\/tekoprefrigeration.com\/tr\/wp-json\/wp\/v2\/users\/1"}],"replies":[{"embeddable":true,"href":"https:\/\/tekoprefrigeration.com\/tr\/wp-json\/wp\/v2\/comments?post=4738"}],"version-history":[{"count":9,"href":"https:\/\/tekoprefrigeration.com\/tr\/wp-json\/wp\/v2\/pages\/4738\/revisions"}],"predecessor-version":[{"id":12160,"href":"https:\/\/tekoprefrigeration.com\/tr\/wp-json\/wp\/v2\/pages\/4738\/revisions\/12160"}],"wp:attachment":[{"href":"https:\/\/tekoprefrigeration.com\/tr\/wp-json\/wp\/v2\/media?parent=4738"}],"curies":[{"name":"wp","href":"https:\/\/api.w.org\/{rel}","templated":true}]}}