{"id":4711,"date":"2023-03-27T07:21:32","date_gmt":"2023-03-27T07:21:32","guid":{"rendered":"https:\/\/tekoprefrigeration.com\/soguk-oda-monoray-surgulu-kapi\/"},"modified":"2025-10-30T13:28:27","modified_gmt":"2025-10-30T13:28:27","slug":"soguk-oda-monoray-surgulu-kapi","status":"publish","type":"page","link":"https:\/\/tekoprefrigeration.com\/tr\/soguk-oda-monoray-surgulu-kapi\/","title":{"rendered":"So\u011fuk Oda Monoray S\u00fcrg\u00fcl\u00fc Kap\u0131"},"content":{"rendered":"\t\t<div data-elementor-type=\"wp-page\" data-elementor-id=\"4711\" class=\"elementor elementor-4711 elementor-884\" data-elementor-settings=\"{&quot;ha_cmc_init_switcher&quot;:&quot;no&quot;}\">\n\t\t\t\t\t\t<section class=\"elementor-section elementor-top-section elementor-element elementor-element-2f587520 elementor-section-content-middle elementor-section-boxed elementor-section-height-default elementor-section-height-default\" data-id=\"2f587520\" data-element_type=\"section\" data-e-type=\"section\" data-settings=\"{&quot;_ha_eqh_enable&quot;:false}\">\n\t\t\t\t\t\t<div class=\"elementor-container elementor-column-gap-default\">\n\t\t\t\t\t<div class=\"elementor-column elementor-col-50 elementor-top-column elementor-element elementor-element-1157f5ca\" data-id=\"1157f5ca\" data-element_type=\"column\" data-e-type=\"column\">\n\t\t\t<div class=\"elementor-widget-wrap elementor-element-populated\">\n\t\t\t\t\t\t<div class=\"elementor-element elementor-element-20d6b2fe elementor-widget elementor-widget-image\" data-id=\"20d6b2fe\" data-element_type=\"widget\" data-e-type=\"widget\" data-widget_type=\"image.default\">\n\t\t\t\t<div class=\"elementor-widget-container\">\n\t\t\t\t\t\t\t\t\t\t\t\t\t\t\t<img fetchpriority=\"high\" decoding=\"async\" width=\"570\" height=\"570\" src=\"https:\/\/tekoprefrigeration.com\/wp-content\/uploads\/2023\/04\/cold-room-monorail-sliding-door.jpg\" class=\"attachment-medium_large size-medium_large wp-image-4228\" alt=\"\" srcset=\"https:\/\/tekoprefrigeration.com\/wp-content\/uploads\/2023\/04\/cold-room-monorail-sliding-door.jpg 570w, https:\/\/tekoprefrigeration.com\/wp-content\/uploads\/2023\/04\/cold-room-monorail-sliding-door-300x300.jpg 300w, https:\/\/tekoprefrigeration.com\/wp-content\/uploads\/2023\/04\/cold-room-monorail-sliding-door-150x150.jpg 150w\" sizes=\"(max-width: 570px) 100vw, 570px\" \/>\t\t\t\t\t\t\t\t\t\t\t\t\t\t\t<\/div>\n\t\t\t\t<\/div>\n\t\t\t\t\t<\/div>\n\t\t<\/div>\n\t\t\t\t<div class=\"elementor-column elementor-col-50 elementor-top-column elementor-element elementor-element-a27aa6f\" data-id=\"a27aa6f\" data-element_type=\"column\" data-e-type=\"column\">\n\t\t\t<div class=\"elementor-widget-wrap elementor-element-populated\">\n\t\t\t\t\t\t<div class=\"elementor-element elementor-element-6dc0d438 elementor-widget elementor-widget-heading\" data-id=\"6dc0d438\" data-element_type=\"widget\" data-e-type=\"widget\" data-widget_type=\"heading.default\">\n\t\t\t\t<div class=\"elementor-widget-container\">\n\t\t\t\t\t<h1 class=\"elementor-heading-title elementor-size-default\">So\u011fuk Oda Monoray S\u00fcrg\u00fcl\u00fc Kap\u0131<\/h1>\t\t\t\t<\/div>\n\t\t\t\t<\/div>\n\t\t\t\t<div class=\"elementor-element elementor-element-7b2db9d elementor-widget elementor-widget-text-editor\" data-id=\"7b2db9d\" data-element_type=\"widget\" data-e-type=\"widget\" data-widget_type=\"text-editor.default\">\n\t\t\t\t<div class=\"elementor-widget-container\">\n\t\t\t\t\t\t\t\t\t<p>So\u011fuk depolama tesisleri ve ticari ortamlar i\u00e7in, So\u011fuk Oda Monoray Kayar Kap\u0131m\u0131z esnek ve kullan\u0131\u015fl\u0131 bir se\u00e7enektir. S\u0131cakl\u0131k kontroll\u00fc ortamlar\u0131n ihtiya\u00e7lar\u0131n\u0131 kar\u015f\u0131lamak i\u00e7in bu yarat\u0131c\u0131 kap\u0131, monoray s\u00fcrme teknolojisi, ola\u011fan\u00fcst\u00fc yal\u0131t\u0131m ve dayan\u0131kl\u0131l\u0131\u011f\u0131 bir araya getiriyor. Monoray s\u00fcrme sistemi ile kap\u0131, bir ray boyunca sorunsuz bir \u015fekilde \u00e7al\u0131\u015f\u0131r ve zahmetsizce a\u00e7\u0131l\u0131p kapanmas\u0131n\u0131 sa\u011flar.  <\/p>\t\t\t\t\t\t\t\t<\/div>\n\t\t\t\t<\/div>\n\t\t\t\t<div class=\"elementor-element elementor-element-205c8c60 elementor-align-start elementor-icon-list--layout-traditional elementor-list-item-link-full_width elementor-widget elementor-widget-icon-list\" data-id=\"205c8c60\" data-element_type=\"widget\" data-e-type=\"widget\" data-widget_type=\"icon-list.default\">\n\t\t\t\t<div class=\"elementor-widget-container\">\n\t\t\t\t\t\t\t<ul class=\"elementor-icon-list-items\">\n\t\t\t\t\t\t\t<li class=\"elementor-icon-list-item\">\n\t\t\t\t\t\t\t\t\t\t\t<span class=\"elementor-icon-list-icon\">\n\t\t\t\t\t\t\t<i aria-hidden=\"true\" class=\"fas fa-globe-americas\"><\/i>\t\t\t\t\t\t<\/span>\n\t\t\t\t\t\t\t\t\t\t<span class=\"elementor-icon-list-text\">\u00c7evre Dostu<\/span>\n\t\t\t\t\t\t\t\t\t<\/li>\n\t\t\t\t\t\t\t\t<li class=\"elementor-icon-list-item\">\n\t\t\t\t\t\t\t\t\t\t\t<span class=\"elementor-icon-list-icon\">\n\t\t\t\t\t\t\t<i aria-hidden=\"true\" class=\"fas fa-certificate\"><\/i>\t\t\t\t\t\t<\/span>\n\t\t\t\t\t\t\t\t\t\t<span class=\"elementor-icon-list-text\">Sertifikal\u0131 \u00dcr\u00fcnler<\/span>\n\t\t\t\t\t\t\t\t\t<\/li>\n\t\t\t\t\t\t\t\t<li class=\"elementor-icon-list-item\">\n\t\t\t\t\t\t\t\t\t\t\t<span class=\"elementor-icon-list-icon\">\n\t\t\t\t\t\t\t<i aria-hidden=\"true\" class=\"fas fa-bolt\"><\/i>\t\t\t\t\t\t<\/span>\n\t\t\t\t\t\t\t\t\t\t<span class=\"elementor-icon-list-text\">Enerji Tasarrufu<\/span>\n\t\t\t\t\t\t\t\t\t<\/li>\n\t\t\t\t\t\t\t\t<li class=\"elementor-icon-list-item\">\n\t\t\t\t\t\t\t\t\t\t\t<span class=\"elementor-icon-list-icon\">\n\t\t\t\t\t\t\t<i aria-hidden=\"true\" class=\"fas fa-biohazard\"><\/i>\t\t\t\t\t\t<\/span>\n\t\t\t\t\t\t\t\t\t\t<span class=\"elementor-icon-list-text\">Kanserojen madde i\u00e7ermez<\/span>\n\t\t\t\t\t\t\t\t\t<\/li>\n\t\t\t\t\t\t\t\t<li class=\"elementor-icon-list-item\">\n\t\t\t\t\t\t\t\t\t\t\t<span class=\"elementor-icon-list-icon\">\n\t\t\t\t\t\t\t<i aria-hidden=\"true\" class=\"fas fa-feather-alt\"><\/i>\t\t\t\t\t\t<\/span>\n\t\t\t\t\t\t\t\t\t\t<span class=\"elementor-icon-list-text\">Sa\u011fl\u0131k ve g\u0131da sekt\u00f6r\u00fcnde kullan\u0131labilir<\/span>\n\t\t\t\t\t\t\t\t\t<\/li>\n\t\t\t\t\t\t<\/ul>\n\t\t\t\t\t\t<\/div>\n\t\t\t\t<\/div>\n\t\t\t\t\t<\/div>\n\t\t<\/div>\n\t\t\t\t\t<\/div>\n\t\t<\/section>\n\t\t\t\t<section class=\"elementor-section elementor-top-section elementor-element elementor-element-236e48af elementor-section-boxed elementor-section-height-default elementor-section-height-default\" data-id=\"236e48af\" data-element_type=\"section\" data-e-type=\"section\" data-settings=\"{&quot;_ha_eqh_enable&quot;:false}\">\n\t\t\t\t\t\t<div class=\"elementor-container elementor-column-gap-default\">\n\t\t\t\t\t<div class=\"elementor-column elementor-col-100 elementor-top-column elementor-element elementor-element-175ace3d\" data-id=\"175ace3d\" data-element_type=\"column\" data-e-type=\"column\">\n\t\t\t<div class=\"elementor-widget-wrap elementor-element-populated\">\n\t\t\t\t\t\t<div class=\"elementor-element elementor-element-2fe987a elementor-tabs-alignment-stretch elementor-widget__width-initial elementor-tabs-view-horizontal elementor-widget elementor-widget-tabs\" data-id=\"2fe987a\" data-element_type=\"widget\" data-e-type=\"widget\" data-widget_type=\"tabs.default\">\n\t\t\t\t<div class=\"elementor-widget-container\">\n\t\t\t\t\t\t\t<div class=\"elementor-tabs\">\n\t\t\t<div class=\"elementor-tabs-wrapper\" role=\"tablist\" >\n\t\t\t\t\t\t\t\t\t<div id=\"elementor-tab-title-5021\" class=\"elementor-tab-title elementor-tab-desktop-title\" aria-selected=\"true\" data-tab=\"1\" role=\"tab\" tabindex=\"0\" aria-controls=\"elementor-tab-content-5021\" aria-expanded=\"false\">Genel \u00d6zellikler<\/div>\n\t\t\t\t\t\t\t\t\t<div id=\"elementor-tab-title-5022\" class=\"elementor-tab-title elementor-tab-desktop-title\" aria-selected=\"false\" data-tab=\"2\" role=\"tab\" tabindex=\"-1\" aria-controls=\"elementor-tab-content-5022\" aria-expanded=\"false\">Teknik \u00d6zellikler<\/div>\n\t\t\t\t\t\t\t<\/div>\n\t\t\t<div class=\"elementor-tabs-content-wrapper\" role=\"tablist\" aria-orientation=\"vertical\">\n\t\t\t\t\t\t\t\t\t<div class=\"elementor-tab-title elementor-tab-mobile-title\" aria-selected=\"true\" data-tab=\"1\" role=\"tab\" tabindex=\"0\" aria-controls=\"elementor-tab-content-5021\" aria-expanded=\"false\">Genel \u00d6zellikler<\/div>\n\t\t\t\t\t<div id=\"elementor-tab-content-5021\" class=\"elementor-tab-content elementor-clearfix\" data-tab=\"1\" role=\"tabpanel\" aria-labelledby=\"elementor-tab-title-5021\" tabindex=\"0\" hidden=\"false\"><p>Genellikle k\u0131rm\u0131z\u0131 et \u00fcr\u00fcnlerinin d\u0131\u015far\u0131dan i\u00e7eriye ta\u015f\u0131nmas\u0131 s\u0131ras\u0131nda monoray sistemi (haval\u0131 s\u00fcspansiyon sistemi) uygulanmaktad\u0131r. Monoray sisteminin izolasyonu maksimum d\u00fczeyde olmas\u0131na ra\u011fmen, a\u011f\u0131r ta\u015f\u0131mac\u0131l\u0131k \u00e7ok kolayd\u0131r.<\/p>\n<p>Bu monoray sisteminin \u00e7al\u0131\u015fmas\u0131 i\u00e7in s\u00fcrg\u00fcl\u00fc ve mente\u015feli kap\u0131lar\u0131n kapaklar\u0131 PVC veya anodize al\u00fcminyum malzemeden yap\u0131lm\u0131\u015ft\u0131r. \u0130zolasyonlu Monoray kanall\u0131 kanatlar &#8220;mono blok boyal\u0131 sac Ral 9002&#8221;, Cr-Ni veya PVC kapl\u0131 iki metal sac aras\u0131na 42(+\/-2) yo\u011funlukta Poli\u00fcretan enjeksiyonu ile \u00fcretilmi\u015ftir.  <\/p>\n<p>Bu sistem her projede farkl\u0131 olabilir. Bu nedenle kap\u0131lar mevcut proje konseptlerine g\u00f6re \u00fcretilmektedir.<\/p>\n<\/div>\n\t\t\t\t\t\t\t\t\t<div class=\"elementor-tab-title elementor-tab-mobile-title\" aria-selected=\"false\" data-tab=\"2\" role=\"tab\" tabindex=\"-1\" aria-controls=\"elementor-tab-content-5022\" aria-expanded=\"false\">Teknik \u00d6zellikler<\/div>\n\t\t\t\t\t<div id=\"elementor-tab-content-5022\" class=\"elementor-tab-content elementor-clearfix\" data-tab=\"2\" role=\"tabpanel\" aria-labelledby=\"elementor-tab-title-5022\" tabindex=\"0\" hidden=\"hidden\"><table width=\"100%\">\n<tbody>\n<tr>\n<td>Kap\u0131 \u00c7er\u00e7evesi :<\/td>\n<td>PVC-Al\u00fcminyum<\/td>\n<\/tr>\n<tr>\n<td>\u00c7er\u00e7eve \u00d6zellikleri :<\/td>\n<td>Eloksall\u0131 Al\u00fcminyum<\/td>\n<\/tr>\n<tr>\n<td>Kap\u0131 Yal\u0131t\u0131m Seviyesi :<\/td>\n<td>42-45gr\/cm3<\/td>\n<\/tr>\n<tr>\n<td>Y\u00fczey Malzeme \u00c7e\u015fitleri :<\/td>\n<td>Polyester-PVC-CrNi<\/td>\n<\/tr>\n<tr>\n<td>Renk :<\/td>\n<td>RAL 9002<\/td>\n<\/tr>\n<tr>\n<td>Desen :<\/td>\n<td>D\u00fcz<\/td>\n<\/tr>\n<tr>\n<td>\u0130zolasyon :<\/td>\n<td>Poli\u00fcretan<\/td>\n<\/tr>\n<tr>\n<td>Sac Kal\u0131nl\u0131\u011f\u0131 (mm) :<\/td>\n<td>\u0130\u00e7 0,50 mm D\u0131\u015f 0,50 mm<\/td>\n<\/tr>\n<\/tbody>\n<\/table>\n<\/div>\n\t\t\t\t\t\t\t<\/div>\n\t\t<\/div>\n\t\t\t\t\t\t<\/div>\n\t\t\t\t<\/div>\n\t\t\t\t\t<\/div>\n\t\t<\/div>\n\t\t\t\t\t<\/div>\n\t\t<\/section>\n\t\t\t\t<\/div>\n\t\t","protected":false},"excerpt":{"rendered":"<p>So\u011fuk Oda Monoray S\u00fcrg\u00fcl\u00fc Kap\u0131 So\u011fuk depolama tesisleri ve ticari ortamlar i\u00e7in, So\u011fuk Oda Monoray Kayar Kap\u0131m\u0131z esnek ve kullan\u0131\u015fl\u0131 bir se\u00e7enektir. [&hellip;]<\/p>\n","protected":false},"author":1,"featured_media":0,"parent":0,"menu_order":0,"comment_status":"closed","ping_status":"closed","template":"","meta":{"footnotes":""},"class_list":["post-4711","page","type-page","status-publish","hentry"],"_links":{"self":[{"href":"https:\/\/tekoprefrigeration.com\/tr\/wp-json\/wp\/v2\/pages\/4711","targetHints":{"allow":["GET"]}}],"collection":[{"href":"https:\/\/tekoprefrigeration.com\/tr\/wp-json\/wp\/v2\/pages"}],"about":[{"href":"https:\/\/tekoprefrigeration.com\/tr\/wp-json\/wp\/v2\/types\/page"}],"author":[{"embeddable":true,"href":"https:\/\/tekoprefrigeration.com\/tr\/wp-json\/wp\/v2\/users\/1"}],"replies":[{"embeddable":true,"href":"https:\/\/tekoprefrigeration.com\/tr\/wp-json\/wp\/v2\/comments?post=4711"}],"version-history":[{"count":3,"href":"https:\/\/tekoprefrigeration.com\/tr\/wp-json\/wp\/v2\/pages\/4711\/revisions"}],"predecessor-version":[{"id":11944,"href":"https:\/\/tekoprefrigeration.com\/tr\/wp-json\/wp\/v2\/pages\/4711\/revisions\/11944"}],"wp:attachment":[{"href":"https:\/\/tekoprefrigeration.com\/tr\/wp-json\/wp\/v2\/media?parent=4711"}],"curies":[{"name":"wp","href":"https:\/\/api.w.org\/{rel}","templated":true}]}}