{"id":4705,"date":"2023-03-27T07:19:29","date_gmt":"2023-03-27T07:19:29","guid":{"rendered":"https:\/\/tekoprefrigeration.com\/soguk-oda-monoray-menteseli-kapi\/"},"modified":"2025-10-30T13:28:40","modified_gmt":"2025-10-30T13:28:40","slug":"soguk-oda-monoray-menteseli-kapi","status":"publish","type":"page","link":"https:\/\/tekoprefrigeration.com\/tr\/soguk-oda-monoray-menteseli-kapi\/","title":{"rendered":"So\u011fuk Oda Monoray Mente\u015feli Kap\u0131"},"content":{"rendered":"\t\t<div data-elementor-type=\"wp-page\" data-elementor-id=\"4705\" class=\"elementor elementor-4705 elementor-879\" data-elementor-settings=\"{&quot;ha_cmc_init_switcher&quot;:&quot;no&quot;}\">\n\t\t\t\t\t\t<section class=\"elementor-section elementor-top-section elementor-element elementor-element-2f587520 elementor-section-content-middle elementor-section-boxed elementor-section-height-default elementor-section-height-default\" data-id=\"2f587520\" data-element_type=\"section\" data-e-type=\"section\" data-settings=\"{&quot;_ha_eqh_enable&quot;:false}\">\n\t\t\t\t\t\t<div class=\"elementor-container elementor-column-gap-default\">\n\t\t\t\t\t<div class=\"elementor-column elementor-col-50 elementor-top-column elementor-element elementor-element-1157f5ca\" data-id=\"1157f5ca\" data-element_type=\"column\" data-e-type=\"column\">\n\t\t\t<div class=\"elementor-widget-wrap elementor-element-populated\">\n\t\t\t\t\t\t<div class=\"elementor-element elementor-element-fc34cdd elementor-arrows-position-inside elementor-pagination-position-outside elementor-widget elementor-widget-image-carousel\" data-id=\"fc34cdd\" data-element_type=\"widget\" data-e-type=\"widget\" data-settings=\"{&quot;slides_to_show&quot;:&quot;1&quot;,&quot;autoplay_speed&quot;:2000,&quot;navigation&quot;:&quot;both&quot;,&quot;autoplay&quot;:&quot;yes&quot;,&quot;pause_on_hover&quot;:&quot;yes&quot;,&quot;pause_on_interaction&quot;:&quot;yes&quot;,&quot;infinite&quot;:&quot;yes&quot;,&quot;effect&quot;:&quot;slide&quot;,&quot;speed&quot;:500}\" data-widget_type=\"image-carousel.default\">\n\t\t\t\t<div class=\"elementor-widget-container\">\n\t\t\t\t\t\t\t<div class=\"elementor-image-carousel-wrapper swiper\" role=\"region\" aria-roledescription=\"carousel\" aria-label=\"Image Carousel\" dir=\"ltr\">\n\t\t\t<div class=\"elementor-image-carousel swiper-wrapper\" aria-live=\"off\">\n\t\t\t\t\t\t\t\t<div class=\"swiper-slide\" role=\"group\" aria-roledescription=\"slide\" aria-label=\"1 \/ 2\"><figure class=\"swiper-slide-inner\"><img decoding=\"async\" class=\"swiper-slide-image\" src=\"https:\/\/tekoprefrigeration.com\/wp-content\/uploads\/2023\/10\/cold-room-monorail-hinged-door.png\" alt=\"Walk-in Chiller Monorail Hinged Door\" \/><\/figure><\/div><div class=\"swiper-slide\" role=\"group\" aria-roledescription=\"slide\" aria-label=\"2 \/ 2\"><figure class=\"swiper-slide-inner\"><img decoding=\"async\" class=\"swiper-slide-image\" src=\"https:\/\/tekoprefrigeration.com\/wp-content\/uploads\/2025\/02\/T-04282-13.jpeg\" alt=\"Walk-in Chiller Monorail Hinged Door\" \/><\/figure><\/div>\t\t\t<\/div>\n\t\t\t\t\t\t\t\t\t\t\t\t<div class=\"elementor-swiper-button elementor-swiper-button-prev\" role=\"button\" tabindex=\"0\">\n\t\t\t\t\t\t<i aria-hidden=\"true\" class=\"eicon-chevron-left\"><\/i>\t\t\t\t\t<\/div>\n\t\t\t\t\t<div class=\"elementor-swiper-button elementor-swiper-button-next\" role=\"button\" tabindex=\"0\">\n\t\t\t\t\t\t<i aria-hidden=\"true\" class=\"eicon-chevron-right\"><\/i>\t\t\t\t\t<\/div>\n\t\t\t\t\n\t\t\t\t\t\t\t\t\t<div class=\"swiper-pagination\"><\/div>\n\t\t\t\t\t\t\t\t\t<\/div>\n\t\t\t\t\t\t<\/div>\n\t\t\t\t<\/div>\n\t\t\t\t\t<\/div>\n\t\t<\/div>\n\t\t\t\t<div class=\"elementor-column elementor-col-50 elementor-top-column elementor-element elementor-element-a27aa6f\" data-id=\"a27aa6f\" data-element_type=\"column\" data-e-type=\"column\">\n\t\t\t<div class=\"elementor-widget-wrap elementor-element-populated\">\n\t\t\t\t\t\t<div class=\"elementor-element elementor-element-6dc0d438 elementor-widget elementor-widget-heading\" data-id=\"6dc0d438\" data-element_type=\"widget\" data-e-type=\"widget\" data-widget_type=\"heading.default\">\n\t\t\t\t<div class=\"elementor-widget-container\">\n\t\t\t\t\t<h1 class=\"elementor-heading-title elementor-size-default\">So\u011fuk Oda Monoray Mente\u015feli Kap\u0131\n<\/h1>\t\t\t\t<\/div>\n\t\t\t\t<\/div>\n\t\t\t\t<div class=\"elementor-element elementor-element-7b2db9d elementor-widget elementor-widget-text-editor\" data-id=\"7b2db9d\" data-element_type=\"widget\" data-e-type=\"widget\" data-widget_type=\"text-editor.default\">\n\t\t\t\t<div class=\"elementor-widget-container\">\n\t\t\t\t\t\t\t\t\t<p>So\u011fuk Oda Monoray Mente\u015feli Kap\u0131m\u0131z, so\u011fuk depolama alanlar\u0131na g\u00fcvenilir ve rahat eri\u015fim sa\u011flamak i\u00e7in \u00f6zel olarak tasarlanm\u0131\u015ft\u0131r Dayan\u0131kl\u0131l\u0131k ve g\u00fcvenilirlik, so\u011fuk depolama ortamlar\u0131 i\u00e7in \u00f6nemli hususlard\u0131r ve Monoray Mente\u015feli Kap\u0131m\u0131z bu zorlu ko\u015fullara dayanacak \u015fekilde \u00fcretilmi\u015ftir. So\u011fuk depolama alanlar\u0131nda hava ge\u00e7irmez bir s\u0131zd\u0131rmazl\u0131k sa\u011flamak \u00e7ok \u00f6nemlidir ve Monoray Mente\u015feli Kap\u0131m\u0131z bu a\u00e7\u0131dan m\u00fckemmeldir.   <\/p>\t\t\t\t\t\t\t\t<\/div>\n\t\t\t\t<\/div>\n\t\t\t\t<div class=\"elementor-element elementor-element-205c8c60 elementor-align-start elementor-icon-list--layout-traditional elementor-list-item-link-full_width elementor-widget elementor-widget-icon-list\" data-id=\"205c8c60\" data-element_type=\"widget\" data-e-type=\"widget\" data-widget_type=\"icon-list.default\">\n\t\t\t\t<div class=\"elementor-widget-container\">\n\t\t\t\t\t\t\t<ul class=\"elementor-icon-list-items\">\n\t\t\t\t\t\t\t<li class=\"elementor-icon-list-item\">\n\t\t\t\t\t\t\t\t\t\t\t<span class=\"elementor-icon-list-icon\">\n\t\t\t\t\t\t\t<i aria-hidden=\"true\" class=\"fas fa-globe-americas\"><\/i>\t\t\t\t\t\t<\/span>\n\t\t\t\t\t\t\t\t\t\t<span class=\"elementor-icon-list-text\">\u00c7evre Dostu<\/span>\n\t\t\t\t\t\t\t\t\t<\/li>\n\t\t\t\t\t\t\t\t<li class=\"elementor-icon-list-item\">\n\t\t\t\t\t\t\t\t\t\t\t<span class=\"elementor-icon-list-icon\">\n\t\t\t\t\t\t\t<i aria-hidden=\"true\" class=\"fas fa-certificate\"><\/i>\t\t\t\t\t\t<\/span>\n\t\t\t\t\t\t\t\t\t\t<span class=\"elementor-icon-list-text\">Sertifikal\u0131 \u00dcr\u00fcnler<\/span>\n\t\t\t\t\t\t\t\t\t<\/li>\n\t\t\t\t\t\t\t\t<li class=\"elementor-icon-list-item\">\n\t\t\t\t\t\t\t\t\t\t\t<span class=\"elementor-icon-list-icon\">\n\t\t\t\t\t\t\t<i aria-hidden=\"true\" class=\"fas fa-bolt\"><\/i>\t\t\t\t\t\t<\/span>\n\t\t\t\t\t\t\t\t\t\t<span class=\"elementor-icon-list-text\">Enerji Tasarrufu<\/span>\n\t\t\t\t\t\t\t\t\t<\/li>\n\t\t\t\t\t\t\t\t<li class=\"elementor-icon-list-item\">\n\t\t\t\t\t\t\t\t\t\t\t<span class=\"elementor-icon-list-icon\">\n\t\t\t\t\t\t\t<i aria-hidden=\"true\" class=\"fas fa-biohazard\"><\/i>\t\t\t\t\t\t<\/span>\n\t\t\t\t\t\t\t\t\t\t<span class=\"elementor-icon-list-text\">Kanserojen madde i\u00e7ermez<\/span>\n\t\t\t\t\t\t\t\t\t<\/li>\n\t\t\t\t\t\t\t\t<li class=\"elementor-icon-list-item\">\n\t\t\t\t\t\t\t\t\t\t\t<span class=\"elementor-icon-list-icon\">\n\t\t\t\t\t\t\t<i aria-hidden=\"true\" class=\"fas fa-feather-alt\"><\/i>\t\t\t\t\t\t<\/span>\n\t\t\t\t\t\t\t\t\t\t<span class=\"elementor-icon-list-text\">Sa\u011fl\u0131k ve g\u0131da sekt\u00f6r\u00fcnde kullan\u0131labilir<\/span>\n\t\t\t\t\t\t\t\t\t<\/li>\n\t\t\t\t\t\t<\/ul>\n\t\t\t\t\t\t<\/div>\n\t\t\t\t<\/div>\n\t\t\t\t<div class=\"elementor-element elementor-element-57d7996 elementor-align-center elementor-widget elementor-widget-button\" data-id=\"57d7996\" data-element_type=\"widget\" data-e-type=\"widget\" id=\"offerGetClick\" data-widget_type=\"button.default\">\n\t\t\t\t<div class=\"elementor-widget-container\">\n\t\t\t\t\t\t\t\t\t<div class=\"elementor-button-wrapper\">\n\t\t\t\t\t<a class=\"elementor-button elementor-button-link elementor-size-sm\" href=\"#\">\n\t\t\t\t\t\t<span class=\"elementor-button-content-wrapper\">\n\t\t\t\t\t\t\t\t\t<span class=\"elementor-button-text\">Teklif Al\u0131n<\/span>\n\t\t\t\t\t<\/span>\n\t\t\t\t\t<\/a>\n\t\t\t\t<\/div>\n\t\t\t\t\t\t\t\t<\/div>\n\t\t\t\t<\/div>\n\t\t\t\t\t<\/div>\n\t\t<\/div>\n\t\t\t\t\t<\/div>\n\t\t<\/section>\n\t\t\t\t<section class=\"elementor-section elementor-top-section elementor-element elementor-element-236e48af elementor-section-boxed elementor-section-height-default elementor-section-height-default\" data-id=\"236e48af\" data-element_type=\"section\" data-e-type=\"section\" data-settings=\"{&quot;_ha_eqh_enable&quot;:false}\">\n\t\t\t\t\t\t<div class=\"elementor-container elementor-column-gap-default\">\n\t\t\t\t\t<div class=\"elementor-column elementor-col-100 elementor-top-column elementor-element elementor-element-175ace3d\" data-id=\"175ace3d\" data-element_type=\"column\" data-e-type=\"column\">\n\t\t\t<div class=\"elementor-widget-wrap elementor-element-populated\">\n\t\t\t\t\t\t<div class=\"elementor-element elementor-element-2fe987a elementor-tabs-alignment-stretch elementor-tabs-view-horizontal elementor-widget elementor-widget-tabs\" data-id=\"2fe987a\" data-element_type=\"widget\" data-e-type=\"widget\" data-widget_type=\"tabs.default\">\n\t\t\t\t<div class=\"elementor-widget-container\">\n\t\t\t\t\t\t\t<div class=\"elementor-tabs\">\n\t\t\t<div class=\"elementor-tabs-wrapper\" role=\"tablist\" >\n\t\t\t\t\t\t\t\t\t<div id=\"elementor-tab-title-5021\" class=\"elementor-tab-title elementor-tab-desktop-title\" aria-selected=\"true\" data-tab=\"1\" role=\"tab\" tabindex=\"0\" aria-controls=\"elementor-tab-content-5021\" aria-expanded=\"false\">Genel \u00d6zellikler<\/div>\n\t\t\t\t\t\t\t\t\t<div id=\"elementor-tab-title-5022\" class=\"elementor-tab-title elementor-tab-desktop-title\" aria-selected=\"false\" data-tab=\"2\" role=\"tab\" tabindex=\"-1\" aria-controls=\"elementor-tab-content-5022\" aria-expanded=\"false\">Teknik \u00d6zellikler<\/div>\n\t\t\t\t\t\t\t<\/div>\n\t\t\t<div class=\"elementor-tabs-content-wrapper\" role=\"tablist\" aria-orientation=\"vertical\">\n\t\t\t\t\t\t\t\t\t<div class=\"elementor-tab-title elementor-tab-mobile-title\" aria-selected=\"true\" data-tab=\"1\" role=\"tab\" tabindex=\"0\" aria-controls=\"elementor-tab-content-5021\" aria-expanded=\"false\">Genel \u00d6zellikler<\/div>\n\t\t\t\t\t<div id=\"elementor-tab-content-5021\" class=\"elementor-tab-content elementor-clearfix\" data-tab=\"1\" role=\"tabpanel\" aria-labelledby=\"elementor-tab-title-5021\" tabindex=\"0\" hidden=\"false\"><p>K\u0131rm\u0131z\u0131 eti d\u0131\u015far\u0131dan i\u00e7eriye ta\u015f\u0131rken genellikle haval\u0131 s\u00fcspansiyon sistemi (monoray) kullan\u0131l\u0131r. Monoray sistemin izolasyonu maksimum seviyede olmas\u0131na ra\u011fmen a\u011f\u0131r ta\u015f\u0131mas\u0131 olduk\u00e7a kolayd\u0131r.<br \/>Bu monoray sistemin \u00e7al\u0131\u015fmas\u0131 i\u00e7in s\u00fcrg\u00fcl\u00fc ve mente\u015feli kap\u0131lar\u0131n kapaklar\u0131 standart olarak PVC \u00e7er\u00e7evelidir. \u0130ste\u011fe ba\u011fl\u0131 olarak Al\u00fcminyum ve PVC \u00fczerine CrNi kaplama uygulanabilir.<br \/>\u0130zolasyonlu monoray kanal kanatlar\u0131n\u0131n y\u00fczey i\u00e7 ve d\u0131\u015f sac kal\u0131nl\u0131\u011f\u0131 0,5mm&#8217;dir. Levha Ral 9002 renk koduna sahiptir. . \u0130ste\u011fe ba\u011fl\u0131 olarak kanat y\u00fczeyi PVC ve CrNi&#8217;den yap\u0131labilir. Kap\u0131 kanad\u0131 izolasyon kimyasal yo\u011funlu\u011fu 42-45 gr\/cm3&#8217;t\u00fcr. Standart kap\u0131 kanad\u0131 kal\u0131nl\u0131\u011f\u0131 so\u011futucu odalar i\u00e7in 6,8 cm, dondurucu odalar i\u00e7in 9,2 cm&#8217;dir.<br \/>Bu sistem her projede farkl\u0131 olabilir. Bu nedenle kap\u0131lar mevcut proje konseptlerine g\u00f6re \u00fcretilmektedir.<\/p>\n<\/div>\n\t\t\t\t\t\t\t\t\t<div class=\"elementor-tab-title elementor-tab-mobile-title\" aria-selected=\"false\" data-tab=\"2\" role=\"tab\" tabindex=\"-1\" aria-controls=\"elementor-tab-content-5022\" aria-expanded=\"false\">Teknik \u00d6zellikler<\/div>\n\t\t\t\t\t<div id=\"elementor-tab-content-5022\" class=\"elementor-tab-content elementor-clearfix\" data-tab=\"2\" role=\"tabpanel\" aria-labelledby=\"elementor-tab-title-5022\" tabindex=\"0\" hidden=\"hidden\"><table width=\"100%\">\n<tbody>\n<tr>\n<td>\n<p>Kap\u0131 \u00c7er\u00e7evesi :<\/p>\n<\/td>\n<td>\n<p>PVC &#8211; Al\u00fcminyum &#8211; CrNi<\/p>\n<\/td>\n<\/tr>\n<tr>\n<td>\n<p>Yaprak \u00c7er\u00e7eve \u00d6zellikleri :<\/p>\n<\/td>\n<td>\n<p>6063 S\u0131n\u0131f Al\u00fcminyum<\/p>\n<\/td>\n<\/tr>\n<tr>\n<td>\n<p>Kap\u0131 Yal\u0131t\u0131m Seviyesi :<\/p>\n<\/td>\n<td>\n<p>42-45gr\/cm3<\/p>\n<\/td>\n<\/tr>\n<tr>\n<td>\n<p>Y\u00fczey Malzeme \u00c7e\u015fitleri :<\/p>\n<\/td>\n<td>\n<p>Polyester-PVC-CrNi<\/p>\n<\/td>\n<\/tr>\n<tr>\n<td>\n<p>Renk :<\/p>\n<\/td>\n<td>\n<p>RAL 9002  <\/p>\n<\/td>\n<\/tr>\n<tr>\n<td>\n<p>Desen:<\/p>\n<\/td>\n<td>\n<p>D\u00fcz<\/p>\n<\/td>\n<\/tr>\n<tr>\n<td>\n<p>\u0130zolasyon :<\/p>\n<\/td>\n<td>\n<p>Poli\u00fcretan<\/p>\n<\/td>\n<\/tr>\n<tr>\n<td>\n<p>Sac Kal\u0131nl\u0131\u011f\u0131 (mm) :<\/p>\n<\/td>\n<td>\n<p>\u0130\u00e7 0,50 mm D\u0131\u015f 0,50 mm<\/p>\n<\/td>\n<\/tr>\n<tr>\n<td>\n<p>Se\u00e7enekler :<\/p>\n<p>Kap\u0131 inceli\u011fi (cm) :<\/p>\n<\/td>\n<td>\n<p>Silikon Direnci (Dondurucu Odalar\u0131 i\u00e7in)<\/p>\n<p>6,8 cm so\u011futucu, 9,2 dondurucu<\/p>\n<\/td>\n<\/tr>\n<\/tbody>\n<\/table>\n<\/div>\n\t\t\t\t\t\t\t<\/div>\n\t\t<\/div>\n\t\t\t\t\t\t<\/div>\n\t\t\t\t<\/div>\n\t\t\t\t\t<\/div>\n\t\t<\/div>\n\t\t\t\t\t<\/div>\n\t\t<\/section>\n\t\t\t\t<\/div>\n\t\t","protected":false},"excerpt":{"rendered":"<p>So\u011fuk Oda Monoray Mente\u015feli Kap\u0131 So\u011fuk Oda Monoray Mente\u015feli Kap\u0131m\u0131z, so\u011fuk depolama alanlar\u0131na g\u00fcvenilir ve rahat eri\u015fim sa\u011flamak i\u00e7in \u00f6zel olarak tasarlanm\u0131\u015ft\u0131r [&hellip;]<\/p>\n","protected":false},"author":1,"featured_media":0,"parent":0,"menu_order":0,"comment_status":"closed","ping_status":"closed","template":"","meta":{"footnotes":""},"class_list":["post-4705","page","type-page","status-publish","hentry"],"_links":{"self":[{"href":"https:\/\/tekoprefrigeration.com\/tr\/wp-json\/wp\/v2\/pages\/4705","targetHints":{"allow":["GET"]}}],"collection":[{"href":"https:\/\/tekoprefrigeration.com\/tr\/wp-json\/wp\/v2\/pages"}],"about":[{"href":"https:\/\/tekoprefrigeration.com\/tr\/wp-json\/wp\/v2\/types\/page"}],"author":[{"embeddable":true,"href":"https:\/\/tekoprefrigeration.com\/tr\/wp-json\/wp\/v2\/users\/1"}],"replies":[{"embeddable":true,"href":"https:\/\/tekoprefrigeration.com\/tr\/wp-json\/wp\/v2\/comments?post=4705"}],"version-history":[{"count":9,"href":"https:\/\/tekoprefrigeration.com\/tr\/wp-json\/wp\/v2\/pages\/4705\/revisions"}],"predecessor-version":[{"id":11949,"href":"https:\/\/tekoprefrigeration.com\/tr\/wp-json\/wp\/v2\/pages\/4705\/revisions\/11949"}],"wp:attachment":[{"href":"https:\/\/tekoprefrigeration.com\/tr\/wp-json\/wp\/v2\/media?parent=4705"}],"curies":[{"name":"wp","href":"https:\/\/api.w.org\/{rel}","templated":true}]}}