{"id":4704,"date":"2023-03-27T06:58:45","date_gmt":"2023-03-27T06:58:45","guid":{"rendered":"https:\/\/tekoprefrigeration.com\/camlock-soguk-oda-paneli\/"},"modified":"2026-02-13T12:03:38","modified_gmt":"2026-02-13T12:03:38","slug":"kilitli-soguk-oda-paneli","status":"publish","type":"page","link":"https:\/\/tekoprefrigeration.com\/tr\/kilitli-soguk-oda-paneli\/","title":{"rendered":"Camlock So\u011fuk Oda Paneli"},"content":{"rendered":"\t\t<div data-elementor-type=\"wp-page\" data-elementor-id=\"4704\" class=\"elementor elementor-4704 elementor-848\" data-elementor-settings=\"{&quot;ha_cmc_init_switcher&quot;:&quot;no&quot;}\">\n\t\t\t\t\t\t<section class=\"elementor-section elementor-top-section elementor-element elementor-element-7899bdcb elementor-section-content-middle elementor-section-boxed elementor-section-height-default elementor-section-height-default\" data-id=\"7899bdcb\" data-element_type=\"section\" data-e-type=\"section\" data-settings=\"{&quot;_ha_eqh_enable&quot;:false}\">\n\t\t\t\t\t\t<div class=\"elementor-container elementor-column-gap-default\">\n\t\t\t\t\t<div class=\"elementor-column elementor-col-50 elementor-top-column elementor-element elementor-element-229f7a3c\" data-id=\"229f7a3c\" data-element_type=\"column\" data-e-type=\"column\">\n\t\t\t<div class=\"elementor-widget-wrap elementor-element-populated\">\n\t\t\t\t\t\t<div class=\"elementor-element elementor-element-96aeb7b elementor-arrows-position-inside elementor-pagination-position-outside elementor-widget elementor-widget-image-carousel\" data-id=\"96aeb7b\" data-element_type=\"widget\" data-e-type=\"widget\" data-settings=\"{&quot;slides_to_show&quot;:&quot;1&quot;,&quot;navigation&quot;:&quot;both&quot;,&quot;autoplay&quot;:&quot;yes&quot;,&quot;pause_on_hover&quot;:&quot;yes&quot;,&quot;pause_on_interaction&quot;:&quot;yes&quot;,&quot;autoplay_speed&quot;:5000,&quot;infinite&quot;:&quot;yes&quot;,&quot;effect&quot;:&quot;slide&quot;,&quot;speed&quot;:500}\" data-widget_type=\"image-carousel.default\">\n\t\t\t\t<div class=\"elementor-widget-container\">\n\t\t\t\t\t\t\t<div class=\"elementor-image-carousel-wrapper swiper\" role=\"region\" aria-roledescription=\"carousel\" aria-label=\"Image Carousel\" dir=\"ltr\">\n\t\t\t<div class=\"elementor-image-carousel swiper-wrapper\" aria-live=\"off\">\n\t\t\t\t\t\t\t\t<div class=\"swiper-slide\" role=\"group\" aria-roledescription=\"slide\" aria-label=\"1 \/ 3\"><figure class=\"swiper-slide-inner\"><img decoding=\"async\" class=\"swiper-slide-image\" src=\"https:\/\/tekoprefrigeration.com\/wp-content\/uploads\/2023\/05\/camlock-cold-room-panel-1.png\" alt=\"camlock-cold-room-panel\" \/><\/figure><\/div><div class=\"swiper-slide\" role=\"group\" aria-roledescription=\"slide\" aria-label=\"2 \/ 3\"><figure class=\"swiper-slide-inner\"><img decoding=\"async\" class=\"swiper-slide-image\" src=\"https:\/\/tekoprefrigeration.com\/wp-content\/uploads\/2023\/05\/Locked-Cold-Room-Panel-1.png\" alt=\"Locked-Cold-Room-Panel-1\" \/><\/figure><\/div><div class=\"swiper-slide\" role=\"group\" aria-roledescription=\"slide\" aria-label=\"3 \/ 3\"><figure class=\"swiper-slide-inner\"><img decoding=\"async\" class=\"swiper-slide-image\" src=\"https:\/\/tekoprefrigeration.com\/wp-content\/uploads\/2023\/05\/Locked-Cold-Room-Panel-3.png\" alt=\"Locked-Cold-Room-Panel-3\" \/><\/figure><\/div>\t\t\t<\/div>\n\t\t\t\t\t\t\t\t\t\t\t\t<div class=\"elementor-swiper-button elementor-swiper-button-prev\" role=\"button\" tabindex=\"0\">\n\t\t\t\t\t\t<i aria-hidden=\"true\" class=\"eicon-chevron-left\"><\/i>\t\t\t\t\t<\/div>\n\t\t\t\t\t<div class=\"elementor-swiper-button elementor-swiper-button-next\" role=\"button\" tabindex=\"0\">\n\t\t\t\t\t\t<i aria-hidden=\"true\" class=\"eicon-chevron-right\"><\/i>\t\t\t\t\t<\/div>\n\t\t\t\t\n\t\t\t\t\t\t\t\t\t<div class=\"swiper-pagination\"><\/div>\n\t\t\t\t\t\t\t\t\t<\/div>\n\t\t\t\t\t\t<\/div>\n\t\t\t\t<\/div>\n\t\t\t\t\t<\/div>\n\t\t<\/div>\n\t\t\t\t<div class=\"elementor-column elementor-col-50 elementor-top-column elementor-element elementor-element-5a96ce08\" data-id=\"5a96ce08\" data-element_type=\"column\" data-e-type=\"column\">\n\t\t\t<div class=\"elementor-widget-wrap elementor-element-populated\">\n\t\t\t\t\t\t<div class=\"elementor-element elementor-element-30594bfa elementor-widget elementor-widget-heading\" data-id=\"30594bfa\" data-element_type=\"widget\" data-e-type=\"widget\" data-widget_type=\"heading.default\">\n\t\t\t\t<div class=\"elementor-widget-container\">\n\t\t\t\t\t<h1 class=\"elementor-heading-title elementor-size-default\">Camlock So\u011fuk Oda Paneli\n<\/h1>\t\t\t\t<\/div>\n\t\t\t\t<\/div>\n\t\t\t\t<div class=\"elementor-element elementor-element-25472ed8 elementor-widget elementor-widget-text-editor\" data-id=\"25472ed8\" data-element_type=\"widget\" data-e-type=\"widget\" data-widget_type=\"text-editor.default\">\n\t\t\t\t<div class=\"elementor-widget-container\">\n\t\t\t\t\t\t\t\t\t<p>Camlock So\u011fuk Oda Panellerimiz &#8211; \u00fcst\u00fcn yal\u0131t\u0131m ve montaj kolayl\u0131\u011f\u0131 i\u00e7in tasarlanm\u0131\u015ft\u0131r. Korozyona dayan\u0131kl\u0131 \u00e7elik saclar aras\u0131na s\u0131k\u0131\u015ft\u0131r\u0131lm\u0131\u015f y\u00fcksek yo\u011funluklu poli\u00fcretan k\u00f6p\u00fckten olu\u015fan bu \u00fcr\u00fcnler, tutarl\u0131 s\u0131cakl\u0131k kontrol\u00fc sa\u011flar. Benzersiz Camlock sistemi sorunsuz montaj sa\u011flayarak termal verimlili\u011fi art\u0131r\u0131r. G\u00fcvenilir, uygun maliyetli, s\u0131cakl\u0131k kontroll\u00fc ortamlar gerektiren end\u00fcstriler i\u00e7in idealdir. Camlock So\u011fuk Oda Panellerimiz ile operasyonlar\u0131n\u0131z\u0131 y\u00fckseltin.    <\/p>\t\t\t\t\t\t\t\t<\/div>\n\t\t\t\t<\/div>\n\t\t\t\t<div class=\"elementor-element elementor-element-5f0b69c3 elementor-align-start elementor-icon-list--layout-traditional elementor-list-item-link-full_width elementor-widget elementor-widget-icon-list\" data-id=\"5f0b69c3\" data-element_type=\"widget\" data-e-type=\"widget\" data-widget_type=\"icon-list.default\">\n\t\t\t\t<div class=\"elementor-widget-container\">\n\t\t\t\t\t\t\t<ul class=\"elementor-icon-list-items\">\n\t\t\t\t\t\t\t<li class=\"elementor-icon-list-item\">\n\t\t\t\t\t\t\t\t\t\t\t<span class=\"elementor-icon-list-icon\">\n\t\t\t\t\t\t\t<i aria-hidden=\"true\" class=\"fas fa-globe-americas\"><\/i>\t\t\t\t\t\t<\/span>\n\t\t\t\t\t\t\t\t\t\t<span class=\"elementor-icon-list-text\">\u00c7evre Dostu<\/span>\n\t\t\t\t\t\t\t\t\t<\/li>\n\t\t\t\t\t\t\t\t<li class=\"elementor-icon-list-item\">\n\t\t\t\t\t\t\t\t\t\t\t<span class=\"elementor-icon-list-icon\">\n\t\t\t\t\t\t\t<i aria-hidden=\"true\" class=\"fas fa-certificate\"><\/i>\t\t\t\t\t\t<\/span>\n\t\t\t\t\t\t\t\t\t\t<span class=\"elementor-icon-list-text\">Sertifikal\u0131 \u00dcr\u00fcnler<\/span>\n\t\t\t\t\t\t\t\t\t<\/li>\n\t\t\t\t\t\t\t\t<li class=\"elementor-icon-list-item\">\n\t\t\t\t\t\t\t\t\t\t\t<span class=\"elementor-icon-list-icon\">\n\t\t\t\t\t\t\t<i aria-hidden=\"true\" class=\"fas fa-bolt\"><\/i>\t\t\t\t\t\t<\/span>\n\t\t\t\t\t\t\t\t\t\t<span class=\"elementor-icon-list-text\">Enerji Tasarrufu<\/span>\n\t\t\t\t\t\t\t\t\t<\/li>\n\t\t\t\t\t\t\t\t<li class=\"elementor-icon-list-item\">\n\t\t\t\t\t\t\t\t\t\t\t<span class=\"elementor-icon-list-icon\">\n\t\t\t\t\t\t\t<i aria-hidden=\"true\" class=\"fas fa-biohazard\"><\/i>\t\t\t\t\t\t<\/span>\n\t\t\t\t\t\t\t\t\t\t<span class=\"elementor-icon-list-text\">Kanserojen madde i\u00e7ermez<\/span>\n\t\t\t\t\t\t\t\t\t<\/li>\n\t\t\t\t\t\t\t\t<li class=\"elementor-icon-list-item\">\n\t\t\t\t\t\t\t\t\t\t\t<span class=\"elementor-icon-list-icon\">\n\t\t\t\t\t\t\t<i aria-hidden=\"true\" class=\"fas fa-feather-alt\"><\/i>\t\t\t\t\t\t<\/span>\n\t\t\t\t\t\t\t\t\t\t<span class=\"elementor-icon-list-text\">Sa\u011fl\u0131k ve g\u0131da sekt\u00f6r\u00fcnde kullan\u0131labilir<\/span>\n\t\t\t\t\t\t\t\t\t<\/li>\n\t\t\t\t\t\t<\/ul>\n\t\t\t\t\t\t<\/div>\n\t\t\t\t<\/div>\n\t\t\t\t<section data-ep-wrapper-link=\"{&quot;url&quot;:&quot;http:\\\/\\\/tekoprefrigeration.com\\\/wp-content\\\/uploads\\\/2023\\\/06\\\/Tekop-Cold-Room-Camlock-Panel-Data-Sheet.pdf&quot;,&quot;is_external&quot;:&quot;on&quot;,&quot;nofollow&quot;:&quot;&quot;,&quot;custom_attributes&quot;:&quot;&quot;}\" style=\"cursor: pointer\" class=\"bdt-element-link elementor-section elementor-inner-section elementor-element elementor-element-470684cd elementor-section-content-middle elementor-section-boxed elementor-section-height-default elementor-section-height-default\" data-id=\"470684cd\" data-element_type=\"section\" data-e-type=\"section\" data-settings=\"{&quot;background_background&quot;:&quot;gradient&quot;,&quot;_ha_eqh_enable&quot;:false}\">\n\t\t\t\t\t\t<div class=\"elementor-container elementor-column-gap-default\">\n\t\t\t\t\t<div class=\"elementor-column elementor-col-50 elementor-inner-column elementor-element elementor-element-8c9f3a3\" data-id=\"8c9f3a3\" data-element_type=\"column\" data-e-type=\"column\">\n\t\t\t<div class=\"elementor-widget-wrap elementor-element-populated\">\n\t\t\t\t\t\t<div data-ep-wrapper-link=\"{&quot;url&quot;:&quot;https:\\\/\\\/tekoprefrigeration.com\\\/wp-content\\\/uploads\\\/2023\\\/03\\\/Tekop-Cold-Room-Camlock-Panel-Data-Sheet.pdf&quot;,&quot;is_external&quot;:&quot;on&quot;,&quot;nofollow&quot;:&quot;&quot;,&quot;custom_attributes&quot;:&quot;&quot;}\" style=\"cursor: pointer\" class=\"bdt-element-link elementor-element elementor-element-4872e245 elementor-widget elementor-widget-html\" data-id=\"4872e245\" data-element_type=\"widget\" data-e-type=\"widget\" data-widget_type=\"html.default\">\n\t\t\t\t<div class=\"elementor-widget-container\">\n\t\t\t\t\t<script src=\"https:\/\/unpkg.com\/@lottiefiles\/lottie-player@latest\/dist\/lottie-player.js\"><\/script>\n<lottie-player src=\"https:\/\/assets5.lottiefiles.com\/private_files\/lf30_xkvrpcwa.json\" background=\"transparent\" speed=\"1\" style=\"width: 50px; height: 50px;\" loop=\"\" autoplay=\"\"><\/lottie-player>\t\t\t\t<\/div>\n\t\t\t\t<\/div>\n\t\t\t\t\t<\/div>\n\t\t<\/div>\n\t\t\t\t<div class=\"elementor-column elementor-col-50 elementor-inner-column elementor-element elementor-element-461e98c2\" data-id=\"461e98c2\" data-element_type=\"column\" data-e-type=\"column\">\n\t\t\t<div class=\"elementor-widget-wrap elementor-element-populated\">\n\t\t\t\t\t\t<div class=\"elementor-element elementor-element-abb6c0c elementor-widget elementor-widget-heading\" data-id=\"abb6c0c\" data-element_type=\"widget\" data-e-type=\"widget\" data-widget_type=\"heading.default\">\n\t\t\t\t<div class=\"elementor-widget-container\">\n\t\t\t\t\t<h3 class=\"elementor-heading-title elementor-size-default\">\u00dcr\u00fcn\u00fc Detayl\u0131 \u0130nceleyin<\/h3>\t\t\t\t<\/div>\n\t\t\t\t<\/div>\n\t\t\t\t\t<\/div>\n\t\t<\/div>\n\t\t\t\t\t<\/div>\n\t\t<\/section>\n\t\t\t\t<div class=\"elementor-element elementor-element-f0cd759 elementor-widget-mobile__width-initial elementor-widget elementor-widget-html\" data-id=\"f0cd759\" data-element_type=\"widget\" data-e-type=\"widget\" data-widget_type=\"html.default\">\n\t\t\t\t<div class=\"elementor-widget-container\">\n\t\t\t\t\t<a href=\"#\" class=\"custom-offer-btn\">H\u0131zl\u0131 Teklif Al\u0131n<\/a>\r\n\r\n<style>\r\n.custom-offer-btn {\r\n  display: inline-block;\r\n  padding: 12px 28px;\r\n  border: 2px solid #007BFF;\r\n  border-radius: 6px;\r\n  background-color: #0f52a1;\r\n  color: #ffffff;\r\n  font-size: 16px;\r\n  font-weight: 600;\r\n  text-decoration: none;\r\n  text-align: center;\r\n  transition: all 0.3s ease;\r\n}\r\n.custom-offer-btn:hover {\r\n  background-color: #ffffff;\r\n  color: #0f52a1;\r\n  border-color: #0056b3;\r\n}\r\n<\/style>\r\n\r\n<script>\r\njQuery(document).ready(function($){\r\n  $('.custom-offer-btn').on('click', function(e){\r\n    e.preventDefault();\r\n\r\n    \/\/ Mevcut popup a\u00e7ma fonksiyonunu \u00e7a\u011f\u0131r\r\n    \/\/ E\u011fer bu linkin click fonksiyonu varsa do\u011frudan \u00e7a\u011f\u0131r\r\n    var popupLink = $('.uicore-extra[data-uils=\"header_extra\"] a');\r\n    if (popupLink.length) {\r\n      if (typeof popupLink[0].click === 'function') {\r\n        popupLink[0].click(); \/\/ Do\u011frudan native click\r\n      } else {\r\n        console.log('Popup trigger fonksiyonu bulunamad\u0131');\r\n      }\r\n    }\r\n  });\r\n});\r\n<\/script>\r\n\t\t\t\t<\/div>\n\t\t\t\t<\/div>\n\t\t\t\t\t<\/div>\n\t\t<\/div>\n\t\t\t\t\t<\/div>\n\t\t<\/section>\n\t\t\t\t<section class=\"elementor-section elementor-top-section elementor-element elementor-element-3f010363 elementor-section-boxed elementor-section-height-default elementor-section-height-default\" data-id=\"3f010363\" data-element_type=\"section\" data-e-type=\"section\" data-settings=\"{&quot;_ha_eqh_enable&quot;:false}\">\n\t\t\t\t\t\t<div class=\"elementor-container elementor-column-gap-default\">\n\t\t\t\t\t<div class=\"elementor-column elementor-col-100 elementor-top-column elementor-element elementor-element-236e7947\" data-id=\"236e7947\" data-element_type=\"column\" data-e-type=\"column\">\n\t\t\t<div class=\"elementor-widget-wrap elementor-element-populated\">\n\t\t\t\t\t\t<div class=\"elementor-element elementor-element-66d6dccf elementor-tabs-alignment-stretch elementor-tabs-view-horizontal elementor-widget elementor-widget-tabs\" data-id=\"66d6dccf\" data-element_type=\"widget\" data-e-type=\"widget\" data-widget_type=\"tabs.default\">\n\t\t\t\t<div class=\"elementor-widget-container\">\n\t\t\t\t\t\t\t<div class=\"elementor-tabs\">\n\t\t\t<div class=\"elementor-tabs-wrapper\" role=\"tablist\" >\n\t\t\t\t\t\t\t\t\t<div id=\"elementor-tab-title-1721\" class=\"elementor-tab-title elementor-tab-desktop-title\" aria-selected=\"true\" data-tab=\"1\" role=\"tab\" tabindex=\"0\" aria-controls=\"elementor-tab-content-1721\" aria-expanded=\"false\">Genel \u00d6zellikler<\/div>\n\t\t\t\t\t\t\t\t\t<div id=\"elementor-tab-title-1722\" class=\"elementor-tab-title elementor-tab-desktop-title\" aria-selected=\"false\" data-tab=\"2\" role=\"tab\" tabindex=\"-1\" aria-controls=\"elementor-tab-content-1722\" aria-expanded=\"false\">Teknik \u00d6zellikler<\/div>\n\t\t\t\t\t\t\t<\/div>\n\t\t\t<div class=\"elementor-tabs-content-wrapper\" role=\"tablist\" aria-orientation=\"vertical\">\n\t\t\t\t\t\t\t\t\t<div class=\"elementor-tab-title elementor-tab-mobile-title\" aria-selected=\"true\" data-tab=\"1\" role=\"tab\" tabindex=\"0\" aria-controls=\"elementor-tab-content-1721\" aria-expanded=\"false\">Genel \u00d6zellikler<\/div>\n\t\t\t\t\t<div id=\"elementor-tab-content-1721\" class=\"elementor-tab-content elementor-clearfix\" data-tab=\"1\" role=\"tabpanel\" aria-labelledby=\"elementor-tab-title-1721\" tabindex=\"0\" hidden=\"false\"><p>So\u011fuk oda panelleri 42 kg\/m\u00b3 (\u00b12) Poli\u00fcretandan imal edilmektedir. Ayr\u0131ca TS EN 13501-1 kapsam\u0131nda B2 yanmazl\u0131k standard\u0131na sahiptirler. So\u011fuk oda panelleri yapboz \u015feklinde birbirine ba\u011flan\u0131r ve eksantrik bir kilit ile sabitlenir. Daha sonra da demonte edilebilirler. Duvar ve tavan panelleri farkl\u0131 kal\u0131nl\u0131klarda (60 mm, 80 mm, 100 mm, 120 mm, 150 mm, 180 mm, 200 mm) \u00fcretilmektedir. 111 cm geni\u015fli\u011findedir ve maksimum 12 m uzunlu\u011funda talimatlar\u0131n\u0131za g\u00f6re \u00fcretilebilir. Duvar panellerinin i\u00e7 ve d\u0131\u015f y\u00fczeyleri 0,50 mm kal\u0131nl\u0131\u011f\u0131nda galvanizli \u00e7elik sac olup RAL 9002 polyester rengi ile renklendirilmi\u015ftir. Kullan\u0131m amac\u0131na ba\u011fl\u0131 olarak duvar ve tavan panel levhalar\u0131 Cr-Ni, PVC, Galvaniz ve Polyester ile \u00fcretilebilmektedir. So\u011fuk oda panelleri p\u00fcr\u00fczs\u00fcz, hijyenik ve temizlenmesi kolayd\u0131r. Hijyenik olduklar\u0131 i\u00e7in hastanelerde, marketlerde ve ila\u00e7 \u015fubelerinde yayg\u0131n olarak kullan\u0131l\u0131rlar. So\u011fuk oda panelleri, ki\u015fiye \u00f6zel tasar\u0131m\u0131 ve aksesuarlar\u0131 ile \u0131s\u0131 kayb\u0131n\u0131 \u00f6nler.          <\/p>\n<\/div>\n\t\t\t\t\t\t\t\t\t<div class=\"elementor-tab-title elementor-tab-mobile-title\" aria-selected=\"false\" data-tab=\"2\" role=\"tab\" tabindex=\"-1\" aria-controls=\"elementor-tab-content-1722\" aria-expanded=\"false\">Teknik \u00d6zellikler<\/div>\n\t\t\t\t\t<div id=\"elementor-tab-content-1722\" class=\"elementor-tab-content elementor-clearfix\" data-tab=\"2\" role=\"tabpanel\" aria-labelledby=\"elementor-tab-title-1722\" tabindex=\"0\" hidden=\"hidden\"><table>\n<tbody>\n<tr>\n<td>\n<p>Kal\u0131nl\u0131k (mm)<\/p>\n<\/td>\n<td>\n<p>U Termal Diren\u00e7<\/p>\n<\/td>\n<td>\n<p>U Termal \u0130letkenlik<\/p>\n<\/td>\n<td>\n<p>A\u011f\u0131rl\u0131k KG\/m\u00b2<\/p>\n<\/td>\n<td width=\"145\">\n<p>Da\u011f\u0131t\u0131lm\u0131\u015f Y\u00fck (P=KG\/m\u00b2)<\/p>\n<\/td>\n<\/tr>\n<\/tbody>\n<\/table>\n<table>\n<tbody>\n<tr>\n<td>\n<p><strong>Yal\u0131t\u0131m Kal\u0131nl\u0131\u011f\u0131 (t)<\/strong><\/p>\n<p><strong>Geni\u015flik (w) = 1100 mm<\/strong><\/p>\n<\/td>\n<td>\n<p><strong>R(m\u00b2 K\/W)<\/strong><\/p>\n<\/td>\n<td>\n<p><strong>K De\u011feri W\/m\u00b2 K<\/strong><\/p>\n<\/td>\n<td>\n<p><strong>(0,5+0,5)<\/strong><\/p>\n<\/td>\n<td>\n<p><strong>4,00<\/strong><\/p>\n<\/td>\n<td>\n<p><strong>5,00<\/strong><\/p>\n<\/td>\n<td>\n<p><strong>6,00<\/strong><\/p>\n<\/td>\n<td>\n<p><strong>7,00<\/strong><\/p>\n<\/td>\n<\/tr>\n<tr>\n<td>\n<p>t=60 mm<\/p>\n<\/td>\n<td>\n<p>2.36<\/p>\n<\/td>\n<td>\n<p>0.40<\/p>\n<\/td>\n<td>\n<p>12.12<\/p>\n<\/td>\n<td>\n<p>149<\/p>\n<\/td>\n<td>\n<p>120<\/p>\n<\/td>\n<td>\n<p>&#8211;<\/p>\n<\/td>\n<td>\n<p>&#8211;<\/p>\n<\/td>\n<\/tr>\n<tr>\n<td>\n<p>t=80 mm<\/p>\n<\/td>\n<td>\n<p>3.16<\/p>\n<\/td>\n<td>\n<p>0.31<\/p>\n<\/td>\n<td>\n<p>12.96<\/p>\n<\/td>\n<td>\n<p>193<\/p>\n<\/td>\n<td>\n<p>142<\/p>\n<\/td>\n<td>\n<p>&#8211;<\/p>\n<\/td>\n<td>\n<p>&#8211;<\/p>\n<\/td>\n<\/tr>\n<tr>\n<td>\n<p>t=100 mm<\/p>\n<\/td>\n<td>\n<p>3.96<\/p>\n<\/td>\n<td>\n<p>0.25<\/p>\n<\/td>\n<td>\n<p>13.80<\/p>\n<\/td>\n<td>\n<p>232<\/p>\n<\/td>\n<td>\n<p>165<\/p>\n<\/td>\n<td>\n<p>131<\/p>\n<\/td>\n<td>\n<p>94<\/p>\n<\/td>\n<\/tr>\n<tr>\n<td>\n<p>t=120 mm<\/p>\n<\/td>\n<td>\n<p>4.76<\/p>\n<\/td>\n<td>\n<p>0.22<\/p>\n<\/td>\n<td>\n<p>14.64<\/p>\n<\/td>\n<td>\n<p>285<\/p>\n<\/td>\n<td>\n<p>209<\/p>\n<\/td>\n<td>\n<p>142<\/p>\n<\/td>\n<td>\n<p>132<\/p>\n<\/td>\n<\/tr>\n<tr>\n<td>\n<p>t=150 mm<\/p>\n<\/td>\n<td>\n<p>5.96<\/p>\n<\/td>\n<td>\n<p>0.18<\/p>\n<\/td>\n<td>\n<p>15.90<\/p>\n<\/td>\n<td>\n<p>445<\/p>\n<\/td>\n<td>\n<p>372<\/p>\n<\/td>\n<td>\n<p>277<\/p>\n<\/td>\n<td>\n<p>213<\/p>\n<\/td>\n<\/tr>\n<tr>\n<td>\n<p>t=200 mm<\/p>\n<\/td>\n<td>\n<p>7.96<\/p>\n<\/td>\n<td>\n<p>0.14<\/p>\n<\/td>\n<td>\n<p>18<\/p>\n<\/td>\n<td>\n<p>500<\/p>\n<\/td>\n<td>\n<p>438<\/p>\n<\/td>\n<td>\n<p>276<\/p>\n<\/td>\n<td>\n<p>237<\/p>\n<\/td>\n<\/tr>\n<\/tbody>\n<\/table>\n<\/div>\n\t\t\t\t\t\t\t<\/div>\n\t\t<\/div>\n\t\t\t\t\t\t<\/div>\n\t\t\t\t<\/div>\n\t\t\t\t\t<\/div>\n\t\t<\/div>\n\t\t\t\t\t<\/div>\n\t\t<\/section>\n\t\t\t\t<\/div>\n\t\t","protected":false},"excerpt":{"rendered":"<p>Camlock So\u011fuk Oda Paneli Camlock So\u011fuk Oda Panellerimiz &#8211; \u00fcst\u00fcn yal\u0131t\u0131m ve montaj kolayl\u0131\u011f\u0131 i\u00e7in tasarlanm\u0131\u015ft\u0131r. Korozyona dayan\u0131kl\u0131 \u00e7elik saclar aras\u0131na s\u0131k\u0131\u015ft\u0131r\u0131lm\u0131\u015f [&hellip;]<\/p>\n","protected":false},"author":1,"featured_media":0,"parent":0,"menu_order":0,"comment_status":"closed","ping_status":"closed","template":"","meta":{"footnotes":""},"class_list":["post-4704","page","type-page","status-publish","hentry"],"_links":{"self":[{"href":"https:\/\/tekoprefrigeration.com\/tr\/wp-json\/wp\/v2\/pages\/4704","targetHints":{"allow":["GET"]}}],"collection":[{"href":"https:\/\/tekoprefrigeration.com\/tr\/wp-json\/wp\/v2\/pages"}],"about":[{"href":"https:\/\/tekoprefrigeration.com\/tr\/wp-json\/wp\/v2\/types\/page"}],"author":[{"embeddable":true,"href":"https:\/\/tekoprefrigeration.com\/tr\/wp-json\/wp\/v2\/users\/1"}],"replies":[{"embeddable":true,"href":"https:\/\/tekoprefrigeration.com\/tr\/wp-json\/wp\/v2\/comments?post=4704"}],"version-history":[{"count":6,"href":"https:\/\/tekoprefrigeration.com\/tr\/wp-json\/wp\/v2\/pages\/4704\/revisions"}],"predecessor-version":[{"id":12398,"href":"https:\/\/tekoprefrigeration.com\/tr\/wp-json\/wp\/v2\/pages\/4704\/revisions\/12398"}],"wp:attachment":[{"href":"https:\/\/tekoprefrigeration.com\/tr\/wp-json\/wp\/v2\/media?parent=4704"}],"curies":[{"name":"wp","href":"https:\/\/api.w.org\/{rel}","templated":true}]}}