{"id":4703,"date":"2023-03-27T07:11:31","date_gmt":"2023-03-27T07:11:31","guid":{"rendered":"https:\/\/tekoprefrigeration.com\/soguk-oda-cift-kanatli-servis-kapisi\/"},"modified":"2024-01-02T12:54:49","modified_gmt":"2024-01-02T12:54:49","slug":"soguk-oda-cift-kanatli-servis-kapisi","status":"publish","type":"page","link":"https:\/\/tekoprefrigeration.com\/tr\/soguk-oda-cift-kanatli-servis-kapisi\/","title":{"rendered":"So\u011fuk Oda \u00c7ift Kanatl\u0131 Servis Kap\u0131s\u0131"},"content":{"rendered":"\t\t<div data-elementor-type=\"wp-page\" data-elementor-id=\"4703\" class=\"elementor elementor-4703 elementor-867\" data-elementor-settings=\"{&quot;ha_cmc_init_switcher&quot;:&quot;no&quot;}\">\n\t\t\t\t\t\t<section class=\"elementor-section elementor-top-section elementor-element elementor-element-2f587520 elementor-section-content-middle elementor-section-boxed elementor-section-height-default elementor-section-height-default\" data-id=\"2f587520\" data-element_type=\"section\" data-e-type=\"section\" data-settings=\"{&quot;_ha_eqh_enable&quot;:false}\">\n\t\t\t\t\t\t<div class=\"elementor-container elementor-column-gap-default\">\n\t\t\t\t\t<div class=\"elementor-column elementor-col-50 elementor-top-column elementor-element elementor-element-1157f5ca\" data-id=\"1157f5ca\" data-element_type=\"column\" data-e-type=\"column\">\n\t\t\t<div class=\"elementor-widget-wrap elementor-element-populated\">\n\t\t\t\t\t\t<div class=\"elementor-element elementor-element-20d6b2fe elementor-widget elementor-widget-image\" data-id=\"20d6b2fe\" data-element_type=\"widget\" data-e-type=\"widget\" data-widget_type=\"image.default\">\n\t\t\t\t<div class=\"elementor-widget-container\">\n\t\t\t\t\t\t\t\t\t\t\t\t\t\t\t<img fetchpriority=\"high\" decoding=\"async\" width=\"768\" height=\"768\" src=\"https:\/\/tekoprefrigeration.com\/wp-content\/uploads\/2023\/04\/Cift-Kanat-Flip-Flap-Servis-Kapisi-1-1-1-1-768x768.png\" class=\"attachment-medium_large size-medium_large wp-image-4214\" alt=\"Cold Room Dual Wing Service Door\" srcset=\"https:\/\/tekoprefrigeration.com\/wp-content\/uploads\/2023\/04\/Cift-Kanat-Flip-Flap-Servis-Kapisi-1-1-1-1-768x768.png.webp 768w, https:\/\/tekoprefrigeration.com\/wp-content\/uploads\/2023\/04\/Cift-Kanat-Flip-Flap-Servis-Kapisi-1-1-1-1-300x300.png.webp 300w, https:\/\/tekoprefrigeration.com\/wp-content\/uploads\/2023\/04\/Cift-Kanat-Flip-Flap-Servis-Kapisi-1-1-1-1-150x150.png.webp 150w, https:\/\/tekoprefrigeration.com\/wp-content\/uploads\/2023\/04\/Cift-Kanat-Flip-Flap-Servis-Kapisi-1-1-1-1-650x650.png.webp 650w, https:\/\/tekoprefrigeration.com\/wp-content\/uploads\/2023\/04\/Cift-Kanat-Flip-Flap-Servis-Kapisi-1-1-1-1.png.webp 1024w\" sizes=\"(max-width: 768px) 100vw, 768px\" \/>\t\t\t\t\t\t\t\t\t\t\t\t\t\t\t<\/div>\n\t\t\t\t<\/div>\n\t\t\t\t\t<\/div>\n\t\t<\/div>\n\t\t\t\t<div class=\"elementor-column elementor-col-50 elementor-top-column elementor-element elementor-element-a27aa6f\" data-id=\"a27aa6f\" data-element_type=\"column\" data-e-type=\"column\">\n\t\t\t<div class=\"elementor-widget-wrap elementor-element-populated\">\n\t\t\t\t\t\t<div class=\"elementor-element elementor-element-6dc0d438 elementor-widget elementor-widget-heading\" data-id=\"6dc0d438\" data-element_type=\"widget\" data-e-type=\"widget\" data-widget_type=\"heading.default\">\n\t\t\t\t<div class=\"elementor-widget-container\">\n\t\t\t\t\t<h2 class=\"elementor-heading-title elementor-size-default\">So\u011fuk Oda \u00c7ift Kanatl\u0131 Servis Kap\u0131s\u0131\n<\/h2>\t\t\t\t<\/div>\n\t\t\t\t<\/div>\n\t\t\t\t<div class=\"elementor-element elementor-element-7b2db9d elementor-widget elementor-widget-text-editor\" data-id=\"7b2db9d\" data-element_type=\"widget\" data-e-type=\"widget\" data-widget_type=\"text-editor.default\">\n\t\t\t\t<div class=\"elementor-widget-container\">\n\t\t\t\t\t\t\t\t\t<p>So\u011fuk Oda \u00c7ift Kanatl\u0131 Servis Kap\u0131s\u0131, so\u011fuk depolama alanlar\u0131na verimli eri\u015fim i\u00e7in tasarlanm\u0131\u015f \u00e7ok y\u00f6nl\u00fc ve pratik bir \u00e7\u00f6z\u00fcmd\u00fcr. Bu yenilik\u00e7i kap\u0131, ticari ve end\u00fcstriyel ortamlar\u0131n taleplerini kar\u015f\u0131lamak i\u00e7in \u00e7ift kanatl\u0131 tasar\u0131m\u0131, \u00fcst\u00fcn yal\u0131t\u0131m\u0131 ve dayan\u0131kl\u0131l\u0131\u011f\u0131 bir araya getirir. So\u011fuk Oda \u00c7ift Kanatl\u0131 Servis Kap\u0131m\u0131z\u0131n verimlili\u011fini ve rahatl\u0131\u011f\u0131n\u0131 so\u011fuk depolama tesisinizde veya end\u00fcstriyel ortam\u0131n\u0131zda deneyimleyin.  <\/p>\n\t\t\t\t\t\t\t\t<\/div>\n\t\t\t\t<\/div>\n\t\t\t\t<div class=\"elementor-element elementor-element-205c8c60 elementor-align-start elementor-icon-list--layout-traditional elementor-list-item-link-full_width elementor-widget elementor-widget-icon-list\" data-id=\"205c8c60\" data-element_type=\"widget\" data-e-type=\"widget\" data-widget_type=\"icon-list.default\">\n\t\t\t\t<div class=\"elementor-widget-container\">\n\t\t\t\t\t\t\t<ul class=\"elementor-icon-list-items\">\n\t\t\t\t\t\t\t<li class=\"elementor-icon-list-item\">\n\t\t\t\t\t\t\t\t\t\t\t<span class=\"elementor-icon-list-icon\">\n\t\t\t\t\t\t\t<i aria-hidden=\"true\" class=\"fas fa-globe-americas\"><\/i>\t\t\t\t\t\t<\/span>\n\t\t\t\t\t\t\t\t\t\t<span class=\"elementor-icon-list-text\">\u00c7evre Dostu<\/span>\n\t\t\t\t\t\t\t\t\t<\/li>\n\t\t\t\t\t\t\t\t<li class=\"elementor-icon-list-item\">\n\t\t\t\t\t\t\t\t\t\t\t<span class=\"elementor-icon-list-icon\">\n\t\t\t\t\t\t\t<i aria-hidden=\"true\" class=\"fas fa-certificate\"><\/i>\t\t\t\t\t\t<\/span>\n\t\t\t\t\t\t\t\t\t\t<span class=\"elementor-icon-list-text\">Sertifikal\u0131 \u00dcr\u00fcnler<\/span>\n\t\t\t\t\t\t\t\t\t<\/li>\n\t\t\t\t\t\t\t\t<li class=\"elementor-icon-list-item\">\n\t\t\t\t\t\t\t\t\t\t\t<span class=\"elementor-icon-list-icon\">\n\t\t\t\t\t\t\t<i aria-hidden=\"true\" class=\"fas fa-bolt\"><\/i>\t\t\t\t\t\t<\/span>\n\t\t\t\t\t\t\t\t\t\t<span class=\"elementor-icon-list-text\">Enerji Tasarrufu<\/span>\n\t\t\t\t\t\t\t\t\t<\/li>\n\t\t\t\t\t\t\t\t<li class=\"elementor-icon-list-item\">\n\t\t\t\t\t\t\t\t\t\t\t<span class=\"elementor-icon-list-icon\">\n\t\t\t\t\t\t\t<i aria-hidden=\"true\" class=\"fas fa-biohazard\"><\/i>\t\t\t\t\t\t<\/span>\n\t\t\t\t\t\t\t\t\t\t<span class=\"elementor-icon-list-text\">Kanserojen madde i\u00e7ermez<\/span>\n\t\t\t\t\t\t\t\t\t<\/li>\n\t\t\t\t\t\t\t\t<li class=\"elementor-icon-list-item\">\n\t\t\t\t\t\t\t\t\t\t\t<span class=\"elementor-icon-list-icon\">\n\t\t\t\t\t\t\t<i aria-hidden=\"true\" class=\"fas fa-feather-alt\"><\/i>\t\t\t\t\t\t<\/span>\n\t\t\t\t\t\t\t\t\t\t<span class=\"elementor-icon-list-text\">Sa\u011fl\u0131k ve g\u0131da sekt\u00f6r\u00fcnde kullan\u0131labilir<\/span>\n\t\t\t\t\t\t\t\t\t<\/li>\n\t\t\t\t\t\t<\/ul>\n\t\t\t\t\t\t<\/div>\n\t\t\t\t<\/div>\n\t\t\t\t<section data-ep-wrapper-link=\"{&quot;url&quot;:&quot;http:\\\/\\\/tekoprefrigeration.com\\\/wp-content\\\/uploads\\\/2023\\\/06\\\/Service-Door.pdf&quot;,&quot;is_external&quot;:&quot;on&quot;,&quot;nofollow&quot;:&quot;&quot;,&quot;custom_attributes&quot;:&quot;&quot;}\" style=\"cursor: pointer\" class=\"bdt-element-link elementor-section elementor-inner-section elementor-element elementor-element-761e134 elementor-section-content-middle elementor-section-boxed elementor-section-height-default elementor-section-height-default\" data-id=\"761e134\" data-element_type=\"section\" data-e-type=\"section\" data-settings=\"{&quot;background_background&quot;:&quot;gradient&quot;,&quot;_ha_eqh_enable&quot;:false}\">\n\t\t\t\t\t\t<div class=\"elementor-container elementor-column-gap-default\">\n\t\t\t\t\t<div class=\"elementor-column elementor-col-50 elementor-inner-column elementor-element elementor-element-3c710a75\" data-id=\"3c710a75\" data-element_type=\"column\" data-e-type=\"column\">\n\t\t\t<div class=\"elementor-widget-wrap elementor-element-populated\">\n\t\t\t\t\t\t<div data-ep-wrapper-link=\"{&quot;url&quot;:&quot;https:\\\/\\\/tekoprefrigeration.com\\\/wp-content\\\/uploads\\\/2023\\\/03\\\/Service-Door.pdf&quot;,&quot;is_external&quot;:&quot;on&quot;,&quot;nofollow&quot;:&quot;&quot;,&quot;custom_attributes&quot;:&quot;&quot;}\" style=\"cursor: pointer\" class=\"bdt-element-link elementor-element elementor-element-4679ec59 elementor-widget elementor-widget-html\" data-id=\"4679ec59\" data-element_type=\"widget\" data-e-type=\"widget\" data-widget_type=\"html.default\">\n\t\t\t\t<div class=\"elementor-widget-container\">\n\t\t\t\t\t<script src=\"https:\/\/unpkg.com\/@lottiefiles\/lottie-player@latest\/dist\/lottie-player.js\"><\/script>\n<lottie-player src=\"https:\/\/assets5.lottiefiles.com\/private_files\/lf30_xkvrpcwa.json\" background=\"transparent\" speed=\"1\" style=\"width: 50px; height: 50px;\" loop=\"\" autoplay=\"\"><\/lottie-player>\t\t\t\t<\/div>\n\t\t\t\t<\/div>\n\t\t\t\t\t<\/div>\n\t\t<\/div>\n\t\t\t\t<div class=\"elementor-column elementor-col-50 elementor-inner-column elementor-element elementor-element-331ca77e\" data-id=\"331ca77e\" data-element_type=\"column\" data-e-type=\"column\">\n\t\t\t<div class=\"elementor-widget-wrap elementor-element-populated\">\n\t\t\t\t\t\t<div class=\"elementor-element elementor-element-54578f8e elementor-widget elementor-widget-heading\" data-id=\"54578f8e\" data-element_type=\"widget\" data-e-type=\"widget\" data-widget_type=\"heading.default\">\n\t\t\t\t<div class=\"elementor-widget-container\">\n\t\t\t\t\t<h3 class=\"elementor-heading-title elementor-size-default\">\u00dcr\u00fcn\u00fc Detayl\u0131 \u0130nceleyin<\/h3>\t\t\t\t<\/div>\n\t\t\t\t<\/div>\n\t\t\t\t\t<\/div>\n\t\t<\/div>\n\t\t\t\t\t<\/div>\n\t\t<\/section>\n\t\t\t\t<div class=\"elementor-element elementor-element-b52de45 elementor-align-center elementor-widget elementor-widget-button\" data-id=\"b52de45\" data-element_type=\"widget\" data-e-type=\"widget\" id=\"offerGetClick\" data-widget_type=\"button.default\">\n\t\t\t\t<div class=\"elementor-widget-container\">\n\t\t\t\t\t\t\t\t\t<div class=\"elementor-button-wrapper\">\n\t\t\t\t\t<a class=\"elementor-button elementor-button-link elementor-size-sm\" href=\"#\">\n\t\t\t\t\t\t<span class=\"elementor-button-content-wrapper\">\n\t\t\t\t\t\t\t\t\t<span class=\"elementor-button-text\">Teklif Al\u0131n<\/span>\n\t\t\t\t\t<\/span>\n\t\t\t\t\t<\/a>\n\t\t\t\t<\/div>\n\t\t\t\t\t\t\t\t<\/div>\n\t\t\t\t<\/div>\n\t\t\t\t\t<\/div>\n\t\t<\/div>\n\t\t\t\t\t<\/div>\n\t\t<\/section>\n\t\t\t\t<section class=\"elementor-section elementor-top-section elementor-element elementor-element-236e48af elementor-section-boxed elementor-section-height-default elementor-section-height-default\" data-id=\"236e48af\" data-element_type=\"section\" data-e-type=\"section\" data-settings=\"{&quot;_ha_eqh_enable&quot;:false}\">\n\t\t\t\t\t\t<div class=\"elementor-container elementor-column-gap-default\">\n\t\t\t\t\t<div class=\"elementor-column elementor-col-100 elementor-top-column elementor-element elementor-element-175ace3d\" data-id=\"175ace3d\" data-element_type=\"column\" data-e-type=\"column\">\n\t\t\t<div class=\"elementor-widget-wrap elementor-element-populated\">\n\t\t\t\t\t\t<div class=\"elementor-element elementor-element-2fe987a elementor-tabs-alignment-stretch elementor-tabs-view-horizontal elementor-widget elementor-widget-tabs\" data-id=\"2fe987a\" data-element_type=\"widget\" data-e-type=\"widget\" data-widget_type=\"tabs.default\">\n\t\t\t\t<div class=\"elementor-widget-container\">\n\t\t\t\t\t\t\t<div class=\"elementor-tabs\">\n\t\t\t<div class=\"elementor-tabs-wrapper\" role=\"tablist\" >\n\t\t\t\t\t\t\t\t\t<div id=\"elementor-tab-title-5021\" class=\"elementor-tab-title elementor-tab-desktop-title\" aria-selected=\"true\" data-tab=\"1\" role=\"tab\" tabindex=\"0\" aria-controls=\"elementor-tab-content-5021\" aria-expanded=\"false\">Genel \u00d6zellikler<\/div>\n\t\t\t\t\t\t\t\t\t<div id=\"elementor-tab-title-5022\" class=\"elementor-tab-title elementor-tab-desktop-title\" aria-selected=\"false\" data-tab=\"2\" role=\"tab\" tabindex=\"-1\" aria-controls=\"elementor-tab-content-5022\" aria-expanded=\"false\">Teknik \u00d6zellikler<\/div>\n\t\t\t\t\t\t\t<\/div>\n\t\t\t<div class=\"elementor-tabs-content-wrapper\" role=\"tablist\" aria-orientation=\"vertical\">\n\t\t\t\t\t\t\t\t\t<div class=\"elementor-tab-title elementor-tab-mobile-title\" aria-selected=\"true\" data-tab=\"1\" role=\"tab\" tabindex=\"0\" aria-controls=\"elementor-tab-content-5021\" aria-expanded=\"false\">Genel \u00d6zellikler<\/div>\n\t\t\t\t\t<div id=\"elementor-tab-content-5021\" class=\"elementor-tab-content elementor-clearfix\" data-tab=\"1\" role=\"tabpanel\" aria-labelledby=\"elementor-tab-title-5021\" tabindex=\"0\" hidden=\"false\"><p>Depolama alanlar\u0131 aras\u0131nda h\u0131zl\u0131 aktar\u0131m i\u00e7in kullan\u0131l\u0131r. Kap\u0131 \u00e7ift kanatl\u0131 olarak \u00fcretilmi\u015f olup panoya veya duvara monte edilebilmektedir. Kanat kal\u0131nl\u0131\u011f\u0131 40 mm&#8217;dir ve iki uygun y\u00f6nde 180 derece a\u00e7\u0131labilir ve gerekti\u011finde her zaman a\u00e7\u0131k kalabilir.<\/p>\n<\/div>\n\t\t\t\t\t\t\t\t\t<div class=\"elementor-tab-title elementor-tab-mobile-title\" aria-selected=\"false\" data-tab=\"2\" role=\"tab\" tabindex=\"-1\" aria-controls=\"elementor-tab-content-5022\" aria-expanded=\"false\">Teknik \u00d6zellikler<\/div>\n\t\t\t\t\t<div id=\"elementor-tab-content-5022\" class=\"elementor-tab-content elementor-clearfix\" data-tab=\"2\" role=\"tabpanel\" aria-labelledby=\"elementor-tab-title-5022\" tabindex=\"0\" hidden=\"hidden\"><p>Eloksall\u0131 al\u00fcminyum kap\u0131 \u00e7er\u00e7evesi panel veya duvar \u00fczerine uygulanabilir. Kanat kal\u0131nl\u0131\u011f\u0131 40 mm olan Access kap\u0131lar\u0131m\u0131z Ral 9002 boyal\u0131 sac ile Cr-Ni, PVC kaplama iki sac aras\u0131na 42 dansite poli\u00fcretan enjekte edilerek imal edilmi\u015ftir.<\/p>\n<p>Caml\u0131 ve cams\u0131z olarak \u00fcretilen kap\u0131lar\u0131m\u0131zdaki mente\u015feler \u00e7ift y\u00f6nl\u00fcd\u00fcr ve her iki tarafa da a\u00e7\u0131lmay\u0131 sa\u011flar. \u00d6zel s\u0131zd\u0131rmaz kap\u0131m\u0131z, alan ge\u00e7i\u015flerindeki \u0131s\u0131 ka\u00e7\u0131\u015flar\u0131n\u0131 en aza indirir. Darbelere kar\u015f\u0131 poli\u00fcretan sap ve Cr-Ni burun tahtas\u0131 bulunmaktad\u0131r. Projeye g\u00f6re tek yaprakl\u0131 veya \u00e7ift yaprakl\u0131 olarak imal edilebilirler.<\/p>\n<table width=\"590\">\n<tbody>\n<tr>\n<td>Kap\u0131 \u00c7er\u00e7evesi :<\/td>\n<td>PVC-Al\u00fcminyum<\/td>\n<\/tr>\n<tr>\n<td>\u00c7er\u00e7eve \u00d6zellikleri :<\/td>\n<td>Eloksall\u0131 Al\u00fcminyum<\/td>\n<\/tr>\n<tr>\n<td>Kap\u0131 Yal\u0131t\u0131m Seviyesi :<\/td>\n<td>42-45gr\/cm3<\/td>\n<\/tr>\n<tr>\n<td>Y\u00fczey Malzeme \u00c7e\u015fitleri :<\/td>\n<td>Polyester-PVC-CrNi<\/td>\n<\/tr>\n<tr>\n<td>Renk :<\/td>\n<td>RAL 9002<\/td>\n<\/tr>\n<tr>\n<td>Desen :<\/td>\n<td>D\u00fcz<\/td>\n<\/tr>\n<tr>\n<td>\u0130zolasyon :<\/td>\n<td>Poli\u00fcretan<\/td>\n<\/tr>\n<tr>\n<td>Sac Kal\u0131nl\u0131\u011f\u0131 (mm) :<\/td>\n<td>\u0130\u00e7 0,50 mm D\u0131\u015f 0,50 mm<\/td>\n<\/tr>\n<\/tbody>\n<\/table>\n<\/div>\n\t\t\t\t\t\t\t<\/div>\n\t\t<\/div>\n\t\t\t\t\t\t<\/div>\n\t\t\t\t<\/div>\n\t\t\t\t\t<\/div>\n\t\t<\/div>\n\t\t\t\t\t<\/div>\n\t\t<\/section>\n\t\t\t\t<\/div>\n\t\t","protected":false},"excerpt":{"rendered":"<p>So\u011fuk Oda \u00c7ift Kanatl\u0131 Servis Kap\u0131s\u0131 So\u011fuk Oda \u00c7ift Kanatl\u0131 Servis Kap\u0131s\u0131, so\u011fuk depolama alanlar\u0131na verimli eri\u015fim i\u00e7in tasarlanm\u0131\u015f \u00e7ok y\u00f6nl\u00fc ve [&hellip;]<\/p>\n","protected":false},"author":1,"featured_media":0,"parent":0,"menu_order":0,"comment_status":"closed","ping_status":"closed","template":"","meta":{"footnotes":""},"class_list":["post-4703","page","type-page","status-publish","hentry"],"_links":{"self":[{"href":"https:\/\/tekoprefrigeration.com\/tr\/wp-json\/wp\/v2\/pages\/4703","targetHints":{"allow":["GET"]}}],"collection":[{"href":"https:\/\/tekoprefrigeration.com\/tr\/wp-json\/wp\/v2\/pages"}],"about":[{"href":"https:\/\/tekoprefrigeration.com\/tr\/wp-json\/wp\/v2\/types\/page"}],"author":[{"embeddable":true,"href":"https:\/\/tekoprefrigeration.com\/tr\/wp-json\/wp\/v2\/users\/1"}],"replies":[{"embeddable":true,"href":"https:\/\/tekoprefrigeration.com\/tr\/wp-json\/wp\/v2\/comments?post=4703"}],"version-history":[{"count":2,"href":"https:\/\/tekoprefrigeration.com\/tr\/wp-json\/wp\/v2\/pages\/4703\/revisions"}],"predecessor-version":[{"id":4713,"href":"https:\/\/tekoprefrigeration.com\/tr\/wp-json\/wp\/v2\/pages\/4703\/revisions\/4713"}],"wp:attachment":[{"href":"https:\/\/tekoprefrigeration.com\/tr\/wp-json\/wp\/v2\/media?parent=4703"}],"curies":[{"name":"wp","href":"https:\/\/api.w.org\/{rel}","templated":true}]}}