{"id":4698,"date":"2023-03-24T08:59:39","date_gmt":"2023-03-24T08:59:39","guid":{"rendered":"https:\/\/tekoprefrigeration.com\/kontrollu-atmosfer-soguk-oda-kapisi\/"},"modified":"2025-10-30T13:28:41","modified_gmt":"2025-10-30T13:28:41","slug":"kontrollu-atmosfer-soguk-oda-kapisi","status":"publish","type":"page","link":"https:\/\/tekoprefrigeration.com\/tr\/kontrollu-atmosfer-soguk-oda-kapisi\/","title":{"rendered":"Kontroll\u00fc Atmosfer So\u011fuk Oda Kap\u0131s\u0131"},"content":{"rendered":"\t\t<div data-elementor-type=\"wp-page\" data-elementor-id=\"4698\" class=\"elementor elementor-4698 elementor-767\" data-elementor-settings=\"{&quot;ha_cmc_init_switcher&quot;:&quot;no&quot;}\">\n\t\t\t\t\t\t<section class=\"elementor-section elementor-top-section elementor-element elementor-element-22bd3dc elementor-section-content-middle elementor-section-boxed elementor-section-height-default elementor-section-height-default\" data-id=\"22bd3dc\" data-element_type=\"section\" data-e-type=\"section\" data-settings=\"{&quot;_ha_eqh_enable&quot;:false}\">\n\t\t\t\t\t\t<div class=\"elementor-container elementor-column-gap-default\">\n\t\t\t\t\t<div class=\"elementor-column elementor-col-50 elementor-top-column elementor-element elementor-element-7374f5be\" data-id=\"7374f5be\" data-element_type=\"column\" data-e-type=\"column\">\n\t\t\t<div class=\"elementor-widget-wrap elementor-element-populated\">\n\t\t\t\t\t\t<div class=\"elementor-element elementor-element-144f306e elementor-widget elementor-widget-image\" data-id=\"144f306e\" data-element_type=\"widget\" data-e-type=\"widget\" data-widget_type=\"image.default\">\n\t\t\t\t<div class=\"elementor-widget-container\">\n\t\t\t\t\t\t\t\t\t\t\t\t\t\t\t<img fetchpriority=\"high\" decoding=\"async\" width=\"768\" height=\"768\" src=\"https:\/\/tekoprefrigeration.com\/wp-content\/uploads\/2023\/10\/Controlled-Atmosphere-Cold-Room-Door-1-768x768.png\" class=\"attachment-medium_large size-medium_large wp-image-4490\" alt=\"Controlled atmosphere cold room door designed by Tekop for fruit and vegetable preservation under precise temperature and gas control.\" srcset=\"https:\/\/tekoprefrigeration.com\/wp-content\/uploads\/2023\/10\/Controlled-Atmosphere-Cold-Room-Door-1-768x768.png 768w, https:\/\/tekoprefrigeration.com\/wp-content\/uploads\/2023\/10\/Controlled-Atmosphere-Cold-Room-Door-1-300x300.png 300w, https:\/\/tekoprefrigeration.com\/wp-content\/uploads\/2023\/10\/Controlled-Atmosphere-Cold-Room-Door-1-1024x1024.png 1024w, https:\/\/tekoprefrigeration.com\/wp-content\/uploads\/2023\/10\/Controlled-Atmosphere-Cold-Room-Door-1-150x150.png 150w, https:\/\/tekoprefrigeration.com\/wp-content\/uploads\/2023\/10\/Controlled-Atmosphere-Cold-Room-Door-1-650x650.png 650w, https:\/\/tekoprefrigeration.com\/wp-content\/uploads\/2023\/10\/Controlled-Atmosphere-Cold-Room-Door-1.png 1500w\" sizes=\"(max-width: 768px) 100vw, 768px\" \/>\t\t\t\t\t\t\t\t\t\t\t\t\t\t\t<\/div>\n\t\t\t\t<\/div>\n\t\t\t\t\t<\/div>\n\t\t<\/div>\n\t\t\t\t<div class=\"elementor-column elementor-col-50 elementor-top-column elementor-element elementor-element-1d83dc96\" data-id=\"1d83dc96\" data-element_type=\"column\" data-e-type=\"column\">\n\t\t\t<div class=\"elementor-widget-wrap elementor-element-populated\">\n\t\t\t\t\t\t<div class=\"elementor-element elementor-element-17bcad39 elementor-widget elementor-widget-heading\" data-id=\"17bcad39\" data-element_type=\"widget\" data-e-type=\"widget\" data-widget_type=\"heading.default\">\n\t\t\t\t<div class=\"elementor-widget-container\">\n\t\t\t\t\t<h1 class=\"elementor-heading-title elementor-size-default\">Kontroll\u00fc Atmosfer So\u011fuk Oda Kap\u0131s\u0131\n<\/h1>\t\t\t\t<\/div>\n\t\t\t\t<\/div>\n\t\t\t\t<div class=\"elementor-element elementor-element-4acc8725 elementor-widget elementor-widget-text-editor\" data-id=\"4acc8725\" data-element_type=\"widget\" data-e-type=\"widget\" data-widget_type=\"text-editor.default\">\n\t\t\t\t<div class=\"elementor-widget-container\">\n\t\t\t\t\t\t\t\t\t<p>Kontroll\u00fc Atmosfer So\u011fuk Oda Kap\u0131m\u0131z, kontroll\u00fc atmosfer depolama ortamlar\u0131n\u0131n \u00f6zel gereksinimlerini kar\u015f\u0131lamak i\u00e7in tasarlanm\u0131\u015f son teknoloji bir \u00e7\u00f6z\u00fcmd\u00fcr. Bu kap\u0131, enerji verimlili\u011fini korurken atmosferik ko\u015fullar \u00fczerinde hassas kontrol sa\u011flamak i\u00e7in ileri teknoloji, kusursuz yal\u0131t\u0131m ve sa\u011flam yap\u0131y\u0131 bir araya getirir. Kontroll\u00fc Atmosfer So\u011fuk Oda Kap\u0131m\u0131z, s\u0131cakl\u0131k, nem ve gaz bile\u015fimi gibi fakt\u00f6rler \u00fczerinde hassas kontrol sa\u011flaman\u0131za olanak tan\u0131yan kapal\u0131 bir ortam olu\u015fturmak i\u00e7in \u00f6zel olarak tasarlanm\u0131\u015ft\u0131r  <\/p>\t\t\t\t\t\t\t\t<\/div>\n\t\t\t\t<\/div>\n\t\t\t\t<div class=\"elementor-element elementor-element-5aebbd7b elementor-align-start elementor-icon-list--layout-traditional elementor-list-item-link-full_width elementor-widget elementor-widget-icon-list\" data-id=\"5aebbd7b\" data-element_type=\"widget\" data-e-type=\"widget\" data-widget_type=\"icon-list.default\">\n\t\t\t\t<div class=\"elementor-widget-container\">\n\t\t\t\t\t\t\t<ul class=\"elementor-icon-list-items\">\n\t\t\t\t\t\t\t<li class=\"elementor-icon-list-item\">\n\t\t\t\t\t\t\t\t\t\t\t<span class=\"elementor-icon-list-icon\">\n\t\t\t\t\t\t\t<i aria-hidden=\"true\" class=\"fas fa-globe-americas\"><\/i>\t\t\t\t\t\t<\/span>\n\t\t\t\t\t\t\t\t\t\t<span class=\"elementor-icon-list-text\">\u00c7evre Dostu<\/span>\n\t\t\t\t\t\t\t\t\t<\/li>\n\t\t\t\t\t\t\t\t<li class=\"elementor-icon-list-item\">\n\t\t\t\t\t\t\t\t\t\t\t<span class=\"elementor-icon-list-icon\">\n\t\t\t\t\t\t\t<i aria-hidden=\"true\" class=\"fas fa-certificate\"><\/i>\t\t\t\t\t\t<\/span>\n\t\t\t\t\t\t\t\t\t\t<span class=\"elementor-icon-list-text\">Sertifikal\u0131 \u00dcr\u00fcnler<\/span>\n\t\t\t\t\t\t\t\t\t<\/li>\n\t\t\t\t\t\t\t\t<li class=\"elementor-icon-list-item\">\n\t\t\t\t\t\t\t\t\t\t\t<span class=\"elementor-icon-list-icon\">\n\t\t\t\t\t\t\t<i aria-hidden=\"true\" class=\"fas fa-bolt\"><\/i>\t\t\t\t\t\t<\/span>\n\t\t\t\t\t\t\t\t\t\t<span class=\"elementor-icon-list-text\">Enerji Tasarrufu<\/span>\n\t\t\t\t\t\t\t\t\t<\/li>\n\t\t\t\t\t\t\t\t<li class=\"elementor-icon-list-item\">\n\t\t\t\t\t\t\t\t\t\t\t<span class=\"elementor-icon-list-icon\">\n\t\t\t\t\t\t\t<i aria-hidden=\"true\" class=\"fas fa-biohazard\"><\/i>\t\t\t\t\t\t<\/span>\n\t\t\t\t\t\t\t\t\t\t<span class=\"elementor-icon-list-text\">Kanserojen madde i\u00e7ermez<\/span>\n\t\t\t\t\t\t\t\t\t<\/li>\n\t\t\t\t\t\t\t\t<li class=\"elementor-icon-list-item\">\n\t\t\t\t\t\t\t\t\t\t\t<span class=\"elementor-icon-list-icon\">\n\t\t\t\t\t\t\t<i aria-hidden=\"true\" class=\"fas fa-feather-alt\"><\/i>\t\t\t\t\t\t<\/span>\n\t\t\t\t\t\t\t\t\t\t<span class=\"elementor-icon-list-text\">Sa\u011fl\u0131k ve g\u0131da sekt\u00f6r\u00fcnde kullan\u0131labilir<\/span>\n\t\t\t\t\t\t\t\t\t<\/li>\n\t\t\t\t\t\t<\/ul>\n\t\t\t\t\t\t<\/div>\n\t\t\t\t<\/div>\n\t\t\t\t<section data-ep-wrapper-link=\"{&quot;url&quot;:&quot;http:\\\/\\\/tekoprefrigeration.com\\\/wp-content\\\/uploads\\\/2023\\\/06\\\/Controlled-Atmosphere-Door.pdf&quot;,&quot;is_external&quot;:&quot;on&quot;,&quot;nofollow&quot;:&quot;&quot;,&quot;custom_attributes&quot;:&quot;&quot;}\" style=\"cursor: pointer\" class=\"bdt-element-link elementor-section elementor-inner-section elementor-element elementor-element-71482b5 elementor-section-content-middle elementor-section-boxed elementor-section-height-default elementor-section-height-default\" data-id=\"71482b5\" data-element_type=\"section\" data-e-type=\"section\" data-settings=\"{&quot;background_background&quot;:&quot;gradient&quot;,&quot;_ha_eqh_enable&quot;:false}\">\n\t\t\t\t\t\t<div class=\"elementor-container elementor-column-gap-default\">\n\t\t\t\t\t<div class=\"elementor-column elementor-col-50 elementor-inner-column elementor-element elementor-element-7b3e82c\" data-id=\"7b3e82c\" data-element_type=\"column\" data-e-type=\"column\">\n\t\t\t<div class=\"elementor-widget-wrap elementor-element-populated\">\n\t\t\t\t\t\t<div data-ep-wrapper-link=\"{&quot;url&quot;:&quot;https:\\\/\\\/tekoprefrigeration.com\\\/wp-content\\\/uploads\\\/2023\\\/03\\\/Controlled-Atmosphere-Door.pdf&quot;,&quot;is_external&quot;:&quot;on&quot;,&quot;nofollow&quot;:&quot;&quot;,&quot;custom_attributes&quot;:&quot;&quot;}\" style=\"cursor: pointer\" class=\"bdt-element-link elementor-element elementor-element-3f2555e elementor-widget elementor-widget-html\" data-id=\"3f2555e\" data-element_type=\"widget\" data-e-type=\"widget\" data-widget_type=\"html.default\">\n\t\t\t\t<div class=\"elementor-widget-container\">\n\t\t\t\t\t<script src=\"https:\/\/unpkg.com\/@lottiefiles\/lottie-player@latest\/dist\/lottie-player.js\"><\/script>\n<lottie-player src=\"https:\/\/assets5.lottiefiles.com\/private_files\/lf30_xkvrpcwa.json\" background=\"transparent\" speed=\"1\" style=\"width: 50px; height: 50px;\" loop=\"\" autoplay=\"\"><\/lottie-player>\t\t\t\t<\/div>\n\t\t\t\t<\/div>\n\t\t\t\t\t<\/div>\n\t\t<\/div>\n\t\t\t\t<div class=\"elementor-column elementor-col-50 elementor-inner-column elementor-element elementor-element-ae5b26c\" data-id=\"ae5b26c\" data-element_type=\"column\" data-e-type=\"column\">\n\t\t\t<div class=\"elementor-widget-wrap elementor-element-populated\">\n\t\t\t\t\t\t<div class=\"elementor-element elementor-element-16f32f0 elementor-widget elementor-widget-heading\" data-id=\"16f32f0\" data-element_type=\"widget\" data-e-type=\"widget\" data-widget_type=\"heading.default\">\n\t\t\t\t<div class=\"elementor-widget-container\">\n\t\t\t\t\t<h3 class=\"elementor-heading-title elementor-size-default\">\u00dcr\u00fcn\u00fc Detayl\u0131 \u0130nceleyin<\/h3>\t\t\t\t<\/div>\n\t\t\t\t<\/div>\n\t\t\t\t\t<\/div>\n\t\t<\/div>\n\t\t\t\t\t<\/div>\n\t\t<\/section>\n\t\t\t\t<div class=\"elementor-element elementor-element-037d09b elementor-align-center elementor-widget elementor-widget-button\" data-id=\"037d09b\" data-element_type=\"widget\" data-e-type=\"widget\" id=\"offerGetClick\" data-widget_type=\"button.default\">\n\t\t\t\t<div class=\"elementor-widget-container\">\n\t\t\t\t\t\t\t\t\t<div class=\"elementor-button-wrapper\">\n\t\t\t\t\t<a class=\"elementor-button elementor-button-link elementor-size-sm\" href=\"#\">\n\t\t\t\t\t\t<span class=\"elementor-button-content-wrapper\">\n\t\t\t\t\t\t\t\t\t<span class=\"elementor-button-text\">Teklif Al\u0131n<\/span>\n\t\t\t\t\t<\/span>\n\t\t\t\t\t<\/a>\n\t\t\t\t<\/div>\n\t\t\t\t\t\t\t\t<\/div>\n\t\t\t\t<\/div>\n\t\t\t\t\t<\/div>\n\t\t<\/div>\n\t\t\t\t\t<\/div>\n\t\t<\/section>\n\t\t\t\t<section class=\"elementor-section elementor-top-section elementor-element elementor-element-00d4268 elementor-section-boxed elementor-section-height-default elementor-section-height-default\" data-id=\"00d4268\" data-element_type=\"section\" data-e-type=\"section\" data-settings=\"{&quot;_ha_eqh_enable&quot;:false}\">\n\t\t\t\t\t\t<div class=\"elementor-container elementor-column-gap-default\">\n\t\t\t\t\t<div class=\"elementor-column elementor-col-100 elementor-top-column elementor-element elementor-element-3a0bc15\" data-id=\"3a0bc15\" data-element_type=\"column\" data-e-type=\"column\">\n\t\t\t<div class=\"elementor-widget-wrap elementor-element-populated\">\n\t\t\t\t\t\t<div class=\"elementor-element elementor-element-6126378 elementor-tabs-alignment-stretch elementor-tabs-view-horizontal elementor-widget elementor-widget-tabs\" data-id=\"6126378\" data-element_type=\"widget\" data-e-type=\"widget\" data-widget_type=\"tabs.default\">\n\t\t\t\t<div class=\"elementor-widget-container\">\n\t\t\t\t\t\t\t<div class=\"elementor-tabs\">\n\t\t\t<div class=\"elementor-tabs-wrapper\" role=\"tablist\" >\n\t\t\t\t\t\t\t\t\t<div id=\"elementor-tab-title-1011\" class=\"elementor-tab-title elementor-tab-desktop-title\" aria-selected=\"true\" data-tab=\"1\" role=\"tab\" tabindex=\"0\" aria-controls=\"elementor-tab-content-1011\" aria-expanded=\"false\">Genel \u00d6zellikler<\/div>\n\t\t\t\t\t\t\t\t\t<div id=\"elementor-tab-title-1012\" class=\"elementor-tab-title elementor-tab-desktop-title\" aria-selected=\"false\" data-tab=\"2\" role=\"tab\" tabindex=\"-1\" aria-controls=\"elementor-tab-content-1012\" aria-expanded=\"false\">Teknik \u00d6zellikler<\/div>\n\t\t\t\t\t\t\t<\/div>\n\t\t\t<div class=\"elementor-tabs-content-wrapper\" role=\"tablist\" aria-orientation=\"vertical\">\n\t\t\t\t\t\t\t\t\t<div class=\"elementor-tab-title elementor-tab-mobile-title\" aria-selected=\"true\" data-tab=\"1\" role=\"tab\" tabindex=\"0\" aria-controls=\"elementor-tab-content-1011\" aria-expanded=\"false\">Genel \u00d6zellikler<\/div>\n\t\t\t\t\t<div id=\"elementor-tab-content-1011\" class=\"elementor-tab-content elementor-clearfix\" data-tab=\"1\" role=\"tabpanel\" aria-labelledby=\"elementor-tab-title-1011\" tabindex=\"0\" hidden=\"false\"><p>Atmosfer kontroll\u00fc so\u011fuk depo kap\u0131lar\u0131 olarak mevcuttur. \u00d6zel kapal\u0131 h\u00fccreli k\u00f6p\u00fck contalar\u0131 ve paslanmaz eksantrik kilit sistemleri sayesinde hava s\u0131zd\u0131rmazl\u0131\u011f\u0131 sa\u011flar. Bu kap\u0131lar cam kontrol b\u00f6l\u00fcm\u00fcne sahiptir ve bu b\u00f6l\u00fcm do\u011frudan so\u011fuk oda duvar\u0131na monte edilebilir. Kap\u0131 kanatlar\u0131m\u0131z monoblok olarak \u00fcretilmektedir. \u00c7er\u00e7eve, anodize al\u00fcminyum profiller, po\u015fet ve t\u00fcm i\u00e7 destek po\u015fetleri a\u015f\u0131r\u0131 \u0131s\u0131 olu\u015fturmayacak \u015fekilde birle\u015ftirilir ve bu b\u00f6l\u00fcmlerden poli\u00fcretanlar biriktirilerek monolitik bir mukavemet elde edilir.    <\/p>\n<\/div>\n\t\t\t\t\t\t\t\t\t<div class=\"elementor-tab-title elementor-tab-mobile-title\" aria-selected=\"false\" data-tab=\"2\" role=\"tab\" tabindex=\"-1\" aria-controls=\"elementor-tab-content-1012\" aria-expanded=\"false\">Teknik \u00d6zellikler<\/div>\n\t\t\t\t\t<div id=\"elementor-tab-content-1012\" class=\"elementor-tab-content elementor-clearfix\" data-tab=\"2\" role=\"tabpanel\" aria-labelledby=\"elementor-tab-title-1012\" tabindex=\"0\" hidden=\"hidden\"><table width=\"100%\">\n<tbody>\n<tr>\n<td>\n<p>Kap\u0131 \u00c7er\u00e7evesi :<\/p>\n<\/td>\n<td>\n<p>PVC &#8211; Al\u00fcminyum &#8211; CrNi<\/p>\n<\/td>\n<\/tr>\n<tr>\n<td>\n<p>Yaprak \u00c7er\u00e7eve \u00d6zellikleri :<\/p>\n<\/td>\n<td>\n<p>6063 S\u0131n\u0131f Al\u00fcminyum<\/p>\n<\/td>\n<\/tr>\n<tr>\n<td>\n<p>Kap\u0131 Yal\u0131t\u0131m Seviyesi :<\/p>\n<\/td>\n<td>\n<p>42-45gr\/cm3<\/p>\n<\/td>\n<\/tr>\n<tr>\n<td>\n<p>Y\u00fczey Malzeme \u00c7e\u015fitleri :<\/p>\n<\/td>\n<td>\n<p>Polyester-PVC-CrNi<\/p>\n<\/td>\n<\/tr>\n<tr>\n<td>\n<p>Renk :<\/p>\n<\/td>\n<td>\n<p>RAL 9002  <\/p>\n<\/td>\n<\/tr>\n<tr>\n<td>\n<p>Desen:<\/p>\n<\/td>\n<td>\n<p>D\u00fcz<\/p>\n<\/td>\n<\/tr>\n<tr>\n<td>\n<p>\u0130zolasyon :<\/p>\n<\/td>\n<td>\n<p>Poli\u00fcretan<\/p>\n<\/td>\n<\/tr>\n<tr>\n<td>\n<p>Sac Kal\u0131nl\u0131\u011f\u0131 (mm) :<\/p>\n<\/td>\n<td>\n<p>\u0130\u00e7 0,50 mm D\u0131\u015f 0,50 mm<\/p>\n<\/td>\n<\/tr>\n<tr>\n<td>\n<p>Se\u00e7enekler :<\/p>\n<p>Kap\u0131 inceli\u011fi (cm) :<\/p>\n<\/td>\n<td>\n<p>Silikon Direnci (Dondurucu Odalar\u0131 i\u00e7in)<\/p>\n<p>9 cm so\u011futucu, 12 cm dondurucu<\/p>\n<\/td>\n<\/tr>\n<\/tbody>\n<\/table>\n<\/div>\n\t\t\t\t\t\t\t<\/div>\n\t\t<\/div>\n\t\t\t\t\t\t<\/div>\n\t\t\t\t<\/div>\n\t\t\t\t\t<\/div>\n\t\t<\/div>\n\t\t\t\t\t<\/div>\n\t\t<\/section>\n\t\t\t\t<\/div>\n\t\t","protected":false},"excerpt":{"rendered":"<p>Kontroll\u00fc Atmosfer So\u011fuk Oda Kap\u0131s\u0131 Kontroll\u00fc Atmosfer So\u011fuk Oda Kap\u0131m\u0131z, kontroll\u00fc atmosfer depolama ortamlar\u0131n\u0131n \u00f6zel gereksinimlerini kar\u015f\u0131lamak i\u00e7in tasarlanm\u0131\u015f son teknoloji bir [&hellip;]<\/p>\n","protected":false},"author":1,"featured_media":0,"parent":0,"menu_order":0,"comment_status":"closed","ping_status":"closed","template":"","meta":{"footnotes":""},"class_list":["post-4698","page","type-page","status-publish","hentry"],"_links":{"self":[{"href":"https:\/\/tekoprefrigeration.com\/tr\/wp-json\/wp\/v2\/pages\/4698","targetHints":{"allow":["GET"]}}],"collection":[{"href":"https:\/\/tekoprefrigeration.com\/tr\/wp-json\/wp\/v2\/pages"}],"about":[{"href":"https:\/\/tekoprefrigeration.com\/tr\/wp-json\/wp\/v2\/types\/page"}],"author":[{"embeddable":true,"href":"https:\/\/tekoprefrigeration.com\/tr\/wp-json\/wp\/v2\/users\/1"}],"replies":[{"embeddable":true,"href":"https:\/\/tekoprefrigeration.com\/tr\/wp-json\/wp\/v2\/comments?post=4698"}],"version-history":[{"count":5,"href":"https:\/\/tekoprefrigeration.com\/tr\/wp-json\/wp\/v2\/pages\/4698\/revisions"}],"predecessor-version":[{"id":11953,"href":"https:\/\/tekoprefrigeration.com\/tr\/wp-json\/wp\/v2\/pages\/4698\/revisions\/11953"}],"wp:attachment":[{"href":"https:\/\/tekoprefrigeration.com\/tr\/wp-json\/wp\/v2\/media?parent=4698"}],"curies":[{"name":"wp","href":"https:\/\/api.w.org\/{rel}","templated":true}]}}