{"id":4695,"date":"2023-03-27T06:52:19","date_gmt":"2023-03-27T06:52:19","guid":{"rendered":"https:\/\/tekoprefrigeration.com\/soguk-oda-panelleri\/"},"modified":"2025-09-22T08:45:11","modified_gmt":"2025-09-22T08:45:11","slug":"soguk-oda-panelleri","status":"publish","type":"page","link":"https:\/\/tekoprefrigeration.com\/tr\/soguk-oda-panelleri\/","title":{"rendered":"So\u011fuk Oda Panelleri"},"content":{"rendered":"\t\t<div data-elementor-type=\"wp-page\" data-elementor-id=\"4695\" class=\"elementor elementor-4695 elementor-836\" data-elementor-settings=\"{&quot;ha_cmc_init_switcher&quot;:&quot;no&quot;}\">\n\t\t\t\t<div class=\"elementor-element elementor-element-75ea3bd e-flex e-con-boxed e-con e-parent\" data-id=\"75ea3bd\" data-element_type=\"container\" data-e-type=\"container\" data-settings=\"{&quot;background_background&quot;:&quot;classic&quot;,&quot;_ha_eqh_enable&quot;:false}\">\n\t\t\t\t\t<div class=\"e-con-inner\">\n\t\t<div class=\"elementor-element elementor-element-0f6ec98 e-con-full e-flex e-con e-child\" data-id=\"0f6ec98\" data-element_type=\"container\" data-e-type=\"container\" data-settings=\"{&quot;background_background&quot;:&quot;classic&quot;,&quot;_ha_eqh_enable&quot;:false}\">\n\t\t\t\t<div class=\"elementor-element elementor-element-8679900 elementor-widget__width-initial elementor-widget-tablet__width-inherit elementor-widget elementor-widget-elementskit-heading\" data-id=\"8679900\" data-element_type=\"widget\" data-e-type=\"widget\" data-widget_type=\"elementskit-heading.default\">\n\t\t\t\t<div class=\"elementor-widget-container\">\n\t\t\t\t\t<div class=\"ekit-wid-con\" ><div class=\"ekit-heading elementskit-section-title-wraper text_left   ekit_heading_tablet-   ekit_heading_mobile-\"><h4 class=\"elementskit-section-subtitle  \">\n\t\t\t\t\t\tTekop Refrigeration\n\t\t\t\t\t<\/h4><h2 class=\"ekit-heading--title elementskit-section-title \">So\u011fuk Oda Panelleri<\/h2><\/div><\/div>\t\t\t\t<\/div>\n\t\t\t\t<\/div>\n\t\t<div class=\"elementor-element elementor-element-f1c3dcf e-con-full e-grid e-con e-child\" data-id=\"f1c3dcf\" data-element_type=\"container\" data-e-type=\"container\" data-settings=\"{&quot;_ha_eqh_enable&quot;:false}\">\n\t\t\t\t<div class=\"elementor-element elementor-element-5dc2ce5 ekit-equal-height-disable elementor-widget elementor-widget-elementskit-image-box\" data-id=\"5dc2ce5\" data-element_type=\"widget\" data-e-type=\"widget\" data-widget_type=\"elementskit-image-box.default\">\n\t\t\t\t<div class=\"elementor-widget-container\">\n\t\t\t\t\t<div class=\"ekit-wid-con\" >\n            <div class=\"elementskit-info-image-box ekit-image-box text-left simple-card\" >\n\n                <a href=\"https:\/\/tekoprefrigeration.com\/tr\/soguk-oda-paneli\/\">\n                <div class=\"elementskit-box-header image-box-img-left\">\n\n                    <img fetchpriority=\"high\" decoding=\"async\" width=\"1024\" height=\"1024\" src=\"https:\/\/tekoprefrigeration.com\/wp-content\/uploads\/2023\/04\/cold-room-panel.png\" class=\"attachment-full size-full wp-image-1041\" alt=\"cold-room-panel\" srcset=\"https:\/\/tekoprefrigeration.com\/wp-content\/uploads\/2023\/04\/cold-room-panel.png 1024w, https:\/\/tekoprefrigeration.com\/wp-content\/uploads\/2023\/04\/cold-room-panel-300x300.png 300w, https:\/\/tekoprefrigeration.com\/wp-content\/uploads\/2023\/04\/cold-room-panel-150x150.png 150w, https:\/\/tekoprefrigeration.com\/wp-content\/uploads\/2023\/04\/cold-room-panel-768x768.png 768w, https:\/\/tekoprefrigeration.com\/wp-content\/uploads\/2023\/04\/cold-room-panel-650x650.png 650w\" sizes=\"(max-width: 1024px) 100vw, 1024px\" \/>\n                <\/div>\n                <\/a>\n                <div class=\"elementskit-box-body ekit-image-box-body\">\n                    <div class=\"elementskit-box-content ekit-image-box-body-inner\">\n                                                <h3 class=\"elementskit-info-box-title\">\n\n                        So\u011fuk Oda Paneli\n                        \n                    <\/h3>\n                                                        <\/div>\n\n                                <div class=\"elementskit-box-footer\">\n                    <div class=\"box-footer\">\n                        <div class=\"btn-wraper\">\n                                                            <a href=\"https:\/\/tekoprefrigeration.com\/tr\/soguk-oda-paneli\/\" target=\"_blank\" class=\"elementskit-btn whitespace--normal\">\n                                    \n                                    \n                                    View Products                                <\/a>\n                                                        <\/div>\n                    <\/div>\n                <\/div>\n                            <\/div>\n            <\/div>\n    <\/div>\t\t\t\t<\/div>\n\t\t\t\t<\/div>\n\t\t\t\t<div class=\"elementor-element elementor-element-094cc94 ekit-equal-height-disable elementor-widget elementor-widget-elementskit-image-box\" data-id=\"094cc94\" data-element_type=\"widget\" data-e-type=\"widget\" data-widget_type=\"elementskit-image-box.default\">\n\t\t\t\t<div class=\"elementor-widget-container\">\n\t\t\t\t\t<div class=\"ekit-wid-con\" >\n            <div class=\"elementskit-info-image-box ekit-image-box text-left simple-card\" >\n\n                <a href=\"https:\/\/tekoprefrigeration.com\/tr\/soguk-oda-paneli-pir\/\">\n                <div class=\"elementskit-box-header image-box-img-left\">\n\n                    <img fetchpriority=\"high\" decoding=\"async\" width=\"1024\" height=\"1024\" src=\"https:\/\/tekoprefrigeration.com\/wp-content\/uploads\/2023\/04\/cold-room-panel.png\" class=\"attachment-full size-full wp-image-1041\" alt=\"cold-room-panel\" srcset=\"https:\/\/tekoprefrigeration.com\/wp-content\/uploads\/2023\/04\/cold-room-panel.png 1024w, https:\/\/tekoprefrigeration.com\/wp-content\/uploads\/2023\/04\/cold-room-panel-300x300.png 300w, https:\/\/tekoprefrigeration.com\/wp-content\/uploads\/2023\/04\/cold-room-panel-150x150.png 150w, https:\/\/tekoprefrigeration.com\/wp-content\/uploads\/2023\/04\/cold-room-panel-768x768.png 768w, https:\/\/tekoprefrigeration.com\/wp-content\/uploads\/2023\/04\/cold-room-panel-650x650.png 650w\" sizes=\"(max-width: 1024px) 100vw, 1024px\" \/>\n                <\/div>\n                <\/a>\n                <div class=\"elementskit-box-body ekit-image-box-body\">\n                    <div class=\"elementskit-box-content ekit-image-box-body-inner\">\n                                                <h3 class=\"elementskit-info-box-title\">\n\n                        So\u011fuk Oda Paneli (PIR)\n                        \n                    <\/h3>\n                                                        <\/div>\n\n                                <div class=\"elementskit-box-footer\">\n                    <div class=\"box-footer\">\n                        <div class=\"btn-wraper\">\n                                                            <a href=\"https:\/\/tekoprefrigeration.com\/tr\/soguk-oda-paneli-pir\/\" target=\"_blank\" class=\"elementskit-btn whitespace--normal\">\n                                    \n                                    \n                                    View Products                                <\/a>\n                                                        <\/div>\n                    <\/div>\n                <\/div>\n                            <\/div>\n            <\/div>\n    <\/div>\t\t\t\t<\/div>\n\t\t\t\t<\/div>\n\t\t\t\t<div class=\"elementor-element elementor-element-50d5560 ekit-equal-height-disable elementor-widget elementor-widget-elementskit-image-box\" data-id=\"50d5560\" data-element_type=\"widget\" data-e-type=\"widget\" data-widget_type=\"elementskit-image-box.default\">\n\t\t\t\t<div class=\"elementor-widget-container\">\n\t\t\t\t\t<div class=\"ekit-wid-con\" >\n            <div class=\"elementskit-info-image-box ekit-image-box text-left simple-card\" >\n\n                <a href=\"https:\/\/tekoprefrigeration.com\/tr\/kilitli-soguk-oda-paneli\/\">\n                <div class=\"elementskit-box-header image-box-img-left\">\n\n                    <img decoding=\"async\" width=\"1024\" height=\"1024\" src=\"https:\/\/tekoprefrigeration.com\/wp-content\/uploads\/2023\/05\/camlock-cold-room-panel.png\" class=\"attachment-full size-full wp-image-1345\" alt=\"camlock-cold-room-panel\" srcset=\"https:\/\/tekoprefrigeration.com\/wp-content\/uploads\/2023\/05\/camlock-cold-room-panel.png 1024w, https:\/\/tekoprefrigeration.com\/wp-content\/uploads\/2023\/05\/camlock-cold-room-panel-300x300.png 300w, https:\/\/tekoprefrigeration.com\/wp-content\/uploads\/2023\/05\/camlock-cold-room-panel-150x150.png 150w, https:\/\/tekoprefrigeration.com\/wp-content\/uploads\/2023\/05\/camlock-cold-room-panel-768x768.png 768w, https:\/\/tekoprefrigeration.com\/wp-content\/uploads\/2023\/05\/camlock-cold-room-panel-650x650.png 650w\" sizes=\"(max-width: 1024px) 100vw, 1024px\" \/>\n                <\/div>\n                <\/a>\n                <div class=\"elementskit-box-body ekit-image-box-body\">\n                    <div class=\"elementskit-box-content ekit-image-box-body-inner\">\n                                                <h3 class=\"elementskit-info-box-title\">\n\n                        Camlock So\u011fuk Oda Paneli\n                        \n                    <\/h3>\n                                                        <\/div>\n\n                                <div class=\"elementskit-box-footer\">\n                    <div class=\"box-footer\">\n                        <div class=\"btn-wraper\">\n                                                            <a href=\"https:\/\/tekoprefrigeration.com\/tr\/kilitli-soguk-oda-paneli\/\" target=\"_blank\" class=\"elementskit-btn whitespace--normal\">\n                                    \n                                    \n                                    View Products                                <\/a>\n                                                        <\/div>\n                    <\/div>\n                <\/div>\n                            <\/div>\n            <\/div>\n    <\/div>\t\t\t\t<\/div>\n\t\t\t\t<\/div>\n\t\t\t\t<div class=\"elementor-element elementor-element-f998c94 ekit-equal-height-disable elementor-widget elementor-widget-elementskit-image-box\" data-id=\"f998c94\" data-element_type=\"widget\" data-e-type=\"widget\" data-widget_type=\"elementskit-image-box.default\">\n\t\t\t\t<div class=\"elementor-widget-container\">\n\t\t\t\t\t<div class=\"ekit-wid-con\" >\n            <div class=\"elementskit-info-image-box ekit-image-box text-left simple-card\" >\n\n                <a href=\"https:\/\/tekoprefrigeration.com\/tr\/soguk-oda-yalitim-zemin-panelleri\/\">\n                <div class=\"elementskit-box-header image-box-img-left\">\n\n                    <img decoding=\"async\" width=\"1024\" height=\"1024\" src=\"https:\/\/tekoprefrigeration.com\/wp-content\/uploads\/2023\/05\/cold-room-floor-panel.png\" class=\"attachment-full size-full wp-image-1377\" alt=\"cold-room-floor-panel\" srcset=\"https:\/\/tekoprefrigeration.com\/wp-content\/uploads\/2023\/05\/cold-room-floor-panel.png 1024w, https:\/\/tekoprefrigeration.com\/wp-content\/uploads\/2023\/05\/cold-room-floor-panel-300x300.png 300w, https:\/\/tekoprefrigeration.com\/wp-content\/uploads\/2023\/05\/cold-room-floor-panel-150x150.png 150w, https:\/\/tekoprefrigeration.com\/wp-content\/uploads\/2023\/05\/cold-room-floor-panel-768x768.png 768w, https:\/\/tekoprefrigeration.com\/wp-content\/uploads\/2023\/05\/cold-room-floor-panel-650x650.png 650w\" sizes=\"(max-width: 1024px) 100vw, 1024px\" \/>\n                <\/div>\n                <\/a>\n                <div class=\"elementskit-box-body ekit-image-box-body\">\n                    <div class=\"elementskit-box-content ekit-image-box-body-inner\">\n                                                <h3 class=\"elementskit-info-box-title\">\n\n                        So\u011fuk Oda Yal\u0131t\u0131m Zemin Panelleri\n                        \n                    <\/h3>\n                                                        <\/div>\n\n                                <div class=\"elementskit-box-footer\">\n                    <div class=\"box-footer\">\n                        <div class=\"btn-wraper\">\n                                                            <a href=\"https:\/\/tekoprefrigeration.com\/tr\/soguk-oda-yalitim-zemin-panelleri\/\" target=\"_blank\" class=\"elementskit-btn whitespace--normal\">\n                                    \n                                    \n                                    View Products                                <\/a>\n                                                        <\/div>\n                    <\/div>\n                <\/div>\n                            <\/div>\n            <\/div>\n    <\/div>\t\t\t\t<\/div>\n\t\t\t\t<\/div>\n\t\t\t\t<\/div>\n\t\t\t\t<\/div>\n\t\t\t\t\t<\/div>\n\t\t\t\t<\/div>\n\t\t\t\t<\/div>\n\t\t","protected":false},"excerpt":{"rendered":"<p>Tekop Refrigeration So\u011fuk Oda Panelleri So\u011fuk Oda Paneli View Products So\u011fuk Oda Paneli (PIR) View Products Camlock So\u011fuk Oda Paneli View Products [&hellip;]<\/p>\n","protected":false},"author":1,"featured_media":0,"parent":0,"menu_order":0,"comment_status":"closed","ping_status":"closed","template":"","meta":{"footnotes":""},"class_list":["post-4695","page","type-page","status-publish","hentry"],"_links":{"self":[{"href":"https:\/\/tekoprefrigeration.com\/tr\/wp-json\/wp\/v2\/pages\/4695","targetHints":{"allow":["GET"]}}],"collection":[{"href":"https:\/\/tekoprefrigeration.com\/tr\/wp-json\/wp\/v2\/pages"}],"about":[{"href":"https:\/\/tekoprefrigeration.com\/tr\/wp-json\/wp\/v2\/types\/page"}],"author":[{"embeddable":true,"href":"https:\/\/tekoprefrigeration.com\/tr\/wp-json\/wp\/v2\/users\/1"}],"replies":[{"embeddable":true,"href":"https:\/\/tekoprefrigeration.com\/tr\/wp-json\/wp\/v2\/comments?post=4695"}],"version-history":[{"count":42,"href":"https:\/\/tekoprefrigeration.com\/tr\/wp-json\/wp\/v2\/pages\/4695\/revisions"}],"predecessor-version":[{"id":11101,"href":"https:\/\/tekoprefrigeration.com\/tr\/wp-json\/wp\/v2\/pages\/4695\/revisions\/11101"}],"wp:attachment":[{"href":"https:\/\/tekoprefrigeration.com\/tr\/wp-json\/wp\/v2\/media?parent=4695"}],"curies":[{"name":"wp","href":"https:\/\/api.w.org\/{rel}","templated":true}]}}