{"id":4674,"date":"2023-03-24T09:02:19","date_gmt":"2023-03-24T09:02:19","guid":{"rendered":"https:\/\/tekoprefrigeration.com\/soguk-oda-seksiyonel-kapisi\/"},"modified":"2025-10-30T13:28:40","modified_gmt":"2025-10-30T13:28:40","slug":"seksiyonel-soguk-oda-kapisi","status":"publish","type":"page","link":"https:\/\/tekoprefrigeration.com\/tr\/seksiyonel-soguk-oda-kapisi\/","title":{"rendered":"So\u011fuk Oda Seksiyonel Kap\u0131s\u0131"},"content":{"rendered":"\t\t<div data-elementor-type=\"wp-page\" data-elementor-id=\"4674\" class=\"elementor elementor-4674 elementor-773\" data-elementor-settings=\"{&quot;ha_cmc_init_switcher&quot;:&quot;no&quot;}\">\n\t\t\t\t\t\t<section class=\"elementor-section elementor-top-section elementor-element elementor-element-22bd3dc elementor-section-content-middle elementor-section-boxed elementor-section-height-default elementor-section-height-default\" data-id=\"22bd3dc\" data-element_type=\"section\" data-e-type=\"section\" data-settings=\"{&quot;_ha_eqh_enable&quot;:false}\">\n\t\t\t\t\t\t<div class=\"elementor-container elementor-column-gap-default\">\n\t\t\t\t\t<div class=\"elementor-column elementor-col-50 elementor-top-column elementor-element elementor-element-7374f5be\" data-id=\"7374f5be\" data-element_type=\"column\" data-e-type=\"column\">\n\t\t\t<div class=\"elementor-widget-wrap elementor-element-populated\">\n\t\t\t\t\t\t<div class=\"elementor-element elementor-element-144f306e elementor-widget elementor-widget-image\" data-id=\"144f306e\" data-element_type=\"widget\" data-e-type=\"widget\" data-widget_type=\"image.default\">\n\t\t\t\t<div class=\"elementor-widget-container\">\n\t\t\t\t\t\t\t\t\t\t\t\t\t\t\t<img fetchpriority=\"high\" decoding=\"async\" width=\"768\" height=\"768\" src=\"https:\/\/tekoprefrigeration.com\/wp-content\/uploads\/2023\/04\/Sectional-Doors-768x768.png\" class=\"attachment-medium_large size-medium_large wp-image-4205\" alt=\"Sectional Doors\" srcset=\"https:\/\/tekoprefrigeration.com\/wp-content\/uploads\/2023\/04\/Sectional-Doors-768x768.png.webp 768w, https:\/\/tekoprefrigeration.com\/wp-content\/uploads\/2023\/04\/Sectional-Doors-300x300.png.webp 300w, https:\/\/tekoprefrigeration.com\/wp-content\/uploads\/2023\/04\/Sectional-Doors-150x150.png.webp 150w, https:\/\/tekoprefrigeration.com\/wp-content\/uploads\/2023\/04\/Sectional-Doors-650x650.png.webp 650w, https:\/\/tekoprefrigeration.com\/wp-content\/uploads\/2023\/04\/Sectional-Doors.png.webp 1024w\" sizes=\"(max-width: 768px) 100vw, 768px\" \/>\t\t\t\t\t\t\t\t\t\t\t\t\t\t\t<\/div>\n\t\t\t\t<\/div>\n\t\t\t\t\t<\/div>\n\t\t<\/div>\n\t\t\t\t<div class=\"elementor-column elementor-col-50 elementor-top-column elementor-element elementor-element-1d83dc96\" data-id=\"1d83dc96\" data-element_type=\"column\" data-e-type=\"column\">\n\t\t\t<div class=\"elementor-widget-wrap elementor-element-populated\">\n\t\t\t\t\t\t<div class=\"elementor-element elementor-element-17bcad39 elementor-widget elementor-widget-heading\" data-id=\"17bcad39\" data-element_type=\"widget\" data-e-type=\"widget\" data-widget_type=\"heading.default\">\n\t\t\t\t<div class=\"elementor-widget-container\">\n\t\t\t\t\t<h1 class=\"elementor-heading-title elementor-size-default\">So\u011fuk Oda Seksiyonel Kap\u0131s\u0131\n<\/h1>\t\t\t\t<\/div>\n\t\t\t\t<\/div>\n\t\t\t\t<div class=\"elementor-element elementor-element-4acc8725 elementor-widget elementor-widget-text-editor\" data-id=\"4acc8725\" data-element_type=\"widget\" data-e-type=\"widget\" data-widget_type=\"text-editor.default\">\n\t\t\t\t<div class=\"elementor-widget-container\">\n\t\t\t\t\t\t\t\t\t<p>So\u011fuk Oda Seksiyonel Kap\u0131s\u0131, so\u011fuk depolama tesisleri ve end\u00fcstriyel ortamlar i\u00e7in tasarlanm\u0131\u015f \u00e7ok y\u00f6nl\u00fc ve verimli bir \u00e7\u00f6z\u00fcmd\u00fcr. Bu kap\u0131, s\u0131cakl\u0131k kontroll\u00fc alanlar\u0131n taleplerini kar\u015f\u0131lamak i\u00e7in sa\u011flam yap\u0131, m\u00fckemmel yal\u0131t\u0131m ve kullan\u0131m kolayl\u0131\u011f\u0131n\u0131 bir araya getirir. Seksiyonel tasar\u0131m\u0131 ile kap\u0131m\u0131z alan kullan\u0131m\u0131n\u0131 en \u00fcst d\u00fczeye \u00e7\u0131kar\u0131r ve verimli \u00e7al\u0131\u015fmaya olanak tan\u0131r. Kap\u0131, ba\u011f\u0131ms\u0131z hareket sa\u011flayan mente\u015felerle birbirine ba\u011flanan birden fazla yatay b\u00f6l\u00fcme ayr\u0131lm\u0131\u015ft\u0131r.     <\/p>\t\t\t\t\t\t\t\t<\/div>\n\t\t\t\t<\/div>\n\t\t\t\t<div class=\"elementor-element elementor-element-5aebbd7b elementor-align-start elementor-icon-list--layout-traditional elementor-list-item-link-full_width elementor-widget elementor-widget-icon-list\" data-id=\"5aebbd7b\" data-element_type=\"widget\" data-e-type=\"widget\" data-widget_type=\"icon-list.default\">\n\t\t\t\t<div class=\"elementor-widget-container\">\n\t\t\t\t\t\t\t<ul class=\"elementor-icon-list-items\">\n\t\t\t\t\t\t\t<li class=\"elementor-icon-list-item\">\n\t\t\t\t\t\t\t\t\t\t\t<span class=\"elementor-icon-list-icon\">\n\t\t\t\t\t\t\t<i aria-hidden=\"true\" class=\"fas fa-globe-americas\"><\/i>\t\t\t\t\t\t<\/span>\n\t\t\t\t\t\t\t\t\t\t<span class=\"elementor-icon-list-text\">\u00c7evre Dostu<\/span>\n\t\t\t\t\t\t\t\t\t<\/li>\n\t\t\t\t\t\t\t\t<li class=\"elementor-icon-list-item\">\n\t\t\t\t\t\t\t\t\t\t\t<span class=\"elementor-icon-list-icon\">\n\t\t\t\t\t\t\t<i aria-hidden=\"true\" class=\"fas fa-certificate\"><\/i>\t\t\t\t\t\t<\/span>\n\t\t\t\t\t\t\t\t\t\t<span class=\"elementor-icon-list-text\">Sertifikal\u0131 \u00dcr\u00fcnler<\/span>\n\t\t\t\t\t\t\t\t\t<\/li>\n\t\t\t\t\t\t\t\t<li class=\"elementor-icon-list-item\">\n\t\t\t\t\t\t\t\t\t\t\t<span class=\"elementor-icon-list-icon\">\n\t\t\t\t\t\t\t<i aria-hidden=\"true\" class=\"fas fa-bolt\"><\/i>\t\t\t\t\t\t<\/span>\n\t\t\t\t\t\t\t\t\t\t<span class=\"elementor-icon-list-text\">Enerji Tasarrufu<\/span>\n\t\t\t\t\t\t\t\t\t<\/li>\n\t\t\t\t\t\t\t\t<li class=\"elementor-icon-list-item\">\n\t\t\t\t\t\t\t\t\t\t\t<span class=\"elementor-icon-list-icon\">\n\t\t\t\t\t\t\t<i aria-hidden=\"true\" class=\"fas fa-biohazard\"><\/i>\t\t\t\t\t\t<\/span>\n\t\t\t\t\t\t\t\t\t\t<span class=\"elementor-icon-list-text\">Kanserojen madde i\u00e7ermez<\/span>\n\t\t\t\t\t\t\t\t\t<\/li>\n\t\t\t\t\t\t\t\t<li class=\"elementor-icon-list-item\">\n\t\t\t\t\t\t\t\t\t\t\t<span class=\"elementor-icon-list-icon\">\n\t\t\t\t\t\t\t<i aria-hidden=\"true\" class=\"fas fa-feather-alt\"><\/i>\t\t\t\t\t\t<\/span>\n\t\t\t\t\t\t\t\t\t\t<span class=\"elementor-icon-list-text\">Sa\u011fl\u0131k ve g\u0131da sekt\u00f6r\u00fcnde kullan\u0131labilir<\/span>\n\t\t\t\t\t\t\t\t\t<\/li>\n\t\t\t\t\t\t<\/ul>\n\t\t\t\t\t\t<\/div>\n\t\t\t\t<\/div>\n\t\t\t\t<section data-ep-wrapper-link=\"{&quot;url&quot;:&quot;http:\\\/\\\/tekoprefrigeration.com\\\/wp-content\\\/uploads\\\/2023\\\/06\\\/Sectional-Doors.pdf&quot;,&quot;is_external&quot;:&quot;on&quot;,&quot;nofollow&quot;:&quot;&quot;,&quot;custom_attributes&quot;:&quot;&quot;}\" style=\"cursor: pointer\" class=\"bdt-element-link elementor-section elementor-inner-section elementor-element elementor-element-71482b5 elementor-section-content-middle elementor-section-boxed elementor-section-height-default elementor-section-height-default\" data-id=\"71482b5\" data-element_type=\"section\" data-e-type=\"section\" data-settings=\"{&quot;background_background&quot;:&quot;gradient&quot;,&quot;_ha_eqh_enable&quot;:false}\">\n\t\t\t\t\t\t<div class=\"elementor-container elementor-column-gap-default\">\n\t\t\t\t\t<div class=\"elementor-column elementor-col-50 elementor-inner-column elementor-element elementor-element-7b3e82c\" data-id=\"7b3e82c\" data-element_type=\"column\" data-e-type=\"column\">\n\t\t\t<div class=\"elementor-widget-wrap elementor-element-populated\">\n\t\t\t\t\t\t<div data-ep-wrapper-link=\"{&quot;url&quot;:&quot;https:\\\/\\\/tekoprefrigeration.com\\\/wp-content\\\/uploads\\\/2023\\\/03\\\/Sectional-Doors.pdf&quot;,&quot;is_external&quot;:&quot;on&quot;,&quot;nofollow&quot;:&quot;&quot;,&quot;custom_attributes&quot;:&quot;&quot;}\" style=\"cursor: pointer\" class=\"bdt-element-link elementor-element elementor-element-3f2555e elementor-widget elementor-widget-html\" data-id=\"3f2555e\" data-element_type=\"widget\" data-e-type=\"widget\" data-widget_type=\"html.default\">\n\t\t\t\t<div class=\"elementor-widget-container\">\n\t\t\t\t\t<script src=\"https:\/\/unpkg.com\/@lottiefiles\/lottie-player@latest\/dist\/lottie-player.js\"><\/script>\n<lottie-player src=\"https:\/\/assets5.lottiefiles.com\/private_files\/lf30_xkvrpcwa.json\" background=\"transparent\" speed=\"1\" style=\"width: 50px; height: 50px;\" loop=\"\" autoplay=\"\"><\/lottie-player>\t\t\t\t<\/div>\n\t\t\t\t<\/div>\n\t\t\t\t\t<\/div>\n\t\t<\/div>\n\t\t\t\t<div class=\"elementor-column elementor-col-50 elementor-inner-column elementor-element elementor-element-ae5b26c\" data-id=\"ae5b26c\" data-element_type=\"column\" data-e-type=\"column\">\n\t\t\t<div class=\"elementor-widget-wrap elementor-element-populated\">\n\t\t\t\t\t\t<div class=\"elementor-element elementor-element-16f32f0 elementor-widget elementor-widget-heading\" data-id=\"16f32f0\" data-element_type=\"widget\" data-e-type=\"widget\" data-widget_type=\"heading.default\">\n\t\t\t\t<div class=\"elementor-widget-container\">\n\t\t\t\t\t<h3 class=\"elementor-heading-title elementor-size-default\">\u00dcr\u00fcn\u00fc Detayl\u0131 \u0130nceleyin<\/h3>\t\t\t\t<\/div>\n\t\t\t\t<\/div>\n\t\t\t\t\t<\/div>\n\t\t<\/div>\n\t\t\t\t\t<\/div>\n\t\t<\/section>\n\t\t\t\t<div class=\"elementor-element elementor-element-5c71b88 elementor-align-center elementor-widget elementor-widget-button\" data-id=\"5c71b88\" data-element_type=\"widget\" data-e-type=\"widget\" id=\"offerGetClick\" data-widget_type=\"button.default\">\n\t\t\t\t<div class=\"elementor-widget-container\">\n\t\t\t\t\t\t\t\t\t<div class=\"elementor-button-wrapper\">\n\t\t\t\t\t<a class=\"elementor-button elementor-button-link elementor-size-sm\" href=\"#\">\n\t\t\t\t\t\t<span class=\"elementor-button-content-wrapper\">\n\t\t\t\t\t\t\t\t\t<span class=\"elementor-button-text\">Teklif Al\u0131n<\/span>\n\t\t\t\t\t<\/span>\n\t\t\t\t\t<\/a>\n\t\t\t\t<\/div>\n\t\t\t\t\t\t\t\t<\/div>\n\t\t\t\t<\/div>\n\t\t\t\t\t<\/div>\n\t\t<\/div>\n\t\t\t\t\t<\/div>\n\t\t<\/section>\n\t\t\t\t<section class=\"elementor-section elementor-top-section elementor-element elementor-element-00d4268 elementor-section-boxed elementor-section-height-default elementor-section-height-default\" data-id=\"00d4268\" data-element_type=\"section\" data-e-type=\"section\" data-settings=\"{&quot;_ha_eqh_enable&quot;:false}\">\n\t\t\t\t\t\t<div class=\"elementor-container elementor-column-gap-default\">\n\t\t\t\t\t<div class=\"elementor-column elementor-col-100 elementor-top-column elementor-element elementor-element-3a0bc15\" data-id=\"3a0bc15\" data-element_type=\"column\" data-e-type=\"column\">\n\t\t\t<div class=\"elementor-widget-wrap elementor-element-populated\">\n\t\t\t\t\t\t<div class=\"elementor-element elementor-element-6126378 elementor-tabs-alignment-stretch elementor-tabs-view-horizontal elementor-widget elementor-widget-tabs\" data-id=\"6126378\" data-element_type=\"widget\" data-e-type=\"widget\" data-widget_type=\"tabs.default\">\n\t\t\t\t<div class=\"elementor-widget-container\">\n\t\t\t\t\t\t\t<div class=\"elementor-tabs\">\n\t\t\t<div class=\"elementor-tabs-wrapper\" role=\"tablist\" >\n\t\t\t\t\t\t\t\t\t<div id=\"elementor-tab-title-1011\" class=\"elementor-tab-title elementor-tab-desktop-title\" aria-selected=\"true\" data-tab=\"1\" role=\"tab\" tabindex=\"0\" aria-controls=\"elementor-tab-content-1011\" aria-expanded=\"false\">Genel \u00d6zellikler<\/div>\n\t\t\t\t\t\t\t\t\t<div id=\"elementor-tab-title-1012\" class=\"elementor-tab-title elementor-tab-desktop-title\" aria-selected=\"false\" data-tab=\"2\" role=\"tab\" tabindex=\"-1\" aria-controls=\"elementor-tab-content-1012\" aria-expanded=\"false\">Teknik \u00d6zellikler<\/div>\n\t\t\t\t\t\t\t<\/div>\n\t\t\t<div class=\"elementor-tabs-content-wrapper\" role=\"tablist\" aria-orientation=\"vertical\">\n\t\t\t\t\t\t\t\t\t<div class=\"elementor-tab-title elementor-tab-mobile-title\" aria-selected=\"true\" data-tab=\"1\" role=\"tab\" tabindex=\"0\" aria-controls=\"elementor-tab-content-1011\" aria-expanded=\"false\">Genel \u00d6zellikler<\/div>\n\t\t\t\t\t<div id=\"elementor-tab-content-1011\" class=\"elementor-tab-content elementor-clearfix\" data-tab=\"1\" role=\"tabpanel\" aria-labelledby=\"elementor-tab-title-1011\" tabindex=\"0\" hidden=\"false\"><p>Seksiyonel kap\u0131lar, dikey hareket kabiliyetleri sayesinde kap\u0131n\u0131n \u00f6n\u00fcnde ve arkas\u0131nda alan kayb\u0131n\u0131 \u00f6nler. Seksiyonel kap\u0131 panelleri yatay olarak tavan\u0131n alt\u0131na, dikey olarak kap\u0131 a\u00e7\u0131kl\u0131\u011f\u0131n\u0131n \u00fcst\u00fcne veya \u00e7at\u0131ya paralel olarak konumland\u0131r\u0131l\u0131r.<br \/>End\u00fcstriyel kap\u0131lar\u0131m\u0131z sandvi\u00e7 panellerden olu\u015fmaktad\u0131r. Sandvi\u00e7 paneller galvaniz sac aras\u0131na y\u00fcksek bas\u0131n\u00e7l\u0131 poli\u00fcretan enjekte edilerek elde edilir. Y\u00fcksek bas\u0131n\u00e7l\u0131 poli\u00fcretan sayesinde m\u00fckemmel \u0131s\u0131 yal\u0131t\u0131m\u0131 sa\u011flan\u0131r. Panellerimizin r\u00fczgar dayan\u0131m\u0131 80 km\/s&#8217;dir. Sac seksiyonel kap\u0131 panellerinin \u00f6n ve arka taraf\u0131ndaki metaller sars\u0131lmayacak \u015fekilde d\u00f6rt kat olarak monte edilmi\u015ftir. Kap\u0131 panelleri \u00fczerinde bulunan \u00e7ift cidarl\u0131, akrilik cam pencereler ayd\u0131nlatma i\u00e7in istenilen d\u00fczende a\u00e7\u0131labilir.      <\/p>\n<\/div>\n\t\t\t\t\t\t\t\t\t<div class=\"elementor-tab-title elementor-tab-mobile-title\" aria-selected=\"false\" data-tab=\"2\" role=\"tab\" tabindex=\"-1\" aria-controls=\"elementor-tab-content-1012\" aria-expanded=\"false\">Teknik \u00d6zellikler<\/div>\n\t\t\t\t\t<div id=\"elementor-tab-content-1012\" class=\"elementor-tab-content elementor-clearfix\" data-tab=\"2\" role=\"tabpanel\" aria-labelledby=\"elementor-tab-title-1012\" tabindex=\"0\" hidden=\"hidden\"><table width=\"590\">\n<tbody>\n<tr>\n<td>Kap\u0131 Kasas\u0131 :<\/td>\n<td>Galvanizli \u00c7elik<\/td>\n<\/tr>\n<tr>\n<td>Yang\u0131n Dayan\u0131m\u0131 :<\/td>\n<td>B2 (DIN 4102)<\/td>\n<\/tr>\n<tr>\n<td>Yay \u00d6mr\u00fc :<\/td>\n<td>100.000 a\u00e7ma-kapama<\/td>\n<\/tr>\n<tr>\n<td>Renk :<\/td>\n<td>Opsiyonel<\/td>\n<\/tr>\n<tr>\n<td>Desen :<\/td>\n<td>Kabartmal\u0131 Kaplama<\/td>\n<\/tr>\n<tr>\n<td>Panel :<\/td>\n<td>\u00d6zel End\u00fcstriyel Sandvi\u00e7 Panel<\/td>\n<\/tr>\n<tr>\n<td>Panel Kal\u0131nl\u0131\u011f\u0131 :<\/td>\n<td>40 mm<\/td>\n<\/tr>\n<tr>\n<td>\u0130zolasyon :<\/td>\n<td>Poli\u00fcretan<\/td>\n<\/tr>\n<\/tbody>\n<\/table>\n<\/div>\n\t\t\t\t\t\t\t<\/div>\n\t\t<\/div>\n\t\t\t\t\t\t<\/div>\n\t\t\t\t<\/div>\n\t\t\t\t\t<\/div>\n\t\t<\/div>\n\t\t\t\t\t<\/div>\n\t\t<\/section>\n\t\t\t\t<\/div>\n\t\t","protected":false},"excerpt":{"rendered":"<p>So\u011fuk Oda Seksiyonel Kap\u0131s\u0131 So\u011fuk Oda Seksiyonel Kap\u0131s\u0131, so\u011fuk depolama tesisleri ve end\u00fcstriyel ortamlar i\u00e7in tasarlanm\u0131\u015f \u00e7ok y\u00f6nl\u00fc ve verimli bir \u00e7\u00f6z\u00fcmd\u00fcr. [&hellip;]<\/p>\n","protected":false},"author":1,"featured_media":0,"parent":0,"menu_order":0,"comment_status":"closed","ping_status":"closed","template":"","meta":{"footnotes":""},"class_list":["post-4674","page","type-page","status-publish","hentry"],"_links":{"self":[{"href":"https:\/\/tekoprefrigeration.com\/tr\/wp-json\/wp\/v2\/pages\/4674","targetHints":{"allow":["GET"]}}],"collection":[{"href":"https:\/\/tekoprefrigeration.com\/tr\/wp-json\/wp\/v2\/pages"}],"about":[{"href":"https:\/\/tekoprefrigeration.com\/tr\/wp-json\/wp\/v2\/types\/page"}],"author":[{"embeddable":true,"href":"https:\/\/tekoprefrigeration.com\/tr\/wp-json\/wp\/v2\/users\/1"}],"replies":[{"embeddable":true,"href":"https:\/\/tekoprefrigeration.com\/tr\/wp-json\/wp\/v2\/comments?post=4674"}],"version-history":[{"count":12,"href":"https:\/\/tekoprefrigeration.com\/tr\/wp-json\/wp\/v2\/pages\/4674\/revisions"}],"predecessor-version":[{"id":11950,"href":"https:\/\/tekoprefrigeration.com\/tr\/wp-json\/wp\/v2\/pages\/4674\/revisions\/11950"}],"wp:attachment":[{"href":"https:\/\/tekoprefrigeration.com\/tr\/wp-json\/wp\/v2\/media?parent=4674"}],"curies":[{"name":"wp","href":"https:\/\/api.w.org\/{rel}","templated":true}]}}