{"id":4671,"date":"2023-03-24T08:11:20","date_gmt":"2023-03-24T08:11:20","guid":{"rendered":"https:\/\/tekoprefrigeration.com\/sok-dondurucu-evaporatorleri\/"},"modified":"2026-02-13T12:02:55","modified_gmt":"2026-02-13T12:02:55","slug":"sok-dondurucu-evaporatorleri","status":"publish","type":"page","link":"https:\/\/tekoprefrigeration.com\/tr\/sok-dondurucu-evaporatorleri\/","title":{"rendered":"\u015eok Dondurucu Evaporat\u00f6rleri"},"content":{"rendered":"\t\t<div data-elementor-type=\"wp-page\" data-elementor-id=\"4671\" class=\"elementor elementor-4671 elementor-689\" data-elementor-settings=\"{&quot;ha_cmc_init_switcher&quot;:&quot;no&quot;}\">\n\t\t\t\t\t\t<section class=\"elementor-section elementor-top-section elementor-element elementor-element-4e65ccba elementor-section-content-middle elementor-section-boxed elementor-section-height-default elementor-section-height-default\" data-id=\"4e65ccba\" data-element_type=\"section\" data-e-type=\"section\" data-settings=\"{&quot;_ha_eqh_enable&quot;:false}\">\n\t\t\t\t\t\t<div class=\"elementor-container elementor-column-gap-default\">\n\t\t\t\t\t<div class=\"elementor-column elementor-col-50 elementor-top-column elementor-element elementor-element-4a781e95\" data-id=\"4a781e95\" data-element_type=\"column\" data-e-type=\"column\">\n\t\t\t<div class=\"elementor-widget-wrap elementor-element-populated\">\n\t\t\t\t\t\t<div class=\"elementor-element elementor-element-7aab685a elementor-widget elementor-widget-image\" data-id=\"7aab685a\" data-element_type=\"widget\" data-e-type=\"widget\" data-widget_type=\"image.default\">\n\t\t\t\t<div class=\"elementor-widget-container\">\n\t\t\t\t\t\t\t\t\t\t\t\t\t\t\t<img fetchpriority=\"high\" decoding=\"async\" width=\"768\" height=\"513\" src=\"https:\/\/tekoprefrigeration.com\/wp-content\/uploads\/2025\/12\/blast-freezer-evap-768x513.png\" class=\"attachment-medium_large size-medium_large wp-image-11997\" alt=\"Blast Freezer Evaporator by Orca \u2013 High-efficiency cooling for rapid freezing applications\" srcset=\"https:\/\/tekoprefrigeration.com\/wp-content\/uploads\/2025\/12\/blast-freezer-evap-768x513.png 768w, https:\/\/tekoprefrigeration.com\/wp-content\/uploads\/2025\/12\/blast-freezer-evap-300x200.png 300w, https:\/\/tekoprefrigeration.com\/wp-content\/uploads\/2025\/12\/blast-freezer-evap-1024x683.png 1024w, https:\/\/tekoprefrigeration.com\/wp-content\/uploads\/2025\/12\/blast-freezer-evap-1536x1025.png 1536w, https:\/\/tekoprefrigeration.com\/wp-content\/uploads\/2025\/12\/blast-freezer-evap-2048x1367.png 2048w, https:\/\/tekoprefrigeration.com\/wp-content\/uploads\/2025\/12\/blast-freezer-evap-650x434.png 650w, https:\/\/tekoprefrigeration.com\/wp-content\/uploads\/2025\/12\/blast-freezer-evap-600x400.png 600w\" sizes=\"(max-width: 768px) 100vw, 768px\" \/>\t\t\t\t\t\t\t\t\t\t\t\t\t\t\t<\/div>\n\t\t\t\t<\/div>\n\t\t\t\t\t<\/div>\n\t\t<\/div>\n\t\t\t\t<div class=\"elementor-column elementor-col-50 elementor-top-column elementor-element elementor-element-5df1aa5b\" data-id=\"5df1aa5b\" data-element_type=\"column\" data-e-type=\"column\">\n\t\t\t<div class=\"elementor-widget-wrap elementor-element-populated\">\n\t\t\t\t\t\t<div class=\"elementor-element elementor-element-705c44b9 elementor-widget elementor-widget-heading\" data-id=\"705c44b9\" data-element_type=\"widget\" data-e-type=\"widget\" data-widget_type=\"heading.default\">\n\t\t\t\t<div class=\"elementor-widget-container\">\n\t\t\t\t\t<h1 class=\"elementor-heading-title elementor-size-default\">\u015eok Dondurucu Evaporat\u00f6rleri<\/h1>\t\t\t\t<\/div>\n\t\t\t\t<\/div>\n\t\t\t\t<div class=\"elementor-element elementor-element-573c5bfd elementor-widget elementor-widget-text-editor\" data-id=\"573c5bfd\" data-element_type=\"widget\" data-e-type=\"widget\" data-widget_type=\"text-editor.default\">\n\t\t\t\t<div class=\"elementor-widget-container\">\n\t\t\t\t\t\t\t\t\t<p>\u015eok Dondurucu Evaporat\u00f6rleri, \u015fok dondurma uygulamalar\u0131nda kullan\u0131lan \u00f6zel evaporat\u00f6r \u00fcniteleridir. G\u0131da \u00fcr\u00fcnlerini h\u0131zl\u0131 bir \u015fekilde dondurmak i\u00e7in tasarlanm\u0131\u015flard\u0131r ve tazeli\u011fi, kaliteyi korumak ve raf \u00f6mr\u00fcn\u00fc uzatmak i\u00e7in h\u0131zl\u0131 ve verimli dondurma sa\u011flarlar. \u015eok Dondurucu Evaporat\u00f6rlerimiz, farkl\u0131 alan gereksinimlerine uyacak \u015fekilde tavana monte veya zemine monte \u00fcniteler gibi \u00e7e\u015fitli konfig\u00fcrasyonlarda mevcuttur. \u015eok Dondurucu Evaporat\u00f6rler, h\u0131zl\u0131 \u0131s\u0131 transferini kolayla\u015ft\u0131rmak i\u00e7in tipik olarak g\u00fc\u00e7l\u00fc fanlar ve geni\u015f y\u00fczey alanl\u0131 bobinlerle donat\u0131lm\u0131\u015ft\u0131r.    <\/p>\t\t\t\t\t\t\t\t<\/div>\n\t\t\t\t<\/div>\n\t\t\t\t<div class=\"elementor-element elementor-element-125e07b4 elementor-align-start elementor-icon-list--layout-traditional elementor-list-item-link-full_width elementor-widget elementor-widget-icon-list\" data-id=\"125e07b4\" data-element_type=\"widget\" data-e-type=\"widget\" data-widget_type=\"icon-list.default\">\n\t\t\t\t<div class=\"elementor-widget-container\">\n\t\t\t\t\t\t\t<ul class=\"elementor-icon-list-items\">\n\t\t\t\t\t\t\t<li class=\"elementor-icon-list-item\">\n\t\t\t\t\t\t\t\t\t\t\t<span class=\"elementor-icon-list-icon\">\n\t\t\t\t\t\t\t<i aria-hidden=\"true\" class=\"fas fa-globe-americas\"><\/i>\t\t\t\t\t\t<\/span>\n\t\t\t\t\t\t\t\t\t\t<span class=\"elementor-icon-list-text\">\u00c7evre Dostu<\/span>\n\t\t\t\t\t\t\t\t\t<\/li>\n\t\t\t\t\t\t\t\t<li class=\"elementor-icon-list-item\">\n\t\t\t\t\t\t\t\t\t\t\t<span class=\"elementor-icon-list-icon\">\n\t\t\t\t\t\t\t<i aria-hidden=\"true\" class=\"fas fa-certificate\"><\/i>\t\t\t\t\t\t<\/span>\n\t\t\t\t\t\t\t\t\t\t<span class=\"elementor-icon-list-text\">Sertifikal\u0131 \u00dcr\u00fcnler<\/span>\n\t\t\t\t\t\t\t\t\t<\/li>\n\t\t\t\t\t\t\t\t<li class=\"elementor-icon-list-item\">\n\t\t\t\t\t\t\t\t\t\t\t<span class=\"elementor-icon-list-icon\">\n\t\t\t\t\t\t\t<i aria-hidden=\"true\" class=\"fas fa-bolt\"><\/i>\t\t\t\t\t\t<\/span>\n\t\t\t\t\t\t\t\t\t\t<span class=\"elementor-icon-list-text\">Enerji Tasarrufu<\/span>\n\t\t\t\t\t\t\t\t\t<\/li>\n\t\t\t\t\t\t\t\t<li class=\"elementor-icon-list-item\">\n\t\t\t\t\t\t\t\t\t\t\t<span class=\"elementor-icon-list-icon\">\n\t\t\t\t\t\t\t<i aria-hidden=\"true\" class=\"fas fa-biohazard\"><\/i>\t\t\t\t\t\t<\/span>\n\t\t\t\t\t\t\t\t\t\t<span class=\"elementor-icon-list-text\">Kanserojen madde i\u00e7ermez<\/span>\n\t\t\t\t\t\t\t\t\t<\/li>\n\t\t\t\t\t\t\t\t<li class=\"elementor-icon-list-item\">\n\t\t\t\t\t\t\t\t\t\t\t<span class=\"elementor-icon-list-icon\">\n\t\t\t\t\t\t\t<i aria-hidden=\"true\" class=\"fas fa-feather-alt\"><\/i>\t\t\t\t\t\t<\/span>\n\t\t\t\t\t\t\t\t\t\t<span class=\"elementor-icon-list-text\">Sa\u011fl\u0131k ve g\u0131da sekt\u00f6r\u00fcnde kullan\u0131labilir<\/span>\n\t\t\t\t\t\t\t\t\t<\/li>\n\t\t\t\t\t\t<\/ul>\n\t\t\t\t\t\t<\/div>\n\t\t\t\t<\/div>\n\t\t\t\t<section data-ep-wrapper-link=\"{&quot;url&quot;:&quot;https:\\\/\\\/www.orcarefrigerationunit.com\\\/&quot;,&quot;is_external&quot;:&quot;on&quot;,&quot;nofollow&quot;:&quot;&quot;,&quot;custom_attributes&quot;:&quot;&quot;}\" style=\"cursor: pointer\" class=\"bdt-element-link elementor-section elementor-inner-section elementor-element elementor-element-71bb3f6 elementor-section-content-middle elementor-section-boxed elementor-section-height-default elementor-section-height-default\" data-id=\"71bb3f6\" data-element_type=\"section\" data-e-type=\"section\" data-settings=\"{&quot;_ha_eqh_enable&quot;:false}\">\n\t\t\t\t\t\t<div class=\"elementor-container elementor-column-gap-default\">\n\t\t\t\t\t<div class=\"elementor-column elementor-col-50 elementor-inner-column elementor-element elementor-element-2f6f946a\" data-id=\"2f6f946a\" data-element_type=\"column\" data-e-type=\"column\">\n\t\t\t<div class=\"elementor-widget-wrap elementor-element-populated\">\n\t\t\t\t\t\t<div class=\"elementor-element elementor-element-21c33a07 elementor-widget elementor-widget-image\" data-id=\"21c33a07\" data-element_type=\"widget\" data-e-type=\"widget\" data-widget_type=\"image.default\">\n\t\t\t\t<div class=\"elementor-widget-container\">\n\t\t\t\t\t\t\t\t\t\t\t\t\t\t\t<img decoding=\"async\" width=\"250\" height=\"85\" src=\"https:\/\/tekoprefrigeration.com\/wp-content\/uploads\/2023\/03\/Orca-Refrigeration-Units-1.png\" class=\"attachment-full size-full wp-image-4145\" alt=\"Orca Refrigeration Units Logo \u2013 Industrial Cooling Solutions\" \/>\t\t\t\t\t\t\t\t\t\t\t\t\t\t\t<\/div>\n\t\t\t\t<\/div>\n\t\t\t\t\t<\/div>\n\t\t<\/div>\n\t\t\t\t<div class=\"elementor-column elementor-col-50 elementor-inner-column elementor-element elementor-element-57652f53\" data-id=\"57652f53\" data-element_type=\"column\" data-e-type=\"column\">\n\t\t\t<div class=\"elementor-widget-wrap elementor-element-populated\">\n\t\t\t\t\t\t<div class=\"elementor-element elementor-element-5c3a278d elementor-widget elementor-widget-text-editor\" data-id=\"5c3a278d\" data-element_type=\"widget\" data-e-type=\"widget\" data-widget_type=\"text-editor.default\">\n\t\t\t\t<div class=\"elementor-widget-container\">\n\t\t\t\t\t\t\t\t\t<p><br><strong>Split So\u011futma \u00dcniteleri<\/strong> hakk\u0131nda daha fazla bilgi i\u00e7in <strong>ORCA<\/strong> &#8216;y\u0131 ziyaret edin.<\/p>\t\t\t\t\t\t\t\t<\/div>\n\t\t\t\t<\/div>\n\t\t\t\t\t<\/div>\n\t\t<\/div>\n\t\t\t\t\t<\/div>\n\t\t<\/section>\n\t\t\t\t<div class=\"elementor-element elementor-element-7ed8ce2 elementor-widget-mobile__width-initial elementor-widget elementor-widget-html\" data-id=\"7ed8ce2\" data-element_type=\"widget\" data-e-type=\"widget\" data-widget_type=\"html.default\">\n\t\t\t\t<div class=\"elementor-widget-container\">\n\t\t\t\t\t<a href=\"#\" class=\"custom-offer-btn\">H\u0131zl\u0131 Teklif Al\u0131n<\/a>\r\n\r\n<style>\r\n.custom-offer-btn {\r\n  display: inline-block;\r\n  padding: 12px 28px;\r\n  border: 2px solid #007BFF;\r\n  border-radius: 6px;\r\n  background-color: #0f52a1;\r\n  color: #ffffff;\r\n  font-size: 16px;\r\n  font-weight: 600;\r\n  text-decoration: none;\r\n  text-align: center;\r\n  transition: all 0.3s ease;\r\n}\r\n.custom-offer-btn:hover {\r\n  background-color: #ffffff;\r\n  color: #0f52a1;\r\n  border-color: #0056b3;\r\n}\r\n<\/style>\r\n\r\n<script>\r\njQuery(document).ready(function($){\r\n  $('.custom-offer-btn').on('click', function(e){\r\n    e.preventDefault();\r\n\r\n    \/\/ Mevcut popup a\u00e7ma fonksiyonunu \u00e7a\u011f\u0131r\r\n    \/\/ E\u011fer bu linkin click fonksiyonu varsa do\u011frudan \u00e7a\u011f\u0131r\r\n    var popupLink = $('.uicore-extra[data-uils=\"header_extra\"] a');\r\n    if (popupLink.length) {\r\n      if (typeof popupLink[0].click === 'function') {\r\n        popupLink[0].click(); \/\/ Do\u011frudan native click\r\n      } else {\r\n        console.log('Popup trigger fonksiyonu bulunamad\u0131');\r\n      }\r\n    }\r\n  });\r\n});\r\n<\/script>\r\n\t\t\t\t<\/div>\n\t\t\t\t<\/div>\n\t\t\t\t\t<\/div>\n\t\t<\/div>\n\t\t\t\t\t<\/div>\n\t\t<\/section>\n\t\t<div class=\"elementor-element elementor-element-b573c04 e-flex e-con-boxed e-con e-parent\" data-id=\"b573c04\" data-element_type=\"container\" data-e-type=\"container\" data-settings=\"{&quot;_ha_eqh_enable&quot;:false}\">\n\t\t\t\t\t<div class=\"e-con-inner\">\n\t\t<div class=\"elementor-element elementor-element-94edc44 e-con-full e-flex e-con e-child\" data-id=\"94edc44\" data-element_type=\"container\" data-e-type=\"container\" data-settings=\"{&quot;_ha_eqh_enable&quot;:false}\">\n\t\t\t\t<div class=\"elementor-element elementor-element-c7fd47a elementor-widget elementor-widget-text-editor\" data-id=\"c7fd47a\" data-element_type=\"widget\" data-e-type=\"widget\" data-widget_type=\"text-editor.default\">\n\t\t\t\t<div class=\"elementor-widget-container\">\n\t\t\t\t\t\t\t\t\t<h2 class=\"yikes-custom-woo-tab-title yikes-custom-woo-tab-title-general-specifications\">Genel \u00d6zellikler<\/h2><p>Bunlar 6,3 kW&#8217;dan 57,3 kW&#8217;a kadar geni\u015f bir kapasite aral\u0131\u011f\u0131 i\u00e7erir. (Bu kapasite aral\u0131klar\u0131 R404A so\u011futucu ak\u0131\u015fkan tipi i\u00e7in verilmi\u015ftir). <\/p><ul class=\"bullet\"><li>Y\u00fcksek Verimli Al\u00fcminyum Kanatlar<\/li><li>12 mm kanat aral\u0131\u011f\u0131<\/li><li>5\/8&#8221; \u00e7ap\u0131ndaki bak\u0131r borular<\/li><li>35 bar&#8217;da y\u00fcksek bas\u0131n\u00e7l\u0131 test<\/li><li>20 bar&#8217;a kadar y\u00fcksek \u00e7al\u0131\u015fma bas\u0131nc\u0131<\/li><li>Azot ile pozitif bas\u0131n\u00e7l\u0131 presleme ile g\u00f6nderme<\/li><\/ul><div class=\"alert alert-warning\">\u0130ste\u011fe ba\u011fl\u0131 olarak epoksi kaplamal\u0131 al\u00fcminyum kanat ile kaplanabilirler.<\/div>\t\t\t\t\t\t\t\t<\/div>\n\t\t\t\t<\/div>\n\t\t\t\t<\/div>\n\t\t<div class=\"elementor-element elementor-element-12d0f38 e-con-full e-flex e-con e-child\" data-id=\"12d0f38\" data-element_type=\"container\" data-e-type=\"container\" data-settings=\"{&quot;_ha_eqh_enable&quot;:false}\">\n\t\t\t\t<div class=\"elementor-element elementor-element-cc9b5d8 elementor-widget elementor-widget-text-editor\" data-id=\"cc9b5d8\" data-element_type=\"widget\" data-e-type=\"widget\" data-widget_type=\"text-editor.default\">\n\t\t\t\t<div class=\"elementor-widget-container\">\n\t\t\t\t\t\t\t\t\t<h2 class=\"yikes-custom-woo-tab-title yikes-custom-woo-tab-title-technical-specifications\">Teknik \u00d6zellikler<\/h2><h4>Muhafazan\u0131n \u00d6zellikleri:<\/h4><p>Opsiyonel olarak paslanmaz g\u00f6vde ile \u00fcretilir<\/p><ul><li>S\u0131cak dald\u0131rma galvanizli sac<\/li><li>Pas \u00f6nleyici ve kal\u0131c\u0131 elektrostatik toz boya (RAL 7047)<\/li><li>Mente\u015feli tahliye tepsisi,<\/li><li>Ba\u011flant\u0131 vidas\u0131 gev\u015fetilerek kolayca \u00e7\u0131kar\u0131labilen yan kapaklar<\/li><li>Tavan montaj braketleri<\/li><\/ul><h4>Is\u0131t\u0131c\u0131lar\u0131n \u00d6zellikleri:<\/h4><p>E2 tipi \u0131s\u0131tma rezistans\u0131 0\u00b0C&#8217;den d\u00fc\u015f\u00fck oda s\u0131cakl\u0131klar\u0131 i\u00e7in kullan\u0131l\u0131r. Rezistanslar serpantin ve bo\u015faltma tepsisi \u00fczerine monte edilir.<br>\u015eok dondurucularda standart olarak E3 tipi \u0131s\u0131tma rezistanslar\u0131 kullan\u0131l\u0131r. Ayr\u0131ca \u0131s\u0131tma diren\u00e7leri so\u011futma bataryas\u0131 ve tahliye tepsisi ile birlikte fan kafesine monte edilir.  <\/p><ul><li>E2: Bobin + tahliye tepsisi elektrikli defrost<\/li><li>E3: Batarya + tahliye tepsisi + elektrikli fan defrost<\/li><\/ul><h4>Taraftarlar\u0131n \u00d6zellikleri:<\/h4><p>\u015eok dondurucularda; \u00d8500 fanlarda 50 Pa, \u00d8630 fanlarda 100 Pa d\u0131\u015f bas\u0131n\u00e7 kayb\u0131 dikkate al\u0131nmal\u0131d\u0131r.<\/p><ul><li>Enerji tasarruflu ve sessiz \u00e7al\u0131\u015fan fanlar<\/li><li>Fan motorlar\u0131 yal\u0131t\u0131m s\u0131n\u0131f\u0131 F, koruma s\u0131n\u0131f\u0131 IP54 ile donat\u0131lm\u0131\u015ft\u0131r<\/li><\/ul><p><a href=\"https:\/\/orcarefrigerationunit.com\/product\/blast-freezing-air-cooler\/\" target=\"_blank\" rel=\"noopener\">Daha fazla bilgi i\u00e7in buraya t\u0131klay\u0131n<\/a><\/p><table border=\"1\"><tbody><tr><td><p><span style=\"color: #000000;\"><strong>Fan \u00c7ap\u0131 (mm)<\/strong><\/span><\/p><\/td><td><span style=\"color: #000000;\"><strong>Fan H\u0131z\u0131 (fs\/dk)<\/strong><\/span><\/td><td><span style=\"color: #000000;\"><strong> Faz \/ Gerilim (V) \/ Frekans (Hz)<\/strong><\/span><\/td><td><span style=\"color: #000000;\"><strong>  \u00d6nerilen Maks. \u00c7al\u0131\u015fma S\u0131cakl\u0131\u011f\u0131 (\u00b0C) <\/strong><\/span><\/td><\/tr><tr><td>500<\/td><td>1390<\/td><td>3 \/ 400 \/ 50<\/td><td>-40 \/ +60<\/td><\/tr><tr><td>630<\/td><td>1310<\/td><td>3 \/ 400 \/ 50<\/td><td>-40 \/ +65<\/td><\/tr><\/tbody><\/table>\t\t\t\t\t\t\t\t<\/div>\n\t\t\t\t<\/div>\n\t\t\t\t<\/div>\n\t\t\t\t\t<\/div>\n\t\t\t\t<\/div>\n\t\t\t\t<\/div>\n\t\t","protected":false},"excerpt":{"rendered":"<p>\u015eok Dondurucu Evaporat\u00f6rleri \u015eok Dondurucu Evaporat\u00f6rleri, \u015fok dondurma uygulamalar\u0131nda kullan\u0131lan \u00f6zel evaporat\u00f6r \u00fcniteleridir. G\u0131da \u00fcr\u00fcnlerini h\u0131zl\u0131 bir \u015fekilde dondurmak i\u00e7in tasarlanm\u0131\u015flard\u0131r ve [&hellip;]<\/p>\n","protected":false},"author":1,"featured_media":0,"parent":0,"menu_order":0,"comment_status":"closed","ping_status":"closed","template":"","meta":{"footnotes":""},"class_list":["post-4671","page","type-page","status-publish","hentry"],"_links":{"self":[{"href":"https:\/\/tekoprefrigeration.com\/tr\/wp-json\/wp\/v2\/pages\/4671","targetHints":{"allow":["GET"]}}],"collection":[{"href":"https:\/\/tekoprefrigeration.com\/tr\/wp-json\/wp\/v2\/pages"}],"about":[{"href":"https:\/\/tekoprefrigeration.com\/tr\/wp-json\/wp\/v2\/types\/page"}],"author":[{"embeddable":true,"href":"https:\/\/tekoprefrigeration.com\/tr\/wp-json\/wp\/v2\/users\/1"}],"replies":[{"embeddable":true,"href":"https:\/\/tekoprefrigeration.com\/tr\/wp-json\/wp\/v2\/comments?post=4671"}],"version-history":[{"count":5,"href":"https:\/\/tekoprefrigeration.com\/tr\/wp-json\/wp\/v2\/pages\/4671\/revisions"}],"predecessor-version":[{"id":12386,"href":"https:\/\/tekoprefrigeration.com\/tr\/wp-json\/wp\/v2\/pages\/4671\/revisions\/12386"}],"wp:attachment":[{"href":"https:\/\/tekoprefrigeration.com\/tr\/wp-json\/wp\/v2\/media?parent=4671"}],"curies":[{"name":"wp","href":"https:\/\/api.w.org\/{rel}","templated":true}]}}