{"id":4669,"date":"2023-03-24T09:09:27","date_gmt":"2023-03-24T09:09:27","guid":{"rendered":"https:\/\/tekoprefrigeration.com\/soguk-oda-aksesuarlari\/"},"modified":"2025-12-16T07:31:47","modified_gmt":"2025-12-16T07:31:47","slug":"soguk-oda-aksesuarlari","status":"publish","type":"page","link":"https:\/\/tekoprefrigeration.com\/tr\/urunler\/soguk-oda-aksesuarlari\/","title":{"rendered":"So\u011fuk Oda Aksesuarlar\u0131"},"content":{"rendered":"\t\t<div data-elementor-type=\"wp-page\" data-elementor-id=\"4669\" class=\"elementor elementor-4669 elementor-782\" data-elementor-settings=\"{&quot;ha_cmc_init_switcher&quot;:&quot;no&quot;}\">\n\t\t\t\t<div class=\"elementor-element elementor-element-fad4828 e-flex e-con-boxed e-con e-parent\" data-id=\"fad4828\" data-element_type=\"container\" data-e-type=\"container\" data-settings=\"{&quot;background_background&quot;:&quot;classic&quot;,&quot;_ha_eqh_enable&quot;:false}\">\n\t\t\t\t\t<div class=\"e-con-inner\">\n\t\t<div class=\"elementor-element elementor-element-10ef4de e-con-full e-flex e-con e-child\" data-id=\"10ef4de\" data-element_type=\"container\" data-e-type=\"container\" data-settings=\"{&quot;background_background&quot;:&quot;classic&quot;,&quot;_ha_eqh_enable&quot;:false}\">\n\t\t\t\t<div class=\"elementor-element elementor-element-50ef9d2 elementor-widget__width-initial elementor-widget-tablet__width-inherit elementor-widget elementor-widget-elementskit-heading\" data-id=\"50ef9d2\" data-element_type=\"widget\" data-e-type=\"widget\" data-widget_type=\"elementskit-heading.default\">\n\t\t\t\t<div class=\"elementor-widget-container\">\n\t\t\t\t\t<div class=\"ekit-wid-con\" ><div class=\"ekit-heading elementskit-section-title-wraper text_left   ekit_heading_tablet-   ekit_heading_mobile-\"><h4 class=\"elementskit-section-subtitle  \">\n\t\t\t\t\t\tTekop Refrigeration\n\t\t\t\t\t<\/h4><h2 class=\"ekit-heading--title elementskit-section-title \">So\u011fuk Oda Aksesuarlar\u0131<\/h2><\/div><\/div>\t\t\t\t<\/div>\n\t\t\t\t<\/div>\n\t\t<div class=\"elementor-element elementor-element-a19e91c e-con-full e-grid e-con e-child\" data-id=\"a19e91c\" data-element_type=\"container\" data-e-type=\"container\" data-settings=\"{&quot;_ha_eqh_enable&quot;:false}\">\n\t\t\t\t<div class=\"elementor-element elementor-element-c8b9827 ekit-equal-height-disable elementor-widget elementor-widget-elementskit-image-box\" data-id=\"c8b9827\" data-element_type=\"widget\" data-e-type=\"widget\" data-widget_type=\"elementskit-image-box.default\">\n\t\t\t\t<div class=\"elementor-widget-container\">\n\t\t\t\t\t<div class=\"ekit-wid-con\" >\n            <div class=\"elementskit-info-image-box ekit-image-box text-left simple-card\" >\n\n                <a href=\"https:\/\/tekoprefrigeration.com\/tr\/urunler\/soguk-oda-aksesuarlari\/basinc-dengeleme-valfi\/\">\n                <div class=\"elementskit-box-header image-box-img-left\">\n\n                    <img fetchpriority=\"high\" decoding=\"async\" width=\"1200\" height=\"1200\" src=\"https:\/\/tekoprefrigeration.com\/wp-content\/uploads\/2023\/10\/pressure-compensating-valve-2.jpg\" class=\"attachment-full size-full wp-image-3589\" alt=\"pressure-compensating-valve-2\" srcset=\"https:\/\/tekoprefrigeration.com\/wp-content\/uploads\/2023\/10\/pressure-compensating-valve-2.jpg 1200w, https:\/\/tekoprefrigeration.com\/wp-content\/uploads\/2023\/10\/pressure-compensating-valve-2-300x300.jpg 300w, https:\/\/tekoprefrigeration.com\/wp-content\/uploads\/2023\/10\/pressure-compensating-valve-2-1024x1024.jpg 1024w, https:\/\/tekoprefrigeration.com\/wp-content\/uploads\/2023\/10\/pressure-compensating-valve-2-150x150.jpg 150w, https:\/\/tekoprefrigeration.com\/wp-content\/uploads\/2023\/10\/pressure-compensating-valve-2-768x768.jpg 768w, https:\/\/tekoprefrigeration.com\/wp-content\/uploads\/2023\/10\/pressure-compensating-valve-2-650x650.jpg 650w\" sizes=\"(max-width: 1200px) 100vw, 1200px\" \/>\n                <\/div>\n                <\/a>\n                <div class=\"elementskit-box-body ekit-image-box-body\">\n                    <div class=\"elementskit-box-content ekit-image-box-body-inner\">\n                                                <h3 class=\"elementskit-info-box-title\">\n\n                        Bas\u0131n\u00e7 Dengeleme Valfi\n                        \n                    <\/h3>\n                                                        <\/div>\n\n                                <div class=\"elementskit-box-footer\">\n                    <div class=\"box-footer\">\n                        <div class=\"btn-wraper\">\n                                                            <a href=\"https:\/\/tekoprefrigeration.com\/tr\/urunler\/soguk-oda-aksesuarlari\/basinc-dengeleme-valfi\/\" target=\"_blank\" class=\"elementskit-btn whitespace--normal\">\n                                    \n                                    \n                                    View Products                                <\/a>\n                                                        <\/div>\n                    <\/div>\n                <\/div>\n                            <\/div>\n            <\/div>\n    <\/div>\t\t\t\t<\/div>\n\t\t\t\t<\/div>\n\t\t\t\t<div class=\"elementor-element elementor-element-6e53840 ekit-equal-height-disable elementor-widget elementor-widget-elementskit-image-box\" data-id=\"6e53840\" data-element_type=\"widget\" data-e-type=\"widget\" data-widget_type=\"elementskit-image-box.default\">\n\t\t\t\t<div class=\"elementor-widget-container\">\n\t\t\t\t\t<div class=\"ekit-wid-con\" >\n            <div class=\"elementskit-info-image-box ekit-image-box text-left simple-card\" >\n\n                <a href=\"https:\/\/tekoprefrigeration.com\/tr\/urunler\/soguk-oda-aksesuarlari\/soguk-oda-pvc-perde\/\">\n                <div class=\"elementskit-box-header image-box-img-left\">\n\n                    <img decoding=\"async\" width=\"1200\" height=\"1200\" src=\"https:\/\/tekoprefrigeration.com\/wp-content\/uploads\/2023\/10\/cold-room-pvc-curtain-1.jpg\" class=\"attachment-full size-full wp-image-3599\" alt=\"cold-room-pvc-curtain-1\" srcset=\"https:\/\/tekoprefrigeration.com\/wp-content\/uploads\/2023\/10\/cold-room-pvc-curtain-1.jpg 1200w, https:\/\/tekoprefrigeration.com\/wp-content\/uploads\/2023\/10\/cold-room-pvc-curtain-1-300x300.jpg 300w, https:\/\/tekoprefrigeration.com\/wp-content\/uploads\/2023\/10\/cold-room-pvc-curtain-1-1024x1024.jpg 1024w, https:\/\/tekoprefrigeration.com\/wp-content\/uploads\/2023\/10\/cold-room-pvc-curtain-1-150x150.jpg 150w, https:\/\/tekoprefrigeration.com\/wp-content\/uploads\/2023\/10\/cold-room-pvc-curtain-1-768x768.jpg 768w, https:\/\/tekoprefrigeration.com\/wp-content\/uploads\/2023\/10\/cold-room-pvc-curtain-1-650x650.jpg 650w\" sizes=\"(max-width: 1200px) 100vw, 1200px\" \/>\n                <\/div>\n                <\/a>\n                <div class=\"elementskit-box-body ekit-image-box-body\">\n                    <div class=\"elementskit-box-content ekit-image-box-body-inner\">\n                                                <h3 class=\"elementskit-info-box-title\">\n\n                        So\u011fuk Oda Pvc Perde\n                        \n                    <\/h3>\n                                                        <\/div>\n\n                                <div class=\"elementskit-box-footer\">\n                    <div class=\"box-footer\">\n                        <div class=\"btn-wraper\">\n                                                            <a href=\"https:\/\/tekoprefrigeration.com\/tr\/urunler\/soguk-oda-aksesuarlari\/soguk-oda-pvc-perde\/\" target=\"_blank\" class=\"elementskit-btn whitespace--normal\">\n                                    \n                                    \n                                    View Products                                <\/a>\n                                                        <\/div>\n                    <\/div>\n                <\/div>\n                            <\/div>\n            <\/div>\n    <\/div>\t\t\t\t<\/div>\n\t\t\t\t<\/div>\n\t\t\t\t<div class=\"elementor-element elementor-element-9a7bb47 ekit-equal-height-disable elementor-widget elementor-widget-elementskit-image-box\" data-id=\"9a7bb47\" data-element_type=\"widget\" data-e-type=\"widget\" data-widget_type=\"elementskit-image-box.default\">\n\t\t\t\t<div class=\"elementor-widget-container\">\n\t\t\t\t\t<div class=\"ekit-wid-con\" >\n            <div class=\"elementskit-info-image-box ekit-image-box text-left simple-card\" >\n\n                <a href=\"https:\/\/tekoprefrigeration.com\/tr\/urunler\/soguk-oda-aksesuarlari\/soguk-oda-raflari\/\">\n                <div class=\"elementskit-box-header image-box-img-left\">\n\n                    <img decoding=\"async\" width=\"1024\" height=\"1024\" src=\"https:\/\/tekoprefrigeration.com\/wp-content\/uploads\/2023\/06\/Wire-Shelves-2-1.png\" class=\"attachment-full size-full wp-image-1642\" alt=\"\" srcset=\"https:\/\/tekoprefrigeration.com\/wp-content\/uploads\/2023\/06\/Wire-Shelves-2-1.png 1024w, https:\/\/tekoprefrigeration.com\/wp-content\/uploads\/2023\/06\/Wire-Shelves-2-1-300x300.png 300w, https:\/\/tekoprefrigeration.com\/wp-content\/uploads\/2023\/06\/Wire-Shelves-2-1-150x150.png 150w, https:\/\/tekoprefrigeration.com\/wp-content\/uploads\/2023\/06\/Wire-Shelves-2-1-768x768.png 768w, https:\/\/tekoprefrigeration.com\/wp-content\/uploads\/2023\/06\/Wire-Shelves-2-1-650x650.png 650w\" sizes=\"(max-width: 1024px) 100vw, 1024px\" \/>\n                <\/div>\n                <\/a>\n                <div class=\"elementskit-box-body ekit-image-box-body\">\n                    <div class=\"elementskit-box-content ekit-image-box-body-inner\">\n                                                <h3 class=\"elementskit-info-box-title\">\n\n                        So\u011fuk Oda Raflar\u0131\n                        \n                    <\/h3>\n                                                        <\/div>\n\n                                <div class=\"elementskit-box-footer\">\n                    <div class=\"box-footer\">\n                        <div class=\"btn-wraper\">\n                                                            <a href=\"https:\/\/tekoprefrigeration.com\/tr\/urunler\/soguk-oda-aksesuarlari\/soguk-oda-raflari\/\" target=\"_blank\" class=\"elementskit-btn whitespace--normal\">\n                                    \n                                    \n                                    View Products                                <\/a>\n                                                        <\/div>\n                    <\/div>\n                <\/div>\n                            <\/div>\n            <\/div>\n    <\/div>\t\t\t\t<\/div>\n\t\t\t\t<\/div>\n\t\t\t\t<div class=\"elementor-element elementor-element-05a5efe ekit-equal-height-disable elementor-widget elementor-widget-elementskit-image-box\" data-id=\"05a5efe\" data-element_type=\"widget\" data-e-type=\"widget\" data-widget_type=\"elementskit-image-box.default\">\n\t\t\t\t<div class=\"elementor-widget-container\">\n\t\t\t\t\t<div class=\"ekit-wid-con\" >\n            <div class=\"elementskit-info-image-box ekit-image-box text-left simple-card\" >\n\n                <a href=\"https:\/\/tekoprefrigeration.com\/tr\/urunler\/soguk-oda-aksesuarlari\/soguk-oda-aydinlatma-sistemleri\/\">\n                <div class=\"elementskit-box-header image-box-img-left\">\n\n                    <img loading=\"lazy\" decoding=\"async\" width=\"1200\" height=\"1200\" src=\"https:\/\/tekoprefrigeration.com\/wp-content\/uploads\/2023\/10\/cold-room-led-lighting-1.png\" class=\"attachment-full size-full wp-image-3605\" alt=\"cold-room-led-lighting-1\" srcset=\"https:\/\/tekoprefrigeration.com\/wp-content\/uploads\/2023\/10\/cold-room-led-lighting-1.png 1200w, https:\/\/tekoprefrigeration.com\/wp-content\/uploads\/2023\/10\/cold-room-led-lighting-1-300x300.png 300w, https:\/\/tekoprefrigeration.com\/wp-content\/uploads\/2023\/10\/cold-room-led-lighting-1-1024x1024.png 1024w, https:\/\/tekoprefrigeration.com\/wp-content\/uploads\/2023\/10\/cold-room-led-lighting-1-150x150.png 150w, https:\/\/tekoprefrigeration.com\/wp-content\/uploads\/2023\/10\/cold-room-led-lighting-1-768x768.png 768w, https:\/\/tekoprefrigeration.com\/wp-content\/uploads\/2023\/10\/cold-room-led-lighting-1-650x650.png 650w\" sizes=\"(max-width: 1200px) 100vw, 1200px\" \/>\n                <\/div>\n                <\/a>\n                <div class=\"elementskit-box-body ekit-image-box-body\">\n                    <div class=\"elementskit-box-content ekit-image-box-body-inner\">\n                                                <h3 class=\"elementskit-info-box-title\">\n\n                        So\u011fuk Oda Ayd\u0131nlatma Sistemleri\n                        \n                    <\/h3>\n                                                        <\/div>\n\n                                <div class=\"elementskit-box-footer\">\n                    <div class=\"box-footer\">\n                        <div class=\"btn-wraper\">\n                                                            <a href=\"https:\/\/tekoprefrigeration.com\/tr\/urunler\/soguk-oda-aksesuarlari\/soguk-oda-aydinlatma-sistemleri\/\" target=\"_blank\" class=\"elementskit-btn whitespace--normal\">\n                                    \n                                    \n                                    View Products                                <\/a>\n                                                        <\/div>\n                    <\/div>\n                <\/div>\n                            <\/div>\n            <\/div>\n    <\/div>\t\t\t\t<\/div>\n\t\t\t\t<\/div>\n\t\t\t\t<div class=\"elementor-element elementor-element-b6fcf05 ekit-equal-height-disable elementor-widget elementor-widget-elementskit-image-box\" data-id=\"b6fcf05\" data-element_type=\"widget\" data-e-type=\"widget\" data-widget_type=\"elementskit-image-box.default\">\n\t\t\t\t<div class=\"elementor-widget-container\">\n\t\t\t\t\t<div class=\"ekit-wid-con\" >\n            <div class=\"elementskit-info-image-box ekit-image-box text-left simple-card\" >\n\n                <a href=\"https:\/\/tekoprefrigeration.com\/tr\/urunler\/soguk-oda-aksesuarlari\/soguk-oda-aksesuarlari\/\">\n                <div class=\"elementskit-box-header image-box-img-left\">\n\n                    <img loading=\"lazy\" decoding=\"async\" width=\"2560\" height=\"2560\" src=\"https:\/\/tekoprefrigeration.com\/wp-content\/uploads\/2023\/10\/ceiling-hanger-accessories-1-scaled.jpg\" class=\"attachment-full size-full wp-image-3617\" alt=\"ceiling-hanger-accessories-1\" srcset=\"https:\/\/tekoprefrigeration.com\/wp-content\/uploads\/2023\/10\/ceiling-hanger-accessories-1-scaled.jpg 2560w, https:\/\/tekoprefrigeration.com\/wp-content\/uploads\/2023\/10\/ceiling-hanger-accessories-1-300x300.jpg 300w, https:\/\/tekoprefrigeration.com\/wp-content\/uploads\/2023\/10\/ceiling-hanger-accessories-1-1024x1024.jpg 1024w, https:\/\/tekoprefrigeration.com\/wp-content\/uploads\/2023\/10\/ceiling-hanger-accessories-1-150x150.jpg 150w, https:\/\/tekoprefrigeration.com\/wp-content\/uploads\/2023\/10\/ceiling-hanger-accessories-1-768x768.jpg 768w, https:\/\/tekoprefrigeration.com\/wp-content\/uploads\/2023\/10\/ceiling-hanger-accessories-1-1536x1536.jpg 1536w, https:\/\/tekoprefrigeration.com\/wp-content\/uploads\/2023\/10\/ceiling-hanger-accessories-1-2048x2048.jpg 2048w, https:\/\/tekoprefrigeration.com\/wp-content\/uploads\/2023\/10\/ceiling-hanger-accessories-1-650x650.jpg 650w\" sizes=\"(max-width: 2560px) 100vw, 2560px\" \/>\n                <\/div>\n                <\/a>\n                <div class=\"elementskit-box-body ekit-image-box-body\">\n                    <div class=\"elementskit-box-content ekit-image-box-body-inner\">\n                                                <h3 class=\"elementskit-info-box-title\">\n\n                        So\u011fuk Oda Aksesuarlar\u0131\n                        \n                    <\/h3>\n                                                        <\/div>\n\n                                <div class=\"elementskit-box-footer\">\n                    <div class=\"box-footer\">\n                        <div class=\"btn-wraper\">\n                                                            <a href=\"https:\/\/tekoprefrigeration.com\/tr\/urunler\/soguk-oda-aksesuarlari\/soguk-oda-aksesuarlari\/\" target=\"_blank\" class=\"elementskit-btn whitespace--normal\">\n                                    \n                                    \n                                    View Products                                <\/a>\n                                                        <\/div>\n                    <\/div>\n                <\/div>\n                            <\/div>\n            <\/div>\n    <\/div>\t\t\t\t<\/div>\n\t\t\t\t<\/div>\n\t\t\t\t<\/div>\n\t\t\t\t<\/div>\n\t\t\t\t\t<\/div>\n\t\t\t\t<\/div>\n\t\t\t\t<\/div>\n\t\t","protected":false},"excerpt":{"rendered":"<p>Tekop Refrigeration So\u011fuk Oda Aksesuarlar\u0131 Bas\u0131n\u00e7 Dengeleme Valfi View Products So\u011fuk Oda Pvc Perde View Products So\u011fuk Oda Raflar\u0131 View Products So\u011fuk [&hellip;]<\/p>\n","protected":false},"author":1,"featured_media":0,"parent":4738,"menu_order":0,"comment_status":"closed","ping_status":"closed","template":"","meta":{"footnotes":""},"class_list":["post-4669","page","type-page","status-publish","hentry"],"_links":{"self":[{"href":"https:\/\/tekoprefrigeration.com\/tr\/wp-json\/wp\/v2\/pages\/4669","targetHints":{"allow":["GET"]}}],"collection":[{"href":"https:\/\/tekoprefrigeration.com\/tr\/wp-json\/wp\/v2\/pages"}],"about":[{"href":"https:\/\/tekoprefrigeration.com\/tr\/wp-json\/wp\/v2\/types\/page"}],"author":[{"embeddable":true,"href":"https:\/\/tekoprefrigeration.com\/tr\/wp-json\/wp\/v2\/users\/1"}],"replies":[{"embeddable":true,"href":"https:\/\/tekoprefrigeration.com\/tr\/wp-json\/wp\/v2\/comments?post=4669"}],"version-history":[{"count":17,"href":"https:\/\/tekoprefrigeration.com\/tr\/wp-json\/wp\/v2\/pages\/4669\/revisions"}],"predecessor-version":[{"id":12166,"href":"https:\/\/tekoprefrigeration.com\/tr\/wp-json\/wp\/v2\/pages\/4669\/revisions\/12166"}],"up":[{"embeddable":true,"href":"https:\/\/tekoprefrigeration.com\/tr\/wp-json\/wp\/v2\/pages\/4738"}],"wp:attachment":[{"href":"https:\/\/tekoprefrigeration.com\/tr\/wp-json\/wp\/v2\/media?parent=4669"}],"curies":[{"name":"wp","href":"https:\/\/api.w.org\/{rel}","templated":true}]}}