{"id":4652,"date":"2023-02-27T12:01:33","date_gmt":"2023-02-27T12:01:33","guid":{"rendered":"https:\/\/tekoprefrigeration.com\/soguk-oda-cihazlari\/"},"modified":"2025-12-16T07:20:25","modified_gmt":"2025-12-16T07:20:25","slug":"soguk-oda-cihazlari","status":"publish","type":"page","link":"https:\/\/tekoprefrigeration.com\/tr\/urunler\/soguk-oda-cihazlari\/","title":{"rendered":"So\u011fuk Oda Cihazlar\u0131"},"content":{"rendered":"\t\t<div data-elementor-type=\"wp-page\" data-elementor-id=\"4652\" class=\"elementor elementor-4652 elementor-356\" data-elementor-settings=\"{&quot;ha_cmc_init_switcher&quot;:&quot;no&quot;}\">\n\t\t\t\t<div class=\"elementor-element elementor-element-d9c1a5d e-flex e-con-boxed e-con e-parent\" data-id=\"d9c1a5d\" data-element_type=\"container\" data-e-type=\"container\" data-settings=\"{&quot;_ha_eqh_enable&quot;:false}\">\n\t\t\t\t\t<div class=\"e-con-inner\">\n\t\t<div class=\"elementor-element elementor-element-e87f2bb e-con-full e-flex e-con e-child\" data-id=\"e87f2bb\" data-element_type=\"container\" data-e-type=\"container\" data-settings=\"{&quot;_ha_eqh_enable&quot;:false}\">\n\t\t<div class=\"elementor-element elementor-element-9f4026f e-con-full e-flex e-con e-child\" data-id=\"9f4026f\" data-element_type=\"container\" data-e-type=\"container\" data-settings=\"{&quot;_ha_eqh_enable&quot;:false}\">\n\t\t\t\t<div class=\"elementor-element elementor-element-debd2b5 elementor-widget__width-initial elementor-widget-tablet__width-inherit elementor-widget elementor-widget-elementskit-heading\" data-id=\"debd2b5\" data-element_type=\"widget\" data-e-type=\"widget\" data-widget_type=\"elementskit-heading.default\">\n\t\t\t\t<div class=\"elementor-widget-container\">\n\t\t\t\t\t<div class=\"ekit-wid-con\" ><div class=\"ekit-heading elementskit-section-title-wraper text_left   ekit_heading_tablet-   ekit_heading_mobile-\"><h4 class=\"elementskit-section-subtitle  \">\n\t\t\t\t\t\tOECA REFRIGERATION UNITS\n\t\t\t\t\t<\/h4><h1 class=\"ekit-heading--title elementskit-section-title \">So\u011fuk Oda Cihazlar\u0131<\/h1><\/div><\/div>\t\t\t\t<\/div>\n\t\t\t\t<\/div>\n\t\t\t\t<\/div>\n\t\t\t\t<\/div>\n\t\t\t\t\t<\/div>\n\t\t\t\t<\/div>\n\t\t\t\t<section class=\"elementor-section elementor-top-section elementor-element elementor-element-4769847 elementor-section-boxed elementor-section-height-default elementor-section-height-default\" data-id=\"4769847\" data-element_type=\"section\" data-e-type=\"section\" data-settings=\"{&quot;_ha_eqh_enable&quot;:false}\">\n\t\t\t\t\t\t<div class=\"elementor-container elementor-column-gap-default\">\n\t\t\t\t\t<div data-ep-wrapper-link=\"{&quot;url&quot;:&quot;https:\\\/\\\/tekoprefrigeration.com\\\/tr\\\/sogutma-sistemleri\\\/&quot;,&quot;is_external&quot;:&quot;&quot;,&quot;nofollow&quot;:&quot;&quot;,&quot;custom_attributes&quot;:&quot;&quot;}\" style=\"cursor: pointer\" class=\"bdt-element-link elementor-column elementor-col-33 elementor-top-column elementor-element elementor-element-a83aa6a\" data-id=\"a83aa6a\" data-element_type=\"column\" data-e-type=\"column\">\n\t\t\t<div class=\"elementor-widget-wrap elementor-element-populated\">\n\t\t\t\t\t\t<div class=\"elementor-element elementor-element-859146c ekit-equal-height-disable elementor-widget elementor-widget-elementskit-image-box\" data-id=\"859146c\" data-element_type=\"widget\" data-e-type=\"widget\" data-widget_type=\"elementskit-image-box.default\">\n\t\t\t\t<div class=\"elementor-widget-container\">\n\t\t\t\t\t<div class=\"ekit-wid-con\" >\n            <div class=\"elementskit-info-image-box ekit-image-box text-left simple-card\" >\n\n                <a href=\"https:\/\/tekoprefrigeration.com\/tr\/sogutma-sistemleri\/\">\n                <div class=\"elementskit-box-header image-box-img-left\">\n\n                    <img fetchpriority=\"high\" decoding=\"async\" width=\"1080\" height=\"1080\" src=\"https:\/\/tekoprefrigeration.com\/wp-content\/uploads\/2025\/12\/Industrial-Refrigeration-Units3.png\" class=\"attachment-full size-full wp-image-11973\" alt=\"Industrial Refrigeration Units3\" srcset=\"https:\/\/tekoprefrigeration.com\/wp-content\/uploads\/2025\/12\/Industrial-Refrigeration-Units3.png 1080w, https:\/\/tekoprefrigeration.com\/wp-content\/uploads\/2025\/12\/Industrial-Refrigeration-Units3-300x300.png 300w, https:\/\/tekoprefrigeration.com\/wp-content\/uploads\/2025\/12\/Industrial-Refrigeration-Units3-1024x1024.png 1024w, https:\/\/tekoprefrigeration.com\/wp-content\/uploads\/2025\/12\/Industrial-Refrigeration-Units3-150x150.png 150w, https:\/\/tekoprefrigeration.com\/wp-content\/uploads\/2025\/12\/Industrial-Refrigeration-Units3-768x768.png 768w, https:\/\/tekoprefrigeration.com\/wp-content\/uploads\/2025\/12\/Industrial-Refrigeration-Units3-650x650.png 650w, https:\/\/tekoprefrigeration.com\/wp-content\/uploads\/2025\/12\/Industrial-Refrigeration-Units3-600x600.png 600w, https:\/\/tekoprefrigeration.com\/wp-content\/uploads\/2025\/12\/Industrial-Refrigeration-Units3-100x100.png 100w\" sizes=\"(max-width: 1080px) 100vw, 1080px\" \/>\n                <\/div>\n                <\/a>\n                <div class=\"elementskit-box-body ekit-image-box-body\">\n                    <div class=\"elementskit-box-content ekit-image-box-body-inner\">\n                                                <h3 class=\"elementskit-info-box-title\">\n\n                        So\u011futma Sistemleri\n                        \n                    <\/h3>\n                                                            <div class=\"elementskit-box-style-content\">\n                        Tekop So\u011futma Sistemleri, \u00e7ok \u00e7e\u015fitli uygulamalarda istikrarl\u0131 ve enerji verimli s\u0131cakl\u0131k kontrol\u00fc sa\u011flamak \u00fczere tasarlanm\u0131\u015ft\u0131r. Kompakt monoblok \u00fcnitelerden geli\u015fmi\u015f merkezi sistemlere kadar, \u00e7\u00f6z\u00fcmlerimiz g\u00fcvenilirlik, performans ve bak\u0131m kolayl\u0131\u011f\u0131 sunar. Ticari ve end\u00fcstriyel ortamlar i\u00e7in \u00fcretilen Tekop sistemleri, zorlu ko\u015fullarda bile optimum so\u011futma sa\u011flar.                    <\/div>\n                                    <\/div>\n\n                                <div class=\"elementskit-box-footer\">\n                    <div class=\"box-footer\">\n                        <div class=\"btn-wraper\">\n                                                            <a href=\"https:\/\/tekoprefrigeration.com\/tr\/sogutma-sistemleri\/\" target=\"_blank\" class=\"elementskit-btn whitespace--normal\">\n                                    \n                                    \n                                    \u00dcr\u00fcnleri g\u00f6r\u00fcnt\u00fcle                                <\/a>\n                                                        <\/div>\n                    <\/div>\n                <\/div>\n                            <\/div>\n            <\/div>\n    <\/div>\t\t\t\t<\/div>\n\t\t\t\t<\/div>\n\t\t\t\t\t<\/div>\n\t\t<\/div>\n\t\t\t\t<div data-ep-wrapper-link=\"{&quot;url&quot;:&quot;https:\\\/\\\/tekoprefrigeration.com\\\/tr\\\/evaporatorler\\\/&quot;,&quot;is_external&quot;:&quot;&quot;,&quot;nofollow&quot;:&quot;&quot;,&quot;custom_attributes&quot;:&quot;&quot;}\" style=\"cursor: pointer\" class=\"bdt-element-link elementor-column elementor-col-33 elementor-top-column elementor-element elementor-element-dd5bca1\" data-id=\"dd5bca1\" data-element_type=\"column\" data-e-type=\"column\">\n\t\t\t<div class=\"elementor-widget-wrap elementor-element-populated\">\n\t\t\t\t\t\t<div class=\"elementor-element elementor-element-b302631 ekit-equal-height-disable elementor-widget elementor-widget-elementskit-image-box\" data-id=\"b302631\" data-element_type=\"widget\" data-e-type=\"widget\" data-widget_type=\"elementskit-image-box.default\">\n\t\t\t\t<div class=\"elementor-widget-container\">\n\t\t\t\t\t<div class=\"ekit-wid-con\" >\n            <div class=\"elementskit-info-image-box ekit-image-box text-left simple-card\" >\n\n                <a href=\"https:\/\/tekoprefrigeration.com\/tr\/evaporatorler\/\">\n                <div class=\"elementskit-box-header image-box-img-left\">\n\n                    <img decoding=\"async\" width=\"1080\" height=\"1080\" src=\"https:\/\/tekoprefrigeration.com\/wp-content\/uploads\/2025\/12\/Industrial-Refrigeration-Units2-1.png\" class=\"attachment-full size-full wp-image-12038\" alt=\"Orca Industrial Evaporator, high-efficiency cooling component for industrial refrigeration\" srcset=\"https:\/\/tekoprefrigeration.com\/wp-content\/uploads\/2025\/12\/Industrial-Refrigeration-Units2-1.png 1080w, https:\/\/tekoprefrigeration.com\/wp-content\/uploads\/2025\/12\/Industrial-Refrigeration-Units2-1-300x300.png 300w, https:\/\/tekoprefrigeration.com\/wp-content\/uploads\/2025\/12\/Industrial-Refrigeration-Units2-1-1024x1024.png 1024w, https:\/\/tekoprefrigeration.com\/wp-content\/uploads\/2025\/12\/Industrial-Refrigeration-Units2-1-150x150.png 150w, https:\/\/tekoprefrigeration.com\/wp-content\/uploads\/2025\/12\/Industrial-Refrigeration-Units2-1-768x768.png 768w, https:\/\/tekoprefrigeration.com\/wp-content\/uploads\/2025\/12\/Industrial-Refrigeration-Units2-1-650x650.png 650w, https:\/\/tekoprefrigeration.com\/wp-content\/uploads\/2025\/12\/Industrial-Refrigeration-Units2-1-600x600.png 600w, https:\/\/tekoprefrigeration.com\/wp-content\/uploads\/2025\/12\/Industrial-Refrigeration-Units2-1-100x100.png 100w\" sizes=\"(max-width: 1080px) 100vw, 1080px\" \/>\n                <\/div>\n                <\/a>\n                <div class=\"elementskit-box-body ekit-image-box-body\">\n                    <div class=\"elementskit-box-content ekit-image-box-body-inner\">\n                                                <h3 class=\"elementskit-info-box-title\">\n\n                        Evaporat\u00f6rler\n                        \n                    <\/h3>\n                                                            <div class=\"elementskit-box-style-content\">\n                        Tekop So\u011futma evaporat\u00f6rleri, \u00e7e\u015fitli so\u011fuk hava depolama ve g\u0131da i\u015fleme ortamlar\u0131nda homojen hava so\u011futma ve g\u00fcvenilir s\u0131cakl\u0131k kontrol\u00fc sa\u011flamak \u00fczere \u00fcretilmi\u015ftir. Hem standart hem de end\u00fcstriyel uygulamalar i\u00e7in tasarlanm\u0131\u015f modellerle, \u00fcst\u00fcn verimlilik, dayan\u0131kl\u0131l\u0131k ve d\u00fc\u015f\u00fck bak\u0131m gereksinimlerini bir araya getirerek uzun vadeli performans sunar.                    <\/div>\n                                    <\/div>\n\n                                <div class=\"elementskit-box-footer\">\n                    <div class=\"box-footer\">\n                        <div class=\"btn-wraper\">\n                                                            <a href=\"https:\/\/tekoprefrigeration.com\/tr\/evaporatorler\/\" target=\"_blank\" class=\"elementskit-btn whitespace--normal\">\n                                    \n                                    \n                                    \u00dcr\u00fcnleri g\u00f6r\u00fcnt\u00fcle                                <\/a>\n                                                        <\/div>\n                    <\/div>\n                <\/div>\n                            <\/div>\n            <\/div>\n    <\/div>\t\t\t\t<\/div>\n\t\t\t\t<\/div>\n\t\t\t\t\t<\/div>\n\t\t<\/div>\n\t\t\t\t<div class=\"elementor-column elementor-col-33 elementor-top-column elementor-element elementor-element-b8e2db9\" data-id=\"b8e2db9\" data-element_type=\"column\" data-e-type=\"column\">\n\t\t\t<div class=\"elementor-widget-wrap\">\n\t\t\t\t\t\t\t<\/div>\n\t\t<\/div>\n\t\t\t\t\t<\/div>\n\t\t<\/section>\n\t\t\t\t<section class=\"elementor-section elementor-top-section elementor-element elementor-element-0af3ec9 elementor-section-boxed elementor-section-height-default elementor-section-height-default\" data-id=\"0af3ec9\" data-element_type=\"section\" data-e-type=\"section\" data-settings=\"{&quot;_ha_eqh_enable&quot;:false}\">\n\t\t\t\t\t\t<div class=\"elementor-container elementor-column-gap-default\">\n\t\t\t\t\t<div class=\"elementor-column elementor-col-100 elementor-top-column elementor-element elementor-element-7e0a460\" data-id=\"7e0a460\" data-element_type=\"column\" data-e-type=\"column\">\n\t\t\t<div class=\"elementor-widget-wrap\">\n\t\t\t\t\t\t\t<\/div>\n\t\t<\/div>\n\t\t\t\t\t<\/div>\n\t\t<\/section>\n\t\t\t\t<\/div>\n\t\t","protected":false},"excerpt":{"rendered":"<p>OECA REFRIGERATION UNITS So\u011fuk Oda Cihazlar\u0131 So\u011futma Sistemleri Tekop So\u011futma Sistemleri, \u00e7ok \u00e7e\u015fitli uygulamalarda istikrarl\u0131 ve enerji verimli s\u0131cakl\u0131k kontrol\u00fc sa\u011flamak \u00fczere [&hellip;]<\/p>\n","protected":false},"author":1,"featured_media":0,"parent":4738,"menu_order":0,"comment_status":"closed","ping_status":"closed","template":"","meta":{"footnotes":""},"class_list":["post-4652","page","type-page","status-publish","hentry"],"_links":{"self":[{"href":"https:\/\/tekoprefrigeration.com\/tr\/wp-json\/wp\/v2\/pages\/4652","targetHints":{"allow":["GET"]}}],"collection":[{"href":"https:\/\/tekoprefrigeration.com\/tr\/wp-json\/wp\/v2\/pages"}],"about":[{"href":"https:\/\/tekoprefrigeration.com\/tr\/wp-json\/wp\/v2\/types\/page"}],"author":[{"embeddable":true,"href":"https:\/\/tekoprefrigeration.com\/tr\/wp-json\/wp\/v2\/users\/1"}],"replies":[{"embeddable":true,"href":"https:\/\/tekoprefrigeration.com\/tr\/wp-json\/wp\/v2\/comments?post=4652"}],"version-history":[{"count":14,"href":"https:\/\/tekoprefrigeration.com\/tr\/wp-json\/wp\/v2\/pages\/4652\/revisions"}],"predecessor-version":[{"id":12156,"href":"https:\/\/tekoprefrigeration.com\/tr\/wp-json\/wp\/v2\/pages\/4652\/revisions\/12156"}],"up":[{"embeddable":true,"href":"https:\/\/tekoprefrigeration.com\/tr\/wp-json\/wp\/v2\/pages\/4738"}],"wp:attachment":[{"href":"https:\/\/tekoprefrigeration.com\/tr\/wp-json\/wp\/v2\/media?parent=4652"}],"curies":[{"name":"wp","href":"https:\/\/api.w.org\/{rel}","templated":true}]}}