{"id":4650,"date":"2023-03-24T08:10:07","date_gmt":"2023-03-24T08:10:07","guid":{"rendered":"https:\/\/tekoprefrigeration.com\/tavan-tipi-evaporatorler\/"},"modified":"2026-02-13T12:02:55","modified_gmt":"2026-02-13T12:02:55","slug":"tavan-tipi-evaporatorler","status":"publish","type":"page","link":"https:\/\/tekoprefrigeration.com\/tr\/evaporatorler\/tavan-tipi-evaporatorler\/","title":{"rendered":"Tavan Tipi Evaporat\u00f6rler"},"content":{"rendered":"\t\t<div data-elementor-type=\"wp-page\" data-elementor-id=\"4650\" class=\"elementor elementor-4650 elementor-684\" data-elementor-settings=\"{&quot;ha_cmc_init_switcher&quot;:&quot;no&quot;}\">\n\t\t\t\t\t\t<section class=\"elementor-section elementor-top-section elementor-element elementor-element-4e65ccba elementor-section-content-middle elementor-section-boxed elementor-section-height-default elementor-section-height-default\" data-id=\"4e65ccba\" data-element_type=\"section\" data-e-type=\"section\" data-settings=\"{&quot;_ha_eqh_enable&quot;:false}\">\n\t\t\t\t\t\t<div class=\"elementor-container elementor-column-gap-default\">\n\t\t\t\t\t<div class=\"elementor-column elementor-col-50 elementor-top-column elementor-element elementor-element-4a781e95\" data-id=\"4a781e95\" data-element_type=\"column\" data-e-type=\"column\">\n\t\t\t<div class=\"elementor-widget-wrap elementor-element-populated\">\n\t\t\t\t\t\t<div class=\"elementor-element elementor-element-7aab685a elementor-widget elementor-widget-image\" data-id=\"7aab685a\" data-element_type=\"widget\" data-e-type=\"widget\" data-widget_type=\"image.default\">\n\t\t\t\t<div class=\"elementor-widget-container\">\n\t\t\t\t\t\t\t\t\t\t\t\t\t\t\t<img fetchpriority=\"high\" decoding=\"async\" width=\"768\" height=\"768\" src=\"https:\/\/tekoprefrigeration.com\/wp-content\/uploads\/2025\/12\/Ceiling-Type-Evaporators-768x768.png\" class=\"attachment-medium_large size-medium_large wp-image-12000\" alt=\"Orca Ceiling Type Evaporator, industrial refrigeration unit for overhead installation\" srcset=\"https:\/\/tekoprefrigeration.com\/wp-content\/uploads\/2025\/12\/Ceiling-Type-Evaporators-768x768.png 768w, https:\/\/tekoprefrigeration.com\/wp-content\/uploads\/2025\/12\/Ceiling-Type-Evaporators-300x300.png 300w, https:\/\/tekoprefrigeration.com\/wp-content\/uploads\/2025\/12\/Ceiling-Type-Evaporators-1024x1024.png 1024w, https:\/\/tekoprefrigeration.com\/wp-content\/uploads\/2025\/12\/Ceiling-Type-Evaporators-150x150.png 150w, https:\/\/tekoprefrigeration.com\/wp-content\/uploads\/2025\/12\/Ceiling-Type-Evaporators-650x650.png 650w, https:\/\/tekoprefrigeration.com\/wp-content\/uploads\/2025\/12\/Ceiling-Type-Evaporators-600x600.png 600w, https:\/\/tekoprefrigeration.com\/wp-content\/uploads\/2025\/12\/Ceiling-Type-Evaporators-100x100.png 100w, https:\/\/tekoprefrigeration.com\/wp-content\/uploads\/2025\/12\/Ceiling-Type-Evaporators.png 1080w\" sizes=\"(max-width: 768px) 100vw, 768px\" \/>\t\t\t\t\t\t\t\t\t\t\t\t\t\t\t<\/div>\n\t\t\t\t<\/div>\n\t\t\t\t\t<\/div>\n\t\t<\/div>\n\t\t\t\t<div class=\"elementor-column elementor-col-50 elementor-top-column elementor-element elementor-element-5df1aa5b\" data-id=\"5df1aa5b\" data-element_type=\"column\" data-e-type=\"column\">\n\t\t\t<div class=\"elementor-widget-wrap elementor-element-populated\">\n\t\t\t\t\t\t<div class=\"elementor-element elementor-element-705c44b9 elementor-widget elementor-widget-heading\" data-id=\"705c44b9\" data-element_type=\"widget\" data-e-type=\"widget\" data-widget_type=\"heading.default\">\n\t\t\t\t<div class=\"elementor-widget-container\">\n\t\t\t\t\t<h1 class=\"elementor-heading-title elementor-size-default\">K\u00f6\u015fe Tavan Tipi Evaporat\u00f6rler<\/h1>\t\t\t\t<\/div>\n\t\t\t\t<\/div>\n\t\t\t\t<div class=\"elementor-element elementor-element-573c5bfd elementor-widget elementor-widget-text-editor\" data-id=\"573c5bfd\" data-element_type=\"widget\" data-e-type=\"widget\" data-widget_type=\"text-editor.default\">\n\t\t\t\t<div class=\"elementor-widget-container\">\n\t\t\t\t\t\t\t\t\t<p>M\u00fctevaz\u0131 ve orta \u00f6l\u00e7ekli so\u011futma kapasitesi sa\u011flayabilen k\u00f6\u015fe tavan tipi evaporat\u00f6rlerimiz, ticari so\u011futma sistemlerinin ihtiya\u00e7lar\u0131n\u0131 kar\u015f\u0131layabilir. Tavan Tipi Evaporat\u00f6rlerimiz, tavana veya ba\u015f \u00fcst\u00fcne monte edilmek \u00fczere tasarlanm\u0131\u015f bir t\u00fcr so\u011futma evaporat\u00f6r \u00fcnitesidir. Bu evaporat\u00f6rler, yerden tasarruf sa\u011flayan tasar\u0131mlar\u0131 ve verimli hava da\u011f\u0131t\u0131mlar\u0131yla bilinir.  <\/p>\t\t\t\t\t\t\t\t<\/div>\n\t\t\t\t<\/div>\n\t\t\t\t<div class=\"elementor-element elementor-element-125e07b4 elementor-align-start elementor-icon-list--layout-traditional elementor-list-item-link-full_width elementor-widget elementor-widget-icon-list\" data-id=\"125e07b4\" data-element_type=\"widget\" data-e-type=\"widget\" data-widget_type=\"icon-list.default\">\n\t\t\t\t<div class=\"elementor-widget-container\">\n\t\t\t\t\t\t\t<ul class=\"elementor-icon-list-items\">\n\t\t\t\t\t\t\t<li class=\"elementor-icon-list-item\">\n\t\t\t\t\t\t\t\t\t\t\t<span class=\"elementor-icon-list-icon\">\n\t\t\t\t\t\t\t<i aria-hidden=\"true\" class=\"fas fa-globe-americas\"><\/i>\t\t\t\t\t\t<\/span>\n\t\t\t\t\t\t\t\t\t\t<span class=\"elementor-icon-list-text\">\u00c7evre Dostu<\/span>\n\t\t\t\t\t\t\t\t\t<\/li>\n\t\t\t\t\t\t\t\t<li class=\"elementor-icon-list-item\">\n\t\t\t\t\t\t\t\t\t\t\t<span class=\"elementor-icon-list-icon\">\n\t\t\t\t\t\t\t<i aria-hidden=\"true\" class=\"fas fa-certificate\"><\/i>\t\t\t\t\t\t<\/span>\n\t\t\t\t\t\t\t\t\t\t<span class=\"elementor-icon-list-text\">Sertifikal\u0131 \u00dcr\u00fcnler<\/span>\n\t\t\t\t\t\t\t\t\t<\/li>\n\t\t\t\t\t\t\t\t<li class=\"elementor-icon-list-item\">\n\t\t\t\t\t\t\t\t\t\t\t<span class=\"elementor-icon-list-icon\">\n\t\t\t\t\t\t\t<i aria-hidden=\"true\" class=\"fas fa-bolt\"><\/i>\t\t\t\t\t\t<\/span>\n\t\t\t\t\t\t\t\t\t\t<span class=\"elementor-icon-list-text\">Enerji Tasarrufu<\/span>\n\t\t\t\t\t\t\t\t\t<\/li>\n\t\t\t\t\t\t\t\t<li class=\"elementor-icon-list-item\">\n\t\t\t\t\t\t\t\t\t\t\t<span class=\"elementor-icon-list-icon\">\n\t\t\t\t\t\t\t<i aria-hidden=\"true\" class=\"fas fa-biohazard\"><\/i>\t\t\t\t\t\t<\/span>\n\t\t\t\t\t\t\t\t\t\t<span class=\"elementor-icon-list-text\">Kanserojen madde i\u00e7ermez<\/span>\n\t\t\t\t\t\t\t\t\t<\/li>\n\t\t\t\t\t\t\t\t<li class=\"elementor-icon-list-item\">\n\t\t\t\t\t\t\t\t\t\t\t<span class=\"elementor-icon-list-icon\">\n\t\t\t\t\t\t\t<i aria-hidden=\"true\" class=\"fas fa-feather-alt\"><\/i>\t\t\t\t\t\t<\/span>\n\t\t\t\t\t\t\t\t\t\t<span class=\"elementor-icon-list-text\">Sa\u011fl\u0131k ve g\u0131da sekt\u00f6r\u00fcnde kullan\u0131labilir<\/span>\n\t\t\t\t\t\t\t\t\t<\/li>\n\t\t\t\t\t\t<\/ul>\n\t\t\t\t\t\t<\/div>\n\t\t\t\t<\/div>\n\t\t\t\t<section data-ep-wrapper-link=\"{&quot;url&quot;:&quot;https:\\\/\\\/www.orcarefrigerationunit.com\\\/&quot;,&quot;is_external&quot;:&quot;on&quot;,&quot;nofollow&quot;:&quot;&quot;,&quot;custom_attributes&quot;:&quot;&quot;}\" style=\"cursor: pointer\" class=\"bdt-element-link elementor-section elementor-inner-section elementor-element elementor-element-71bb3f6 elementor-section-content-middle elementor-section-boxed elementor-section-height-default elementor-section-height-default\" data-id=\"71bb3f6\" data-element_type=\"section\" data-e-type=\"section\" data-settings=\"{&quot;_ha_eqh_enable&quot;:false}\">\n\t\t\t\t\t\t<div class=\"elementor-container elementor-column-gap-default\">\n\t\t\t\t\t<div class=\"elementor-column elementor-col-50 elementor-inner-column elementor-element elementor-element-2f6f946a\" data-id=\"2f6f946a\" data-element_type=\"column\" data-e-type=\"column\">\n\t\t\t<div class=\"elementor-widget-wrap elementor-element-populated\">\n\t\t\t\t\t\t<div class=\"elementor-element elementor-element-21c33a07 elementor-widget elementor-widget-image\" data-id=\"21c33a07\" data-element_type=\"widget\" data-e-type=\"widget\" data-widget_type=\"image.default\">\n\t\t\t\t<div class=\"elementor-widget-container\">\n\t\t\t\t\t\t\t\t\t\t\t\t\t\t\t<img decoding=\"async\" width=\"250\" height=\"85\" src=\"https:\/\/tekoprefrigeration.com\/wp-content\/uploads\/2023\/03\/Orca-Refrigeration-Units-1.png\" class=\"attachment-full size-full wp-image-4145\" alt=\"Orca Refrigeration Units Logo \u2013 Industrial Cooling Solutions\" \/>\t\t\t\t\t\t\t\t\t\t\t\t\t\t\t<\/div>\n\t\t\t\t<\/div>\n\t\t\t\t\t<\/div>\n\t\t<\/div>\n\t\t\t\t<div class=\"elementor-column elementor-col-50 elementor-inner-column elementor-element elementor-element-57652f53\" data-id=\"57652f53\" data-element_type=\"column\" data-e-type=\"column\">\n\t\t\t<div class=\"elementor-widget-wrap elementor-element-populated\">\n\t\t\t\t\t\t<div class=\"elementor-element elementor-element-5c3a278d elementor-widget elementor-widget-text-editor\" data-id=\"5c3a278d\" data-element_type=\"widget\" data-e-type=\"widget\" data-widget_type=\"text-editor.default\">\n\t\t\t\t<div class=\"elementor-widget-container\">\n\t\t\t\t\t\t\t\t\t<p><br><strong>Split So\u011futma \u00dcniteleri<\/strong> hakk\u0131nda daha fazla bilgi i\u00e7in <strong>ORCA<\/strong> &#8216;y\u0131 ziyaret edin.<\/p>\t\t\t\t\t\t\t\t<\/div>\n\t\t\t\t<\/div>\n\t\t\t\t\t<\/div>\n\t\t<\/div>\n\t\t\t\t\t<\/div>\n\t\t<\/section>\n\t\t\t\t<div class=\"elementor-element elementor-element-59a760e elementor-widget-mobile__width-initial elementor-widget elementor-widget-html\" data-id=\"59a760e\" data-element_type=\"widget\" data-e-type=\"widget\" data-widget_type=\"html.default\">\n\t\t\t\t<div class=\"elementor-widget-container\">\n\t\t\t\t\t<a href=\"#\" class=\"custom-offer-btn\">H\u0131zl\u0131 Teklif Al\u0131n<\/a>\r\n\r\n<style>\r\n.custom-offer-btn {\r\n  display: inline-block;\r\n  padding: 12px 28px;\r\n  border: 2px solid #007BFF;\r\n  border-radius: 6px;\r\n  background-color: #0f52a1;\r\n  color: #ffffff;\r\n  font-size: 16px;\r\n  font-weight: 600;\r\n  text-decoration: none;\r\n  text-align: center;\r\n  transition: all 0.3s ease;\r\n}\r\n.custom-offer-btn:hover {\r\n  background-color: #ffffff;\r\n  color: #0f52a1;\r\n  border-color: #0056b3;\r\n}\r\n<\/style>\r\n\r\n<script>\r\njQuery(document).ready(function($){\r\n  $('.custom-offer-btn').on('click', function(e){\r\n    e.preventDefault();\r\n\r\n    \/\/ Mevcut popup a\u00e7ma fonksiyonunu \u00e7a\u011f\u0131r\r\n    \/\/ E\u011fer bu linkin click fonksiyonu varsa do\u011frudan \u00e7a\u011f\u0131r\r\n    var popupLink = $('.uicore-extra[data-uils=\"header_extra\"] a');\r\n    if (popupLink.length) {\r\n      if (typeof popupLink[0].click === 'function') {\r\n        popupLink[0].click(); \/\/ Do\u011frudan native click\r\n      } else {\r\n        console.log('Popup trigger fonksiyonu bulunamad\u0131');\r\n      }\r\n    }\r\n  });\r\n});\r\n<\/script>\r\n\t\t\t\t<\/div>\n\t\t\t\t<\/div>\n\t\t\t\t\t<\/div>\n\t\t<\/div>\n\t\t\t\t\t<\/div>\n\t\t<\/section>\n\t\t\t\t<\/div>\n\t\t","protected":false},"excerpt":{"rendered":"<p>K\u00f6\u015fe Tavan Tipi Evaporat\u00f6rler M\u00fctevaz\u0131 ve orta \u00f6l\u00e7ekli so\u011futma kapasitesi sa\u011flayabilen k\u00f6\u015fe tavan tipi evaporat\u00f6rlerimiz, ticari so\u011futma sistemlerinin ihtiya\u00e7lar\u0131n\u0131 kar\u015f\u0131layabilir. Tavan Tipi [&hellip;]<\/p>\n","protected":false},"author":1,"featured_media":0,"parent":4653,"menu_order":0,"comment_status":"closed","ping_status":"closed","template":"","meta":{"footnotes":""},"class_list":["post-4650","page","type-page","status-publish","hentry"],"_links":{"self":[{"href":"https:\/\/tekoprefrigeration.com\/tr\/wp-json\/wp\/v2\/pages\/4650","targetHints":{"allow":["GET"]}}],"collection":[{"href":"https:\/\/tekoprefrigeration.com\/tr\/wp-json\/wp\/v2\/pages"}],"about":[{"href":"https:\/\/tekoprefrigeration.com\/tr\/wp-json\/wp\/v2\/types\/page"}],"author":[{"embeddable":true,"href":"https:\/\/tekoprefrigeration.com\/tr\/wp-json\/wp\/v2\/users\/1"}],"replies":[{"embeddable":true,"href":"https:\/\/tekoprefrigeration.com\/tr\/wp-json\/wp\/v2\/comments?post=4650"}],"version-history":[{"count":5,"href":"https:\/\/tekoprefrigeration.com\/tr\/wp-json\/wp\/v2\/pages\/4650\/revisions"}],"predecessor-version":[{"id":12383,"href":"https:\/\/tekoprefrigeration.com\/tr\/wp-json\/wp\/v2\/pages\/4650\/revisions\/12383"}],"up":[{"embeddable":true,"href":"https:\/\/tekoprefrigeration.com\/tr\/wp-json\/wp\/v2\/pages\/4653"}],"wp:attachment":[{"href":"https:\/\/tekoprefrigeration.com\/tr\/wp-json\/wp\/v2\/media?parent=4650"}],"curies":[{"name":"wp","href":"https:\/\/api.w.org\/{rel}","templated":true}]}}