{"id":4633,"date":"2023-03-24T08:04:39","date_gmt":"2023-03-24T08:04:39","guid":{"rendered":"https:\/\/tekoprefrigeration.com\/endustriyel-evaporatorler\/"},"modified":"2026-02-13T12:02:54","modified_gmt":"2026-02-13T12:02:54","slug":"endustriyel-evaporatorler","status":"publish","type":"page","link":"https:\/\/tekoprefrigeration.com\/tr\/evaporatorler\/endustriyel-evaporatorler\/","title":{"rendered":"End\u00fcstriyel Evaporat\u00f6rler"},"content":{"rendered":"\t\t<div data-elementor-type=\"wp-page\" data-elementor-id=\"4633\" class=\"elementor elementor-4633 elementor-658\" data-elementor-settings=\"{&quot;ha_cmc_init_switcher&quot;:&quot;no&quot;}\">\n\t\t\t\t\t\t<section class=\"elementor-section elementor-top-section elementor-element elementor-element-4e65ccba elementor-section-content-middle elementor-section-boxed elementor-section-height-default elementor-section-height-default\" data-id=\"4e65ccba\" data-element_type=\"section\" data-e-type=\"section\" data-settings=\"{&quot;_ha_eqh_enable&quot;:false}\">\n\t\t\t\t\t\t<div class=\"elementor-container elementor-column-gap-default\">\n\t\t\t\t\t<div class=\"elementor-column elementor-col-50 elementor-top-column elementor-element elementor-element-7430720\" data-id=\"7430720\" data-element_type=\"column\" data-e-type=\"column\">\n\t\t\t<div class=\"elementor-widget-wrap elementor-element-populated\">\n\t\t\t\t\t\t<div class=\"elementor-element elementor-element-f9fa9a7 elementor-arrows-position-inside elementor-pagination-position-outside elementor-widget elementor-widget-image-carousel\" data-id=\"f9fa9a7\" data-element_type=\"widget\" data-e-type=\"widget\" data-settings=\"{&quot;slides_to_show&quot;:&quot;1&quot;,&quot;autoplay_speed&quot;:2000,&quot;navigation&quot;:&quot;both&quot;,&quot;autoplay&quot;:&quot;yes&quot;,&quot;pause_on_hover&quot;:&quot;yes&quot;,&quot;pause_on_interaction&quot;:&quot;yes&quot;,&quot;infinite&quot;:&quot;yes&quot;,&quot;effect&quot;:&quot;slide&quot;,&quot;speed&quot;:500}\" data-widget_type=\"image-carousel.default\">\n\t\t\t\t<div class=\"elementor-widget-container\">\n\t\t\t\t\t\t\t<div class=\"elementor-image-carousel-wrapper swiper\" role=\"region\" aria-roledescription=\"carousel\" aria-label=\"Image Carousel\" dir=\"ltr\">\n\t\t\t<div class=\"elementor-image-carousel swiper-wrapper\" aria-live=\"off\">\n\t\t\t\t\t\t\t\t<div class=\"swiper-slide\" role=\"group\" aria-roledescription=\"slide\" aria-label=\"1 \/ 2\"><figure class=\"swiper-slide-inner\"><img decoding=\"async\" class=\"swiper-slide-image\" src=\"https:\/\/tekoprefrigeration.com\/wp-content\/uploads\/2025\/12\/Industrial-Refrigeration-Units2-1.png\" alt=\"Orca Industrial Evaporator, high-efficiency cooling component for industrial refrigeration\" \/><\/figure><\/div><div class=\"swiper-slide\" role=\"group\" aria-roledescription=\"slide\" aria-label=\"2 \/ 2\"><figure class=\"swiper-slide-inner\"><img decoding=\"async\" class=\"swiper-slide-image\" src=\"https:\/\/tekoprefrigeration.com\/wp-content\/uploads\/2023\/11\/ORCA-Industrial-Evaporators-1-scaled.jpg\" alt=\"Orca Industrial Evaporator system, optimized for heavy-duty refrigeration\" \/><\/figure><\/div>\t\t\t<\/div>\n\t\t\t\t\t\t\t\t\t\t\t\t<div class=\"elementor-swiper-button elementor-swiper-button-prev\" role=\"button\" tabindex=\"0\">\n\t\t\t\t\t\t<i aria-hidden=\"true\" class=\"eicon-chevron-left\"><\/i>\t\t\t\t\t<\/div>\n\t\t\t\t\t<div class=\"elementor-swiper-button elementor-swiper-button-next\" role=\"button\" tabindex=\"0\">\n\t\t\t\t\t\t<i aria-hidden=\"true\" class=\"eicon-chevron-right\"><\/i>\t\t\t\t\t<\/div>\n\t\t\t\t\n\t\t\t\t\t\t\t\t\t<div class=\"swiper-pagination\"><\/div>\n\t\t\t\t\t\t\t\t\t<\/div>\n\t\t\t\t\t\t<\/div>\n\t\t\t\t<\/div>\n\t\t\t\t\t<\/div>\n\t\t<\/div>\n\t\t\t\t<div class=\"elementor-column elementor-col-50 elementor-top-column elementor-element elementor-element-5df1aa5b\" data-id=\"5df1aa5b\" data-element_type=\"column\" data-e-type=\"column\">\n\t\t\t<div class=\"elementor-widget-wrap elementor-element-populated\">\n\t\t\t\t\t\t<div class=\"elementor-element elementor-element-705c44b9 elementor-widget elementor-widget-heading\" data-id=\"705c44b9\" data-element_type=\"widget\" data-e-type=\"widget\" data-widget_type=\"heading.default\">\n\t\t\t\t<div class=\"elementor-widget-container\">\n\t\t\t\t\t<h1 class=\"elementor-heading-title elementor-size-default\">End\u00fcstriyel Evaporat\u00f6rler\n<\/h1>\t\t\t\t<\/div>\n\t\t\t\t<\/div>\n\t\t\t\t<div class=\"elementor-element elementor-element-573c5bfd elementor-widget elementor-widget-text-editor\" data-id=\"573c5bfd\" data-element_type=\"widget\" data-e-type=\"widget\" data-widget_type=\"text-editor.default\">\n\t\t\t\t<div class=\"elementor-widget-container\">\n\t\t\t\t\t\t\t\t\t<p>End\u00fcstriyel Evaporat\u00f6rler, end\u00fcstriyel ortamlardaki b\u00fcy\u00fck \u00f6l\u00e7ekli so\u011futma uygulamalar\u0131 i\u00e7in tasarlanm\u0131\u015f \u00f6zel \u0131s\u0131 e\u015fanj\u00f6rleridir. So\u011futucu ak\u0131\u015fkan\u0131n buharla\u015fmas\u0131n\u0131 kolayla\u015ft\u0131rmak i\u00e7in \u00e7evredeki ortamdan \u0131s\u0131 \u00e7ekmekten sorumlu olan end\u00fcstriyel so\u011futma sistemlerinin temel bir bile\u015fenidir. \u00c7e\u015fitli so\u011futma \u00f6zelliklerine sahip end\u00fcstriyel evaporat\u00f6rler, end\u00fcstriyel so\u011futma sistemlerinin taleplerini kar\u015f\u0131layabilir. Bunlar 17,9 kW ile 172,8 kW aras\u0131nda geni\u015f bir kapasite aral\u0131\u011f\u0131na sahiptir.   <\/p>\t\t\t\t\t\t\t\t<\/div>\n\t\t\t\t<\/div>\n\t\t\t\t<div class=\"elementor-element elementor-element-125e07b4 elementor-align-start elementor-icon-list--layout-traditional elementor-list-item-link-full_width elementor-widget elementor-widget-icon-list\" data-id=\"125e07b4\" data-element_type=\"widget\" data-e-type=\"widget\" data-widget_type=\"icon-list.default\">\n\t\t\t\t<div class=\"elementor-widget-container\">\n\t\t\t\t\t\t\t<ul class=\"elementor-icon-list-items\">\n\t\t\t\t\t\t\t<li class=\"elementor-icon-list-item\">\n\t\t\t\t\t\t\t\t\t\t\t<span class=\"elementor-icon-list-icon\">\n\t\t\t\t\t\t\t<i aria-hidden=\"true\" class=\"fas fa-globe-americas\"><\/i>\t\t\t\t\t\t<\/span>\n\t\t\t\t\t\t\t\t\t\t<span class=\"elementor-icon-list-text\">\u00c7evre Dostu<\/span>\n\t\t\t\t\t\t\t\t\t<\/li>\n\t\t\t\t\t\t\t\t<li class=\"elementor-icon-list-item\">\n\t\t\t\t\t\t\t\t\t\t\t<span class=\"elementor-icon-list-icon\">\n\t\t\t\t\t\t\t<i aria-hidden=\"true\" class=\"fas fa-certificate\"><\/i>\t\t\t\t\t\t<\/span>\n\t\t\t\t\t\t\t\t\t\t<span class=\"elementor-icon-list-text\">Sertifikal\u0131 \u00dcr\u00fcnler<\/span>\n\t\t\t\t\t\t\t\t\t<\/li>\n\t\t\t\t\t\t\t\t<li class=\"elementor-icon-list-item\">\n\t\t\t\t\t\t\t\t\t\t\t<span class=\"elementor-icon-list-icon\">\n\t\t\t\t\t\t\t<i aria-hidden=\"true\" class=\"fas fa-bolt\"><\/i>\t\t\t\t\t\t<\/span>\n\t\t\t\t\t\t\t\t\t\t<span class=\"elementor-icon-list-text\">Enerji Tasarrufu<\/span>\n\t\t\t\t\t\t\t\t\t<\/li>\n\t\t\t\t\t\t\t\t<li class=\"elementor-icon-list-item\">\n\t\t\t\t\t\t\t\t\t\t\t<span class=\"elementor-icon-list-icon\">\n\t\t\t\t\t\t\t<i aria-hidden=\"true\" class=\"fas fa-biohazard\"><\/i>\t\t\t\t\t\t<\/span>\n\t\t\t\t\t\t\t\t\t\t<span class=\"elementor-icon-list-text\">Kanserojen madde i\u00e7ermez<\/span>\n\t\t\t\t\t\t\t\t\t<\/li>\n\t\t\t\t\t\t\t\t<li class=\"elementor-icon-list-item\">\n\t\t\t\t\t\t\t\t\t\t\t<span class=\"elementor-icon-list-icon\">\n\t\t\t\t\t\t\t<i aria-hidden=\"true\" class=\"fas fa-feather-alt\"><\/i>\t\t\t\t\t\t<\/span>\n\t\t\t\t\t\t\t\t\t\t<span class=\"elementor-icon-list-text\">Sa\u011fl\u0131k ve g\u0131da sekt\u00f6r\u00fcnde kullan\u0131labilir<\/span>\n\t\t\t\t\t\t\t\t\t<\/li>\n\t\t\t\t\t\t<\/ul>\n\t\t\t\t\t\t<\/div>\n\t\t\t\t<\/div>\n\t\t\t\t<section data-ep-wrapper-link=\"{&quot;url&quot;:&quot;https:\\\/\\\/www.orcarefrigerationunit.com\\\/&quot;,&quot;is_external&quot;:&quot;on&quot;,&quot;nofollow&quot;:&quot;&quot;,&quot;custom_attributes&quot;:&quot;&quot;}\" style=\"cursor: pointer\" class=\"bdt-element-link elementor-section elementor-inner-section elementor-element elementor-element-71bb3f6 elementor-section-content-middle elementor-section-boxed elementor-section-height-default elementor-section-height-default\" data-id=\"71bb3f6\" data-element_type=\"section\" data-e-type=\"section\" data-settings=\"{&quot;_ha_eqh_enable&quot;:false}\">\n\t\t\t\t\t\t<div class=\"elementor-container elementor-column-gap-default\">\n\t\t\t\t\t<div class=\"elementor-column elementor-col-50 elementor-inner-column elementor-element elementor-element-2f6f946a\" data-id=\"2f6f946a\" data-element_type=\"column\" data-e-type=\"column\">\n\t\t\t<div class=\"elementor-widget-wrap elementor-element-populated\">\n\t\t\t\t\t\t<div class=\"elementor-element elementor-element-21c33a07 elementor-widget elementor-widget-image\" data-id=\"21c33a07\" data-element_type=\"widget\" data-e-type=\"widget\" data-widget_type=\"image.default\">\n\t\t\t\t<div class=\"elementor-widget-container\">\n\t\t\t\t\t\t\t\t\t\t\t\t\t\t\t<img decoding=\"async\" width=\"250\" height=\"85\" src=\"https:\/\/tekoprefrigeration.com\/wp-content\/uploads\/2023\/03\/Orca-Refrigeration-Units-1.png\" class=\"attachment-full size-full wp-image-4145\" alt=\"Orca Refrigeration Units Logo \u2013 Industrial Cooling Solutions\" \/>\t\t\t\t\t\t\t\t\t\t\t\t\t\t\t<\/div>\n\t\t\t\t<\/div>\n\t\t\t\t\t<\/div>\n\t\t<\/div>\n\t\t\t\t<div class=\"elementor-column elementor-col-50 elementor-inner-column elementor-element elementor-element-57652f53\" data-id=\"57652f53\" data-element_type=\"column\" data-e-type=\"column\">\n\t\t\t<div class=\"elementor-widget-wrap elementor-element-populated\">\n\t\t\t\t\t\t<div class=\"elementor-element elementor-element-5c3a278d elementor-widget elementor-widget-text-editor\" data-id=\"5c3a278d\" data-element_type=\"widget\" data-e-type=\"widget\" data-widget_type=\"text-editor.default\">\n\t\t\t\t<div class=\"elementor-widget-container\">\n\t\t\t\t\t\t\t\t\t<p><br><strong>Split So\u011futma \u00dcniteleri<\/strong> hakk\u0131nda daha fazla bilgi i\u00e7in <strong>ORCA<\/strong> &#8216;y\u0131 ziyaret edin.<\/p>\t\t\t\t\t\t\t\t<\/div>\n\t\t\t\t<\/div>\n\t\t\t\t\t<\/div>\n\t\t<\/div>\n\t\t\t\t\t<\/div>\n\t\t<\/section>\n\t\t\t\t<div class=\"elementor-element elementor-element-68e56ea elementor-widget-mobile__width-initial elementor-widget elementor-widget-html\" data-id=\"68e56ea\" data-element_type=\"widget\" data-e-type=\"widget\" data-widget_type=\"html.default\">\n\t\t\t\t<div class=\"elementor-widget-container\">\n\t\t\t\t\t<a href=\"#\" class=\"custom-offer-btn\">H\u0131zl\u0131 Teklif Al\u0131n<\/a>\r\n\r\n<style>\r\n.custom-offer-btn {\r\n  display: inline-block;\r\n  padding: 12px 28px;\r\n  border: 2px solid #007BFF;\r\n  border-radius: 6px;\r\n  background-color: #0f52a1;\r\n  color: #ffffff;\r\n  font-size: 16px;\r\n  font-weight: 600;\r\n  text-decoration: none;\r\n  text-align: center;\r\n  transition: all 0.3s ease;\r\n}\r\n.custom-offer-btn:hover {\r\n  background-color: #ffffff;\r\n  color: #0f52a1;\r\n  border-color: #0056b3;\r\n}\r\n<\/style>\r\n\r\n<script>\r\njQuery(document).ready(function($){\r\n  $('.custom-offer-btn').on('click', function(e){\r\n    e.preventDefault();\r\n\r\n    \/\/ Mevcut popup a\u00e7ma fonksiyonunu \u00e7a\u011f\u0131r\r\n    \/\/ E\u011fer bu linkin click fonksiyonu varsa do\u011frudan \u00e7a\u011f\u0131r\r\n    var popupLink = $('.uicore-extra[data-uils=\"header_extra\"] a');\r\n    if (popupLink.length) {\r\n      if (typeof popupLink[0].click === 'function') {\r\n        popupLink[0].click(); \/\/ Do\u011frudan native click\r\n      } else {\r\n        console.log('Popup trigger fonksiyonu bulunamad\u0131');\r\n      }\r\n    }\r\n  });\r\n});\r\n<\/script>\r\n\t\t\t\t<\/div>\n\t\t\t\t<\/div>\n\t\t\t\t\t<\/div>\n\t\t<\/div>\n\t\t\t\t\t<\/div>\n\t\t<\/section>\n\t\t<div class=\"elementor-element elementor-element-0b947c7 e-flex e-con-boxed e-con e-parent\" data-id=\"0b947c7\" data-element_type=\"container\" data-e-type=\"container\" data-settings=\"{&quot;_ha_eqh_enable&quot;:false}\">\n\t\t\t\t\t<div class=\"e-con-inner\">\n\t\t<div class=\"elementor-element elementor-element-ea93afb e-con-full e-flex e-con e-child\" data-id=\"ea93afb\" data-element_type=\"container\" data-e-type=\"container\" data-settings=\"{&quot;_ha_eqh_enable&quot;:false}\">\n\t\t\t\t<div class=\"elementor-element elementor-element-1ca5404 elementor-widget elementor-widget-text-editor\" data-id=\"1ca5404\" data-element_type=\"widget\" data-e-type=\"widget\" data-widget_type=\"text-editor.default\">\n\t\t\t\t<div class=\"elementor-widget-container\">\n\t\t\t\t\t\t\t\t\t<h2 class=\"yikes-custom-woo-tab-title yikes-custom-woo-tab-title-general-specifications\">Genel \u00d6zellikler<\/h2><ul class=\"bullet\"><li>Y\u00fcksek verimli al\u00fcminyum kanatlar<\/li><li>4-6-8-10 mm kanat aral\u0131klar\u0131<\/li><li>3\/8&#8221;-1\/2&#8221;-5\/8&#8221; \u00e7aplar\u0131nda bak\u0131r borular<\/li><li>404A, R 507A ve R 134A gazlar\u0131 ile \u00e7al\u0131\u015fma kabiliyeti<\/li><li>35 bar&#8217;da y\u00fcksek bas\u0131n\u00e7l\u0131 test<\/li><li>20 bar&#8217;a kadar y\u00fcksek \u00e7al\u0131\u015fma bas\u0131nc\u0131<\/li><li>Azot ile pozitif bas\u0131n\u00e7l\u0131 presleme ile g\u00f6nderme<\/li><\/ul><div class=\"alert alert-warning\"><strong>\u0130ste\u011fe ba\u011fl\u0131 olarak epoksi kaplamal\u0131 al\u00fcminyum kanat ile kaplanabilirler.<\/strong><\/div>\t\t\t\t\t\t\t\t<\/div>\n\t\t\t\t<\/div>\n\t\t\t\t<\/div>\n\t\t<div class=\"elementor-element elementor-element-3dddc99 e-con-full e-flex e-con e-child\" data-id=\"3dddc99\" data-element_type=\"container\" data-e-type=\"container\" data-settings=\"{&quot;_ha_eqh_enable&quot;:false}\">\n\t\t\t\t<div class=\"elementor-element elementor-element-8f75c7d elementor-widget elementor-widget-text-editor\" data-id=\"8f75c7d\" data-element_type=\"widget\" data-e-type=\"widget\" data-widget_type=\"text-editor.default\">\n\t\t\t\t<div class=\"elementor-widget-container\">\n\t\t\t\t\t\t\t\t\t<h2 class=\"yikes-custom-woo-tab-title yikes-custom-woo-tab-title-technical-specifications\">Teknik \u00d6zellikler<\/h2><h4>Muhafazan\u0131n \u00d6zellikleri:<\/h4><p>Kasetleme, oksidasyona kar\u015f\u0131 korumal\u0131 estetik bir yap\u0131ya sahiptir ve s\u0131cak dald\u0131rma galvanizli \u00e7elik ile kal\u0131c\u0131 elektrostatik toz boya ile \u00fcretilmi\u015ftir. Her tip modelde montaj ve servis i\u00e7in kolayca kapan\u0131p a\u00e7\u0131labilen mente\u015feli drenaj tavas\u0131, kolayca \u00e7\u0131kar\u0131labilen yan kapaklar ve kolay montaj i\u00e7in \u00f6zel ask\u0131lar gibi baz\u0131 standart donan\u0131m ve fonksiyonlar bulunmaktad\u0131r Paslanmaz kasetler iste\u011fe ba\u011fl\u0131 olarak yap\u0131labilmektedir. <\/p><h4>Is\u0131t\u0131c\u0131lar\u0131n \u00d6zellikleri:<\/h4><p>E1 tipi \u0131s\u0131t\u0131c\u0131lar 0 termometre ve +5 termometre aral\u0131\u011f\u0131 i\u00e7in kullan\u0131l\u0131r \u0131s\u0131t\u0131c\u0131lar sadece so\u011futma bataryas\u0131n\u0131n g\u00f6vdesine monte edilir.<br>E2 \u0131s\u0131t\u0131c\u0131lar 0 termometrenin alt\u0131ndaki dereceler i\u00e7in kullan\u0131labilir \u0131s\u0131t\u0131c\u0131lar so\u011futma bataryas\u0131n\u0131n g\u00f6vdesine monte edilir<\/p><h4>Is\u0131t\u0131c\u0131 t\u00fcrleri:<\/h4><p>E1 : Sadece g\u00f6vde elektrikli defrost<br>E2 : G\u00f6vde + tahliye tepsisi elektrikli defrost<br>E3 : G\u00f6vde + tahliye tepsisi + fan elektrikli defrost<br>HGD1 : Sadece g\u00f6vde s\u0131cak gazl\u0131 defrost<br>HGD2 : G\u00f6vde + Tahliye tavas\u0131 s\u0131cak gazl\u0131 defrost<br>WD : Sadece g\u00f6vde sulu defrost<\/p><h4>Taraftarlar\u0131n \u00d6zellikleri:<\/h4><p>End\u00fcstriyel evaporat\u00f6rlerimizde aksiyal fanlar kullan\u0131lmaktad\u0131r. Monofaze ve monofaze olarak \u00fcretilen t\u00fcm fanlar g\u00fcvenlik standartlar\u0131na uygun korumalara sahiptir. Elektriksel \u00f6zellikleri 230V 50HZ 1400rpm&#8217;dir. IP44 ve IP54 fan motorlar\u0131 korumal\u0131 olup B ve F izolasyon s\u0131n\u0131f\u0131na sahiptir.   <\/p><p><a href=\"https:\/\/orcarefrigerationunit.com\/product\/industrial-evaporators\/\" target=\"_blank\" rel=\"noopener\">Daha fazla bilgi i\u00e7in buraya t\u0131klay\u0131n<\/a><\/p>\t\t\t\t\t\t\t\t<\/div>\n\t\t\t\t<\/div>\n\t\t\t\t<\/div>\n\t\t\t\t\t<\/div>\n\t\t\t\t<\/div>\n\t\t\t\t<\/div>\n\t\t","protected":false},"excerpt":{"rendered":"<p>End\u00fcstriyel Evaporat\u00f6rler End\u00fcstriyel Evaporat\u00f6rler, end\u00fcstriyel ortamlardaki b\u00fcy\u00fck \u00f6l\u00e7ekli so\u011futma uygulamalar\u0131 i\u00e7in tasarlanm\u0131\u015f \u00f6zel \u0131s\u0131 e\u015fanj\u00f6rleridir. So\u011futucu ak\u0131\u015fkan\u0131n buharla\u015fmas\u0131n\u0131 kolayla\u015ft\u0131rmak i\u00e7in \u00e7evredeki ortamdan [&hellip;]<\/p>\n","protected":false},"author":1,"featured_media":0,"parent":4653,"menu_order":0,"comment_status":"closed","ping_status":"closed","template":"","meta":{"footnotes":""},"class_list":["post-4633","page","type-page","status-publish","hentry"],"_links":{"self":[{"href":"https:\/\/tekoprefrigeration.com\/tr\/wp-json\/wp\/v2\/pages\/4633","targetHints":{"allow":["GET"]}}],"collection":[{"href":"https:\/\/tekoprefrigeration.com\/tr\/wp-json\/wp\/v2\/pages"}],"about":[{"href":"https:\/\/tekoprefrigeration.com\/tr\/wp-json\/wp\/v2\/types\/page"}],"author":[{"embeddable":true,"href":"https:\/\/tekoprefrigeration.com\/tr\/wp-json\/wp\/v2\/users\/1"}],"replies":[{"embeddable":true,"href":"https:\/\/tekoprefrigeration.com\/tr\/wp-json\/wp\/v2\/comments?post=4633"}],"version-history":[{"count":5,"href":"https:\/\/tekoprefrigeration.com\/tr\/wp-json\/wp\/v2\/pages\/4633\/revisions"}],"predecessor-version":[{"id":12384,"href":"https:\/\/tekoprefrigeration.com\/tr\/wp-json\/wp\/v2\/pages\/4633\/revisions\/12384"}],"up":[{"embeddable":true,"href":"https:\/\/tekoprefrigeration.com\/tr\/wp-json\/wp\/v2\/pages\/4653"}],"wp:attachment":[{"href":"https:\/\/tekoprefrigeration.com\/tr\/wp-json\/wp\/v2\/media?parent=4633"}],"curies":[{"name":"wp","href":"https:\/\/api.w.org\/{rel}","templated":true}]}}