{"id":4630,"date":"2023-02-27T12:04:17","date_gmt":"2023-02-27T12:04:17","guid":{"rendered":"https:\/\/tekoprefrigeration.com\/sogutma-sistemi\/split-sogutma-sistemi\/"},"modified":"2026-02-09T12:02:19","modified_gmt":"2026-02-09T12:02:19","slug":"split-sogutma-sistemi","status":"publish","type":"page","link":"https:\/\/tekoprefrigeration.com\/tr\/urunler\/soguk-oda-cihazlari\/sogutma-sistemi\/split-sogutma-sistemi\/","title":{"rendered":"Split So\u011futma Sistemi"},"content":{"rendered":"\t\t<div data-elementor-type=\"wp-page\" data-elementor-id=\"4630\" class=\"elementor elementor-4630 elementor-362\" data-elementor-settings=\"{&quot;ha_cmc_init_switcher&quot;:&quot;no&quot;}\">\n\t\t\t\t\t\t<section class=\"elementor-section elementor-top-section elementor-element elementor-element-7cd4448d elementor-section-content-middle elementor-section-boxed elementor-section-height-default elementor-section-height-default\" data-id=\"7cd4448d\" data-element_type=\"section\" data-e-type=\"section\" data-settings=\"{&quot;_ha_eqh_enable&quot;:false}\">\n\t\t\t\t\t\t<div class=\"elementor-container elementor-column-gap-default\">\n\t\t\t\t\t<div class=\"elementor-column elementor-col-50 elementor-top-column elementor-element elementor-element-5ad6968f\" data-id=\"5ad6968f\" data-element_type=\"column\" data-e-type=\"column\">\n\t\t\t<div class=\"elementor-widget-wrap elementor-element-populated\">\n\t\t\t\t\t\t<div class=\"elementor-element elementor-element-2ed7bdc elementor-arrows-position-inside elementor-pagination-position-outside elementor-widget elementor-widget-image-carousel\" data-id=\"2ed7bdc\" data-element_type=\"widget\" data-e-type=\"widget\" data-settings=\"{&quot;slides_to_show&quot;:&quot;1&quot;,&quot;autoplay_speed&quot;:2000,&quot;navigation&quot;:&quot;both&quot;,&quot;autoplay&quot;:&quot;yes&quot;,&quot;pause_on_hover&quot;:&quot;yes&quot;,&quot;pause_on_interaction&quot;:&quot;yes&quot;,&quot;infinite&quot;:&quot;yes&quot;,&quot;effect&quot;:&quot;slide&quot;,&quot;speed&quot;:500}\" data-widget_type=\"image-carousel.default\">\n\t\t\t\t<div class=\"elementor-widget-container\">\n\t\t\t\t\t\t\t<div class=\"elementor-image-carousel-wrapper swiper\" role=\"region\" aria-roledescription=\"carousel\" aria-label=\"Image Carousel\" dir=\"ltr\">\n\t\t\t<div class=\"elementor-image-carousel swiper-wrapper\" aria-live=\"off\">\n\t\t\t\t\t\t\t\t<div class=\"swiper-slide\" role=\"group\" aria-roledescription=\"slide\" aria-label=\"1 \/ 4\"><figure class=\"swiper-slide-inner\"><img decoding=\"async\" class=\"swiper-slide-image\" src=\"https:\/\/tekoprefrigeration.com\/wp-content\/uploads\/2025\/12\/Split-Refrigeration-Units.png\" alt=\"Split Refrigeration Units\" \/><\/figure><\/div><div class=\"swiper-slide\" role=\"group\" aria-roledescription=\"slide\" aria-label=\"2 \/ 4\"><figure class=\"swiper-slide-inner\"><img decoding=\"async\" class=\"swiper-slide-image\" src=\"https:\/\/tekoprefrigeration.com\/wp-content\/uploads\/2025\/12\/IBS_00081.png\" alt=\"Orca Split Cooling Unit \u2013 High-performance refrigeration system for commercial and industrial cold rooms\" \/><\/figure><\/div><div class=\"swiper-slide\" role=\"group\" aria-roledescription=\"slide\" aria-label=\"3 \/ 4\"><figure class=\"swiper-slide-inner\"><img decoding=\"async\" class=\"swiper-slide-image\" src=\"https:\/\/tekoprefrigeration.com\/wp-content\/uploads\/2025\/12\/IBS_00110.png\" alt=\"Orca Split Refrigeration System \u2013 Efficient and reliable cooling solution for cold rooms\" \/><\/figure><\/div><div class=\"swiper-slide\" role=\"group\" aria-roledescription=\"slide\" aria-label=\"4 \/ 4\"><figure class=\"swiper-slide-inner\"><img decoding=\"async\" class=\"swiper-slide-image\" src=\"https:\/\/tekoprefrigeration.com\/wp-content\/uploads\/2025\/12\/IBS_00185.png\" alt=\"Orca Split Refrigeration Unit \u2013 High-efficiency cooling unit for industrial and commercial cold rooms\" \/><\/figure><\/div>\t\t\t<\/div>\n\t\t\t\t\t\t\t\t\t\t\t\t<div class=\"elementor-swiper-button elementor-swiper-button-prev\" role=\"button\" tabindex=\"0\">\n\t\t\t\t\t\t<i aria-hidden=\"true\" class=\"eicon-chevron-left\"><\/i>\t\t\t\t\t<\/div>\n\t\t\t\t\t<div class=\"elementor-swiper-button elementor-swiper-button-next\" role=\"button\" tabindex=\"0\">\n\t\t\t\t\t\t<i aria-hidden=\"true\" class=\"eicon-chevron-right\"><\/i>\t\t\t\t\t<\/div>\n\t\t\t\t\n\t\t\t\t\t\t\t\t\t<div class=\"swiper-pagination\"><\/div>\n\t\t\t\t\t\t\t\t\t<\/div>\n\t\t\t\t\t\t<\/div>\n\t\t\t\t<\/div>\n\t\t\t\t\t<\/div>\n\t\t<\/div>\n\t\t\t\t<div class=\"elementor-column elementor-col-50 elementor-top-column elementor-element elementor-element-7e3e2912\" data-id=\"7e3e2912\" data-element_type=\"column\" data-e-type=\"column\">\n\t\t\t<div class=\"elementor-widget-wrap elementor-element-populated\">\n\t\t\t\t\t\t<div class=\"elementor-element elementor-element-b6a52ff elementor-widget elementor-widget-heading\" data-id=\"b6a52ff\" data-element_type=\"widget\" data-e-type=\"widget\" data-widget_type=\"heading.default\">\n\t\t\t\t<div class=\"elementor-widget-container\">\n\t\t\t\t\t<h1 class=\"elementor-heading-title elementor-size-default\">Split So\u011futma Sistemi<\/h1>\t\t\t\t<\/div>\n\t\t\t\t<\/div>\n\t\t\t\t<div class=\"elementor-element elementor-element-12017518 elementor-widget elementor-widget-text-editor\" data-id=\"12017518\" data-element_type=\"widget\" data-e-type=\"widget\" data-widget_type=\"text-editor.default\">\n\t\t\t\t<div class=\"elementor-widget-container\">\n\t\t\t\t\t\t\t\t\t<p>Split so\u011futma sistemleri, te\u015fhir buzdolaplar\u0131, so\u011fuk odalar, buz makineleri, dondurma makineleri vb. dahil olmak \u00fczere t\u00fcm ticari ve end\u00fcstriyel so\u011futma uygulamalar\u0131nda kullan\u0131labilir. Ticari ve end\u00fcstriyel so\u011futma uygulamalar\u0131 i\u00e7in tasarlanm\u0131\u015f y\u00fcksek performansl\u0131 Split So\u011futma Sistemimiz. Sistemimiz vitrin tipi buzdolaplar\u0131, so\u011fuk odalar ve daha fazlas\u0131 i\u00e7in verimli ve g\u00fcvenilir so\u011futma sunar. F\u0131s\u0131lt\u0131 sessizli\u011finde \u00e7al\u0131\u015fmas\u0131 ve ola\u011fan\u00fcst\u00fc so\u011futma verimlili\u011fi ile i\u015fletmeler i\u00e7in m\u00fckemmeldir. H\u0131zl\u0131 so\u011futma \u00f6zellikleri optimum \u00fcr\u00fcn depolama ko\u015fullar\u0131 sa\u011flarken, kolay kurulum i\u015f\u00e7ilik maliyetlerinden tasarruf sa\u011flar.      <\/p>\t\t\t\t\t\t\t\t<\/div>\n\t\t\t\t<\/div>\n\t\t\t\t<div class=\"elementor-element elementor-element-5c02087d elementor-align-start elementor-icon-list--layout-traditional elementor-list-item-link-full_width elementor-widget elementor-widget-icon-list\" data-id=\"5c02087d\" data-element_type=\"widget\" data-e-type=\"widget\" data-widget_type=\"icon-list.default\">\n\t\t\t\t<div class=\"elementor-widget-container\">\n\t\t\t\t\t\t\t<ul class=\"elementor-icon-list-items\">\n\t\t\t\t\t\t\t<li class=\"elementor-icon-list-item\">\n\t\t\t\t\t\t\t\t\t\t\t<span class=\"elementor-icon-list-icon\">\n\t\t\t\t\t\t\t<i aria-hidden=\"true\" class=\"fas fa-globe-americas\"><\/i>\t\t\t\t\t\t<\/span>\n\t\t\t\t\t\t\t\t\t\t<span class=\"elementor-icon-list-text\">\u00c7evre Dostu<\/span>\n\t\t\t\t\t\t\t\t\t<\/li>\n\t\t\t\t\t\t\t\t<li class=\"elementor-icon-list-item\">\n\t\t\t\t\t\t\t\t\t\t\t<span class=\"elementor-icon-list-icon\">\n\t\t\t\t\t\t\t<i aria-hidden=\"true\" class=\"fas fa-certificate\"><\/i>\t\t\t\t\t\t<\/span>\n\t\t\t\t\t\t\t\t\t\t<span class=\"elementor-icon-list-text\">Sertifikal\u0131 \u00dcr\u00fcnler<\/span>\n\t\t\t\t\t\t\t\t\t<\/li>\n\t\t\t\t\t\t\t\t<li class=\"elementor-icon-list-item\">\n\t\t\t\t\t\t\t\t\t\t\t<span class=\"elementor-icon-list-icon\">\n\t\t\t\t\t\t\t<i aria-hidden=\"true\" class=\"fas fa-bolt\"><\/i>\t\t\t\t\t\t<\/span>\n\t\t\t\t\t\t\t\t\t\t<span class=\"elementor-icon-list-text\">Enerji Tasarrufu<\/span>\n\t\t\t\t\t\t\t\t\t<\/li>\n\t\t\t\t\t\t\t\t<li class=\"elementor-icon-list-item\">\n\t\t\t\t\t\t\t\t\t\t\t<span class=\"elementor-icon-list-icon\">\n\t\t\t\t\t\t\t<i aria-hidden=\"true\" class=\"fas fa-biohazard\"><\/i>\t\t\t\t\t\t<\/span>\n\t\t\t\t\t\t\t\t\t\t<span class=\"elementor-icon-list-text\">Kanserojen madde i\u00e7ermez<\/span>\n\t\t\t\t\t\t\t\t\t<\/li>\n\t\t\t\t\t\t\t\t<li class=\"elementor-icon-list-item\">\n\t\t\t\t\t\t\t\t\t\t\t<span class=\"elementor-icon-list-icon\">\n\t\t\t\t\t\t\t<i aria-hidden=\"true\" class=\"fas fa-feather-alt\"><\/i>\t\t\t\t\t\t<\/span>\n\t\t\t\t\t\t\t\t\t\t<span class=\"elementor-icon-list-text\">Sa\u011fl\u0131k ve g\u0131da sekt\u00f6r\u00fcnde kullan\u0131labilir<\/span>\n\t\t\t\t\t\t\t\t\t<\/li>\n\t\t\t\t\t\t<\/ul>\n\t\t\t\t\t\t<\/div>\n\t\t\t\t<\/div>\n\t\t\t\t<section data-ep-wrapper-link=\"{&quot;url&quot;:&quot;https:\\\/\\\/www.orcarefrigerationunit.com\\\/&quot;,&quot;is_external&quot;:&quot;on&quot;,&quot;nofollow&quot;:&quot;&quot;,&quot;custom_attributes&quot;:&quot;&quot;}\" style=\"cursor: pointer\" class=\"bdt-element-link elementor-section elementor-inner-section elementor-element elementor-element-5a202f21 elementor-section-content-middle elementor-section-boxed elementor-section-height-default elementor-section-height-default\" data-id=\"5a202f21\" data-element_type=\"section\" data-e-type=\"section\" data-settings=\"{&quot;_ha_eqh_enable&quot;:false}\">\n\t\t\t\t\t\t<div class=\"elementor-container elementor-column-gap-default\">\n\t\t\t\t\t<div class=\"elementor-column elementor-col-50 elementor-inner-column elementor-element elementor-element-2c944bce\" data-id=\"2c944bce\" data-element_type=\"column\" data-e-type=\"column\">\n\t\t\t<div class=\"elementor-widget-wrap elementor-element-populated\">\n\t\t\t\t\t\t<div class=\"elementor-element elementor-element-6facdbbd elementor-widget elementor-widget-image\" data-id=\"6facdbbd\" data-element_type=\"widget\" data-e-type=\"widget\" data-widget_type=\"image.default\">\n\t\t\t\t<div class=\"elementor-widget-container\">\n\t\t\t\t\t\t\t\t\t\t\t\t\t\t\t<img decoding=\"async\" width=\"250\" height=\"85\" src=\"https:\/\/tekoprefrigeration.com\/wp-content\/uploads\/2023\/03\/Orca-Refrigeration-Units-1.png\" class=\"attachment-full size-full wp-image-4145\" alt=\"Orca Refrigeration Units Logo \u2013 Industrial Cooling Solutions\" \/>\t\t\t\t\t\t\t\t\t\t\t\t\t\t\t<\/div>\n\t\t\t\t<\/div>\n\t\t\t\t\t<\/div>\n\t\t<\/div>\n\t\t\t\t<div class=\"elementor-column elementor-col-50 elementor-inner-column elementor-element elementor-element-7a58df9c\" data-id=\"7a58df9c\" data-element_type=\"column\" data-e-type=\"column\">\n\t\t\t<div class=\"elementor-widget-wrap elementor-element-populated\">\n\t\t\t\t\t\t<div class=\"elementor-element elementor-element-3695a03b elementor-widget elementor-widget-text-editor\" data-id=\"3695a03b\" data-element_type=\"widget\" data-e-type=\"widget\" data-widget_type=\"text-editor.default\">\n\t\t\t\t<div class=\"elementor-widget-container\">\n\t\t\t\t\t\t\t\t\t<p><br>Split So\u011futma \u00dcniteleri hakk\u0131nda daha fazla bilgi i\u00e7in ORCA&#8217;y\u0131 ziyaret edin.<\/p>\t\t\t\t\t\t\t\t<\/div>\n\t\t\t\t<\/div>\n\t\t\t\t\t<\/div>\n\t\t<\/div>\n\t\t\t\t\t<\/div>\n\t\t<\/section>\n\t\t\t\t<div class=\"elementor-element elementor-element-4b34191 elementor-widget-mobile__width-initial elementor-widget elementor-widget-html\" data-id=\"4b34191\" data-element_type=\"widget\" data-e-type=\"widget\" data-widget_type=\"html.default\">\n\t\t\t\t<div class=\"elementor-widget-container\">\n\t\t\t\t\t<a href=\"#\" class=\"custom-offer-btn\">H\u0131zl\u0131 Teklif Al\u0131n<\/a>\r\n\r\n<style>\r\n.custom-offer-btn {\r\n  display: inline-block;\r\n  padding: 12px 28px;\r\n  border: 2px solid #007BFF;\r\n  border-radius: 6px;\r\n  background-color: #0f52a1;\r\n  color: #ffffff;\r\n  font-size: 16px;\r\n  font-weight: 600;\r\n  text-decoration: none;\r\n  text-align: center;\r\n  transition: all 0.3s ease;\r\n}\r\n.custom-offer-btn:hover {\r\n  background-color: #ffffff;\r\n  color: #0f52a1;\r\n  border-color: #0056b3;\r\n}\r\n<\/style>\r\n\r\n<script>\r\njQuery(document).ready(function($){\r\n  $('.custom-offer-btn').on('click', function(e){\r\n    e.preventDefault();\r\n\r\n    \/\/ Mevcut popup a\u00e7ma fonksiyonunu \u00e7a\u011f\u0131r\r\n    \/\/ E\u011fer bu linkin click fonksiyonu varsa do\u011frudan \u00e7a\u011f\u0131r\r\n    var popupLink = $('.uicore-extra[data-uils=\"header_extra\"] a');\r\n    if (popupLink.length) {\r\n      if (typeof popupLink[0].click === 'function') {\r\n        popupLink[0].click(); \/\/ Do\u011frudan native click\r\n      } else {\r\n        console.log('Popup trigger fonksiyonu bulunamad\u0131');\r\n      }\r\n    }\r\n  });\r\n});\r\n<\/script>\r\n\t\t\t\t<\/div>\n\t\t\t\t<\/div>\n\t\t\t\t\t<\/div>\n\t\t<\/div>\n\t\t\t\t\t<\/div>\n\t\t<\/section>\n\t\t\t\t<\/div>\n\t\t","protected":false},"excerpt":{"rendered":"<p>Split So\u011futma Sistemi Split so\u011futma sistemleri, te\u015fhir buzdolaplar\u0131, so\u011fuk odalar, buz makineleri, dondurma makineleri vb. dahil olmak \u00fczere t\u00fcm ticari ve end\u00fcstriyel [&hellip;]<\/p>\n","protected":false},"author":1,"featured_media":0,"parent":4609,"menu_order":0,"comment_status":"closed","ping_status":"closed","template":"","meta":{"footnotes":""},"class_list":["post-4630","page","type-page","status-publish","hentry"],"_links":{"self":[{"href":"https:\/\/tekoprefrigeration.com\/tr\/wp-json\/wp\/v2\/pages\/4630","targetHints":{"allow":["GET"]}}],"collection":[{"href":"https:\/\/tekoprefrigeration.com\/tr\/wp-json\/wp\/v2\/pages"}],"about":[{"href":"https:\/\/tekoprefrigeration.com\/tr\/wp-json\/wp\/v2\/types\/page"}],"author":[{"embeddable":true,"href":"https:\/\/tekoprefrigeration.com\/tr\/wp-json\/wp\/v2\/users\/1"}],"replies":[{"embeddable":true,"href":"https:\/\/tekoprefrigeration.com\/tr\/wp-json\/wp\/v2\/comments?post=4630"}],"version-history":[{"count":9,"href":"https:\/\/tekoprefrigeration.com\/tr\/wp-json\/wp\/v2\/pages\/4630\/revisions"}],"predecessor-version":[{"id":12364,"href":"https:\/\/tekoprefrigeration.com\/tr\/wp-json\/wp\/v2\/pages\/4630\/revisions\/12364"}],"up":[{"embeddable":true,"href":"https:\/\/tekoprefrigeration.com\/tr\/wp-json\/wp\/v2\/pages\/4609"}],"wp:attachment":[{"href":"https:\/\/tekoprefrigeration.com\/tr\/wp-json\/wp\/v2\/media?parent=4630"}],"curies":[{"name":"wp","href":"https:\/\/api.w.org\/{rel}","templated":true}]}}