{"id":4629,"date":"2023-02-22T08:12:15","date_gmt":"2023-02-22T08:12:15","guid":{"rendered":"https:\/\/tekoprefrigeration.com\/hizmetler\/dondurulmus-gida-depolari-ve-sogutma-sistemleri\/"},"modified":"2025-09-24T07:21:14","modified_gmt":"2025-09-24T07:21:14","slug":"dondurulmus-gida-depolari-ve-sogutma-sistemleri","status":"publish","type":"page","link":"https:\/\/tekoprefrigeration.com\/tr\/hizmetler\/dondurulmus-gida-depolari-ve-sogutma-sistemleri\/","title":{"rendered":"Dondurulmu\u015f G\u0131da Depolar\u0131 ve So\u011futma Sistemleri"},"content":{"rendered":"\t\t<div data-elementor-type=\"wp-page\" data-elementor-id=\"4629\" class=\"elementor elementor-4629 elementor-242\" data-elementor-settings=\"{&quot;ha_cmc_init_switcher&quot;:&quot;no&quot;}\">\n\t\t\t\t<div class=\"elementor-element elementor-element-cecb0ec e-flex e-con-boxed e-con e-parent\" data-id=\"cecb0ec\" data-element_type=\"container\" data-e-type=\"container\" data-settings=\"{&quot;_ha_eqh_enable&quot;:false}\">\n\t\t\t\t\t<div class=\"e-con-inner\">\n\t\t<div class=\"elementor-element elementor-element-00c6c9a e-con-full e-flex e-con e-child\" data-id=\"00c6c9a\" data-element_type=\"container\" data-e-type=\"container\" data-settings=\"{&quot;_ha_eqh_enable&quot;:false}\">\n\t\t\t\t<div class=\"elementor-element elementor-element-45230ea elementor-widget__width-initial elementor-widget-tablet__width-inherit elementor-widget elementor-widget-elementskit-heading\" data-id=\"45230ea\" data-element_type=\"widget\" data-e-type=\"widget\" data-widget_type=\"elementskit-heading.default\">\n\t\t\t\t<div class=\"elementor-widget-container\">\n\t\t\t\t\t<div class=\"ekit-wid-con\" ><div class=\"ekit-heading elementskit-section-title-wraper text_left   ekit_heading_tablet-   ekit_heading_mobile-\"><h4 class=\"elementskit-section-subtitle  \">\n\t\t\t\t\t\tTekop Refrigeration\n\t\t\t\t\t<\/h4><h2 class=\"ekit-heading--title elementskit-section-title \">Dondurulmu\u015f G\u0131da Depolar\u0131 ve So\u011futma<\/h2><\/div><\/div>\t\t\t\t<\/div>\n\t\t\t\t<\/div>\n\t\t\t\t<\/div>\n\t\t\t\t\t<\/div>\n\t\t\t\t<\/div>\n\t\t\t\t<section class=\"elementor-section elementor-top-section elementor-element elementor-element-b5a0be1 elementor-section-content-middle elementor-section-boxed elementor-section-height-default elementor-section-height-default\" data-id=\"b5a0be1\" data-element_type=\"section\" data-e-type=\"section\" data-settings=\"{&quot;_ha_eqh_enable&quot;:false}\">\n\t\t\t\t\t\t<div class=\"elementor-container elementor-column-gap-default\">\n\t\t\t\t\t<div class=\"elementor-column elementor-col-50 elementor-top-column elementor-element elementor-element-0266dc3\" data-id=\"0266dc3\" data-element_type=\"column\" data-e-type=\"column\">\n\t\t\t<div class=\"elementor-widget-wrap elementor-element-populated\">\n\t\t\t\t\t\t<div class=\"elementor-element elementor-element-31a32ae elementor-widget elementor-widget-image\" data-id=\"31a32ae\" data-element_type=\"widget\" data-e-type=\"widget\" data-widget_type=\"image.default\">\n\t\t\t\t<div class=\"elementor-widget-container\">\n\t\t\t\t\t\t\t\t\t\t\t\t\t\t\t<img fetchpriority=\"high\" decoding=\"async\" width=\"750\" height=\"501\" src=\"https:\/\/tekoprefrigeration.com\/wp-content\/uploads\/2023\/02\/ser10.png\" class=\"attachment-large size-large wp-image-4132\" alt=\"\" srcset=\"https:\/\/tekoprefrigeration.com\/wp-content\/uploads\/2023\/02\/ser10.png 750w, https:\/\/tekoprefrigeration.com\/wp-content\/uploads\/2023\/02\/ser10-300x200.png 300w, https:\/\/tekoprefrigeration.com\/wp-content\/uploads\/2023\/02\/ser10-650x434.png 650w\" sizes=\"(max-width: 750px) 100vw, 750px\" \/>\t\t\t\t\t\t\t\t\t\t\t\t\t\t\t<\/div>\n\t\t\t\t<\/div>\n\t\t\t\t\t<\/div>\n\t\t<\/div>\n\t\t\t\t<div class=\"elementor-column elementor-col-50 elementor-top-column elementor-element elementor-element-4f377b3\" data-id=\"4f377b3\" data-element_type=\"column\" data-e-type=\"column\">\n\t\t\t<div class=\"elementor-widget-wrap elementor-element-populated\">\n\t\t\t\t\t\t<div class=\"elementor-element elementor-element-cfdff7a elementor-widget elementor-widget-text-editor\" data-id=\"cfdff7a\" data-element_type=\"widget\" data-e-type=\"widget\" data-widget_type=\"text-editor.default\">\n\t\t\t\t<div class=\"elementor-widget-container\">\n\t\t\t\t\t\t\t\t\t<p>Dondurulmu\u015f g\u0131da \u00fcreticileri ve nakliyecileri, etkili depolama ve so\u011futman\u0131n \u00f6neminin fark\u0131ndad\u0131r. Dondurarak saklama, g\u0131dan\u0131n kalitesini, testini, kokusunu ve besleyici de\u011ferini koruman\u0131n en iyi yoludur. Profesyonel ekibimiz, ihtiya\u00e7lar\u0131n\u0131za g\u00f6re her t\u00fcrl\u00fc donmu\u015f depolama odas\u0131n\u0131 verimlilik ve rekabet\u00e7i maliyetle tasarlar ve monte eder.  <\/p>\n<p>Profesyonel ekibimiz, dondurulmu\u015f g\u0131da depolama depolar\u0131 proje, yenileme, modernizasyon, sistem optimizasyonu ve bak\u0131m\u0131 i\u00e7in size destek vermektedir.<\/p>\n<p>Her t\u00fcrl\u00fc donmu\u015f muhafaza deposu ihtiya\u00e7lar\u0131n\u0131z i\u00e7in l\u00fctfen bizimle ileti\u015fime ge\u00e7iniz.<\/p>\n<p>Hizmetlerimiz hakk\u0131nda daha fazla bilgiye proje web sitemizden ula\u015fabilirsiniz.<\/p>\n<ul>\n<li><strong>Dondurulmu\u015f g\u0131dalar<\/strong> sa\u011fl\u0131kl\u0131d\u0131r.<\/li>\n<li>Besleyici de\u011feri neredeyse taze olana e\u015fittir.<\/li>\n<li>Katk\u0131 maddesi i\u00e7ermez<\/li>\n<li>Uygun ko\u015fullarda (-18 \u00baC ) uzun s\u00fcre saklamak m\u00fcmk\u00fcnd\u00fcr<\/li>\n<li>Depolama s\u00fcresi boyunca asla kalite kayb\u0131 olmaz.<\/li>\n<li>Pratik, temizlenmi\u015f, kabuklar\u0131 soyulmu\u015f ve pi\u015firilmeye haz\u0131r<\/li>\n<\/ul>\n\t\t\t\t\t\t\t\t<\/div>\n\t\t\t\t<\/div>\n\t\t\t\t\t<\/div>\n\t\t<\/div>\n\t\t\t\t\t<\/div>\n\t\t<\/section>\n\t\t\t\t<section class=\"elementor-section elementor-top-section elementor-element elementor-element-28e3cb0 elementor-section-boxed elementor-section-height-default elementor-section-height-default\" data-id=\"28e3cb0\" data-element_type=\"section\" data-e-type=\"section\" data-settings=\"{&quot;_ha_eqh_enable&quot;:false}\">\n\t\t\t\t\t\t<div class=\"elementor-container elementor-column-gap-default\">\n\t\t\t\t\t<div class=\"elementor-column elementor-col-100 elementor-top-column elementor-element elementor-element-c82d458\" data-id=\"c82d458\" data-element_type=\"column\" data-e-type=\"column\">\n\t\t\t<div class=\"elementor-widget-wrap elementor-element-populated\">\n\t\t\t\t\t\t<div class=\"elementor-element elementor-element-122770a elementor-tabs-alignment-center elementor-tabs-view-horizontal elementor-widget elementor-widget-tabs\" data-id=\"122770a\" data-element_type=\"widget\" data-e-type=\"widget\" data-widget_type=\"tabs.default\">\n\t\t\t\t<div class=\"elementor-widget-container\">\n\t\t\t\t\t\t\t<div class=\"elementor-tabs\">\n\t\t\t<div class=\"elementor-tabs-wrapper\" role=\"tablist\" >\n\t\t\t\t\t\t\t\t\t<div id=\"elementor-tab-title-1901\" class=\"elementor-tab-title elementor-tab-desktop-title\" aria-selected=\"true\" data-tab=\"1\" role=\"tab\" tabindex=\"0\" aria-controls=\"elementor-tab-content-1901\" aria-expanded=\"false\">BA\u015eVURULAR<\/div>\n\t\t\t\t\t\t\t<\/div>\n\t\t\t<div class=\"elementor-tabs-content-wrapper\" role=\"tablist\" aria-orientation=\"vertical\">\n\t\t\t\t\t\t\t\t\t<div class=\"elementor-tab-title elementor-tab-mobile-title\" aria-selected=\"true\" data-tab=\"1\" role=\"tab\" tabindex=\"0\" aria-controls=\"elementor-tab-content-1901\" aria-expanded=\"false\">BA\u015eVURULAR<\/div>\n\t\t\t\t\t<div id=\"elementor-tab-content-1901\" class=\"elementor-tab-content elementor-clearfix\" data-tab=\"1\" role=\"tabpanel\" aria-labelledby=\"elementor-tab-title-1901\" tabindex=\"0\" hidden=\"false\"><ul>\n<li>\u00dcr\u00fcn patlama dondurma t\u00fcnelleri<\/li>\n<li>IQF ve spiral dondurucular i\u00e7in so\u011futma<\/li>\n<li>Tabak dondurucular (yatay ve dikey)<\/li>\n<li>Dondurulmu\u015f depolar, (gerekirse y\u00fcksek tavan ile \u00f6zelle\u015ftirilebilir)<\/li>\n<li>\u00d6n so\u011futma odalar\u0131<\/li>\n<li>Tekstil hava \u00e7oraplar\u0131 ile proses hol\u00fc so\u011futmas\u0131<\/li>\n<li>\u00dcretim makineleri i\u00e7in <a href=\"http:\/\/tekoprefrigeration.com\/product-category\/devices\/refrigeration-systems\/\">so\u011futma sistemleri<\/a> <\/li>\n<li>\u00dcr\u00fcn haz\u0131rlama tanklar\u0131 so\u011futma sistemleri<\/li>\n<li>\u00dcretim alanlar\u0131 iklimlendirme sistemleri<\/li>\n<li>Y\u00fcksek enerji verimlili\u011fine sahip, hassas kontroll\u00fc <a href=\"http:\/\/tekoprefrigeration.com\/product\/central-refrigeration-systems\/\">merkezi so\u011futma sistemleri<\/a><\/li>\n<li>HACCP&#8217;ye uygun hijyenik evaporat\u00f6r tasar\u0131m\u0131<\/li>\n<li>Avrupa Normlar\u0131na uygun makine dairesi tasar\u0131m standartlar\u0131<\/li>\n<li>Y\u00fcksek verimli, d\u00fc\u015f\u00fck enerji t\u00fcketimli evaporatif kondenser uygulamalar\u0131<\/li>\n<li>PLC\/SCADA ile uzaktan izleme ve kontrol sistemleri<\/li>\n<\/ul>\n<p>Profesyonel ekibimiz, <strong>dondurulmu\u015f g\u0131da depolama depolar\u0131 proje<\/strong>, yenileme, modernizasyon, sistem optimizasyonu ve bak\u0131m\u0131 i\u00e7in size destek vermektedir.<\/p>\n<\/div>\n\t\t\t\t\t\t\t<\/div>\n\t\t<\/div>\n\t\t\t\t\t\t<\/div>\n\t\t\t\t<\/div>\n\t\t\t\t\t<\/div>\n\t\t<\/div>\n\t\t\t\t\t<\/div>\n\t\t<\/section>\n\t\t\t\t<\/div>\n\t\t","protected":false},"excerpt":{"rendered":"<p>Tekop Refrigeration Dondurulmu\u015f G\u0131da Depolar\u0131 ve So\u011futma Dondurulmu\u015f g\u0131da \u00fcreticileri ve nakliyecileri, etkili depolama ve so\u011futman\u0131n \u00f6neminin fark\u0131ndad\u0131r. Dondurarak saklama, g\u0131dan\u0131n kalitesini, [&hellip;]<\/p>\n","protected":false},"author":1,"featured_media":4432,"parent":4581,"menu_order":0,"comment_status":"closed","ping_status":"closed","template":"","meta":{"footnotes":""},"class_list":["post-4629","page","type-page","status-publish","has-post-thumbnail","hentry"],"_links":{"self":[{"href":"https:\/\/tekoprefrigeration.com\/tr\/wp-json\/wp\/v2\/pages\/4629","targetHints":{"allow":["GET"]}}],"collection":[{"href":"https:\/\/tekoprefrigeration.com\/tr\/wp-json\/wp\/v2\/pages"}],"about":[{"href":"https:\/\/tekoprefrigeration.com\/tr\/wp-json\/wp\/v2\/types\/page"}],"author":[{"embeddable":true,"href":"https:\/\/tekoprefrigeration.com\/tr\/wp-json\/wp\/v2\/users\/1"}],"replies":[{"embeddable":true,"href":"https:\/\/tekoprefrigeration.com\/tr\/wp-json\/wp\/v2\/comments?post=4629"}],"version-history":[{"count":5,"href":"https:\/\/tekoprefrigeration.com\/tr\/wp-json\/wp\/v2\/pages\/4629\/revisions"}],"predecessor-version":[{"id":11174,"href":"https:\/\/tekoprefrigeration.com\/tr\/wp-json\/wp\/v2\/pages\/4629\/revisions\/11174"}],"up":[{"embeddable":true,"href":"https:\/\/tekoprefrigeration.com\/tr\/wp-json\/wp\/v2\/pages\/4581"}],"wp:featuredmedia":[{"embeddable":true,"href":"https:\/\/tekoprefrigeration.com\/tr\/wp-json\/wp\/v2\/media\/4432"}],"wp:attachment":[{"href":"https:\/\/tekoprefrigeration.com\/tr\/wp-json\/wp\/v2\/media?parent=4629"}],"curies":[{"name":"wp","href":"https:\/\/api.w.org\/{rel}","templated":true}]}}