{"id":4627,"date":"2023-03-24T08:03:38","date_gmt":"2023-03-24T08:03:38","guid":{"rendered":"https:\/\/tekoprefrigeration.com\/standart-evaporatorler\/"},"modified":"2026-02-13T12:02:55","modified_gmt":"2026-02-13T12:02:55","slug":"standart-evaporatorler","status":"publish","type":"page","link":"https:\/\/tekoprefrigeration.com\/tr\/evaporatorler\/standart-evaporatorler\/","title":{"rendered":"Standart Evaporat\u00f6rler"},"content":{"rendered":"\t\t<div data-elementor-type=\"wp-page\" data-elementor-id=\"4627\" class=\"elementor elementor-4627 elementor-653\" data-elementor-settings=\"{&quot;ha_cmc_init_switcher&quot;:&quot;no&quot;}\">\n\t\t\t\t\t\t<section class=\"elementor-section elementor-top-section elementor-element elementor-element-4e65ccba elementor-section-content-middle elementor-section-boxed elementor-section-height-default elementor-section-height-default\" data-id=\"4e65ccba\" data-element_type=\"section\" data-e-type=\"section\" data-settings=\"{&quot;_ha_eqh_enable&quot;:false}\">\n\t\t\t\t\t\t<div class=\"elementor-container elementor-column-gap-default\">\n\t\t\t\t\t<div class=\"elementor-column elementor-col-50 elementor-top-column elementor-element elementor-element-76a83f9\" data-id=\"76a83f9\" data-element_type=\"column\" data-e-type=\"column\">\n\t\t\t<div class=\"elementor-widget-wrap elementor-element-populated\">\n\t\t\t\t\t\t<div class=\"elementor-element elementor-element-e1ae2d7 elementor-arrows-position-inside elementor-pagination-position-outside elementor-widget elementor-widget-image-carousel\" data-id=\"e1ae2d7\" data-element_type=\"widget\" data-e-type=\"widget\" data-settings=\"{&quot;slides_to_show&quot;:&quot;1&quot;,&quot;autoplay_speed&quot;:2000,&quot;navigation&quot;:&quot;both&quot;,&quot;autoplay&quot;:&quot;yes&quot;,&quot;pause_on_hover&quot;:&quot;yes&quot;,&quot;pause_on_interaction&quot;:&quot;yes&quot;,&quot;infinite&quot;:&quot;yes&quot;,&quot;effect&quot;:&quot;slide&quot;,&quot;speed&quot;:500}\" data-widget_type=\"image-carousel.default\">\n\t\t\t\t<div class=\"elementor-widget-container\">\n\t\t\t\t\t\t\t<div class=\"elementor-image-carousel-wrapper swiper\" role=\"region\" aria-roledescription=\"carousel\" aria-label=\"Image Carousel\" dir=\"ltr\">\n\t\t\t<div class=\"elementor-image-carousel swiper-wrapper\" aria-live=\"off\">\n\t\t\t\t\t\t\t\t<div class=\"swiper-slide\" role=\"group\" aria-roledescription=\"slide\" aria-label=\"1 \/ 3\"><figure class=\"swiper-slide-inner\"><img decoding=\"async\" class=\"swiper-slide-image\" src=\"https:\/\/tekoprefrigeration.com\/wp-content\/uploads\/2025\/12\/IBS_00380.png\" alt=\"Orca Standard Evaporator unit, industrial refrigeration component for efficient cooling\" \/><\/figure><\/div><div class=\"swiper-slide\" role=\"group\" aria-roledescription=\"slide\" aria-label=\"2 \/ 3\"><figure class=\"swiper-slide-inner\"><img decoding=\"async\" class=\"swiper-slide-image\" src=\"https:\/\/tekoprefrigeration.com\/wp-content\/uploads\/2025\/12\/Split-Refrigeration-Units1.png\" alt=\"Orca Standard Evaporator system, optimized for industrial cold storage solutions\" \/><\/figure><\/div><div class=\"swiper-slide\" role=\"group\" aria-roledescription=\"slide\" aria-label=\"3 \/ 3\"><figure class=\"swiper-slide-inner\"><img decoding=\"async\" class=\"swiper-slide-image\" src=\"https:\/\/tekoprefrigeration.com\/wp-content\/uploads\/2023\/11\/ORCA-Standard-Evaporators-1-scaled.jpg\" alt=\"Orca Standard Evaporator, reliable and efficient industrial cooling component\" \/><\/figure><\/div>\t\t\t<\/div>\n\t\t\t\t\t\t\t\t\t\t\t\t<div class=\"elementor-swiper-button elementor-swiper-button-prev\" role=\"button\" tabindex=\"0\">\n\t\t\t\t\t\t<i aria-hidden=\"true\" class=\"eicon-chevron-left\"><\/i>\t\t\t\t\t<\/div>\n\t\t\t\t\t<div class=\"elementor-swiper-button elementor-swiper-button-next\" role=\"button\" tabindex=\"0\">\n\t\t\t\t\t\t<i aria-hidden=\"true\" class=\"eicon-chevron-right\"><\/i>\t\t\t\t\t<\/div>\n\t\t\t\t\n\t\t\t\t\t\t\t\t\t<div class=\"swiper-pagination\"><\/div>\n\t\t\t\t\t\t\t\t\t<\/div>\n\t\t\t\t\t\t<\/div>\n\t\t\t\t<\/div>\n\t\t\t\t\t<\/div>\n\t\t<\/div>\n\t\t\t\t<div class=\"elementor-column elementor-col-50 elementor-top-column elementor-element elementor-element-5df1aa5b\" data-id=\"5df1aa5b\" data-element_type=\"column\" data-e-type=\"column\">\n\t\t\t<div class=\"elementor-widget-wrap elementor-element-populated\">\n\t\t\t\t\t\t<div class=\"elementor-element elementor-element-705c44b9 elementor-widget elementor-widget-heading\" data-id=\"705c44b9\" data-element_type=\"widget\" data-e-type=\"widget\" data-widget_type=\"heading.default\">\n\t\t\t\t<div class=\"elementor-widget-container\">\n\t\t\t\t\t<h1 class=\"elementor-heading-title elementor-size-default\">Standart Evaporat\u00f6rler\n<\/h1>\t\t\t\t<\/div>\n\t\t\t\t<\/div>\n\t\t\t\t<div class=\"elementor-element elementor-element-573c5bfd elementor-widget elementor-widget-text-editor\" data-id=\"573c5bfd\" data-element_type=\"widget\" data-e-type=\"widget\" data-widget_type=\"text-editor.default\">\n\t\t\t\t<div class=\"elementor-widget-container\">\n\t\t\t\t\t\t\t\t\t<p>Standart Evaporat\u00f6rler, so\u011futucu ak\u0131\u015fkan\u0131n buharla\u015fmas\u0131n\u0131 kolayla\u015ft\u0131rmak i\u00e7in so\u011futma sistemlerinde kullan\u0131lan bir t\u00fcr \u0131s\u0131 e\u015fanj\u00f6r\u00fcn\u00fc ifade eder. Ticari so\u011futma ihtiya\u00e7lar\u0131, k\u00fc\u00e7\u00fck ve orta aral\u0131kta so\u011futma kapasitesi sunabilen so\u011fuk oda evaporat\u00f6rlerimiz taraf\u0131ndan kar\u015f\u0131lanabilir. Hassasiyet ve g\u00fcvenilirlik g\u00f6z \u00f6n\u00fcnde bulundurularak \u00fcretilen bu evaporat\u00f6rler, \u00e7ok \u00e7e\u015fitli so\u011futma uygulamalar\u0131 i\u00e7in ideal bir se\u00e7imdir.    <\/p>\t\t\t\t\t\t\t\t<\/div>\n\t\t\t\t<\/div>\n\t\t\t\t<div class=\"elementor-element elementor-element-125e07b4 elementor-align-start elementor-icon-list--layout-traditional elementor-list-item-link-full_width elementor-widget elementor-widget-icon-list\" data-id=\"125e07b4\" data-element_type=\"widget\" data-e-type=\"widget\" data-widget_type=\"icon-list.default\">\n\t\t\t\t<div class=\"elementor-widget-container\">\n\t\t\t\t\t\t\t<ul class=\"elementor-icon-list-items\">\n\t\t\t\t\t\t\t<li class=\"elementor-icon-list-item\">\n\t\t\t\t\t\t\t\t\t\t\t<span class=\"elementor-icon-list-icon\">\n\t\t\t\t\t\t\t<i aria-hidden=\"true\" class=\"fas fa-globe-americas\"><\/i>\t\t\t\t\t\t<\/span>\n\t\t\t\t\t\t\t\t\t\t<span class=\"elementor-icon-list-text\">\u00c7evre Dostu<\/span>\n\t\t\t\t\t\t\t\t\t<\/li>\n\t\t\t\t\t\t\t\t<li class=\"elementor-icon-list-item\">\n\t\t\t\t\t\t\t\t\t\t\t<span class=\"elementor-icon-list-icon\">\n\t\t\t\t\t\t\t<i aria-hidden=\"true\" class=\"fas fa-certificate\"><\/i>\t\t\t\t\t\t<\/span>\n\t\t\t\t\t\t\t\t\t\t<span class=\"elementor-icon-list-text\">Sertifikal\u0131 \u00dcr\u00fcnler<\/span>\n\t\t\t\t\t\t\t\t\t<\/li>\n\t\t\t\t\t\t\t\t<li class=\"elementor-icon-list-item\">\n\t\t\t\t\t\t\t\t\t\t\t<span class=\"elementor-icon-list-icon\">\n\t\t\t\t\t\t\t<i aria-hidden=\"true\" class=\"fas fa-bolt\"><\/i>\t\t\t\t\t\t<\/span>\n\t\t\t\t\t\t\t\t\t\t<span class=\"elementor-icon-list-text\">Enerji Tasarrufu<\/span>\n\t\t\t\t\t\t\t\t\t<\/li>\n\t\t\t\t\t\t\t\t<li class=\"elementor-icon-list-item\">\n\t\t\t\t\t\t\t\t\t\t\t<span class=\"elementor-icon-list-icon\">\n\t\t\t\t\t\t\t<i aria-hidden=\"true\" class=\"fas fa-biohazard\"><\/i>\t\t\t\t\t\t<\/span>\n\t\t\t\t\t\t\t\t\t\t<span class=\"elementor-icon-list-text\">Kanserojen madde i\u00e7ermez<\/span>\n\t\t\t\t\t\t\t\t\t<\/li>\n\t\t\t\t\t\t\t\t<li class=\"elementor-icon-list-item\">\n\t\t\t\t\t\t\t\t\t\t\t<span class=\"elementor-icon-list-icon\">\n\t\t\t\t\t\t\t<i aria-hidden=\"true\" class=\"fas fa-feather-alt\"><\/i>\t\t\t\t\t\t<\/span>\n\t\t\t\t\t\t\t\t\t\t<span class=\"elementor-icon-list-text\">Sa\u011fl\u0131k ve g\u0131da sekt\u00f6r\u00fcnde kullan\u0131labilir<\/span>\n\t\t\t\t\t\t\t\t\t<\/li>\n\t\t\t\t\t\t<\/ul>\n\t\t\t\t\t\t<\/div>\n\t\t\t\t<\/div>\n\t\t\t\t<section data-ep-wrapper-link=\"{&quot;url&quot;:&quot;https:\\\/\\\/www.orcarefrigerationunit.com\\\/&quot;,&quot;is_external&quot;:&quot;on&quot;,&quot;nofollow&quot;:&quot;&quot;,&quot;custom_attributes&quot;:&quot;&quot;}\" style=\"cursor: pointer\" class=\"bdt-element-link elementor-section elementor-inner-section elementor-element elementor-element-71bb3f6 elementor-section-content-middle elementor-section-boxed elementor-section-height-default elementor-section-height-default\" data-id=\"71bb3f6\" data-element_type=\"section\" data-e-type=\"section\" data-settings=\"{&quot;_ha_eqh_enable&quot;:false}\">\n\t\t\t\t\t\t<div class=\"elementor-container elementor-column-gap-default\">\n\t\t\t\t\t<div class=\"elementor-column elementor-col-50 elementor-inner-column elementor-element elementor-element-2f6f946a\" data-id=\"2f6f946a\" data-element_type=\"column\" data-e-type=\"column\">\n\t\t\t<div class=\"elementor-widget-wrap elementor-element-populated\">\n\t\t\t\t\t\t<div class=\"elementor-element elementor-element-21c33a07 elementor-widget elementor-widget-image\" data-id=\"21c33a07\" data-element_type=\"widget\" data-e-type=\"widget\" data-widget_type=\"image.default\">\n\t\t\t\t<div class=\"elementor-widget-container\">\n\t\t\t\t\t\t\t\t\t\t\t\t\t\t\t<img decoding=\"async\" width=\"250\" height=\"85\" src=\"https:\/\/tekoprefrigeration.com\/wp-content\/uploads\/2023\/03\/Orca-Refrigeration-Units-1.png\" class=\"attachment-full size-full wp-image-4145\" alt=\"Orca Refrigeration Units Logo \u2013 Industrial Cooling Solutions\" \/>\t\t\t\t\t\t\t\t\t\t\t\t\t\t\t<\/div>\n\t\t\t\t<\/div>\n\t\t\t\t\t<\/div>\n\t\t<\/div>\n\t\t\t\t<div class=\"elementor-column elementor-col-50 elementor-inner-column elementor-element elementor-element-57652f53\" data-id=\"57652f53\" data-element_type=\"column\" data-e-type=\"column\">\n\t\t\t<div class=\"elementor-widget-wrap elementor-element-populated\">\n\t\t\t\t\t\t<div class=\"elementor-element elementor-element-5c3a278d elementor-widget elementor-widget-text-editor\" data-id=\"5c3a278d\" data-element_type=\"widget\" data-e-type=\"widget\" data-widget_type=\"text-editor.default\">\n\t\t\t\t<div class=\"elementor-widget-container\">\n\t\t\t\t\t\t\t\t\t<p><br><strong>Split So\u011futma \u00dcniteleri<\/strong> hakk\u0131nda daha fazla bilgi i\u00e7in <strong>ORCA<\/strong> &#8216;y\u0131 ziyaret edin.<\/p>\t\t\t\t\t\t\t\t<\/div>\n\t\t\t\t<\/div>\n\t\t\t\t\t<\/div>\n\t\t<\/div>\n\t\t\t\t\t<\/div>\n\t\t<\/section>\n\t\t\t\t<div class=\"elementor-element elementor-element-e34adee elementor-widget-mobile__width-initial elementor-widget elementor-widget-html\" data-id=\"e34adee\" data-element_type=\"widget\" data-e-type=\"widget\" data-widget_type=\"html.default\">\n\t\t\t\t<div class=\"elementor-widget-container\">\n\t\t\t\t\t<a href=\"#\" class=\"custom-offer-btn\">H\u0131zl\u0131 Teklif Al\u0131n<\/a>\r\n\r\n<style>\r\n.custom-offer-btn {\r\n  display: inline-block;\r\n  padding: 12px 28px;\r\n  border: 2px solid #007BFF;\r\n  border-radius: 6px;\r\n  background-color: #0f52a1;\r\n  color: #ffffff;\r\n  font-size: 16px;\r\n  font-weight: 600;\r\n  text-decoration: none;\r\n  text-align: center;\r\n  transition: all 0.3s ease;\r\n}\r\n.custom-offer-btn:hover {\r\n  background-color: #ffffff;\r\n  color: #0f52a1;\r\n  border-color: #0056b3;\r\n}\r\n<\/style>\r\n\r\n<script>\r\njQuery(document).ready(function($){\r\n  $('.custom-offer-btn').on('click', function(e){\r\n    e.preventDefault();\r\n\r\n    \/\/ Mevcut popup a\u00e7ma fonksiyonunu \u00e7a\u011f\u0131r\r\n    \/\/ E\u011fer bu linkin click fonksiyonu varsa do\u011frudan \u00e7a\u011f\u0131r\r\n    var popupLink = $('.uicore-extra[data-uils=\"header_extra\"] a');\r\n    if (popupLink.length) {\r\n      if (typeof popupLink[0].click === 'function') {\r\n        popupLink[0].click(); \/\/ Do\u011frudan native click\r\n      } else {\r\n        console.log('Popup trigger fonksiyonu bulunamad\u0131');\r\n      }\r\n    }\r\n  });\r\n});\r\n<\/script>\r\n\t\t\t\t<\/div>\n\t\t\t\t<\/div>\n\t\t\t\t\t<\/div>\n\t\t<\/div>\n\t\t\t\t\t<\/div>\n\t\t<\/section>\n\t\t<div class=\"elementor-element elementor-element-de66ed7 e-flex e-con-boxed e-con e-parent\" data-id=\"de66ed7\" data-element_type=\"container\" data-e-type=\"container\" data-settings=\"{&quot;_ha_eqh_enable&quot;:false}\">\n\t\t\t\t\t<div class=\"e-con-inner\">\n\t\t<div class=\"elementor-element elementor-element-39927ab e-con-full e-flex e-con e-child\" data-id=\"39927ab\" data-element_type=\"container\" data-e-type=\"container\" data-settings=\"{&quot;_ha_eqh_enable&quot;:false}\">\n\t\t\t\t<div class=\"elementor-element elementor-element-45f69a6 elementor-widget elementor-widget-text-editor\" data-id=\"45f69a6\" data-element_type=\"widget\" data-e-type=\"widget\" data-widget_type=\"text-editor.default\">\n\t\t\t\t<div class=\"elementor-widget-container\">\n\t\t\t\t\t\t\t\t\t<h2 class=\"yikes-custom-woo-tab-title yikes-custom-woo-tab-title-general-specifications\">Genel \u00d6zellikler<\/h2><p>Bunlar 0,6 kW&#8217;dan 87 kW&#8217;a kadar geni\u015f bir kapasite aral\u0131\u011f\u0131 i\u00e7erir. (Bu kapasite aral\u0131klar\u0131 R404A so\u011futucu ak\u0131\u015fkan tipi i\u00e7in verilmi\u015ftir). <\/p><ul class=\"bullet\"><li>Y\u00fcksek verimli al\u00fcminyum kanatlar<\/li><li>4-6-8-10 mm kanat aral\u0131klar\u0131<\/li><li>3\/8&#8221;-1\/2&#8221;-5\/8&#8221; \u00e7aplar\u0131nda bak\u0131r borular<\/li><li>404A, R 507A ve R 134A gazlar\u0131 ile \u00e7al\u0131\u015fma kabiliyeti<\/li><li>35 bar&#8217;da y\u00fcksek bas\u0131n\u00e7l\u0131 test<\/li><li>20 bar&#8217;a kadar y\u00fcksek \u00e7al\u0131\u015fma bas\u0131nc\u0131<\/li><li>Azot ile pozitif bas\u0131n\u00e7l\u0131 presleme ile g\u00f6nderme<\/li><\/ul><div class=\"alert alert-warning\"><strong>\u0130ste\u011fe ba\u011fl\u0131 olarak epoksi kaplamal\u0131 al\u00fcminyum kanat ile kaplanabilirler.<\/strong><\/div>\t\t\t\t\t\t\t\t<\/div>\n\t\t\t\t<\/div>\n\t\t\t\t<\/div>\n\t\t<div class=\"elementor-element elementor-element-ec3195a e-con-full e-flex e-con e-child\" data-id=\"ec3195a\" data-element_type=\"container\" data-e-type=\"container\" data-settings=\"{&quot;_ha_eqh_enable&quot;:false}\">\n\t\t\t\t<div class=\"elementor-element elementor-element-4c6c9bf elementor-widget elementor-widget-text-editor\" data-id=\"4c6c9bf\" data-element_type=\"widget\" data-e-type=\"widget\" data-widget_type=\"text-editor.default\">\n\t\t\t\t<div class=\"elementor-widget-container\">\n\t\t\t\t\t\t\t\t\t<h2>Teknik \u00d6zellikler<\/h2><h4>Muhafazan\u0131n \u00d6zellikleri:<\/h4><ul><li>S\u0131cak dald\u0131rma galvanizli sac<\/li><li>Pas \u00f6nleyici ve kal\u0131c\u0131 elektrostatik toz boya (RAL 7047)<\/li><li>Mente\u015feli tahliye tepsisi,<\/li><li>Ba\u011flant\u0131 vidas\u0131 gev\u015fetilerek kolayca \u00e7\u0131kar\u0131labilen yan kapaklar<\/li><li>Tavan montaj braketleri<\/li><\/ul><h4>Is\u0131t\u0131c\u0131lar\u0131n \u00d6zellikleri:<\/h4><p>E1 tipi \u0131s\u0131tma direnci 0\u00b0C ve +5\u00b0C oda s\u0131cakl\u0131\u011f\u0131 aral\u0131\u011f\u0131 i\u00e7in kullan\u0131l\u0131r. Diren\u00e7ler sadece so\u011futma bobinine monte edilir.<br>E2 tipi \u0131s\u0131tma direnci 0\u00b0C&#8217;den d\u00fc\u015f\u00fck oda s\u0131cakl\u0131klar\u0131 i\u00e7in kullan\u0131l\u0131r. Diren\u00e7ler bataryaya ve tahliye tepsisine monte edilir.  <\/p><p>\u0130ste\u011fe ba\u011fl\u0131 su defrostu (WD) yap\u0131labilir.<\/p><ul><li>E1: Sadece elektrikli bobin defrostut<\/li><li>E2: Bobin + tahliye tepsisi elektrikli defrost<\/li><li>E3: Batarya + tahliye tepsisi + elektrikli fan defrost<\/li><\/ul><h4>Taraftarlar\u0131n \u00d6zellikleri:<\/h4><ul><li>Enerji tasarruflu ve sessiz \u00e7al\u0131\u015fan fanlar<\/li><li>Fan motorlar\u0131 B veya F yal\u0131t\u0131m s\u0131n\u0131f\u0131, IP44 veya IP54 koruma s\u0131n\u0131f\u0131 ile donat\u0131lm\u0131\u015ft\u0131r<\/li><\/ul><div><a href=\"https:\/\/orcarefrigerationunit.com\/product\/standard-evaporators\/\" target=\"_blank\" rel=\"noopener\">Daha fazla bilgi i\u00e7in buraya t\u0131klay\u0131n<\/a><\/div>\t\t\t\t\t\t\t\t<\/div>\n\t\t\t\t<\/div>\n\t\t\t\t<\/div>\n\t\t\t\t\t<\/div>\n\t\t\t\t<\/div>\n\t\t<div class=\"elementor-element elementor-element-6030ebd e-flex e-con-boxed e-con e-parent\" data-id=\"6030ebd\" data-element_type=\"container\" data-e-type=\"container\" data-settings=\"{&quot;_ha_eqh_enable&quot;:false}\">\n\t\t\t\t\t<div class=\"e-con-inner\">\n\t\t\t\t<div class=\"elementor-element elementor-element-bcc1fc5 elementor-widget elementor-widget-text-editor\" data-id=\"bcc1fc5\" data-element_type=\"widget\" data-e-type=\"widget\" data-widget_type=\"text-editor.default\">\n\t\t\t\t<div class=\"elementor-widget-container\">\n\t\t\t\t\t\t\t\t\t<table border=\"1\"><tbody><tr><td><h4> <strong><span style=\"color: #000000;\">Fan \u00c7ap\u0131 (mm)<\/span><\/strong><\/h4><\/td><td><h4><strong><span style=\"color: #000000;\"> <\/span><\/strong><strong><span style=\"color: #000000;\">Fan H\u0131z\u0131 (fs\/dk)<\/span><\/strong><\/h4><\/td><td><h4><strong><span style=\"color: #000000;\"> <\/span><\/strong><strong><span style=\"color: #000000;\">Faz \/ Gerilim (V) \/ Frekans (Hz)<\/span><\/strong><\/h4><\/td><td><h4><strong><span style=\"color: #000000;\">\u00d6nerilen Maks. \u00c7al\u0131\u015fma S\u0131cakl\u0131\u011f\u0131 (\u00b0C) <\/span><\/strong><\/h4><\/td><\/tr><tr><td><strong><span style=\"color: #000000;\">300<\/span><\/strong><\/td><td><strong><span style=\"color: #000000;\">1320<\/span><\/strong><\/td><td><strong><span style=\"color: #000000;\">1 \/ 230 \/ 50<\/span><\/strong><\/td><td><strong><span style=\"color: #000000;\">-25 \/ +60<\/span><\/strong><\/td><\/tr><tr><td><strong><span style=\"color: #000000;\">350<\/span><\/strong><\/td><td><strong><span style=\"color: #000000;\">1340<\/span><\/strong><\/td><td><strong><span style=\"color: #000000;\">1 \/ 230 \/ 50<\/span><\/strong><\/td><td><strong><span style=\"color: #000000;\">-25 \/ +65<\/span><\/strong><\/td><\/tr><tr><td><strong><span style=\"color: #000000;\">400<\/span><\/strong><\/td><td><strong><span style=\"color: #000000;\">1380<\/span><\/strong><\/td><td><strong><span style=\"color: #000000;\">1 \/ 230 \/ 50<\/span><\/strong><\/td><td><strong><span style=\"color: #000000;\">-25 \/ +40<\/span><\/strong><\/td><\/tr><tr><td><strong><span style=\"color: #000000;\">450<\/span><\/strong><\/td><td><strong><span style=\"color: #000000;\">1345<\/span><\/strong><\/td><td><strong><span style=\"color: #000000;\">1 \/ 230 \/ 50<\/span><\/strong><\/td><td><strong><span style=\"color: #000000;\">-25 \/ +60<\/span><\/strong><\/td><\/tr><tr><td><strong><span style=\"color: #000000;\">500<\/span><\/strong><\/td><td><strong><span style=\"color: #000000;\">1270<\/span><\/strong><\/td><td><strong><span style=\"color: #000000;\">1 \/ 230 \/ 50<\/span><\/strong><\/td><td><strong><span style=\"color: #000000;\">-25 \/ +65<\/span><\/strong><\/td><\/tr><tr><td><strong><span style=\"color: #000000;\">630<\/span><\/strong><\/td><td><strong><span style=\"color: #000000;\">860<\/span><\/strong><\/td><td><strong><span style=\"color: #000000;\">1 \/ 230 \/ 50<\/span><\/strong><\/td><td><strong><span style=\"color: #000000;\">-25 \/ +55<\/span><\/strong><\/td><\/tr><\/tbody><\/table>\t\t\t\t\t\t\t\t<\/div>\n\t\t\t\t<\/div>\n\t\t\t\t\t<\/div>\n\t\t\t\t<\/div>\n\t\t\t\t<\/div>\n\t\t","protected":false},"excerpt":{"rendered":"<p>Standart Evaporat\u00f6rler Standart Evaporat\u00f6rler, so\u011futucu ak\u0131\u015fkan\u0131n buharla\u015fmas\u0131n\u0131 kolayla\u015ft\u0131rmak i\u00e7in so\u011futma sistemlerinde kullan\u0131lan bir t\u00fcr \u0131s\u0131 e\u015fanj\u00f6r\u00fcn\u00fc ifade eder. Ticari so\u011futma ihtiya\u00e7lar\u0131, k\u00fc\u00e7\u00fck [&hellip;]<\/p>\n","protected":false},"author":1,"featured_media":0,"parent":4653,"menu_order":0,"comment_status":"closed","ping_status":"closed","template":"","meta":{"footnotes":""},"class_list":["post-4627","page","type-page","status-publish","hentry"],"_links":{"self":[{"href":"https:\/\/tekoprefrigeration.com\/tr\/wp-json\/wp\/v2\/pages\/4627","targetHints":{"allow":["GET"]}}],"collection":[{"href":"https:\/\/tekoprefrigeration.com\/tr\/wp-json\/wp\/v2\/pages"}],"about":[{"href":"https:\/\/tekoprefrigeration.com\/tr\/wp-json\/wp\/v2\/types\/page"}],"author":[{"embeddable":true,"href":"https:\/\/tekoprefrigeration.com\/tr\/wp-json\/wp\/v2\/users\/1"}],"replies":[{"embeddable":true,"href":"https:\/\/tekoprefrigeration.com\/tr\/wp-json\/wp\/v2\/comments?post=4627"}],"version-history":[{"count":6,"href":"https:\/\/tekoprefrigeration.com\/tr\/wp-json\/wp\/v2\/pages\/4627\/revisions"}],"predecessor-version":[{"id":12385,"href":"https:\/\/tekoprefrigeration.com\/tr\/wp-json\/wp\/v2\/pages\/4627\/revisions\/12385"}],"up":[{"embeddable":true,"href":"https:\/\/tekoprefrigeration.com\/tr\/wp-json\/wp\/v2\/pages\/4653"}],"wp:attachment":[{"href":"https:\/\/tekoprefrigeration.com\/tr\/wp-json\/wp\/v2\/media?parent=4627"}],"curies":[{"name":"wp","href":"https:\/\/api.w.org\/{rel}","templated":true}]}}