{"id":4608,"date":"2023-02-21T11:22:22","date_gmt":"2023-02-21T11:22:22","guid":{"rendered":"https:\/\/tekoprefrigeration.com\/hakkimizda\/"},"modified":"2024-01-02T12:55:16","modified_gmt":"2024-01-02T12:55:16","slug":"hakkimizda","status":"publish","type":"page","link":"https:\/\/tekoprefrigeration.com\/tr\/hakkimizda\/","title":{"rendered":"Hakk\u0131m\u0131zda"},"content":{"rendered":"\t\t<div data-elementor-type=\"wp-page\" data-elementor-id=\"4608\" class=\"elementor elementor-4608 elementor-100\" data-elementor-settings=\"{&quot;ha_cmc_init_switcher&quot;:&quot;no&quot;}\">\n\t\t\t\t\t\t<section class=\"elementor-section elementor-top-section elementor-element elementor-element-390c579 elementor-section-content-middle elementor-section-boxed elementor-section-height-default elementor-section-height-default\" data-id=\"390c579\" data-element_type=\"section\" data-e-type=\"section\" data-settings=\"{&quot;_ha_eqh_enable&quot;:false}\">\n\t\t\t\t\t\t<div class=\"elementor-container elementor-column-gap-default\">\n\t\t\t\t\t<div class=\"elementor-column elementor-col-50 elementor-top-column elementor-element elementor-element-d05ea30\" data-id=\"d05ea30\" data-element_type=\"column\" data-e-type=\"column\">\n\t\t\t<div class=\"elementor-widget-wrap elementor-element-populated\">\n\t\t\t\t\t\t<div class=\"elementor-element elementor-element-b5d931e elementor-widget elementor-widget-image\" data-id=\"b5d931e\" data-element_type=\"widget\" data-e-type=\"widget\" data-widget_type=\"image.default\">\n\t\t\t\t<div class=\"elementor-widget-container\">\n\t\t\t\t\t\t\t\t\t\t\t\t\t\t\t<img fetchpriority=\"high\" decoding=\"async\" width=\"1000\" height=\"1000\" src=\"https:\/\/tekoprefrigeration.com\/wp-content\/uploads\/2023\/03\/Group-16-1024x1024.png\" class=\"attachment-large size-large wp-image-4135\" alt=\"\" srcset=\"https:\/\/tekoprefrigeration.com\/wp-content\/uploads\/2023\/03\/Group-16.png 1024w, https:\/\/tekoprefrigeration.com\/wp-content\/uploads\/2023\/03\/Group-16-300x300.png 300w, https:\/\/tekoprefrigeration.com\/wp-content\/uploads\/2023\/03\/Group-16-150x150.png 150w, https:\/\/tekoprefrigeration.com\/wp-content\/uploads\/2023\/03\/Group-16-768x768.png 768w, https:\/\/tekoprefrigeration.com\/wp-content\/uploads\/2023\/03\/Group-16-650x650.png 650w\" sizes=\"(max-width: 1000px) 100vw, 1000px\" \/>\t\t\t\t\t\t\t\t\t\t\t\t\t\t\t<\/div>\n\t\t\t\t<\/div>\n\t\t\t\t\t<\/div>\n\t\t<\/div>\n\t\t\t\t<div class=\"elementor-column elementor-col-50 elementor-top-column elementor-element elementor-element-c8c4485\" data-id=\"c8c4485\" data-element_type=\"column\" data-e-type=\"column\">\n\t\t\t<div class=\"elementor-widget-wrap elementor-element-populated\">\n\t\t\t\t\t\t<div class=\"elementor-element elementor-element-172b60e elementor-widget elementor-widget-text-editor\" data-id=\"172b60e\" data-element_type=\"widget\" data-e-type=\"widget\" data-widget_type=\"text-editor.default\">\n\t\t\t\t<div class=\"elementor-widget-container\">\n\t\t\t\t\t\t\t\t\t<p>&#8220;Tekop So\u011futma, so\u011futma sekt\u00f6r\u00fcnde m\u00fc\u015fterileri i\u00e7in g\u00fcvenilir bir firma olmaya \u00e7al\u0131\u015fmaktad\u0131r. &#8220;<\/p>\n<p>Uluslararas\u0131 ticarette g\u00fcvenilir bir \u015firket olmak:<\/p>\n<ul>\n<li>M\u00fc\u015fteri ihtiya\u00e7lar\u0131n\u0131 kar\u015f\u0131layan do\u011fru \u00fcr\u00fcnleri tespit etmek ve yanl\u0131\u015f sat\u0131n almalar\u0131 \u00f6nlemek.<\/li>\n<li>Do\u011fru \u00fcr\u00fcn\u00fc do\u011fru fiyata sat\u0131n ald\u0131\u011f\u0131n\u0131zdan emin olmak i\u00e7in.<\/li>\n<li>Kararla\u015ft\u0131r\u0131lan tarihte zaman\u0131nda yerine teslim edilmesini sa\u011flamak.<\/li>\n<li>\u00dcr\u00fcn\u00fcn istenilen fiziksel ko\u015fullarda teslim edilmesini sa\u011flamak.<\/li>\n<li>\u00dcr\u00fcnlerin s\u00fcreklili\u011fini sa\u011flamak.<\/li>\n<li>Yenilikleri ve teknolojiyi takip etmek.<\/li>\n<\/ul>\n<p>Be\u015f \u00fclkedeki ticari ortaklar\u0131 ve 50&#8217;ye yak\u0131n \u00e7al\u0131\u015fan\u0131 ile 2000 y\u0131l\u0131ndan bu yana g\u00f6revlerini yerine getirmek i\u00e7in faaliyet g\u00f6stermektedir. \u00c7o\u011fu &#8220;anahtar teslimi&#8221; olmak \u00fczere \u00e7e\u015fitli b\u00fcy\u00fckl\u00fckteki projeler d\u00fcnya \u00e7ap\u0131nda 46 \u00fclkede tamamlanm\u0131\u015ft\u0131r.<\/p>\n\t\t\t\t\t\t\t\t<\/div>\n\t\t\t\t<\/div>\n\t\t\t\t\t<\/div>\n\t\t<\/div>\n\t\t\t\t\t<\/div>\n\t\t<\/section>\n\t\t\t\t<section class=\"elementor-section elementor-top-section elementor-element elementor-element-033af0e elementor-section-boxed elementor-section-height-default elementor-section-height-default\" data-id=\"033af0e\" data-element_type=\"section\" data-e-type=\"section\" data-settings=\"{&quot;_ha_eqh_enable&quot;:false}\">\n\t\t\t\t\t\t<div class=\"elementor-container elementor-column-gap-default\">\n\t\t\t\t\t<div class=\"elementor-column elementor-col-100 elementor-top-column elementor-element elementor-element-bfbd423\" data-id=\"bfbd423\" data-element_type=\"column\" data-e-type=\"column\">\n\t\t\t<div class=\"elementor-widget-wrap elementor-element-populated\">\n\t\t\t\t\t\t<div class=\"elementor-element elementor-element-0269654 elementor-widget-divider--view-line elementor-widget elementor-widget-divider\" data-id=\"0269654\" data-element_type=\"widget\" data-e-type=\"widget\" data-widget_type=\"divider.default\">\n\t\t\t\t<div class=\"elementor-widget-container\">\n\t\t\t\t\t\t\t<div class=\"elementor-divider\">\n\t\t\t<span class=\"elementor-divider-separator\">\n\t\t\t\t\t\t<\/span>\n\t\t<\/div>\n\t\t\t\t\t\t<\/div>\n\t\t\t\t<\/div>\n\t\t\t\t\t<\/div>\n\t\t<\/div>\n\t\t\t\t\t<\/div>\n\t\t<\/section>\n\t\t\t\t<section class=\"elementor-section elementor-top-section elementor-element elementor-element-7feac57 elementor-section-boxed elementor-section-height-default elementor-section-height-default\" data-id=\"7feac57\" data-element_type=\"section\" data-e-type=\"section\" data-settings=\"{&quot;_ha_eqh_enable&quot;:false}\">\n\t\t\t\t\t\t<div class=\"elementor-container elementor-column-gap-default\">\n\t\t\t\t\t<div class=\"elementor-column elementor-col-100 elementor-top-column elementor-element elementor-element-0ab4dcc\" data-id=\"0ab4dcc\" data-element_type=\"column\" data-e-type=\"column\">\n\t\t\t<div class=\"elementor-widget-wrap elementor-element-populated\">\n\t\t\t\t\t\t<div class=\"elementor-element elementor-element-c1dc1a6 elementor-tabs-alignment-stretch elementor-tabs-view-horizontal elementor-widget elementor-widget-tabs\" data-id=\"c1dc1a6\" data-element_type=\"widget\" data-e-type=\"widget\" data-widget_type=\"tabs.default\">\n\t\t\t\t<div class=\"elementor-widget-container\">\n\t\t\t\t\t\t\t<div class=\"elementor-tabs\">\n\t\t\t<div class=\"elementor-tabs-wrapper\" role=\"tablist\" >\n\t\t\t\t\t\t\t\t\t<div id=\"elementor-tab-title-2031\" class=\"elementor-tab-title elementor-tab-desktop-title\" aria-selected=\"true\" data-tab=\"1\" role=\"tab\" tabindex=\"0\" aria-controls=\"elementor-tab-content-2031\" aria-expanded=\"false\">De\u011ferlerimiz<\/div>\n\t\t\t\t\t\t\t\t\t<div id=\"elementor-tab-title-2032\" class=\"elementor-tab-title elementor-tab-desktop-title\" aria-selected=\"false\" data-tab=\"2\" role=\"tab\" tabindex=\"-1\" aria-controls=\"elementor-tab-content-2032\" aria-expanded=\"false\">Vizyonumuz<\/div>\n\t\t\t\t\t\t\t\t\t<div id=\"elementor-tab-title-2033\" class=\"elementor-tab-title elementor-tab-desktop-title\" aria-selected=\"false\" data-tab=\"3\" role=\"tab\" tabindex=\"-1\" aria-controls=\"elementor-tab-content-2033\" aria-expanded=\"false\">Misyonumuz<\/div>\n\t\t\t\t\t\t\t\t\t<div id=\"elementor-tab-title-2034\" class=\"elementor-tab-title elementor-tab-desktop-title\" aria-selected=\"false\" data-tab=\"4\" role=\"tab\" tabindex=\"-1\" aria-controls=\"elementor-tab-content-2034\" aria-expanded=\"false\">Temel De\u011ferler<\/div>\n\t\t\t\t\t\t\t<\/div>\n\t\t\t<div class=\"elementor-tabs-content-wrapper\" role=\"tablist\" aria-orientation=\"vertical\">\n\t\t\t\t\t\t\t\t\t<div class=\"elementor-tab-title elementor-tab-mobile-title\" aria-selected=\"true\" data-tab=\"1\" role=\"tab\" tabindex=\"0\" aria-controls=\"elementor-tab-content-2031\" aria-expanded=\"false\">De\u011ferlerimiz<\/div>\n\t\t\t\t\t<div id=\"elementor-tab-content-2031\" class=\"elementor-tab-content elementor-clearfix\" data-tab=\"1\" role=\"tabpanel\" aria-labelledby=\"elementor-tab-title-2031\" tabindex=\"0\" hidden=\"false\"><p>&#8211; Biz i\u015fimizde uzman\u0131z<br \/>&#8211; A\u015f\u0131r\u0131 ba\u015far\u0131y\u0131 hedefliyoruz ve bunu ba\u015far\u0131yoruz<br \/>&#8211; Yenilik\u00e7i ve yarat\u0131c\u0131y\u0131z<br \/>&#8211; S\u00fcrekli geli\u015fimi destekliyoruz<\/p>\n<\/div>\n\t\t\t\t\t\t\t\t\t<div class=\"elementor-tab-title elementor-tab-mobile-title\" aria-selected=\"false\" data-tab=\"2\" role=\"tab\" tabindex=\"-1\" aria-controls=\"elementor-tab-content-2032\" aria-expanded=\"false\">Vizyonumuz<\/div>\n\t\t\t\t\t<div id=\"elementor-tab-content-2032\" class=\"elementor-tab-content elementor-clearfix\" data-tab=\"2\" role=\"tabpanel\" aria-labelledby=\"elementor-tab-title-2032\" tabindex=\"0\" hidden=\"hidden\"><p>&#8211; Rakiplerinden farkl\u0131, T\u00fcrkiye&#8217;de lider, k\u00fcresel pazarda aranan ve g\u00fcvenilir bir marka olmak.<\/p>\n<\/div>\n\t\t\t\t\t\t\t\t\t<div class=\"elementor-tab-title elementor-tab-mobile-title\" aria-selected=\"false\" data-tab=\"3\" role=\"tab\" tabindex=\"-1\" aria-controls=\"elementor-tab-content-2033\" aria-expanded=\"false\">Misyonumuz<\/div>\n\t\t\t\t\t<div id=\"elementor-tab-content-2033\" class=\"elementor-tab-content elementor-clearfix\" data-tab=\"3\" role=\"tabpanel\" aria-labelledby=\"elementor-tab-title-2033\" tabindex=\"0\" hidden=\"hidden\"><p>&#8211; G\u00fcvenilir, yenili\u011fe a\u00e7\u0131k ve her konuda \u00f6nc\u00fc yakla\u015f\u0131m\u0131m\u0131zla, m\u00fc\u015fterilerimize en iyi \u00fcr\u00fcn ve hizmeti sunmak.<br \/>&#8211; \u00dclkemizin kanun ve t\u00fcz\u00fcklerine uygun hareket etmek.<br \/>&#8211; \u00c7evreye duyarl\u0131l\u0131k bilincini ve d\u00fc\u015f\u00fck enerji t\u00fcketimli \u00fcr\u00fcnleri her zaman \u00f6n planda tutmak.<\/p>\n<\/div>\n\t\t\t\t\t\t\t\t\t<div class=\"elementor-tab-title elementor-tab-mobile-title\" aria-selected=\"false\" data-tab=\"4\" role=\"tab\" tabindex=\"-1\" aria-controls=\"elementor-tab-content-2034\" aria-expanded=\"false\">Temel De\u011ferler<\/div>\n\t\t\t\t\t<div id=\"elementor-tab-content-2034\" class=\"elementor-tab-content elementor-clearfix\" data-tab=\"4\" role=\"tabpanel\" aria-labelledby=\"elementor-tab-title-2034\" tabindex=\"0\" hidden=\"hidden\"><p>&#8211; Kalite<br \/>&#8211; Tutarl\u0131l\u0131k<br \/>&#8211; Gizlilik<br \/>&#8211; Detaylara verilen \u00f6nem<br \/>&#8211; Benzersiz hizmet kalitesi<br \/>&#8211; Tasar\u0131m uzmanl\u0131\u011f\u0131<br \/>&#8211; Rekabet<br \/>&#8211; Teknolojik ve organizasyonel inovasyonun g\u00fcc\u00fc<br \/>&#8211; \u00c7evreye kar\u015f\u0131 sorumlu \/ Leed Sertifikas\u0131na uyum<br \/>&#8211; \u00c7\u00f6z\u00fcm Ortakl\u0131\u011f\u0131<\/p>\n<\/div>\n\t\t\t\t\t\t\t<\/div>\n\t\t<\/div>\n\t\t\t\t\t\t<\/div>\n\t\t\t\t<\/div>\n\t\t\t\t\t<\/div>\n\t\t<\/div>\n\t\t\t\t\t<\/div>\n\t\t<\/section>\n\t\t\t\t<section class=\"elementor-section elementor-top-section elementor-element elementor-element-35138927 elementor-section-boxed elementor-section-height-default elementor-section-height-default\" data-id=\"35138927\" data-element_type=\"section\" data-e-type=\"section\" data-settings=\"{&quot;background_background&quot;:&quot;classic&quot;,&quot;_ha_eqh_enable&quot;:false}\">\n\t\t\t\t\t\t<div class=\"elementor-container elementor-column-gap-default\">\n\t\t\t\t\t<div class=\"elementor-column elementor-col-100 elementor-top-column elementor-element elementor-element-6df333a0\" data-id=\"6df333a0\" data-element_type=\"column\" data-e-type=\"column\">\n\t\t\t<div class=\"elementor-widget-wrap elementor-element-populated\">\n\t\t\t\t\t\t<div class=\"elementor-element elementor-element-419363fd  ui-split-animate ui-splitby-chars elementor-widget elementor-widget-heading\" data-id=\"419363fd\" data-element_type=\"widget\" data-e-type=\"widget\" data-settings=\"{&quot;ui_animate_split&quot;:&quot;ui-split-animate&quot;,&quot;ui_animate_split_by&quot;:&quot;chars&quot;,&quot;ui_animate_split_style&quot;:&quot;fadeInUp&quot;}\" data-widget_type=\"heading.default\">\n\t\t\t\t<div class=\"elementor-widget-container\">\n\t\t\t\t\t<h2 class=\"elementor-heading-title elementor-size-default\">Neden Tekop So\u011futma?<\/h2>\t\t\t\t<\/div>\n\t\t\t\t<\/div>\n\t\t\t\t<section class=\"elementor-section elementor-inner-section elementor-element elementor-element-3ffb4d47 elementor-section-boxed elementor-section-height-default elementor-section-height-default\" data-id=\"3ffb4d47\" data-element_type=\"section\" data-e-type=\"section\" data-settings=\"{&quot;_ha_eqh_enable&quot;:false}\">\n\t\t\t\t\t\t<div class=\"elementor-container elementor-column-gap-default\">\n\t\t\t\t\t<div class=\"elementor-column elementor-col-33 elementor-inner-column elementor-element elementor-element-622ee081\" data-id=\"622ee081\" data-element_type=\"column\" data-e-type=\"column\" data-settings=\"{&quot;background_background&quot;:&quot;classic&quot;}\">\n\t\t\t<div class=\"elementor-widget-wrap elementor-element-populated\">\n\t\t\t\t\t\t<div class=\"elementor-element elementor-element-3f683c2b elementor-widget elementor-widget-image\" data-id=\"3f683c2b\" data-element_type=\"widget\" data-e-type=\"widget\" data-widget_type=\"image.default\">\n\t\t\t\t<div class=\"elementor-widget-container\">\n\t\t\t\t\t\t\t\t\t\t\t\t\t\t\t\t<a href=\"https:\/\/tekoprefrigeration.com\/refrigeration-systems\/\">\n\t\t\t\t\t\t\t<img decoding=\"async\" width=\"70\" height=\"70\" src=\"https:\/\/tekoprefrigeration.com\/wp-content\/uploads\/2023\/08\/23.png\" class=\"attachment-thumbnail size-thumbnail wp-image-4382\" alt=\"23\" \/>\t\t\t\t\t\t\t\t<\/a>\n\t\t\t\t\t\t\t\t\t\t\t\t\t\t\t<\/div>\n\t\t\t\t<\/div>\n\t\t\t\t<div class=\"elementor-element elementor-element-4ad705bf elementor-widget elementor-widget-text-editor\" data-id=\"4ad705bf\" data-element_type=\"widget\" data-e-type=\"widget\" data-widget_type=\"text-editor.default\">\n\t\t\t\t<div class=\"elementor-widget-container\">\n\t\t\t\t\t\t\t\t\t<p style=\"text-align: center;\"><span style=\"color: #0d5dab;\"><strong>Sekt\u00f6rde 23 Y\u0131ll\u0131k Tecr\u00fcbe<\/strong><\/span><\/p>\n<p style=\"text-align: center;\">2000 y\u0131l\u0131ndan bu yana faaliyet g\u00f6steren firmam\u0131z, sekt\u00f6rde 23 y\u0131ll\u0131k tecr\u00fcbeye sahip olup, 50&#8217;den fazla \u00fclkede 50 \u00e7al\u0131\u015fan\u0131 ve ticari ortaklar\u0131 ile hizmet vermektedir. Ekibimiz, m\u00fc\u015fterilerimizin ihtiya\u00e7lar\u0131n\u0131 kar\u015f\u0131lamak i\u00e7in sorumluluklar\u0131n\u0131 \u00f6zenle yerine getirmektedir.<\/p>\n\t\t\t\t\t\t\t\t<\/div>\n\t\t\t\t<\/div>\n\t\t\t\t\t<\/div>\n\t\t<\/div>\n\t\t\t\t<div class=\"elementor-column elementor-col-33 elementor-inner-column elementor-element elementor-element-16624aa0\" data-id=\"16624aa0\" data-element_type=\"column\" data-e-type=\"column\" data-settings=\"{&quot;background_background&quot;:&quot;classic&quot;}\">\n\t\t\t<div class=\"elementor-widget-wrap elementor-element-populated\">\n\t\t\t\t\t\t<div class=\"elementor-element elementor-element-7bb2b4e elementor-widget elementor-widget-image\" data-id=\"7bb2b4e\" data-element_type=\"widget\" data-e-type=\"widget\" data-widget_type=\"image.default\">\n\t\t\t\t<div class=\"elementor-widget-container\">\n\t\t\t\t\t\t\t\t\t\t\t\t\t\t\t\t<a href=\"https:\/\/tekoprefrigeration.com\/refrigeration-systems\/\">\n\t\t\t\t\t\t\t<img decoding=\"async\" width=\"70\" height=\"70\" src=\"https:\/\/tekoprefrigeration.com\/wp-content\/uploads\/2023\/08\/4-1.png\" class=\"attachment-thumbnail size-thumbnail wp-image-4380\" alt=\"time\" \/>\t\t\t\t\t\t\t\t<\/a>\n\t\t\t\t\t\t\t\t\t\t\t\t\t\t\t<\/div>\n\t\t\t\t<\/div>\n\t\t\t\t<div class=\"elementor-element elementor-element-270d9f97 elementor-widget elementor-widget-text-editor\" data-id=\"270d9f97\" data-element_type=\"widget\" data-e-type=\"widget\" data-widget_type=\"text-editor.default\">\n\t\t\t\t<div class=\"elementor-widget-container\">\n\t\t\t\t\t\t\t\t\t<h4 style=\"text-align: center;\"><span style=\"color: #0d5dab;\"><strong>H\u0131zl\u0131 ve Kaliteli Hizmet<\/strong><\/span><\/h4>\n<p style=\"text-align: center;\">\u00d6ncelikli hedefimiz m\u00fc\u015fterilerimizin beklentilerini kar\u015f\u0131lamak ve a\u015fmakt\u0131r. Teknik personelimiz her proje \u00fczerinde titizlikle \u00e7al\u0131\u015fmakta, en iyi uygulama y\u00f6ntemlerini kullanmakta ve zaman\u0131nda teslimat sa\u011flamaktad\u0131r.<\/p>\n\t\t\t\t\t\t\t\t<\/div>\n\t\t\t\t<\/div>\n\t\t\t\t\t<\/div>\n\t\t<\/div>\n\t\t\t\t<div class=\"elementor-column elementor-col-33 elementor-inner-column elementor-element elementor-element-5d322ed8\" data-id=\"5d322ed8\" data-element_type=\"column\" data-e-type=\"column\" data-settings=\"{&quot;background_background&quot;:&quot;classic&quot;}\">\n\t\t\t<div class=\"elementor-widget-wrap elementor-element-populated\">\n\t\t\t\t\t\t<div class=\"elementor-element elementor-element-2f67d81b elementor-widget elementor-widget-image\" data-id=\"2f67d81b\" data-element_type=\"widget\" data-e-type=\"widget\" data-widget_type=\"image.default\">\n\t\t\t\t<div class=\"elementor-widget-container\">\n\t\t\t\t\t\t\t\t\t\t\t\t\t\t\t\t<a href=\"https:\/\/tekoprefrigeration.com\/refrigeration-systems\/\">\n\t\t\t\t\t\t\t<img loading=\"lazy\" decoding=\"async\" width=\"70\" height=\"70\" src=\"https:\/\/tekoprefrigeration.com\/wp-content\/uploads\/2023\/08\/3-1.png\" class=\"attachment-thumbnail size-thumbnail wp-image-4379\" alt=\"costumer\" \/>\t\t\t\t\t\t\t\t<\/a>\n\t\t\t\t\t\t\t\t\t\t\t\t\t\t\t<\/div>\n\t\t\t\t<\/div>\n\t\t\t\t<div class=\"elementor-element elementor-element-3d32964f elementor-widget__width-initial elementor-widget elementor-widget-text-editor\" data-id=\"3d32964f\" data-element_type=\"widget\" data-e-type=\"widget\" data-widget_type=\"text-editor.default\">\n\t\t\t\t<div class=\"elementor-widget-container\">\n\t\t\t\t\t\t\t\t\t<h4 style=\"text-align: center;\"><span style=\"color: #0d5dab;\"><strong>Sahada Uzman Ekip<\/strong><\/span><\/h4>\n<p style=\"text-align: center;\">Gerekli e\u011fitimleri alm\u0131\u015f ve geni\u015f deneyime sahip uzman ekiplerimizle sizlere en iyi hizmeti sunmaktan gurur duyuyoruz. So\u011futma sistemlerinin kurulumu, bak\u0131m\u0131 ve onar\u0131m\u0131 konusunda uzman ekibimiz, sorunlar\u0131n\u0131z\u0131 h\u0131zl\u0131 ve etkili bir \u015fekilde ele alarak i\u015fletmenizin so\u011futma gereksinimlerini kar\u015f\u0131lar.<\/p>\n\t\t\t\t\t\t\t\t<\/div>\n\t\t\t\t<\/div>\n\t\t\t\t\t<\/div>\n\t\t<\/div>\n\t\t\t\t\t<\/div>\n\t\t<\/section>\n\t\t\t\t<div class=\"elementor-element elementor-element-742e6347 elementor-widget elementor-widget-spacer\" data-id=\"742e6347\" data-element_type=\"widget\" data-e-type=\"widget\" data-widget_type=\"spacer.default\">\n\t\t\t\t<div class=\"elementor-widget-container\">\n\t\t\t\t\t\t\t<div class=\"elementor-spacer\">\n\t\t\t<div class=\"elementor-spacer-inner\"><\/div>\n\t\t<\/div>\n\t\t\t\t\t\t<\/div>\n\t\t\t\t<\/div>\n\t\t\t\t<section class=\"elementor-section elementor-inner-section elementor-element elementor-element-1c015d7f elementor-section-boxed elementor-section-height-default elementor-section-height-default\" data-id=\"1c015d7f\" data-element_type=\"section\" data-e-type=\"section\" data-settings=\"{&quot;_ha_eqh_enable&quot;:false}\">\n\t\t\t\t\t\t<div class=\"elementor-container elementor-column-gap-default\">\n\t\t\t\t\t<div class=\"elementor-column elementor-col-33 elementor-inner-column elementor-element elementor-element-328a520d\" data-id=\"328a520d\" data-element_type=\"column\" data-e-type=\"column\" data-settings=\"{&quot;background_background&quot;:&quot;classic&quot;}\">\n\t\t\t<div class=\"elementor-widget-wrap elementor-element-populated\">\n\t\t\t\t\t\t<div class=\"elementor-element elementor-element-734d3f4e elementor-widget elementor-widget-image\" data-id=\"734d3f4e\" data-element_type=\"widget\" data-e-type=\"widget\" data-widget_type=\"image.default\">\n\t\t\t\t<div class=\"elementor-widget-container\">\n\t\t\t\t\t\t\t\t\t\t\t\t\t\t\t\t<a href=\"https:\/\/tekoprefrigeration.com\/refrigeration-systems\/\">\n\t\t\t\t\t\t\t<img loading=\"lazy\" decoding=\"async\" width=\"70\" height=\"70\" src=\"https:\/\/tekoprefrigeration.com\/wp-content\/uploads\/2023\/08\/2-1.png\" class=\"attachment-thumbnail size-thumbnail wp-image-4378\" alt=\"all day\" \/>\t\t\t\t\t\t\t\t<\/a>\n\t\t\t\t\t\t\t\t\t\t\t\t\t\t\t<\/div>\n\t\t\t\t<\/div>\n\t\t\t\t<div class=\"elementor-element elementor-element-4fefcbfa elementor-widget__width-initial elementor-widget elementor-widget-text-editor\" data-id=\"4fefcbfa\" data-element_type=\"widget\" data-e-type=\"widget\" data-widget_type=\"text-editor.default\">\n\t\t\t\t<div class=\"elementor-widget-container\">\n\t\t\t\t\t\t\t\t\t<h4 style=\"text-align: center;\"><span style=\"color: #0d5dab;\"><strong>7\/24 Servis Deste\u011fi<\/strong><\/span><\/h4>\n<p style=\"text-align: center;\">M\u00fc\u015fterilerimizin t\u00fcm sorunlar\u0131na an\u0131nda \u00e7\u00f6z\u00fcm sunarak 7\/24 hizmet deste\u011fi sa\u011fl\u0131yoruz. Uzman teknik ekibimiz, kesintisiz operasyonlar sa\u011flamak ve i\u015f s\u00fcre\u00e7lerinizde artan verimlili\u011fi desteklemek i\u00e7in her zaman size yard\u0131mc\u0131 olmaya haz\u0131rd\u0131r. Merkezi olarak \u00e7e\u015fitli k\u0131talarda bulunan 5 farkl\u0131 \u00fclkedeki i\u015f ortaklar\u0131m\u0131zla d\u00fcnya \u00e7ap\u0131nda 30&#8217;a yak\u0131n \u00fclkeye kesintisiz hizmet deste\u011fi sunuyoruz.<\/p>\n\t\t\t\t\t\t\t\t<\/div>\n\t\t\t\t<\/div>\n\t\t\t\t\t<\/div>\n\t\t<\/div>\n\t\t\t\t<div class=\"elementor-column elementor-col-33 elementor-inner-column elementor-element elementor-element-52e1a884\" data-id=\"52e1a884\" data-element_type=\"column\" data-e-type=\"column\" data-settings=\"{&quot;background_background&quot;:&quot;classic&quot;}\">\n\t\t\t<div class=\"elementor-widget-wrap elementor-element-populated\">\n\t\t\t\t\t\t<div class=\"elementor-element elementor-element-75b1276e elementor-widget elementor-widget-image\" data-id=\"75b1276e\" data-element_type=\"widget\" data-e-type=\"widget\" data-widget_type=\"image.default\">\n\t\t\t\t<div class=\"elementor-widget-container\">\n\t\t\t\t\t\t\t\t\t\t\t\t\t\t\t\t<a href=\"https:\/\/tekoprefrigeration.com\/refrigeration-systems\/\">\n\t\t\t\t\t\t\t<img loading=\"lazy\" decoding=\"async\" width=\"70\" height=\"70\" src=\"https:\/\/tekoprefrigeration.com\/wp-content\/uploads\/2023\/08\/5.png\" class=\"attachment-thumbnail size-thumbnail wp-image-4381\" alt=\"5\" \/>\t\t\t\t\t\t\t\t<\/a>\n\t\t\t\t\t\t\t\t\t\t\t\t\t\t\t<\/div>\n\t\t\t\t<\/div>\n\t\t\t\t<div class=\"elementor-element elementor-element-240cde0f elementor-widget elementor-widget-text-editor\" data-id=\"240cde0f\" data-element_type=\"widget\" data-e-type=\"widget\" data-widget_type=\"text-editor.default\">\n\t\t\t\t<div class=\"elementor-widget-container\">\n\t\t\t\t\t\t\t\t\t<h4 style=\"text-align: center;\"><span style=\"color: #0d5dab;\"><strong>M\u00fc\u015fteri Memnuniyeti<\/strong><\/span><\/h4>\n<p style=\"text-align: center;\">M\u00fc\u015fteri memnuniyeti her zaman birinci \u00f6nceli\u011fimizdir. M\u00fc\u015fterilerimizden gelen geri bildirimleri dikkate alarak sundu\u011fumuz hizmetlerin kalitesini ve etkinli\u011fini s\u00fcrekli olarak izliyor ve geli\u015ftiriyoruz. Ki\u015fiselle\u015ftirilmi\u015f \u00e7\u00f6z\u00fcmler sunman\u0131n \u00f6nemini kavrayarak, ihtiya\u00e7lar\u0131n\u0131za en iyi \u015fekilde yan\u0131t vermek ve memnuniyetinizi sa\u011flamak i\u00e7in \u00e7al\u0131\u015f\u0131yoruz.<\/p>\n\t\t\t\t\t\t\t\t<\/div>\n\t\t\t\t<\/div>\n\t\t\t\t\t<\/div>\n\t\t<\/div>\n\t\t\t\t<div class=\"elementor-column elementor-col-33 elementor-inner-column elementor-element elementor-element-478aab18\" data-id=\"478aab18\" data-element_type=\"column\" data-e-type=\"column\" data-settings=\"{&quot;background_background&quot;:&quot;classic&quot;}\">\n\t\t\t<div class=\"elementor-widget-wrap elementor-element-populated\">\n\t\t\t\t\t\t<div class=\"elementor-element elementor-element-57edd006 elementor-widget elementor-widget-image\" data-id=\"57edd006\" data-element_type=\"widget\" data-e-type=\"widget\" data-widget_type=\"image.default\">\n\t\t\t\t<div class=\"elementor-widget-container\">\n\t\t\t\t\t\t\t\t\t\t\t\t\t\t\t\t<a href=\"https:\/\/tekoprefrigeration.com\/refrigeration-systems\/\">\n\t\t\t\t\t\t\t<img loading=\"lazy\" decoding=\"async\" width=\"70\" height=\"70\" src=\"https:\/\/tekoprefrigeration.com\/wp-content\/uploads\/2023\/08\/1.png\" class=\"attachment-thumbnail size-thumbnail wp-image-4377\" alt=\"best-price\" \/>\t\t\t\t\t\t\t\t<\/a>\n\t\t\t\t\t\t\t\t\t\t\t\t\t\t\t<\/div>\n\t\t\t\t<\/div>\n\t\t\t\t<div class=\"elementor-element elementor-element-222c2806 elementor-widget__width-initial elementor-widget elementor-widget-text-editor\" data-id=\"222c2806\" data-element_type=\"widget\" data-e-type=\"widget\" data-widget_type=\"text-editor.default\">\n\t\t\t\t<div class=\"elementor-widget-container\">\n\t\t\t\t\t\t\t\t\t<h4 style=\"text-align: center;\"><span style=\"color: #0d5dab;\"><strong>Kalite-Fiyat Dengesi<\/strong><\/span><\/h4>\n<p style=\"text-align: center;\">Fiyat ve kalite aras\u0131ndaki dengeyi korumak Tekop Refrigeration&#8217;\u0131n \u00f6ncelikli hedeflerinden biridir. M\u00fc\u015fterilerimize rekabet\u00e7i ve ekonomik fiyatlarla kaliteli so\u011futma hizmetleri sunmay\u0131, uzun vadeli ortakl\u0131klar\u0131 te\u015fvik etmeyi ve m\u00fc\u015fteri memnuniyetini s\u00fcrd\u00fcrmeyi ama\u00e7l\u0131yoruz. Bu sayede m\u00fc\u015fterilerimizin b\u00fct\u00e7elerine destek olurken, verimli ve dayan\u0131kl\u0131 so\u011futma sistemleriyle i\u015fletmelerinin ba\u015far\u0131s\u0131na katk\u0131da bulunuyoruz.<\/p>\n\t\t\t\t\t\t\t\t<\/div>\n\t\t\t\t<\/div>\n\t\t\t\t\t<\/div>\n\t\t<\/div>\n\t\t\t\t\t<\/div>\n\t\t<\/section>\n\t\t\t\t\t<\/div>\n\t\t<\/div>\n\t\t\t\t\t<\/div>\n\t\t<\/section>\n\t\t\t\t<\/div>\n\t\t","protected":false},"excerpt":{"rendered":"<p>&#8220;Tekop So\u011futma, so\u011futma sekt\u00f6r\u00fcnde m\u00fc\u015fterileri i\u00e7in g\u00fcvenilir bir firma olmaya \u00e7al\u0131\u015fmaktad\u0131r. &#8220; Uluslararas\u0131 ticarette g\u00fcvenilir bir \u015firket olmak: M\u00fc\u015fteri ihtiya\u00e7lar\u0131n\u0131 kar\u015f\u0131layan do\u011fru [&hellip;]<\/p>\n","protected":false},"author":1,"featured_media":0,"parent":0,"menu_order":0,"comment_status":"closed","ping_status":"closed","template":"","meta":{"footnotes":""},"class_list":["post-4608","page","type-page","status-publish","hentry"],"_links":{"self":[{"href":"https:\/\/tekoprefrigeration.com\/tr\/wp-json\/wp\/v2\/pages\/4608","targetHints":{"allow":["GET"]}}],"collection":[{"href":"https:\/\/tekoprefrigeration.com\/tr\/wp-json\/wp\/v2\/pages"}],"about":[{"href":"https:\/\/tekoprefrigeration.com\/tr\/wp-json\/wp\/v2\/types\/page"}],"author":[{"embeddable":true,"href":"https:\/\/tekoprefrigeration.com\/tr\/wp-json\/wp\/v2\/users\/1"}],"replies":[{"embeddable":true,"href":"https:\/\/tekoprefrigeration.com\/tr\/wp-json\/wp\/v2\/comments?post=4608"}],"version-history":[{"count":3,"href":"https:\/\/tekoprefrigeration.com\/tr\/wp-json\/wp\/v2\/pages\/4608\/revisions"}],"predecessor-version":[{"id":4838,"href":"https:\/\/tekoprefrigeration.com\/tr\/wp-json\/wp\/v2\/pages\/4608\/revisions\/4838"}],"wp:attachment":[{"href":"https:\/\/tekoprefrigeration.com\/tr\/wp-json\/wp\/v2\/media?parent=4608"}],"curies":[{"name":"wp","href":"https:\/\/api.w.org\/{rel}","templated":true}]}}