{"id":4607,"date":"2023-02-22T07:49:02","date_gmt":"2023-02-22T07:49:02","guid":{"rendered":"https:\/\/tekoprefrigeration.com\/hizmetler\/genel-soguk-hava-depolari\/"},"modified":"2025-09-24T07:20:43","modified_gmt":"2025-09-24T07:20:43","slug":"genel-soguk-hava-depolari","status":"publish","type":"page","link":"https:\/\/tekoprefrigeration.com\/tr\/hizmetler\/genel-soguk-hava-depolari\/","title":{"rendered":"Genel So\u011fuk Hava Depolar\u0131"},"content":{"rendered":"\t\t<div data-elementor-type=\"wp-page\" data-elementor-id=\"4607\" class=\"elementor elementor-4607 elementor-189\" data-elementor-settings=\"{&quot;ha_cmc_init_switcher&quot;:&quot;no&quot;}\">\n\t\t\t\t<div class=\"elementor-element elementor-element-8e84a16 e-flex e-con-boxed e-con e-parent\" data-id=\"8e84a16\" data-element_type=\"container\" data-e-type=\"container\" data-settings=\"{&quot;_ha_eqh_enable&quot;:false}\">\n\t\t\t\t\t<div class=\"e-con-inner\">\n\t\t<div class=\"elementor-element elementor-element-4312c02 e-con-full e-flex e-con e-child\" data-id=\"4312c02\" data-element_type=\"container\" data-e-type=\"container\" data-settings=\"{&quot;_ha_eqh_enable&quot;:false}\">\n\t\t\t\t<div class=\"elementor-element elementor-element-34970ad elementor-widget__width-initial elementor-widget-tablet__width-inherit elementor-widget elementor-widget-elementskit-heading\" data-id=\"34970ad\" data-element_type=\"widget\" data-e-type=\"widget\" data-widget_type=\"elementskit-heading.default\">\n\t\t\t\t<div class=\"elementor-widget-container\">\n\t\t\t\t\t<div class=\"ekit-wid-con\" ><div class=\"ekit-heading elementskit-section-title-wraper text_left   ekit_heading_tablet-   ekit_heading_mobile-\"><h4 class=\"elementskit-section-subtitle  \">\n\t\t\t\t\t\tTekop Refrigeration\n\t\t\t\t\t<\/h4><h2 class=\"ekit-heading--title elementskit-section-title \">Genel So\u011fuk Hava Depolar\u0131<\/h2><\/div><\/div>\t\t\t\t<\/div>\n\t\t\t\t<\/div>\n\t\t\t\t<\/div>\n\t\t\t\t\t<\/div>\n\t\t\t\t<\/div>\n\t\t\t\t<section class=\"elementor-section elementor-top-section elementor-element elementor-element-b5a0be1 elementor-section-content-middle elementor-section-boxed elementor-section-height-default elementor-section-height-default\" data-id=\"b5a0be1\" data-element_type=\"section\" data-e-type=\"section\" data-settings=\"{&quot;_ha_eqh_enable&quot;:false}\">\n\t\t\t\t\t\t<div class=\"elementor-container elementor-column-gap-default\">\n\t\t\t\t\t<div class=\"elementor-column elementor-col-50 elementor-top-column elementor-element elementor-element-0266dc3\" data-id=\"0266dc3\" data-element_type=\"column\" data-e-type=\"column\">\n\t\t\t<div class=\"elementor-widget-wrap elementor-element-populated\">\n\t\t\t\t\t\t<div class=\"elementor-element elementor-element-31a32ae elementor-widget elementor-widget-image\" data-id=\"31a32ae\" data-element_type=\"widget\" data-e-type=\"widget\" data-widget_type=\"image.default\">\n\t\t\t\t<div class=\"elementor-widget-container\">\n\t\t\t\t\t\t\t\t\t\t\t\t\t\t\t<img fetchpriority=\"high\" decoding=\"async\" width=\"1000\" height=\"600\" src=\"https:\/\/tekoprefrigeration.com\/wp-content\/uploads\/2024\/05\/Adsiz-tasarim-5-1024x614.png\" class=\"attachment-large size-large wp-image-5209\" alt=\"General Cold Storages\" srcset=\"https:\/\/tekoprefrigeration.com\/wp-content\/uploads\/2024\/05\/Adsiz-tasarim-5-1024x614.png 1024w, https:\/\/tekoprefrigeration.com\/wp-content\/uploads\/2024\/05\/Adsiz-tasarim-5-300x180.png 300w, https:\/\/tekoprefrigeration.com\/wp-content\/uploads\/2024\/05\/Adsiz-tasarim-5-768x461.png 768w, https:\/\/tekoprefrigeration.com\/wp-content\/uploads\/2024\/05\/Adsiz-tasarim-5-650x390.png 650w, https:\/\/tekoprefrigeration.com\/wp-content\/uploads\/2024\/05\/Adsiz-tasarim-5.png 1500w\" sizes=\"(max-width: 1000px) 100vw, 1000px\" \/>\t\t\t\t\t\t\t\t\t\t\t\t\t\t\t<\/div>\n\t\t\t\t<\/div>\n\t\t\t\t\t<\/div>\n\t\t<\/div>\n\t\t\t\t<div class=\"elementor-column elementor-col-50 elementor-top-column elementor-element elementor-element-4f377b3\" data-id=\"4f377b3\" data-element_type=\"column\" data-e-type=\"column\">\n\t\t\t<div class=\"elementor-widget-wrap elementor-element-populated\">\n\t\t\t\t\t\t<div class=\"elementor-element elementor-element-cfdff7a elementor-widget elementor-widget-text-editor\" data-id=\"cfdff7a\" data-element_type=\"widget\" data-e-type=\"widget\" data-widget_type=\"text-editor.default\">\n\t\t\t\t<div class=\"elementor-widget-container\">\n\t\t\t\t\t\t\t\t\t<p>So\u011fuk Hava Depolar\u0131, nem, s\u0131cakl\u0131k vb. ortam ko\u015fullar\u0131na kar\u015f\u0131 yal\u0131t\u0131lm\u0131\u015f ve \u00fcr\u00fcnleri optimum do\u011fal ko\u015fullar\u0131nda muhafaza eden bir yap\u0131 t\u00fcr\u00fcd\u00fcr. T\u00fcm g\u0131da maddeleri \u00fcretimden t\u00fcketime kadar so\u011fuk bir depoda muhafaza edilmelidir.  <\/p>\n<p>So\u011fuk hava depolar\u0131, optimum yo\u011funlukta imal edilmi\u015f sandvi\u00e7 poli\u00fcretan paneller ile mallar\u0131n m\u00fcmk\u00fcn oldu\u011funca uzun s\u00fcre korunmas\u0131n\u0131 sa\u011flar. TEKOP REFRIGERATION, m\u00fc\u015fterilerinin istedi\u011fi boyut, kapasite, ko\u015ful ve \u00f6zelliklere g\u00f6re so\u011fuk hava depolar\u0131 tasarlar ve monte eder.<\/p>\n<p>\u0130htiyac\u0131n\u0131z olan So\u011fuk Depo ve So\u011futma Sistemleri i\u00e7in l\u00fctfen bizimle ileti\u015fime ge\u00e7iniz.<\/p>\n<p>Hizmetlerimiz hakk\u0131nda daha fazla bilgiye proje web sitemizden ula\u015fabilirsiniz.<\/p>\n\t\t\t\t\t\t\t\t<\/div>\n\t\t\t\t<\/div>\n\t\t\t\t\t<\/div>\n\t\t<\/div>\n\t\t\t\t\t<\/div>\n\t\t<\/section>\n\t\t\t\t<section class=\"elementor-section elementor-top-section elementor-element elementor-element-28e3cb0 elementor-section-boxed elementor-section-height-default elementor-section-height-default\" data-id=\"28e3cb0\" data-element_type=\"section\" data-e-type=\"section\" data-settings=\"{&quot;_ha_eqh_enable&quot;:false}\">\n\t\t\t\t\t\t<div class=\"elementor-container elementor-column-gap-default\">\n\t\t\t\t\t<div class=\"elementor-column elementor-col-100 elementor-top-column elementor-element elementor-element-c82d458\" data-id=\"c82d458\" data-element_type=\"column\" data-e-type=\"column\">\n\t\t\t<div class=\"elementor-widget-wrap elementor-element-populated\">\n\t\t\t\t\t\t<div class=\"elementor-element elementor-element-122770a elementor-tabs-alignment-center elementor-tabs-view-horizontal elementor-widget elementor-widget-tabs\" data-id=\"122770a\" data-element_type=\"widget\" data-e-type=\"widget\" data-widget_type=\"tabs.default\">\n\t\t\t\t<div class=\"elementor-widget-container\">\n\t\t\t\t\t\t\t<div class=\"elementor-tabs\">\n\t\t\t<div class=\"elementor-tabs-wrapper\" role=\"tablist\" >\n\t\t\t\t\t\t\t\t\t<div id=\"elementor-tab-title-1901\" class=\"elementor-tab-title elementor-tab-desktop-title\" aria-selected=\"true\" data-tab=\"1\" role=\"tab\" tabindex=\"0\" aria-controls=\"elementor-tab-content-1901\" aria-expanded=\"false\">BA\u015eVURULAR<\/div>\n\t\t\t\t\t\t\t<\/div>\n\t\t\t<div class=\"elementor-tabs-content-wrapper\" role=\"tablist\" aria-orientation=\"vertical\">\n\t\t\t\t\t\t\t\t\t<div class=\"elementor-tab-title elementor-tab-mobile-title\" aria-selected=\"true\" data-tab=\"1\" role=\"tab\" tabindex=\"0\" aria-controls=\"elementor-tab-content-1901\" aria-expanded=\"false\">BA\u015eVURULAR<\/div>\n\t\t\t\t\t<div id=\"elementor-tab-content-1901\" class=\"elementor-tab-content elementor-clearfix\" data-tab=\"1\" role=\"tabpanel\" aria-labelledby=\"elementor-tab-title-1901\" tabindex=\"0\" hidden=\"false\"><ul>\n<li>Et ve Et \u00dcr\u00fcnleri So\u011fuk Hava Depolar\u0131<\/li>\n<li class=\"active\">Meyve ve Sebze So\u011fuk Hava Depolar\u0131<\/li>\n<li>S\u00fct ve S\u00fct \u00dcr\u00fcnleri So\u011fuk Hava Depolar\u0131<\/li>\n<li>Bal\u0131k So\u011fuk Odalar\u0131<\/li>\n<li>Unlu Mamuller So\u011fuk Odalar<\/li>\n<li>Dondurulmu\u015f G\u0131da So\u011fuk Hava Depolar\u0131<\/li>\n<li>Patlama Odalar\u0131<\/li>\n<li>\u0130la\u00e7 So\u011fuk Hava Depolar\u0131<\/li>\n<\/ul>\n<\/div>\n\t\t\t\t\t\t\t<\/div>\n\t\t<\/div>\n\t\t\t\t\t\t<\/div>\n\t\t\t\t<\/div>\n\t\t\t\t\t<\/div>\n\t\t<\/div>\n\t\t\t\t\t<\/div>\n\t\t<\/section>\n\t\t\t\t<\/div>\n\t\t","protected":false},"excerpt":{"rendered":"<p>Tekop Refrigeration Genel So\u011fuk Hava Depolar\u0131 So\u011fuk Hava Depolar\u0131, nem, s\u0131cakl\u0131k vb. ortam ko\u015fullar\u0131na kar\u015f\u0131 yal\u0131t\u0131lm\u0131\u015f ve \u00fcr\u00fcnleri optimum do\u011fal ko\u015fullar\u0131nda muhafaza [&hellip;]<\/p>\n","protected":false},"author":1,"featured_media":4427,"parent":4581,"menu_order":0,"comment_status":"closed","ping_status":"closed","template":"","meta":{"footnotes":""},"class_list":["post-4607","page","type-page","status-publish","has-post-thumbnail","hentry"],"_links":{"self":[{"href":"https:\/\/tekoprefrigeration.com\/tr\/wp-json\/wp\/v2\/pages\/4607","targetHints":{"allow":["GET"]}}],"collection":[{"href":"https:\/\/tekoprefrigeration.com\/tr\/wp-json\/wp\/v2\/pages"}],"about":[{"href":"https:\/\/tekoprefrigeration.com\/tr\/wp-json\/wp\/v2\/types\/page"}],"author":[{"embeddable":true,"href":"https:\/\/tekoprefrigeration.com\/tr\/wp-json\/wp\/v2\/users\/1"}],"replies":[{"embeddable":true,"href":"https:\/\/tekoprefrigeration.com\/tr\/wp-json\/wp\/v2\/comments?post=4607"}],"version-history":[{"count":8,"href":"https:\/\/tekoprefrigeration.com\/tr\/wp-json\/wp\/v2\/pages\/4607\/revisions"}],"predecessor-version":[{"id":11171,"href":"https:\/\/tekoprefrigeration.com\/tr\/wp-json\/wp\/v2\/pages\/4607\/revisions\/11171"}],"up":[{"embeddable":true,"href":"https:\/\/tekoprefrigeration.com\/tr\/wp-json\/wp\/v2\/pages\/4581"}],"wp:featuredmedia":[{"embeddable":true,"href":"https:\/\/tekoprefrigeration.com\/tr\/wp-json\/wp\/v2\/media\/4427"}],"wp:attachment":[{"href":"https:\/\/tekoprefrigeration.com\/tr\/wp-json\/wp\/v2\/media?parent=4607"}],"curies":[{"name":"wp","href":"https:\/\/api.w.org\/{rel}","templated":true}]}}