{"id":4606,"date":"2023-02-22T07:58:47","date_gmt":"2023-02-22T07:58:47","guid":{"rendered":"https:\/\/tekoprefrigeration.com\/hizmetler\/sut-ve-sut-urunleri-sogutma-sistemleri\/"},"modified":"2025-11-04T10:34:45","modified_gmt":"2025-11-04T10:34:45","slug":"sut-ve-sut-urunleri-sogutma-sistemleri","status":"publish","type":"page","link":"https:\/\/tekoprefrigeration.com\/tr\/hizmetler\/sut-ve-sut-urunleri-sogutma-sistemleri\/","title":{"rendered":"S\u00fct ve S\u00fct \u00dcr\u00fcnleri So\u011futma Sistemleri"},"content":{"rendered":"\t\t<div data-elementor-type=\"wp-page\" data-elementor-id=\"4606\" class=\"elementor elementor-4606 elementor-215\" data-elementor-settings=\"{&quot;ha_cmc_init_switcher&quot;:&quot;no&quot;}\">\n\t\t\t\t<div class=\"elementor-element elementor-element-c9a3b89 e-flex e-con-boxed e-con e-parent\" data-id=\"c9a3b89\" data-element_type=\"container\" data-e-type=\"container\" data-settings=\"{&quot;_ha_eqh_enable&quot;:false}\">\n\t\t\t\t\t<div class=\"e-con-inner\">\n\t\t<div class=\"elementor-element elementor-element-0043a23 e-con-full e-flex e-con e-child\" data-id=\"0043a23\" data-element_type=\"container\" data-e-type=\"container\" data-settings=\"{&quot;_ha_eqh_enable&quot;:false}\">\n\t\t\t\t<div class=\"elementor-element elementor-element-3c7e301 elementor-widget__width-initial elementor-widget-tablet__width-inherit elementor-widget elementor-widget-elementskit-heading\" data-id=\"3c7e301\" data-element_type=\"widget\" data-e-type=\"widget\" data-widget_type=\"elementskit-heading.default\">\n\t\t\t\t<div class=\"elementor-widget-container\">\n\t\t\t\t\t<div class=\"ekit-wid-con\" ><div class=\"ekit-heading elementskit-section-title-wraper text_left   ekit_heading_tablet-   ekit_heading_mobile-\"><h4 class=\"elementskit-section-subtitle  \">\n\t\t\t\t\t\tTekop So\u011futma\n\t\t\t\t\t<\/h4><h1 class=\"ekit-heading--title elementskit-section-title \">S\u00fct ve S\u00fct \u00dcr\u00fcnleri So\u011futma<\/h1><\/div><\/div>\t\t\t\t<\/div>\n\t\t\t\t<\/div>\n\t\t\t\t<\/div>\n\t\t\t\t\t<\/div>\n\t\t\t\t<\/div>\n\t\t\t\t<section class=\"elementor-section elementor-top-section elementor-element elementor-element-b5a0be1 elementor-section-content-middle elementor-section-boxed elementor-section-height-default elementor-section-height-default\" data-id=\"b5a0be1\" data-element_type=\"section\" data-e-type=\"section\" data-settings=\"{&quot;_ha_eqh_enable&quot;:false}\">\n\t\t\t\t\t\t<div class=\"elementor-container elementor-column-gap-default\">\n\t\t\t\t\t<div class=\"elementor-column elementor-col-50 elementor-top-column elementor-element elementor-element-0266dc3\" data-id=\"0266dc3\" data-element_type=\"column\" data-e-type=\"column\">\n\t\t\t<div class=\"elementor-widget-wrap elementor-element-populated\">\n\t\t\t\t\t\t<div class=\"elementor-element elementor-element-31a32ae elementor-widget elementor-widget-image\" data-id=\"31a32ae\" data-element_type=\"widget\" data-e-type=\"widget\" data-widget_type=\"image.default\">\n\t\t\t\t<div class=\"elementor-widget-container\">\n\t\t\t\t\t\t\t\t\t\t\t\t\t\t\t<img fetchpriority=\"high\" decoding=\"async\" width=\"750\" height=\"501\" src=\"https:\/\/tekoprefrigeration.com\/wp-content\/uploads\/2023\/02\/ser6.png\" class=\"attachment-large size-large wp-image-4128\" alt=\"\" srcset=\"https:\/\/tekoprefrigeration.com\/wp-content\/uploads\/2023\/02\/ser6.png 750w, https:\/\/tekoprefrigeration.com\/wp-content\/uploads\/2023\/02\/ser6-300x200.png 300w, https:\/\/tekoprefrigeration.com\/wp-content\/uploads\/2023\/02\/ser6-650x434.png 650w\" sizes=\"(max-width: 750px) 100vw, 750px\" \/>\t\t\t\t\t\t\t\t\t\t\t\t\t\t\t<\/div>\n\t\t\t\t<\/div>\n\t\t\t\t\t<\/div>\n\t\t<\/div>\n\t\t\t\t<div class=\"elementor-column elementor-col-50 elementor-top-column elementor-element elementor-element-4f377b3\" data-id=\"4f377b3\" data-element_type=\"column\" data-e-type=\"column\">\n\t\t\t<div class=\"elementor-widget-wrap elementor-element-populated\">\n\t\t\t\t\t\t<div class=\"elementor-element elementor-element-cfdff7a elementor-widget elementor-widget-text-editor\" data-id=\"cfdff7a\" data-element_type=\"widget\" data-e-type=\"widget\" data-widget_type=\"text-editor.default\">\n\t\t\t\t<div class=\"elementor-widget-container\">\n\t\t\t\t\t\t\t\t\t<p>S\u00fct ve s\u00fct \u00fcr\u00fcnlerinin so\u011futulmas\u0131 ve kalitesinin korunmas\u0131, i\u015fleme s\u0131ras\u0131nda bakteri \u00fcremesinin ve olas\u0131 olumsuz de\u011fi\u015fikliklerin \u00f6nlenmesi i\u00e7in gereklidir. S\u00fct ve s\u00fct \u00fcr\u00fcnlerinin bozulma riski di\u011fer g\u0131da \u00fcr\u00fcnlerinin bozulma riskinden daha k\u0131sad\u0131r. S\u00fct \u00fcr\u00fcnlerindeki mikroorganizmalar \u00fcr\u00fcn\u00fcn belirli derecelerin alt\u0131nda bozulmas\u0131na neden olur. Bu nedenle s\u00fct ve s\u00fct \u00fcr\u00fcnlerinin daha sa\u011fl\u0131kl\u0131 ve uzun \u00f6m\u00fcrl\u00fc olmas\u0131 i\u00e7in S\u00fct So\u011fuk Hava Depolar\u0131nda muhafaza edilmesi gerekmektedir. S\u00fct So\u011fuk Hava Depolar\u0131, s\u00fct\u00fcn y\u00fcksek kalitesini garanti eder. So\u011futma alan\u0131nda uzman olan Tekop So\u011futma, verimli, g\u00fcvenilir ve yenilik\u00e7i ekipman ve projelendirme ile s\u00fct ve s\u00fct \u00fcr\u00fcnlerinin h\u0131zl\u0131 so\u011futulmas\u0131 ve depolama s\u0131ras\u0131nda optimum ko\u015fullar\u0131n sa\u011flanmas\u0131 i\u00e7in i\u015fletmenize \u00f6zel \u00e7\u00f6z\u00fcmler sunar.<\/p><p>Profesyonel ve deneyimli ekibimiz, s\u00fct ve s\u00fct \u00fcr\u00fcnleri so\u011fuk oda projeleri, yenileme, modernizasyon, sistem optimizasyonlar\u0131 ve bak\u0131m hizmetleri sunmaktad\u0131r.  <\/p><p>&#8220;Anahtar teslim&#8221; proje gereksinimleriniz i\u00e7in l\u00fctfen bizimle ileti\u015fime ge\u00e7in.<\/p><p>Hizmetlerimiz hakk\u0131nda daha fazla bilgiye proje web sitemizden ula\u015fabilirsiniz.<\/p>\t\t\t\t\t\t\t\t<\/div>\n\t\t\t\t<\/div>\n\t\t\t\t\t<\/div>\n\t\t<\/div>\n\t\t\t\t\t<\/div>\n\t\t<\/section>\n\t\t\t\t<section class=\"elementor-section elementor-top-section elementor-element elementor-element-28e3cb0 elementor-section-boxed elementor-section-height-default elementor-section-height-default\" data-id=\"28e3cb0\" data-element_type=\"section\" data-e-type=\"section\" data-settings=\"{&quot;_ha_eqh_enable&quot;:false}\">\n\t\t\t\t\t\t<div class=\"elementor-container elementor-column-gap-default\">\n\t\t\t\t\t<div class=\"elementor-column elementor-col-100 elementor-top-column elementor-element elementor-element-c82d458\" data-id=\"c82d458\" data-element_type=\"column\" data-e-type=\"column\">\n\t\t\t<div class=\"elementor-widget-wrap elementor-element-populated\">\n\t\t\t\t\t\t<div class=\"elementor-element elementor-element-122770a elementor-tabs-alignment-center elementor-tabs-view-horizontal elementor-widget elementor-widget-tabs\" data-id=\"122770a\" data-element_type=\"widget\" data-e-type=\"widget\" data-widget_type=\"tabs.default\">\n\t\t\t\t<div class=\"elementor-widget-container\">\n\t\t\t\t\t\t\t<div class=\"elementor-tabs\">\n\t\t\t<div class=\"elementor-tabs-wrapper\" role=\"tablist\" >\n\t\t\t\t\t\t\t\t\t<div id=\"elementor-tab-title-1901\" class=\"elementor-tab-title elementor-tab-desktop-title\" aria-selected=\"true\" data-tab=\"1\" role=\"tab\" tabindex=\"0\" aria-controls=\"elementor-tab-content-1901\" aria-expanded=\"false\">BA\u015eVURULAR<\/div>\n\t\t\t\t\t\t\t<\/div>\n\t\t\t<div class=\"elementor-tabs-content-wrapper\" role=\"tablist\" aria-orientation=\"vertical\">\n\t\t\t\t\t\t\t\t\t<div class=\"elementor-tab-title elementor-tab-mobile-title\" aria-selected=\"true\" data-tab=\"1\" role=\"tab\" tabindex=\"0\" aria-controls=\"elementor-tab-content-1901\" aria-expanded=\"false\">BA\u015eVURULAR<\/div>\n\t\t\t\t\t<div id=\"elementor-tab-content-1901\" class=\"elementor-tab-content elementor-clearfix\" data-tab=\"1\" role=\"tabpanel\" aria-labelledby=\"elementor-tab-title-1901\" tabindex=\"0\" hidden=\"false\"><ul>\n<li>Buzlu su sistemleri<\/li>\n<li>Yo\u011furt i\u00e7in h\u0131zl\u0131 so\u011futma odalar\u0131<\/li>\n<li>Peynir i\u00e7in so\u011fuk odalar<\/li>\n<li>Tereya\u011f\u0131 i\u00e7in dondurulmu\u015f depolama<\/li>\n<li>Kulu\u00e7ka odalar\u0131 i\u00e7in so\u011futma ve \u0131s\u0131tma<\/li>\n<li>Proses holleri i\u00e7in tekstil hava \u00e7orapl\u0131 so\u011futma sistemleri<\/li>\n<li>Tamamen paslanmaz \u00e7elik hava so\u011futucu \u00fcnite tasar\u0131mlar\u0131<\/li>\n<li>Y\u00fcksek enerji verimlili\u011fine sahip, hassas kontroll\u00fc merkezi so\u011futma sistemleri<\/li>\n<li>HACCP&#8217;ye uygun hijyenik evaporat\u00f6r tasar\u0131m\u0131<\/li>\n<li>Avrupa Normlar\u0131na uygun makine dairesi tasar\u0131m standartlar\u0131<\/li>\n<li>Y\u00fcksek verimli, d\u00fc\u015f\u00fck enerji t\u00fcketimli evaporatif kondenser uygulamalar\u0131<\/li>\n<li>\u00dcretim alanlar\u0131 iklimlendirme sistemleri<\/li>\n<li>PLC\/SCADA ile hassas uzaktan kontrol ve izleme<\/li>\n<\/ul>\n<\/div>\n\t\t\t\t\t\t\t<\/div>\n\t\t<\/div>\n\t\t\t\t\t\t<\/div>\n\t\t\t\t<\/div>\n\t\t\t\t\t<\/div>\n\t\t<\/div>\n\t\t\t\t\t<\/div>\n\t\t<\/section>\n\t\t\t\t<\/div>\n\t\t","protected":false},"excerpt":{"rendered":"<p>Tekop So\u011futma S\u00fct ve S\u00fct \u00dcr\u00fcnleri So\u011futma S\u00fct ve s\u00fct \u00fcr\u00fcnlerinin so\u011futulmas\u0131 ve kalitesinin korunmas\u0131, i\u015fleme s\u0131ras\u0131nda bakteri \u00fcremesinin ve olas\u0131 olumsuz [&hellip;]<\/p>\n","protected":false},"author":1,"featured_media":0,"parent":4581,"menu_order":0,"comment_status":"closed","ping_status":"closed","template":"","meta":{"footnotes":""},"class_list":["post-4606","page","type-page","status-publish","hentry"],"_links":{"self":[{"href":"https:\/\/tekoprefrigeration.com\/tr\/wp-json\/wp\/v2\/pages\/4606","targetHints":{"allow":["GET"]}}],"collection":[{"href":"https:\/\/tekoprefrigeration.com\/tr\/wp-json\/wp\/v2\/pages"}],"about":[{"href":"https:\/\/tekoprefrigeration.com\/tr\/wp-json\/wp\/v2\/types\/page"}],"author":[{"embeddable":true,"href":"https:\/\/tekoprefrigeration.com\/tr\/wp-json\/wp\/v2\/users\/1"}],"replies":[{"embeddable":true,"href":"https:\/\/tekoprefrigeration.com\/tr\/wp-json\/wp\/v2\/comments?post=4606"}],"version-history":[{"count":6,"href":"https:\/\/tekoprefrigeration.com\/tr\/wp-json\/wp\/v2\/pages\/4606\/revisions"}],"predecessor-version":[{"id":11960,"href":"https:\/\/tekoprefrigeration.com\/tr\/wp-json\/wp\/v2\/pages\/4606\/revisions\/11960"}],"up":[{"embeddable":true,"href":"https:\/\/tekoprefrigeration.com\/tr\/wp-json\/wp\/v2\/pages\/4581"}],"wp:attachment":[{"href":"https:\/\/tekoprefrigeration.com\/tr\/wp-json\/wp\/v2\/media?parent=4606"}],"curies":[{"name":"wp","href":"https:\/\/api.w.org\/{rel}","templated":true}]}}