{"id":4605,"date":"2023-02-22T07:45:45","date_gmt":"2023-02-22T07:45:45","guid":{"rendered":"https:\/\/tekoprefrigeration.com\/hizmetler\/meyve-ve-sebze-soguk-hava-depolari\/"},"modified":"2025-09-24T07:17:52","modified_gmt":"2025-09-24T07:17:52","slug":"meyve-ve-sebze-soguk-hava-depolari","status":"publish","type":"page","link":"https:\/\/tekoprefrigeration.com\/tr\/hizmetler\/meyve-ve-sebze-soguk-hava-depolari\/","title":{"rendered":"Meyve ve Sebze So\u011fuk Hava Depolar\u0131"},"content":{"rendered":"\t\t<div data-elementor-type=\"wp-page\" data-elementor-id=\"4605\" class=\"elementor elementor-4605 elementor-183\" data-elementor-settings=\"{&quot;ha_cmc_init_switcher&quot;:&quot;no&quot;}\">\n\t\t\t\t<div class=\"elementor-element elementor-element-22ced95 e-flex e-con-boxed e-con e-parent\" data-id=\"22ced95\" data-element_type=\"container\" data-e-type=\"container\" data-settings=\"{&quot;_ha_eqh_enable&quot;:false}\">\n\t\t\t\t\t<div class=\"e-con-inner\">\n\t\t<div class=\"elementor-element elementor-element-434fe96 e-con-full e-flex e-con e-child\" data-id=\"434fe96\" data-element_type=\"container\" data-e-type=\"container\" data-settings=\"{&quot;_ha_eqh_enable&quot;:false}\">\n\t\t\t\t<div class=\"elementor-element elementor-element-f245001 elementor-widget__width-initial elementor-widget-tablet__width-inherit elementor-widget elementor-widget-elementskit-heading\" data-id=\"f245001\" data-element_type=\"widget\" data-e-type=\"widget\" data-widget_type=\"elementskit-heading.default\">\n\t\t\t\t<div class=\"elementor-widget-container\">\n\t\t\t\t\t<div class=\"ekit-wid-con\" ><div class=\"ekit-heading elementskit-section-title-wraper text_left   ekit_heading_tablet-   ekit_heading_mobile-\"><h4 class=\"elementskit-section-subtitle  \">\n\t\t\t\t\t\tTekop Refrigeration\n\t\t\t\t\t<\/h4><h2 class=\"ekit-heading--title elementskit-section-title \">Meyve ve Sebzeler So\u011fuk Odalar<\/h2><\/div><\/div>\t\t\t\t<\/div>\n\t\t\t\t<\/div>\n\t\t\t\t<\/div>\n\t\t\t\t\t<\/div>\n\t\t\t\t<\/div>\n\t\t\t\t<section class=\"elementor-section elementor-top-section elementor-element elementor-element-b5a0be1 elementor-section-content-middle elementor-section-boxed elementor-section-height-default elementor-section-height-default\" data-id=\"b5a0be1\" data-element_type=\"section\" data-e-type=\"section\" data-settings=\"{&quot;_ha_eqh_enable&quot;:false}\">\n\t\t\t\t\t\t<div class=\"elementor-container elementor-column-gap-default\">\n\t\t\t\t\t<div class=\"elementor-column elementor-col-50 elementor-top-column elementor-element elementor-element-0266dc3\" data-id=\"0266dc3\" data-element_type=\"column\" data-e-type=\"column\">\n\t\t\t<div class=\"elementor-widget-wrap elementor-element-populated\">\n\t\t\t\t\t\t<div class=\"elementor-element elementor-element-31a32ae elementor-widget elementor-widget-image\" data-id=\"31a32ae\" data-element_type=\"widget\" data-e-type=\"widget\" data-widget_type=\"image.default\">\n\t\t\t\t<div class=\"elementor-widget-container\">\n\t\t\t\t\t\t\t\t\t\t\t\t\t\t\t<img fetchpriority=\"high\" decoding=\"async\" width=\"750\" height=\"501\" src=\"https:\/\/tekoprefrigeration.com\/wp-content\/uploads\/2023\/02\/ser2.png\" class=\"attachment-large size-large wp-image-4124\" alt=\"\" srcset=\"https:\/\/tekoprefrigeration.com\/wp-content\/uploads\/2023\/02\/ser2.png 750w, https:\/\/tekoprefrigeration.com\/wp-content\/uploads\/2023\/02\/ser2-300x200.png 300w, https:\/\/tekoprefrigeration.com\/wp-content\/uploads\/2023\/02\/ser2-650x434.png 650w\" sizes=\"(max-width: 750px) 100vw, 750px\" \/>\t\t\t\t\t\t\t\t\t\t\t\t\t\t\t<\/div>\n\t\t\t\t<\/div>\n\t\t\t\t\t<\/div>\n\t\t<\/div>\n\t\t\t\t<div class=\"elementor-column elementor-col-50 elementor-top-column elementor-element elementor-element-4f377b3\" data-id=\"4f377b3\" data-element_type=\"column\" data-e-type=\"column\">\n\t\t\t<div class=\"elementor-widget-wrap elementor-element-populated\">\n\t\t\t\t\t\t<div class=\"elementor-element elementor-element-cfdff7a elementor-widget elementor-widget-text-editor\" data-id=\"cfdff7a\" data-element_type=\"widget\" data-e-type=\"widget\" data-widget_type=\"text-editor.default\">\n\t\t\t\t<div class=\"elementor-widget-container\">\n\t\t\t\t\t\t\t\t\t<p>Meyve ve sebzeler hassas \u00fcr\u00fcnlerdir ve do\u011fru hava ko\u015fullar\u0131nda \u00e7ok dikkatli bir \u015fekilde saklanmalar\u0131 gerekir. Bu t\u00fcr i\u015flemler i\u00e7in \u00f6zel olarak tasarlanm\u0131\u015f fabrikasyon so\u011fuk depolar\u0131.  <\/p>\n<p>Uzmanl\u0131k alan\u0131m\u0131z y\u00fcksek verimli so\u011fuk hava depolar\u0131 tasar\u0131m\u0131 ve uygulamas\u0131d\u0131r. Bu so\u011fuk hava depolar\u0131, profesyonel teknisyenlerimiz ve m\u00fchendislerimiz taraf\u0131ndan yat\u0131r\u0131mc\u0131n\u0131n gereksinimlerine ve verilen boyutlara g\u00f6re tasarlanm\u0131\u015ft\u0131r.<\/p>\n<p>&#8220;Anahtar teslim&#8221; proje gereksinimleriniz i\u00e7in l\u00fctfen bizimle ileti\u015fime ge\u00e7in.<\/p>\n<p>Hizmetlerimiz hakk\u0131nda daha fazla bilgiye proje web sitemizden ula\u015fabilirsiniz.<\/p>\n\t\t\t\t\t\t\t\t<\/div>\n\t\t\t\t<\/div>\n\t\t\t\t\t<\/div>\n\t\t<\/div>\n\t\t\t\t\t<\/div>\n\t\t<\/section>\n\t\t\t\t<section class=\"elementor-section elementor-top-section elementor-element elementor-element-85aefa0 elementor-section-boxed elementor-section-height-default elementor-section-height-default\" data-id=\"85aefa0\" data-element_type=\"section\" data-e-type=\"section\" data-settings=\"{&quot;_ha_eqh_enable&quot;:false}\">\n\t\t\t\t\t\t<div class=\"elementor-container elementor-column-gap-default\">\n\t\t\t\t\t<div class=\"elementor-column elementor-col-100 elementor-top-column elementor-element elementor-element-5360de2\" data-id=\"5360de2\" data-element_type=\"column\" data-e-type=\"column\">\n\t\t\t<div class=\"elementor-widget-wrap elementor-element-populated\">\n\t\t\t\t\t\t<div class=\"elementor-element elementor-element-8bf0170 elementor-tabs-alignment-center elementor-tabs-view-horizontal elementor-widget elementor-widget-tabs\" data-id=\"8bf0170\" data-element_type=\"widget\" data-e-type=\"widget\" data-widget_type=\"tabs.default\">\n\t\t\t\t<div class=\"elementor-widget-container\">\n\t\t\t\t\t\t\t<div class=\"elementor-tabs\">\n\t\t\t<div class=\"elementor-tabs-wrapper\" role=\"tablist\" >\n\t\t\t\t\t\t\t\t\t<div id=\"elementor-tab-title-1461\" class=\"elementor-tab-title elementor-tab-desktop-title\" aria-selected=\"true\" data-tab=\"1\" role=\"tab\" tabindex=\"0\" aria-controls=\"elementor-tab-content-1461\" aria-expanded=\"false\">BA\u015eVURULAR<\/div>\n\t\t\t\t\t\t\t<\/div>\n\t\t\t<div class=\"elementor-tabs-content-wrapper\" role=\"tablist\" aria-orientation=\"vertical\">\n\t\t\t\t\t\t\t\t\t<div class=\"elementor-tab-title elementor-tab-mobile-title\" aria-selected=\"true\" data-tab=\"1\" role=\"tab\" tabindex=\"0\" aria-controls=\"elementor-tab-content-1461\" aria-expanded=\"false\">BA\u015eVURULAR<\/div>\n\t\t\t\t\t<div id=\"elementor-tab-content-1461\" class=\"elementor-tab-content elementor-clearfix\" data-tab=\"1\" role=\"tabpanel\" aria-labelledby=\"elementor-tab-title-1461\" tabindex=\"0\" hidden=\"false\"><ul>\n<li>Atmosfer kontroll\u00fc so\u011fuk hava deposu<\/li>\n<li>\u00dcr\u00fcn patlama dondurma t\u00fcnelleri<\/li>\n<li>Dondurulmu\u015f depolama<\/li>\n<li><strong>So\u011fuk odada<\/strong> hava ile h\u0131zl\u0131 so\u011futma<\/li>\n<li>IQF ve spiral dondurucular i\u00e7in so\u011futma sistemleri<\/li>\n<li>Hidro so\u011futucu ile h\u0131zl\u0131 so\u011futma<\/li>\n<li>Y\u00fcksek enerji verimlili\u011fine sahip, hassas kontroll\u00fc <a href=\"http:\/\/tekoprefrigeration.com\/product\/central-refrigeration-systems\/\">merkezi so\u011futma sistemleri<\/a><\/li>\n<li>HACCP&#8217;ye uygun hijyenik evaporat\u00f6r tasar\u0131m\u0131<\/li>\n<li>Avrupa Normlar\u0131na uygun makine dairesi tasar\u0131m standartlar\u0131<\/li>\n<li>Y\u00fcksek verimli, d\u00fc\u015f\u00fck enerji t\u00fcketimli evaporatif kondenser uygulamalar\u0131<\/li>\n<li>\u00dcretim alanlar\u0131 iklimlendirme sistemleri<\/li>\n<li>PLC\/SCADA ile hassas uzaktan kontrol ve izleme<\/li>\n<\/ul>\n<\/div>\n\t\t\t\t\t\t\t<\/div>\n\t\t<\/div>\n\t\t\t\t\t\t<\/div>\n\t\t\t\t<\/div>\n\t\t\t\t\t<\/div>\n\t\t<\/div>\n\t\t\t\t\t<\/div>\n\t\t<\/section>\n\t\t\t\t<\/div>\n\t\t","protected":false},"excerpt":{"rendered":"<p>Tekop Refrigeration Meyve ve Sebzeler So\u011fuk Odalar Meyve ve sebzeler hassas \u00fcr\u00fcnlerdir ve do\u011fru hava ko\u015fullar\u0131nda \u00e7ok dikkatli bir \u015fekilde saklanmalar\u0131 gerekir. [&hellip;]<\/p>\n","protected":false},"author":1,"featured_media":0,"parent":4581,"menu_order":0,"comment_status":"closed","ping_status":"closed","template":"","meta":{"footnotes":""},"class_list":["post-4605","page","type-page","status-publish","hentry"],"_links":{"self":[{"href":"https:\/\/tekoprefrigeration.com\/tr\/wp-json\/wp\/v2\/pages\/4605","targetHints":{"allow":["GET"]}}],"collection":[{"href":"https:\/\/tekoprefrigeration.com\/tr\/wp-json\/wp\/v2\/pages"}],"about":[{"href":"https:\/\/tekoprefrigeration.com\/tr\/wp-json\/wp\/v2\/types\/page"}],"author":[{"embeddable":true,"href":"https:\/\/tekoprefrigeration.com\/tr\/wp-json\/wp\/v2\/users\/1"}],"replies":[{"embeddable":true,"href":"https:\/\/tekoprefrigeration.com\/tr\/wp-json\/wp\/v2\/comments?post=4605"}],"version-history":[{"count":5,"href":"https:\/\/tekoprefrigeration.com\/tr\/wp-json\/wp\/v2\/pages\/4605\/revisions"}],"predecessor-version":[{"id":11149,"href":"https:\/\/tekoprefrigeration.com\/tr\/wp-json\/wp\/v2\/pages\/4605\/revisions\/11149"}],"up":[{"embeddable":true,"href":"https:\/\/tekoprefrigeration.com\/tr\/wp-json\/wp\/v2\/pages\/4581"}],"wp:attachment":[{"href":"https:\/\/tekoprefrigeration.com\/tr\/wp-json\/wp\/v2\/media?parent=4605"}],"curies":[{"name":"wp","href":"https:\/\/api.w.org\/{rel}","templated":true}]}}