{"id":4604,"date":"2023-02-22T08:09:11","date_gmt":"2023-02-22T08:09:11","guid":{"rendered":"https:\/\/tekoprefrigeration.com\/hizmetler\/balik-sok-dondurma-ve-depolama\/"},"modified":"2025-09-24T07:18:17","modified_gmt":"2025-09-24T07:18:17","slug":"balik-sok-dondurma-ve-depolama","status":"publish","type":"page","link":"https:\/\/tekoprefrigeration.com\/tr\/hizmetler\/balik-sok-dondurma-ve-depolama\/","title":{"rendered":"Bal\u0131k \u015eok Dondurma ve Depolama"},"content":{"rendered":"\t\t<div data-elementor-type=\"wp-page\" data-elementor-id=\"4604\" class=\"elementor elementor-4604 elementor-236\" data-elementor-settings=\"{&quot;ha_cmc_init_switcher&quot;:&quot;no&quot;}\">\n\t\t\t\t<div class=\"elementor-element elementor-element-52c85ae e-flex e-con-boxed e-con e-parent\" data-id=\"52c85ae\" data-element_type=\"container\" data-e-type=\"container\" data-settings=\"{&quot;_ha_eqh_enable&quot;:false}\">\n\t\t\t\t\t<div class=\"e-con-inner\">\n\t\t<div class=\"elementor-element elementor-element-a844a38 e-con-full e-flex e-con e-child\" data-id=\"a844a38\" data-element_type=\"container\" data-e-type=\"container\" data-settings=\"{&quot;_ha_eqh_enable&quot;:false}\">\n\t\t\t\t<div class=\"elementor-element elementor-element-de5db33 elementor-widget__width-initial elementor-widget-tablet__width-inherit elementor-widget elementor-widget-elementskit-heading\" data-id=\"de5db33\" data-element_type=\"widget\" data-e-type=\"widget\" data-widget_type=\"elementskit-heading.default\">\n\t\t\t\t<div class=\"elementor-widget-container\">\n\t\t\t\t\t<div class=\"ekit-wid-con\" ><div class=\"ekit-heading elementskit-section-title-wraper text_left   ekit_heading_tablet-   ekit_heading_mobile-\"><h4 class=\"elementskit-section-subtitle  \">\n\t\t\t\t\t\tTekop Refrigeration\n\t\t\t\t\t<\/h4><h2 class=\"ekit-heading--title elementskit-section-title \">Bal\u0131k \u015eok Dondurma ve Depolama<\/h2><\/div><\/div>\t\t\t\t<\/div>\n\t\t\t\t<\/div>\n\t\t\t\t<\/div>\n\t\t\t\t\t<\/div>\n\t\t\t\t<\/div>\n\t\t\t\t<section class=\"elementor-section elementor-top-section elementor-element elementor-element-b5a0be1 elementor-section-content-middle elementor-section-boxed elementor-section-height-default elementor-section-height-default\" data-id=\"b5a0be1\" data-element_type=\"section\" data-e-type=\"section\" data-settings=\"{&quot;_ha_eqh_enable&quot;:false}\">\n\t\t\t\t\t\t<div class=\"elementor-container elementor-column-gap-default\">\n\t\t\t\t\t<div class=\"elementor-column elementor-col-50 elementor-top-column elementor-element elementor-element-0266dc3\" data-id=\"0266dc3\" data-element_type=\"column\" data-e-type=\"column\">\n\t\t\t<div class=\"elementor-widget-wrap elementor-element-populated\">\n\t\t\t\t\t\t<div class=\"elementor-element elementor-element-31a32ae elementor-widget elementor-widget-image\" data-id=\"31a32ae\" data-element_type=\"widget\" data-e-type=\"widget\" data-widget_type=\"image.default\">\n\t\t\t\t<div class=\"elementor-widget-container\">\n\t\t\t\t\t\t\t\t\t\t\t\t\t\t\t<img fetchpriority=\"high\" decoding=\"async\" width=\"750\" height=\"501\" src=\"https:\/\/tekoprefrigeration.com\/wp-content\/uploads\/2023\/02\/ser9.png\" class=\"attachment-large size-large wp-image-4131\" alt=\"\" srcset=\"https:\/\/tekoprefrigeration.com\/wp-content\/uploads\/2023\/02\/ser9.png 750w, https:\/\/tekoprefrigeration.com\/wp-content\/uploads\/2023\/02\/ser9-300x200.png 300w, https:\/\/tekoprefrigeration.com\/wp-content\/uploads\/2023\/02\/ser9-650x434.png 650w\" sizes=\"(max-width: 750px) 100vw, 750px\" \/>\t\t\t\t\t\t\t\t\t\t\t\t\t\t\t<\/div>\n\t\t\t\t<\/div>\n\t\t\t\t\t<\/div>\n\t\t<\/div>\n\t\t\t\t<div class=\"elementor-column elementor-col-50 elementor-top-column elementor-element elementor-element-4f377b3\" data-id=\"4f377b3\" data-element_type=\"column\" data-e-type=\"column\">\n\t\t\t<div class=\"elementor-widget-wrap elementor-element-populated\">\n\t\t\t\t\t\t<div class=\"elementor-element elementor-element-cfdff7a elementor-widget elementor-widget-text-editor\" data-id=\"cfdff7a\" data-element_type=\"widget\" data-e-type=\"widget\" data-widget_type=\"text-editor.default\">\n\t\t\t\t<div class=\"elementor-widget-container\">\n\t\t\t\t\t\t\t\t\t<p>Deniz \u00dcr\u00fcnleri, \u00fcr\u00fcn kalitesini korumak i\u00e7in h\u0131zl\u0131 bir \u015fekilde so\u011futulmal\u0131 ve dondurulmal\u0131d\u0131r. TEKOP REFRIGERATION, \u00fcretimden sevkiyata kadar t\u00fcm so\u011futma gereksinimleriniz i\u00e7in etkili ve verimli \u00e7\u00f6z\u00fcmler sunar.<\/p>\n<p>\u015eok Dondurma cihazlar\u0131, \u00fcr\u00fcn kalitesini sa\u011flamak i\u00e7in \u00fcr\u00fcnlerin m\u00fcmk\u00fcn oldu\u011funca h\u0131zl\u0131 dondurulmas\u0131n\u0131 sa\u011flar.<\/p>\n<p>Sistem maksimum verimlilik ve g\u00fcvenilirlik i\u00e7in tasarlanmal\u0131d\u0131r.<\/p>\n<p>\u015eok dondurma i\u00e7in \u00f6zel evaporat\u00f6rler \u00fcretilmektedir.<\/p>\n<p>Profesyonel ekibimiz sizin i\u00e7in bal\u0131k depolama depolar\u0131 ve i\u015fleme alanlar\u0131n\u0131n so\u011futma projeleri, yenileme, modernizasyon, sistem optimizasyonu ve bak\u0131m hizmetleri sunmaktad\u0131r.<\/p>\n<p>Her t\u00fcrl\u00fc froozen bal\u0131k depolama deposu ihtiya\u00e7lar\u0131n\u0131z i\u00e7in l\u00fctfen bizimle ileti\u015fime ge\u00e7iniz.<\/p>\n<p>Hizmetlerimiz hakk\u0131nda daha fazla bilgiye proje web sitemizden ula\u015fabilirsiniz.<\/p>\n\t\t\t\t\t\t\t\t<\/div>\n\t\t\t\t<\/div>\n\t\t\t\t\t<\/div>\n\t\t<\/div>\n\t\t\t\t\t<\/div>\n\t\t<\/section>\n\t\t\t\t<section class=\"elementor-section elementor-top-section elementor-element elementor-element-28e3cb0 elementor-section-boxed elementor-section-height-default elementor-section-height-default\" data-id=\"28e3cb0\" data-element_type=\"section\" data-e-type=\"section\" data-settings=\"{&quot;_ha_eqh_enable&quot;:false}\">\n\t\t\t\t\t\t<div class=\"elementor-container elementor-column-gap-default\">\n\t\t\t\t\t<div class=\"elementor-column elementor-col-100 elementor-top-column elementor-element elementor-element-c82d458\" data-id=\"c82d458\" data-element_type=\"column\" data-e-type=\"column\">\n\t\t\t<div class=\"elementor-widget-wrap elementor-element-populated\">\n\t\t\t\t\t\t<div class=\"elementor-element elementor-element-122770a elementor-tabs-alignment-center elementor-tabs-view-horizontal elementor-widget elementor-widget-tabs\" data-id=\"122770a\" data-element_type=\"widget\" data-e-type=\"widget\" data-widget_type=\"tabs.default\">\n\t\t\t\t<div class=\"elementor-widget-container\">\n\t\t\t\t\t\t\t<div class=\"elementor-tabs\">\n\t\t\t<div class=\"elementor-tabs-wrapper\" role=\"tablist\" >\n\t\t\t\t\t\t\t\t\t<div id=\"elementor-tab-title-1901\" class=\"elementor-tab-title elementor-tab-desktop-title\" aria-selected=\"true\" data-tab=\"1\" role=\"tab\" tabindex=\"0\" aria-controls=\"elementor-tab-content-1901\" aria-expanded=\"false\">BA\u015eVURULAR<\/div>\n\t\t\t\t\t\t\t\t\t<div id=\"elementor-tab-title-1902\" class=\"elementor-tab-title elementor-tab-desktop-title\" aria-selected=\"false\" data-tab=\"2\" role=\"tab\" tabindex=\"-1\" aria-controls=\"elementor-tab-content-1902\" aria-expanded=\"false\">DENI\u0307Z \u00dcR\u00dcNLERI\u0307NI\u0307N KALI\u0307TESI\u0307NI\u0307 ETKI\u0307LEYEN FAKT\u00d6RLER<\/div>\n\t\t\t\t\t\t\t<\/div>\n\t\t\t<div class=\"elementor-tabs-content-wrapper\" role=\"tablist\" aria-orientation=\"vertical\">\n\t\t\t\t\t\t\t\t\t<div class=\"elementor-tab-title elementor-tab-mobile-title\" aria-selected=\"true\" data-tab=\"1\" role=\"tab\" tabindex=\"0\" aria-controls=\"elementor-tab-content-1901\" aria-expanded=\"false\">BA\u015eVURULAR<\/div>\n\t\t\t\t\t<div id=\"elementor-tab-content-1901\" class=\"elementor-tab-content elementor-clearfix\" data-tab=\"1\" role=\"tabpanel\" aria-labelledby=\"elementor-tab-title-1901\" tabindex=\"0\" hidden=\"false\"><ul>\n<li>Yaprak buz makineleri<\/li>\n<li>IQF ve spiral dondurucular i\u00e7in so\u011futma<\/li>\n<li>\u00dcr\u00fcn patlama dondurma t\u00fcnelleri<\/li>\n<li>Dondurulmu\u015f ma\u011fazalar<\/li>\n<\/ul>\n<\/div>\n\t\t\t\t\t\t\t\t\t<div class=\"elementor-tab-title elementor-tab-mobile-title\" aria-selected=\"false\" data-tab=\"2\" role=\"tab\" tabindex=\"-1\" aria-controls=\"elementor-tab-content-1902\" aria-expanded=\"false\">DENI\u0307Z \u00dcR\u00dcNLERI\u0307NI\u0307N KALI\u0307TESI\u0307NI\u0307 ETKI\u0307LEYEN FAKT\u00d6RLER<\/div>\n\t\t\t\t\t<div id=\"elementor-tab-content-1902\" class=\"elementor-tab-content elementor-clearfix\" data-tab=\"2\" role=\"tabpanel\" aria-labelledby=\"elementor-tab-title-1902\" tabindex=\"0\" hidden=\"hidden\"><ul>\n<li>Uygun saklama ko\u015fullar\u0131.<\/li>\n<li>Dehidrasyon korumas\u0131.<\/li>\n<li>Donma S\u00fcresi.<\/li>\n<li>Depolamaya kadar ge\u00e7en s\u00fcre (ta\u015f\u0131ma, i\u015fleme, paketleme, vb&#8230;)<\/li>\n<\/ul>\n<\/div>\n\t\t\t\t\t\t\t<\/div>\n\t\t<\/div>\n\t\t\t\t\t\t<\/div>\n\t\t\t\t<\/div>\n\t\t\t\t\t<\/div>\n\t\t<\/div>\n\t\t\t\t\t<\/div>\n\t\t<\/section>\n\t\t\t\t<\/div>\n\t\t","protected":false},"excerpt":{"rendered":"<p>Tekop Refrigeration Bal\u0131k \u015eok Dondurma ve Depolama Deniz \u00dcr\u00fcnleri, \u00fcr\u00fcn kalitesini korumak i\u00e7in h\u0131zl\u0131 bir \u015fekilde so\u011futulmal\u0131 ve dondurulmal\u0131d\u0131r. TEKOP REFRIGERATION, \u00fcretimden [&hellip;]<\/p>\n","protected":false},"author":1,"featured_media":4431,"parent":4581,"menu_order":0,"comment_status":"closed","ping_status":"closed","template":"","meta":{"footnotes":""},"class_list":["post-4604","page","type-page","status-publish","has-post-thumbnail","hentry"],"_links":{"self":[{"href":"https:\/\/tekoprefrigeration.com\/tr\/wp-json\/wp\/v2\/pages\/4604","targetHints":{"allow":["GET"]}}],"collection":[{"href":"https:\/\/tekoprefrigeration.com\/tr\/wp-json\/wp\/v2\/pages"}],"about":[{"href":"https:\/\/tekoprefrigeration.com\/tr\/wp-json\/wp\/v2\/types\/page"}],"author":[{"embeddable":true,"href":"https:\/\/tekoprefrigeration.com\/tr\/wp-json\/wp\/v2\/users\/1"}],"replies":[{"embeddable":true,"href":"https:\/\/tekoprefrigeration.com\/tr\/wp-json\/wp\/v2\/comments?post=4604"}],"version-history":[{"count":5,"href":"https:\/\/tekoprefrigeration.com\/tr\/wp-json\/wp\/v2\/pages\/4604\/revisions"}],"predecessor-version":[{"id":11154,"href":"https:\/\/tekoprefrigeration.com\/tr\/wp-json\/wp\/v2\/pages\/4604\/revisions\/11154"}],"up":[{"embeddable":true,"href":"https:\/\/tekoprefrigeration.com\/tr\/wp-json\/wp\/v2\/pages\/4581"}],"wp:featuredmedia":[{"embeddable":true,"href":"https:\/\/tekoprefrigeration.com\/tr\/wp-json\/wp\/v2\/media\/4431"}],"wp:attachment":[{"href":"https:\/\/tekoprefrigeration.com\/tr\/wp-json\/wp\/v2\/media?parent=4604"}],"curies":[{"name":"wp","href":"https:\/\/api.w.org\/{rel}","templated":true}]}}