{"id":4602,"date":"2023-02-22T08:05:15","date_gmt":"2023-02-22T08:05:15","guid":{"rendered":"https:\/\/tekoprefrigeration.com\/hizmetler\/et-ve-et-urunleri-sogutma-sistemleri\/"},"modified":"2025-09-24T07:16:16","modified_gmt":"2025-09-24T07:16:16","slug":"et-ve-et-urunleri-sogutma-sistemleri","status":"publish","type":"page","link":"https:\/\/tekoprefrigeration.com\/tr\/hizmetler\/et-ve-et-urunleri-sogutma-sistemleri\/","title":{"rendered":"Et ve Et \u00dcr\u00fcnleri So\u011futma Sistemleri"},"content":{"rendered":"\t\t<div data-elementor-type=\"wp-page\" data-elementor-id=\"4602\" class=\"elementor elementor-4602 elementor-221\" data-elementor-settings=\"{&quot;ha_cmc_init_switcher&quot;:&quot;no&quot;}\">\n\t\t\t\t<div class=\"elementor-element elementor-element-e7ac478 e-flex e-con-boxed e-con e-parent\" data-id=\"e7ac478\" data-element_type=\"container\" data-e-type=\"container\" data-settings=\"{&quot;_ha_eqh_enable&quot;:false}\">\n\t\t\t\t\t<div class=\"e-con-inner\">\n\t\t<div class=\"elementor-element elementor-element-4f6f281 e-con-full e-flex e-con e-child\" data-id=\"4f6f281\" data-element_type=\"container\" data-e-type=\"container\" data-settings=\"{&quot;_ha_eqh_enable&quot;:false}\">\n\t\t\t\t<div class=\"elementor-element elementor-element-3604324 elementor-widget__width-initial elementor-widget-tablet__width-inherit elementor-widget elementor-widget-elementskit-heading\" data-id=\"3604324\" data-element_type=\"widget\" data-e-type=\"widget\" data-widget_type=\"elementskit-heading.default\">\n\t\t\t\t<div class=\"elementor-widget-container\">\n\t\t\t\t\t<div class=\"ekit-wid-con\" ><div class=\"ekit-heading elementskit-section-title-wraper text_left   ekit_heading_tablet-   ekit_heading_mobile-\"><h4 class=\"elementskit-section-subtitle  \">\n\t\t\t\t\t\tTekop Refrigeration\n\t\t\t\t\t<\/h4><h2 class=\"ekit-heading--title elementskit-section-title \">Et ve Et \u00dcr\u00fcnleri So\u011futma<\/h2><\/div><\/div>\t\t\t\t<\/div>\n\t\t\t\t<\/div>\n\t\t\t\t<\/div>\n\t\t\t\t\t<\/div>\n\t\t\t\t<\/div>\n\t\t\t\t<section class=\"elementor-section elementor-top-section elementor-element elementor-element-b5a0be1 elementor-section-content-middle elementor-section-boxed elementor-section-height-default elementor-section-height-default\" data-id=\"b5a0be1\" data-element_type=\"section\" data-e-type=\"section\" data-settings=\"{&quot;_ha_eqh_enable&quot;:false}\">\n\t\t\t\t\t\t<div class=\"elementor-container elementor-column-gap-default\">\n\t\t\t\t\t<div class=\"elementor-column elementor-col-50 elementor-top-column elementor-element elementor-element-0266dc3\" data-id=\"0266dc3\" data-element_type=\"column\" data-e-type=\"column\">\n\t\t\t<div class=\"elementor-widget-wrap elementor-element-populated\">\n\t\t\t\t\t\t<div class=\"elementor-element elementor-element-31a32ae elementor-widget elementor-widget-image\" data-id=\"31a32ae\" data-element_type=\"widget\" data-e-type=\"widget\" data-widget_type=\"image.default\">\n\t\t\t\t<div class=\"elementor-widget-container\">\n\t\t\t\t\t\t\t\t\t\t\t\t\t\t\t<img fetchpriority=\"high\" decoding=\"async\" width=\"750\" height=\"501\" src=\"https:\/\/tekoprefrigeration.com\/wp-content\/uploads\/2023\/02\/ser7.png\" class=\"attachment-large size-large wp-image-4129\" alt=\"\" srcset=\"https:\/\/tekoprefrigeration.com\/wp-content\/uploads\/2023\/02\/ser7.png 750w, https:\/\/tekoprefrigeration.com\/wp-content\/uploads\/2023\/02\/ser7-300x200.png 300w, https:\/\/tekoprefrigeration.com\/wp-content\/uploads\/2023\/02\/ser7-650x434.png 650w\" sizes=\"(max-width: 750px) 100vw, 750px\" \/>\t\t\t\t\t\t\t\t\t\t\t\t\t\t\t<\/div>\n\t\t\t\t<\/div>\n\t\t\t\t\t<\/div>\n\t\t<\/div>\n\t\t\t\t<div class=\"elementor-column elementor-col-50 elementor-top-column elementor-element elementor-element-4f377b3\" data-id=\"4f377b3\" data-element_type=\"column\" data-e-type=\"column\">\n\t\t\t<div class=\"elementor-widget-wrap elementor-element-populated\">\n\t\t\t\t\t\t<div class=\"elementor-element elementor-element-cfdff7a elementor-widget elementor-widget-text-editor\" data-id=\"cfdff7a\" data-element_type=\"widget\" data-e-type=\"widget\" data-widget_type=\"text-editor.default\">\n\t\t\t\t<div class=\"elementor-widget-container\">\n\t\t\t\t\t\t\t\t\t<p>Et ve et \u00fcr\u00fcnleri, kalitelerini ve lezzetlerini korumak i\u00e7in uygun bir s\u0131cakl\u0131kta muhafaza edilmelidir. Etin bozulmas\u0131na yol a\u00e7an mikroorganizmalar\u0131n \u00f6nlenmesi, etin d\u0131\u015f etkenlerden korunmas\u0131 ve raf \u00f6mr\u00fcn\u00fcn art\u0131r\u0131lmas\u0131 et muhafazas\u0131n\u0131n temel ama\u00e7lar\u0131d\u0131r. Et ve et \u00fcr\u00fcnlerinde so\u011futma i\u015flemi +10\u00b0C ile -1\u00b0C aras\u0131nda ger\u00e7ekle\u015ftirilir. So\u011futma ve dondurma, et ve et \u00fcr\u00fcnlerinde en yayg\u0131n ve etkili muhafaza y\u00f6ntemleridir. Etin donma noktas\u0131 -1,5\u00b0C ile -1,7\u00b0C aras\u0131ndad\u0131r. Etin s\u0131cakl\u0131\u011f\u0131 donma noktas\u0131n\u0131n alt\u0131na d\u00fc\u015ft\u00fc\u011f\u00fcnde donacakt\u0131r. Etin donma noktas\u0131n\u0131n \u00fczerindeki bir s\u0131cakl\u0131kta muhafaza edilmesine Dondurulmu\u015f Depolama denir. Taraf\u0131m\u0131zdan kurulan Et So\u011fuk Hava Deposu t\u00fcm hijyenik standartlar\u0131 kar\u015f\u0131lamaktad\u0131r.  <\/p>\n<p>Profesyonel ve deneyimli ekibimiz et ve et \u00fcr\u00fcnleri so\u011fuk oda projeleri, yenileme, modernizasyon, sistem optimizasyonu ve bak\u0131m hizmetleri sunmaktad\u0131r.<\/p>\n<p>&#8220;Anahtar teslim&#8221; proje gereksinimleriniz i\u00e7in l\u00fctfen bizimle ileti\u015fime ge\u00e7in.<\/p>\n<p>Hizmetlerimiz hakk\u0131nda daha fazla bilgiye proje web sitemizden ula\u015fabilirsiniz.<\/p>\n\t\t\t\t\t\t\t\t<\/div>\n\t\t\t\t<\/div>\n\t\t\t\t\t<\/div>\n\t\t<\/div>\n\t\t\t\t\t<\/div>\n\t\t<\/section>\n\t\t\t\t<section class=\"elementor-section elementor-top-section elementor-element elementor-element-28e3cb0 elementor-section-boxed elementor-section-height-default elementor-section-height-default\" data-id=\"28e3cb0\" data-element_type=\"section\" data-e-type=\"section\" data-settings=\"{&quot;_ha_eqh_enable&quot;:false}\">\n\t\t\t\t\t\t<div class=\"elementor-container elementor-column-gap-default\">\n\t\t\t\t\t<div class=\"elementor-column elementor-col-100 elementor-top-column elementor-element elementor-element-c82d458\" data-id=\"c82d458\" data-element_type=\"column\" data-e-type=\"column\">\n\t\t\t<div class=\"elementor-widget-wrap elementor-element-populated\">\n\t\t\t\t\t\t<div class=\"elementor-element elementor-element-122770a elementor-tabs-alignment-center elementor-tabs-view-horizontal elementor-widget elementor-widget-tabs\" data-id=\"122770a\" data-element_type=\"widget\" data-e-type=\"widget\" data-widget_type=\"tabs.default\">\n\t\t\t\t<div class=\"elementor-widget-container\">\n\t\t\t\t\t\t\t<div class=\"elementor-tabs\">\n\t\t\t<div class=\"elementor-tabs-wrapper\" role=\"tablist\" >\n\t\t\t\t\t\t\t\t\t<div id=\"elementor-tab-title-1901\" class=\"elementor-tab-title elementor-tab-desktop-title\" aria-selected=\"true\" data-tab=\"1\" role=\"tab\" tabindex=\"0\" aria-controls=\"elementor-tab-content-1901\" aria-expanded=\"false\">BA\u015eVURULAR<\/div>\n\t\t\t\t\t\t\t<\/div>\n\t\t\t<div class=\"elementor-tabs-content-wrapper\" role=\"tablist\" aria-orientation=\"vertical\">\n\t\t\t\t\t\t\t\t\t<div class=\"elementor-tab-title elementor-tab-mobile-title\" aria-selected=\"true\" data-tab=\"1\" role=\"tab\" tabindex=\"0\" aria-controls=\"elementor-tab-content-1901\" aria-expanded=\"false\">BA\u015eVURULAR<\/div>\n\t\t\t\t\t<div id=\"elementor-tab-content-1901\" class=\"elementor-tab-content elementor-clearfix\" data-tab=\"1\" role=\"tabpanel\" aria-labelledby=\"elementor-tab-title-1901\" tabindex=\"0\" hidden=\"false\"><ul>\n<li>S\u0131\u011f\u0131r ve koyun karkaslar\u0131 i\u00e7in so\u011futma ve bekletme odalar\u0131<\/li>\n<li>S\u0131\u011f\u0131r ve koyun karkas\u0131 i\u00e7in dondurulmu\u015f depolar<\/li>\n<li>\u00dcr\u00fcn <a href=\"http:\/\/tekoprefrigeration.com\/product\/blast-freezer\/\">patlama dondurma<\/a> t\u00fcnelleri<\/li>\n<li>Kesim-paketleme ve sevkiyat hollerinin tekstil hava \u00e7orab\u0131 ile so\u011futma sistemi uygulamalar\u0131<\/li>\n<li>Sakatatlar, kemik s\u0131y\u0131rma vb. i\u00e7in so\u011fuk odalar<\/li>\n<li>\u0130leri i\u015flemler i\u00e7in spiral dondurucu so\u011futma sistemleri<\/li>\n<li>Y\u00fcksek enerji verimlili\u011fine sahip, hassas kontroll\u00fc <a href=\"http:\/\/tekoprefrigeration.com\/product\/central-refrigeration-systems\/\">merkezi so\u011futma sistemleri<\/a><\/li>\n<li>HACCP&#8217;ye uygun hijyenik evaporat\u00f6r tasar\u0131m\u0131<\/li>\n<li>Avrupa Normlar\u0131na uygun makine dairesi tasar\u0131m standartlar\u0131<\/li>\n<li>Y\u00fcksek verimli, d\u00fc\u015f\u00fck enerji t\u00fcketimli evaporatif kondenser uygulamalar\u0131<\/li>\n<li>PLC\/SCADA ile hassas uzaktan kontrol ve izleme<\/li>\n<li>\u00dcretim alanlar\u0131 iklimlendirme sistemleri<\/li>\n<\/ul>\n<\/div>\n\t\t\t\t\t\t\t<\/div>\n\t\t<\/div>\n\t\t\t\t\t\t<\/div>\n\t\t\t\t<\/div>\n\t\t\t\t\t<\/div>\n\t\t<\/div>\n\t\t\t\t\t<\/div>\n\t\t<\/section>\n\t\t\t\t<\/div>\n\t\t","protected":false},"excerpt":{"rendered":"<p>Tekop Refrigeration Et ve Et \u00dcr\u00fcnleri So\u011futma Et ve et \u00fcr\u00fcnleri, kalitelerini ve lezzetlerini korumak i\u00e7in uygun bir s\u0131cakl\u0131kta muhafaza edilmelidir. Etin [&hellip;]<\/p>\n","protected":false},"author":1,"featured_media":4435,"parent":4581,"menu_order":0,"comment_status":"closed","ping_status":"closed","template":"","meta":{"footnotes":""},"class_list":["post-4602","page","type-page","status-publish","has-post-thumbnail","hentry"],"_links":{"self":[{"href":"https:\/\/tekoprefrigeration.com\/tr\/wp-json\/wp\/v2\/pages\/4602","targetHints":{"allow":["GET"]}}],"collection":[{"href":"https:\/\/tekoprefrigeration.com\/tr\/wp-json\/wp\/v2\/pages"}],"about":[{"href":"https:\/\/tekoprefrigeration.com\/tr\/wp-json\/wp\/v2\/types\/page"}],"author":[{"embeddable":true,"href":"https:\/\/tekoprefrigeration.com\/tr\/wp-json\/wp\/v2\/users\/1"}],"replies":[{"embeddable":true,"href":"https:\/\/tekoprefrigeration.com\/tr\/wp-json\/wp\/v2\/comments?post=4602"}],"version-history":[{"count":5,"href":"https:\/\/tekoprefrigeration.com\/tr\/wp-json\/wp\/v2\/pages\/4602\/revisions"}],"predecessor-version":[{"id":11138,"href":"https:\/\/tekoprefrigeration.com\/tr\/wp-json\/wp\/v2\/pages\/4602\/revisions\/11138"}],"up":[{"embeddable":true,"href":"https:\/\/tekoprefrigeration.com\/tr\/wp-json\/wp\/v2\/pages\/4581"}],"wp:featuredmedia":[{"embeddable":true,"href":"https:\/\/tekoprefrigeration.com\/tr\/wp-json\/wp\/v2\/media\/4435"}],"wp:attachment":[{"href":"https:\/\/tekoprefrigeration.com\/tr\/wp-json\/wp\/v2\/media?parent=4602"}],"curies":[{"name":"wp","href":"https:\/\/api.w.org\/{rel}","templated":true}]}}