{"id":4585,"date":"2023-02-21T11:32:41","date_gmt":"2023-02-21T11:32:41","guid":{"rendered":"https:\/\/tekoprefrigeration.com\/sorumluluklarimiz\/"},"modified":"2024-01-02T12:55:24","modified_gmt":"2024-01-02T12:55:24","slug":"sorumluluklarimiz","status":"publish","type":"page","link":"https:\/\/tekoprefrigeration.com\/tr\/sorumluluklarimiz\/","title":{"rendered":"Sorumluluklar\u0131m\u0131z"},"content":{"rendered":"\t\t<div data-elementor-type=\"wp-page\" data-elementor-id=\"4585\" class=\"elementor elementor-4585 elementor-115\" data-elementor-settings=\"{&quot;ha_cmc_init_switcher&quot;:&quot;no&quot;}\">\n\t\t\t\t\t\t<section class=\"elementor-section elementor-top-section elementor-element elementor-element-aa50b96 elementor-section-boxed elementor-section-height-default elementor-section-height-default\" data-id=\"aa50b96\" data-element_type=\"section\" data-e-type=\"section\" data-settings=\"{&quot;_ha_eqh_enable&quot;:false}\">\n\t\t\t\t\t\t<div class=\"elementor-container elementor-column-gap-default\">\n\t\t\t\t\t<div class=\"elementor-column elementor-col-33 elementor-top-column elementor-element elementor-element-d879ce8\" data-id=\"d879ce8\" data-element_type=\"column\" data-e-type=\"column\">\n\t\t\t<div class=\"elementor-widget-wrap elementor-element-populated\">\n\t\t\t\t\t\t<div class=\"elementor-element elementor-element-00dfec8 elementor-widget elementor-widget-image\" data-id=\"00dfec8\" data-element_type=\"widget\" data-e-type=\"widget\" data-widget_type=\"image.default\">\n\t\t\t\t<div class=\"elementor-widget-container\">\n\t\t\t\t\t\t\t\t\t\t\t\t\t\t\t<img decoding=\"async\" width=\"70\" height=\"70\" src=\"https:\/\/tekoprefrigeration.com\/wp-content\/uploads\/2023\/08\/Legal-Responsibilities.png\" class=\"attachment-large size-large wp-image-4450\" alt=\"Legal-Responsibilities\" \/>\t\t\t\t\t\t\t\t\t\t\t\t\t\t\t<\/div>\n\t\t\t\t<\/div>\n\t\t\t\t<div class=\"elementor-element elementor-element-00c90b9 elementor-widget elementor-widget-heading\" data-id=\"00c90b9\" data-element_type=\"widget\" data-e-type=\"widget\" data-widget_type=\"heading.default\">\n\t\t\t\t<div class=\"elementor-widget-container\">\n\t\t\t\t\t<h4 class=\"elementor-heading-title elementor-size-default\">Yasal Sorumluluklar\n<\/h4>\t\t\t\t<\/div>\n\t\t\t\t<\/div>\n\t\t\t\t<div class=\"elementor-element elementor-element-694fd2b elementor-widget elementor-widget-text-editor\" data-id=\"694fd2b\" data-element_type=\"widget\" data-e-type=\"widget\" data-widget_type=\"text-editor.default\">\n\t\t\t\t<div class=\"elementor-widget-container\">\n\t\t\t\t\t\t\t\t\t<p>D\u00fczenleyici kurumlara tam ve anla\u015f\u0131labilir bilgileri zaman\u0131nda sunar, faaliyetlerimizi T\u00fcrkiye Cumhuriyeti yasalar\u0131 ve uluslararas\u0131 hukuk \u00e7er\u00e7evesinde yerine getiririz.<\/p>\n\t\t\t\t\t\t\t\t<\/div>\n\t\t\t\t<\/div>\n\t\t\t\t\t<\/div>\n\t\t<\/div>\n\t\t\t\t<div class=\"elementor-column elementor-col-33 elementor-top-column elementor-element elementor-element-53de99e\" data-id=\"53de99e\" data-element_type=\"column\" data-e-type=\"column\">\n\t\t\t<div class=\"elementor-widget-wrap elementor-element-populated\">\n\t\t\t\t\t\t<div class=\"elementor-element elementor-element-68dbf1b elementor-widget elementor-widget-image\" data-id=\"68dbf1b\" data-element_type=\"widget\" data-e-type=\"widget\" data-widget_type=\"image.default\">\n\t\t\t\t<div class=\"elementor-widget-container\">\n\t\t\t\t\t\t\t\t\t\t\t\t\t\t\t<img decoding=\"async\" width=\"70\" height=\"70\" src=\"https:\/\/tekoprefrigeration.com\/wp-content\/uploads\/2023\/08\/Responsibilities-to-our-Competitors.png\" class=\"attachment-large size-large wp-image-4451\" alt=\"Responsibilities-to-our-Competitors\" \/>\t\t\t\t\t\t\t\t\t\t\t\t\t\t\t<\/div>\n\t\t\t\t<\/div>\n\t\t\t\t<div class=\"elementor-element elementor-element-ef39375 elementor-widget elementor-widget-heading\" data-id=\"ef39375\" data-element_type=\"widget\" data-e-type=\"widget\" data-widget_type=\"heading.default\">\n\t\t\t\t<div class=\"elementor-widget-container\">\n\t\t\t\t\t<h4 class=\"elementor-heading-title elementor-size-default\">Rakiplerimize Kar\u015f\u0131 Sorumluluklar\u0131m\u0131z\n<\/h4>\t\t\t\t<\/div>\n\t\t\t\t<\/div>\n\t\t\t\t<div class=\"elementor-element elementor-element-21f6c21 elementor-widget elementor-widget-text-editor\" data-id=\"21f6c21\" data-element_type=\"widget\" data-e-type=\"widget\" data-widget_type=\"text-editor.default\">\n\t\t\t\t<div class=\"elementor-widget-container\">\n\t\t\t\t\t\t\t\t\t<p>Sadece yasal ve etik alanlarda rekabet ediyor, haks\u0131z ayr\u0131mc\u0131l\u0131ktan uzak durmaya \u00f6zen g\u00f6steriyoruz.<br \/>Hedeflenen rekabet\u00e7i yap\u0131n\u0131n sa\u011flanmas\u0131 y\u00f6n\u00fcndeki \u00e7abalar\u0131 destekliyoruz.<\/p>\n\t\t\t\t\t\t\t\t<\/div>\n\t\t\t\t<\/div>\n\t\t\t\t\t<\/div>\n\t\t<\/div>\n\t\t\t\t<div class=\"elementor-column elementor-col-33 elementor-top-column elementor-element elementor-element-1300ba3\" data-id=\"1300ba3\" data-element_type=\"column\" data-e-type=\"column\">\n\t\t\t<div class=\"elementor-widget-wrap elementor-element-populated\">\n\t\t\t\t\t\t<div class=\"elementor-element elementor-element-3e11800 elementor-widget elementor-widget-image\" data-id=\"3e11800\" data-element_type=\"widget\" data-e-type=\"widget\" data-widget_type=\"image.default\">\n\t\t\t\t<div class=\"elementor-widget-container\">\n\t\t\t\t\t\t\t\t\t\t\t\t\t\t\t<img decoding=\"async\" width=\"70\" height=\"70\" src=\"https:\/\/tekoprefrigeration.com\/wp-content\/uploads\/2023\/08\/Responsibilities-to-our-Partners-.png\" class=\"attachment-large size-large wp-image-4449\" alt=\"Responsibilities-to-our-Partners-\" \/>\t\t\t\t\t\t\t\t\t\t\t\t\t\t\t<\/div>\n\t\t\t\t<\/div>\n\t\t\t\t<div class=\"elementor-element elementor-element-7da9276 elementor-widget elementor-widget-heading\" data-id=\"7da9276\" data-element_type=\"widget\" data-e-type=\"widget\" data-widget_type=\"heading.default\">\n\t\t\t\t<div class=\"elementor-widget-container\">\n\t\t\t\t\t<h4 class=\"elementor-heading-title elementor-size-default\">Ortaklar\u0131m\u0131za Kar\u015f\u0131 Sorumluluklar\u0131m\u0131z<\/h4>\t\t\t\t<\/div>\n\t\t\t\t<\/div>\n\t\t\t\t<div class=\"elementor-element elementor-element-04bcda4 elementor-widget elementor-widget-text-editor\" data-id=\"04bcda4\" data-element_type=\"widget\" data-e-type=\"widget\" data-widget_type=\"text-editor.default\">\n\t\t\t\t<div class=\"elementor-widget-container\">\n\t\t\t\t\t\t\t\t\tGereksiz veya y\u00f6netilemez risklerden ka\u00e7\u0131n\u0131r, s\u00fcrd\u00fcr\u00fclebilir karl\u0131l\u0131\u011f\u0131 hedefler, \u00f6ncelikle Tekop So\u011futma s\u00fcreklili\u011fine \u00f6nem verir ve ortaklar\u0131m\u0131z i\u00e7in de\u011fer yaratma y\u00f6n\u00fcnde ilerleriz.\n\n\t\t\t\t\t\t\t\t<\/div>\n\t\t\t\t<\/div>\n\t\t\t\t\t<\/div>\n\t\t<\/div>\n\t\t\t\t\t<\/div>\n\t\t<\/section>\n\t\t\t\t<section class=\"elementor-section elementor-top-section elementor-element elementor-element-814f619 elementor-section-boxed elementor-section-height-default elementor-section-height-default\" data-id=\"814f619\" data-element_type=\"section\" data-e-type=\"section\" data-settings=\"{&quot;_ha_eqh_enable&quot;:false}\">\n\t\t\t\t\t\t<div class=\"elementor-container elementor-column-gap-default\">\n\t\t\t\t\t<div class=\"elementor-column elementor-col-100 elementor-top-column elementor-element elementor-element-fbe706a\" data-id=\"fbe706a\" data-element_type=\"column\" data-e-type=\"column\">\n\t\t\t<div class=\"elementor-widget-wrap elementor-element-populated\">\n\t\t\t\t\t\t<div class=\"elementor-element elementor-element-7da288e elementor-widget-divider--view-line elementor-widget elementor-widget-divider\" data-id=\"7da288e\" data-element_type=\"widget\" data-e-type=\"widget\" data-widget_type=\"divider.default\">\n\t\t\t\t<div class=\"elementor-widget-container\">\n\t\t\t\t\t\t\t<div class=\"elementor-divider\">\n\t\t\t<span class=\"elementor-divider-separator\">\n\t\t\t\t\t\t<\/span>\n\t\t<\/div>\n\t\t\t\t\t\t<\/div>\n\t\t\t\t<\/div>\n\t\t\t\t\t<\/div>\n\t\t<\/div>\n\t\t\t\t\t<\/div>\n\t\t<\/section>\n\t\t\t\t<section class=\"elementor-section elementor-top-section elementor-element elementor-element-cb4d9d2 elementor-section-boxed elementor-section-height-default elementor-section-height-default\" data-id=\"cb4d9d2\" data-element_type=\"section\" data-e-type=\"section\" data-settings=\"{&quot;_ha_eqh_enable&quot;:false}\">\n\t\t\t\t\t\t<div class=\"elementor-container elementor-column-gap-default\">\n\t\t\t\t\t<div class=\"elementor-column elementor-col-33 elementor-top-column elementor-element elementor-element-c259527\" data-id=\"c259527\" data-element_type=\"column\" data-e-type=\"column\">\n\t\t\t<div class=\"elementor-widget-wrap elementor-element-populated\">\n\t\t\t\t\t\t<div class=\"elementor-element elementor-element-2d4cfd9 elementor-widget elementor-widget-image\" data-id=\"2d4cfd9\" data-element_type=\"widget\" data-e-type=\"widget\" data-widget_type=\"image.default\">\n\t\t\t\t<div class=\"elementor-widget-container\">\n\t\t\t\t\t\t\t\t\t\t\t\t\t\t\t<img loading=\"lazy\" decoding=\"async\" width=\"70\" height=\"70\" src=\"https:\/\/tekoprefrigeration.com\/wp-content\/uploads\/2023\/08\/Responsibilities-to-our-Suppliers-Business-Partners-.png\" class=\"attachment-large size-large wp-image-4448\" alt=\"Responsibilities-to-our-Suppliers-&amp;-Business-Partners-\" \/>\t\t\t\t\t\t\t\t\t\t\t\t\t\t\t<\/div>\n\t\t\t\t<\/div>\n\t\t\t\t<div class=\"elementor-element elementor-element-0345761 elementor-widget elementor-widget-heading\" data-id=\"0345761\" data-element_type=\"widget\" data-e-type=\"widget\" data-widget_type=\"heading.default\">\n\t\t\t\t<div class=\"elementor-widget-container\">\n\t\t\t\t\t<h4 class=\"elementor-heading-title elementor-size-default\">Tedarik\u00e7ilerimize ve \u0130\u015f Ortaklar\u0131m\u0131za Kar\u015f\u0131 Sorumluluklar\u0131m\u0131z\n<\/h4>\t\t\t\t<\/div>\n\t\t\t\t<\/div>\n\t\t\t\t<div class=\"elementor-element elementor-element-81434d6 elementor-widget elementor-widget-text-editor\" data-id=\"81434d6\" data-element_type=\"widget\" data-e-type=\"widget\" data-widget_type=\"text-editor.default\">\n\t\t\t\t<div class=\"elementor-widget-container\">\n\t\t\t\t\t\t\t\t\t<p>Sad\u0131k bir m\u00fc\u015fteriden beklendi\u011fi gibi adil ve sayg\u0131l\u0131 davran\u0131yor, y\u00fck\u00fcml\u00fcl\u00fcklerimizi yerine getirmeye \u00f6zen g\u00f6steriyoruz. \u0130\u015f yapt\u0131\u011f\u0131m\u0131z ki\u015fi ve kurumlar\u0131n \u00f6zel bilgilerini \u00f6zenle koruyoruz.<\/p>\n\t\t\t\t\t\t\t\t<\/div>\n\t\t\t\t<\/div>\n\t\t\t\t\t<\/div>\n\t\t<\/div>\n\t\t\t\t<div class=\"elementor-column elementor-col-33 elementor-top-column elementor-element elementor-element-c32fc28\" data-id=\"c32fc28\" data-element_type=\"column\" data-e-type=\"column\">\n\t\t\t<div class=\"elementor-widget-wrap elementor-element-populated\">\n\t\t\t\t\t\t<div class=\"elementor-element elementor-element-b2e98b0 elementor-widget elementor-widget-image\" data-id=\"b2e98b0\" data-element_type=\"widget\" data-e-type=\"widget\" data-widget_type=\"image.default\">\n\t\t\t\t<div class=\"elementor-widget-container\">\n\t\t\t\t\t\t\t\t\t\t\t\t\t\t\t<img loading=\"lazy\" decoding=\"async\" width=\"70\" height=\"70\" src=\"https:\/\/tekoprefrigeration.com\/wp-content\/uploads\/2023\/08\/Responsibilities-to-Customers-1.png\" class=\"attachment-large size-large wp-image-4452\" alt=\"Responsibilities-to-Customers\" \/>\t\t\t\t\t\t\t\t\t\t\t\t\t\t\t<\/div>\n\t\t\t\t<\/div>\n\t\t\t\t<div class=\"elementor-element elementor-element-4175dfb elementor-widget elementor-widget-heading\" data-id=\"4175dfb\" data-element_type=\"widget\" data-e-type=\"widget\" data-widget_type=\"heading.default\">\n\t\t\t\t<div class=\"elementor-widget-container\">\n\t\t\t\t\t<h4 class=\"elementor-heading-title elementor-size-default\">M\u00fc\u015fterilere Kar\u015f\u0131 Sorumluluklar<\/h4>\t\t\t\t<\/div>\n\t\t\t\t<\/div>\n\t\t\t\t<div class=\"elementor-element elementor-element-66356a8 elementor-widget elementor-widget-text-editor\" data-id=\"66356a8\" data-element_type=\"widget\" data-e-type=\"widget\" data-widget_type=\"text-editor.default\">\n\t\t\t\t<div class=\"elementor-widget-container\">\n\t\t\t\t\t\t\t\t\t<p>Proaktif bir anlay\u0131\u015fla \u00e7al\u0131\u015f\u0131yor ve m\u00fc\u015fteri memnuniyetine odaklanarak m\u00fc\u015fterilerimizin ihtiya\u00e7 ve taleplerini en k\u0131sa s\u00fcrede kar\u015f\u0131l\u0131yoruz. Hizmetlerimizi do\u011fru zamanda ve s\u00f6z verdi\u011fimiz ko\u015fullarda sunuyoruz. Sayg\u0131, onur, adalet, e\u015fitlik ve nezaketle hareket ederiz.<\/p>\n\t\t\t\t\t\t\t\t<\/div>\n\t\t\t\t<\/div>\n\t\t\t\t\t<\/div>\n\t\t<\/div>\n\t\t\t\t<div class=\"elementor-column elementor-col-33 elementor-top-column elementor-element elementor-element-021df99\" data-id=\"021df99\" data-element_type=\"column\" data-e-type=\"column\">\n\t\t\t<div class=\"elementor-widget-wrap elementor-element-populated\">\n\t\t\t\t\t\t<div class=\"elementor-element elementor-element-08098d8 elementor-widget elementor-widget-image\" data-id=\"08098d8\" data-element_type=\"widget\" data-e-type=\"widget\" data-widget_type=\"image.default\">\n\t\t\t\t<div class=\"elementor-widget-container\">\n\t\t\t\t\t\t\t\t\t\t\t\t\t\t\t<img loading=\"lazy\" decoding=\"async\" width=\"70\" height=\"70\" src=\"https:\/\/tekoprefrigeration.com\/wp-content\/uploads\/2023\/08\/Responsibilities-to-Society-Humanity-.png\" class=\"attachment-large size-large wp-image-4446\" alt=\"Responsibilities-to-Society&amp;-Humanity-\" \/>\t\t\t\t\t\t\t\t\t\t\t\t\t\t\t<\/div>\n\t\t\t\t<\/div>\n\t\t\t\t<div class=\"elementor-element elementor-element-4be802d elementor-widget elementor-widget-heading\" data-id=\"4be802d\" data-element_type=\"widget\" data-e-type=\"widget\" data-widget_type=\"heading.default\">\n\t\t\t\t<div class=\"elementor-widget-container\">\n\t\t\t\t\t<h4 class=\"elementor-heading-title elementor-size-default\">Topluma ve \u0130nsanl\u0131\u011fa Kar\u015f\u0131 Sorumluluklar<\/h4>\t\t\t\t<\/div>\n\t\t\t\t<\/div>\n\t\t\t\t<div class=\"elementor-element elementor-element-0ac1348 elementor-widget elementor-widget-text-editor\" data-id=\"0ac1348\" data-element_type=\"widget\" data-e-type=\"widget\" data-widget_type=\"text-editor.default\">\n\t\t\t\t<div class=\"elementor-widget-container\">\n\t\t\t\t\t\t\t\t\tDemokrasinin, insan haklar\u0131n\u0131n, \u00e7evrenin, e\u011fitimin ve hay\u0131r kurumlar\u0131n\u0131n korunmas\u0131, yolsuzlu\u011fun ortadan kald\u0131r\u0131lmas\u0131 bizim i\u00e7in \u00e7ok \u00f6nemlidir. \u0130yi bir vatanda\u015f olma bilinciyle, \u00f6nc\u00fc olarak toplumsal konularda duyarl\u0131 davran\u0131yor, sivil toplum kurulu\u015flar\u0131nda ve kamu yarar\u0131na olan hizmetlerde rol almaya \u00e7al\u0131\u015f\u0131yoruz.\n\n\t\t\t\t\t\t\t\t<\/div>\n\t\t\t\t<\/div>\n\t\t\t\t\t<\/div>\n\t\t<\/div>\n\t\t\t\t\t<\/div>\n\t\t<\/section>\n\t\t\t\t<\/div>\n\t\t","protected":false},"excerpt":{"rendered":"<p>Yasal Sorumluluklar D\u00fczenleyici kurumlara tam ve anla\u015f\u0131labilir bilgileri zaman\u0131nda sunar, faaliyetlerimizi T\u00fcrkiye Cumhuriyeti yasalar\u0131 ve uluslararas\u0131 hukuk \u00e7er\u00e7evesinde yerine getiririz. Rakiplerimize Kar\u015f\u0131 [&hellip;]<\/p>\n","protected":false},"author":1,"featured_media":0,"parent":0,"menu_order":0,"comment_status":"closed","ping_status":"closed","template":"","meta":{"footnotes":""},"class_list":["post-4585","page","type-page","status-publish","hentry"],"_links":{"self":[{"href":"https:\/\/tekoprefrigeration.com\/tr\/wp-json\/wp\/v2\/pages\/4585","targetHints":{"allow":["GET"]}}],"collection":[{"href":"https:\/\/tekoprefrigeration.com\/tr\/wp-json\/wp\/v2\/pages"}],"about":[{"href":"https:\/\/tekoprefrigeration.com\/tr\/wp-json\/wp\/v2\/types\/page"}],"author":[{"embeddable":true,"href":"https:\/\/tekoprefrigeration.com\/tr\/wp-json\/wp\/v2\/users\/1"}],"replies":[{"embeddable":true,"href":"https:\/\/tekoprefrigeration.com\/tr\/wp-json\/wp\/v2\/comments?post=4585"}],"version-history":[{"count":2,"href":"https:\/\/tekoprefrigeration.com\/tr\/wp-json\/wp\/v2\/pages\/4585\/revisions"}],"predecessor-version":[{"id":4601,"href":"https:\/\/tekoprefrigeration.com\/tr\/wp-json\/wp\/v2\/pages\/4585\/revisions\/4601"}],"wp:attachment":[{"href":"https:\/\/tekoprefrigeration.com\/tr\/wp-json\/wp\/v2\/media?parent=4585"}],"curies":[{"name":"wp","href":"https:\/\/api.w.org\/{rel}","templated":true}]}}