{"id":4584,"date":"2023-02-22T07:54:24","date_gmt":"2023-02-22T07:54:24","guid":{"rendered":"https:\/\/tekoprefrigeration.com\/hizmetler\/patates-ve-soganli-soguk-odalar\/"},"modified":"2025-09-24T07:18:51","modified_gmt":"2025-09-24T07:18:51","slug":"patates-ve-sogan-soguk-odalar","status":"publish","type":"page","link":"https:\/\/tekoprefrigeration.com\/tr\/hizmetler\/patates-ve-sogan-soguk-odalar\/","title":{"rendered":"Patates ve So\u011fan So\u011fuk Odalar"},"content":{"rendered":"\t\t<div data-elementor-type=\"wp-page\" data-elementor-id=\"4584\" class=\"elementor elementor-4584 elementor-203\" data-elementor-settings=\"{&quot;ha_cmc_init_switcher&quot;:&quot;no&quot;}\">\n\t\t\t\t<div class=\"elementor-element elementor-element-e98fcfd e-flex e-con-boxed e-con e-parent\" data-id=\"e98fcfd\" data-element_type=\"container\" data-e-type=\"container\" data-settings=\"{&quot;_ha_eqh_enable&quot;:false}\">\n\t\t\t\t\t<div class=\"e-con-inner\">\n\t\t<div class=\"elementor-element elementor-element-24c24cc e-con-full e-flex e-con e-child\" data-id=\"24c24cc\" data-element_type=\"container\" data-e-type=\"container\" data-settings=\"{&quot;_ha_eqh_enable&quot;:false}\">\n\t\t\t\t<div class=\"elementor-element elementor-element-a682b5d elementor-widget__width-initial elementor-widget-tablet__width-inherit elementor-widget elementor-widget-elementskit-heading\" data-id=\"a682b5d\" data-element_type=\"widget\" data-e-type=\"widget\" data-widget_type=\"elementskit-heading.default\">\n\t\t\t\t<div class=\"elementor-widget-container\">\n\t\t\t\t\t<div class=\"ekit-wid-con\" ><div class=\"ekit-heading elementskit-section-title-wraper text_left   ekit_heading_tablet-   ekit_heading_mobile-\"><h4 class=\"elementskit-section-subtitle  \">\n\t\t\t\t\t\tTekop Refrigeration\n\t\t\t\t\t<\/h4><h2 class=\"ekit-heading--title elementskit-section-title \">Patates ve So\u011fanl\u0131 So\u011fuk Odalar<\/h2><\/div><\/div>\t\t\t\t<\/div>\n\t\t\t\t<\/div>\n\t\t\t\t<\/div>\n\t\t\t\t\t<\/div>\n\t\t\t\t<\/div>\n\t\t\t\t<section class=\"elementor-section elementor-top-section elementor-element elementor-element-b5a0be1 elementor-section-content-middle elementor-section-boxed elementor-section-height-default elementor-section-height-default\" data-id=\"b5a0be1\" data-element_type=\"section\" data-e-type=\"section\" data-settings=\"{&quot;_ha_eqh_enable&quot;:false}\">\n\t\t\t\t\t\t<div class=\"elementor-container elementor-column-gap-default\">\n\t\t\t\t\t<div class=\"elementor-column elementor-col-50 elementor-top-column elementor-element elementor-element-0266dc3\" data-id=\"0266dc3\" data-element_type=\"column\" data-e-type=\"column\">\n\t\t\t<div class=\"elementor-widget-wrap elementor-element-populated\">\n\t\t\t\t\t\t<div class=\"elementor-element elementor-element-31a32ae elementor-widget elementor-widget-image\" data-id=\"31a32ae\" data-element_type=\"widget\" data-e-type=\"widget\" data-widget_type=\"image.default\">\n\t\t\t\t<div class=\"elementor-widget-container\">\n\t\t\t\t\t\t\t\t\t\t\t\t\t\t\t<img fetchpriority=\"high\" decoding=\"async\" width=\"750\" height=\"501\" src=\"https:\/\/tekoprefrigeration.com\/wp-content\/uploads\/2023\/02\/ser5.png\" class=\"attachment-large size-large wp-image-4127\" alt=\"\" srcset=\"https:\/\/tekoprefrigeration.com\/wp-content\/uploads\/2023\/02\/ser5.png 750w, https:\/\/tekoprefrigeration.com\/wp-content\/uploads\/2023\/02\/ser5-300x200.png 300w, https:\/\/tekoprefrigeration.com\/wp-content\/uploads\/2023\/02\/ser5-650x434.png 650w\" sizes=\"(max-width: 750px) 100vw, 750px\" \/>\t\t\t\t\t\t\t\t\t\t\t\t\t\t\t<\/div>\n\t\t\t\t<\/div>\n\t\t\t\t\t<\/div>\n\t\t<\/div>\n\t\t\t\t<div class=\"elementor-column elementor-col-50 elementor-top-column elementor-element elementor-element-4f377b3\" data-id=\"4f377b3\" data-element_type=\"column\" data-e-type=\"column\">\n\t\t\t<div class=\"elementor-widget-wrap elementor-element-populated\">\n\t\t\t\t\t\t<div class=\"elementor-element elementor-element-cfdff7a elementor-widget elementor-widget-text-editor\" data-id=\"cfdff7a\" data-element_type=\"widget\" data-e-type=\"widget\" data-widget_type=\"text-editor.default\">\n\t\t\t\t<div class=\"elementor-widget-container\">\n\t\t\t\t\t\t\t\t\t<p>Patates ve So\u011fan hasat edildiklerinden beri ya\u015flan\u0131yor. Bu odalar ya\u015flanmay\u0131 geciktirmek i\u00e7in kullan\u0131lmaktad\u0131r. Do\u011fru havaland\u0131rma ve uygun depolama sistemleri ile ya\u015flanmay\u0131 azaltabiliriz. Bu havaland\u0131rma ve depolama sistemleri patates ve so\u011fan t\u00fcr\u00fcne g\u00f6re de\u011fi\u015fmektedir. So\u011fuk hava depolar\u0131 projelendirilirken bu kriterler g\u00f6z \u00f6n\u00fcnde bulundurulmal\u0131d\u0131r.  <\/p>\n<p>Profesyonel ve deneyimli ekibimiz, Patates ve So\u011fan projeleri, yenileme, modernizasyon, sistem optimizasyonlar\u0131 ve bak\u0131m hizmetleri sunmaktad\u0131r.<\/p>\n<p>Her t\u00fcrl\u00fc olgunla\u015ft\u0131rma odas\u0131 ihtiya\u00e7lar\u0131n\u0131z i\u00e7in l\u00fctfen bizimle ileti\u015fime ge\u00e7iniz.<\/p>\n<p>Hizmetlerimiz hakk\u0131nda daha fazla bilgiye proje web sitemizden ula\u015fabilirsiniz.<\/p>\n\t\t\t\t\t\t\t\t<\/div>\n\t\t\t\t<\/div>\n\t\t\t\t\t<\/div>\n\t\t<\/div>\n\t\t\t\t\t<\/div>\n\t\t<\/section>\n\t\t\t\t<section class=\"elementor-section elementor-top-section elementor-element elementor-element-28e3cb0 elementor-section-boxed elementor-section-height-default elementor-section-height-default\" data-id=\"28e3cb0\" data-element_type=\"section\" data-e-type=\"section\" data-settings=\"{&quot;_ha_eqh_enable&quot;:false}\">\n\t\t\t\t\t\t<div class=\"elementor-container elementor-column-gap-default\">\n\t\t\t\t\t<div class=\"elementor-column elementor-col-100 elementor-top-column elementor-element elementor-element-c82d458\" data-id=\"c82d458\" data-element_type=\"column\" data-e-type=\"column\">\n\t\t\t<div class=\"elementor-widget-wrap elementor-element-populated\">\n\t\t\t\t\t\t<div class=\"elementor-element elementor-element-122770a elementor-tabs-alignment-center elementor-tabs-view-horizontal elementor-widget elementor-widget-tabs\" data-id=\"122770a\" data-element_type=\"widget\" data-e-type=\"widget\" data-widget_type=\"tabs.default\">\n\t\t\t\t<div class=\"elementor-widget-container\">\n\t\t\t\t\t\t\t<div class=\"elementor-tabs\">\n\t\t\t<div class=\"elementor-tabs-wrapper\" role=\"tablist\" >\n\t\t\t\t\t\t\t\t\t<div id=\"elementor-tab-title-1901\" class=\"elementor-tab-title elementor-tab-desktop-title\" aria-selected=\"true\" data-tab=\"1\" role=\"tab\" tabindex=\"0\" aria-controls=\"elementor-tab-content-1901\" aria-expanded=\"false\">BA\u015eVURULAR<\/div>\n\t\t\t\t\t\t\t<\/div>\n\t\t\t<div class=\"elementor-tabs-content-wrapper\" role=\"tablist\" aria-orientation=\"vertical\">\n\t\t\t\t\t\t\t\t\t<div class=\"elementor-tab-title elementor-tab-mobile-title\" aria-selected=\"true\" data-tab=\"1\" role=\"tab\" tabindex=\"0\" aria-controls=\"elementor-tab-content-1901\" aria-expanded=\"false\">BA\u015eVURULAR<\/div>\n\t\t\t\t\t<div id=\"elementor-tab-content-1901\" class=\"elementor-tab-content elementor-clearfix\" data-tab=\"1\" role=\"tabpanel\" aria-labelledby=\"elementor-tab-title-1901\" tabindex=\"0\" hidden=\"false\"><ul>\n<li>\u00dcr\u00fcn\u00fc uygun s\u0131cakl\u0131klarda muhafaza etmek i\u00e7in gerekli yal\u0131t\u0131m ve <a href=\"http:\/\/tekoprefrigeration.com\/product-category\/devices\/refrigeration-systems\/\">so\u011futma sistemleri<\/a>.<\/li>\n<li>\u00dcr\u00fcn depolama tipine g\u00f6re \u00f6zel havaland\u0131rma sistemi.<\/li>\n<li>Y\u00fcksek verimli aksiyal fanlar ile oda i\u00e7inde hava sirk\u00fclasyonu.<\/li>\n<li>Hava giri\u015fi ve \u00e7\u0131k\u0131\u015f\u0131 i\u00e7in otomatik hava klapeleri.<\/li>\n<li>Patates i\u00e7in \u00f6zel nemlendirme sistemi.<\/li>\n<li>CO2, s\u0131cakl\u0131k ve <a href=\"http:\/\/tekoprefrigeration.com\/product\/ultrasonic-humidifier\/\">nem kontrol sistemleri<\/a>.<\/li>\n<\/ul>\n<\/div>\n\t\t\t\t\t\t\t<\/div>\n\t\t<\/div>\n\t\t\t\t\t\t<\/div>\n\t\t\t\t<\/div>\n\t\t\t\t\t<\/div>\n\t\t<\/div>\n\t\t\t\t\t<\/div>\n\t\t<\/section>\n\t\t\t\t<section class=\"elementor-section elementor-top-section elementor-element elementor-element-2df8213 elementor-section-boxed elementor-section-height-default elementor-section-height-default\" data-id=\"2df8213\" data-element_type=\"section\" data-e-type=\"section\" data-settings=\"{&quot;_ha_eqh_enable&quot;:false}\">\n\t\t\t\t\t\t<div class=\"elementor-container elementor-column-gap-default\">\n\t\t\t\t\t<div class=\"elementor-column elementor-col-100 elementor-top-column elementor-element elementor-element-8f6cf6f\" data-id=\"8f6cf6f\" data-element_type=\"column\" data-e-type=\"column\">\n\t\t\t<div class=\"elementor-widget-wrap elementor-element-populated\">\n\t\t\t\t\t\t<div class=\"elementor-element elementor-element-ec546ee elementor-widget elementor-widget-heading\" data-id=\"ec546ee\" data-element_type=\"widget\" data-e-type=\"widget\" data-widget_type=\"heading.default\">\n\t\t\t\t<div class=\"elementor-widget-container\">\n\t\t\t\t\t<h2 class=\"elementor-heading-title elementor-size-default\">Patates Depolama Sistemi\n<\/h2>\t\t\t\t<\/div>\n\t\t\t\t<\/div>\n\t\t\t\t\t<\/div>\n\t\t<\/div>\n\t\t\t\t\t<\/div>\n\t\t<\/section>\n\t\t\t\t<section class=\"elementor-section elementor-top-section elementor-element elementor-element-5c60013 elementor-section-boxed elementor-section-height-default elementor-section-height-default\" data-id=\"5c60013\" data-element_type=\"section\" data-e-type=\"section\" data-settings=\"{&quot;_ha_eqh_enable&quot;:false}\">\n\t\t\t\t\t\t<div class=\"elementor-container elementor-column-gap-default\">\n\t\t\t\t\t<div class=\"elementor-column elementor-col-50 elementor-top-column elementor-element elementor-element-9ddfd96\" data-id=\"9ddfd96\" data-element_type=\"column\" data-e-type=\"column\">\n\t\t\t<div class=\"elementor-widget-wrap elementor-element-populated\">\n\t\t\t\t\t\t<div class=\"elementor-element elementor-element-ee59a12 elementor-widget elementor-widget-video\" data-id=\"ee59a12\" data-element_type=\"widget\" data-e-type=\"widget\" data-settings=\"{&quot;youtube_url&quot;:&quot;https:\\\/\\\/www.youtube.com\\\/watch?v=3bF0ov4D8R8&quot;,&quot;video_type&quot;:&quot;youtube&quot;,&quot;controls&quot;:&quot;yes&quot;}\" data-widget_type=\"video.default\">\n\t\t\t\t<div class=\"elementor-widget-container\">\n\t\t\t\t\t\t\t<div class=\"elementor-wrapper elementor-open-inline\">\n\t\t\t<div class=\"elementor-video\"><\/div>\t\t<\/div>\n\t\t\t\t\t\t<\/div>\n\t\t\t\t<\/div>\n\t\t\t\t\t<\/div>\n\t\t<\/div>\n\t\t\t\t<div class=\"elementor-column elementor-col-50 elementor-top-column elementor-element elementor-element-6df4a7d\" data-id=\"6df4a7d\" data-element_type=\"column\" data-e-type=\"column\">\n\t\t\t<div class=\"elementor-widget-wrap elementor-element-populated\">\n\t\t\t\t\t\t<div class=\"elementor-element elementor-element-6265bfa elementor-widget elementor-widget-video\" data-id=\"6265bfa\" data-element_type=\"widget\" data-e-type=\"widget\" data-settings=\"{&quot;youtube_url&quot;:&quot;https:\\\/\\\/youtu.be\\\/7V0CR9OlDsk&quot;,&quot;video_type&quot;:&quot;youtube&quot;,&quot;controls&quot;:&quot;yes&quot;}\" data-widget_type=\"video.default\">\n\t\t\t\t<div class=\"elementor-widget-container\">\n\t\t\t\t\t\t\t<div class=\"elementor-wrapper elementor-open-inline\">\n\t\t\t<div class=\"elementor-video\"><\/div>\t\t<\/div>\n\t\t\t\t\t\t<\/div>\n\t\t\t\t<\/div>\n\t\t\t\t\t<\/div>\n\t\t<\/div>\n\t\t\t\t\t<\/div>\n\t\t<\/section>\n\t\t\t\t<\/div>\n\t\t","protected":false},"excerpt":{"rendered":"<p>Tekop Refrigeration Patates ve So\u011fanl\u0131 So\u011fuk Odalar Patates ve So\u011fan hasat edildiklerinden beri ya\u015flan\u0131yor. Bu odalar ya\u015flanmay\u0131 geciktirmek i\u00e7in kullan\u0131lmaktad\u0131r. Do\u011fru havaland\u0131rma [&hellip;]<\/p>\n","protected":false},"author":1,"featured_media":4437,"parent":4581,"menu_order":0,"comment_status":"closed","ping_status":"closed","template":"","meta":{"footnotes":""},"class_list":["post-4584","page","type-page","status-publish","has-post-thumbnail","hentry"],"_links":{"self":[{"href":"https:\/\/tekoprefrigeration.com\/tr\/wp-json\/wp\/v2\/pages\/4584","targetHints":{"allow":["GET"]}}],"collection":[{"href":"https:\/\/tekoprefrigeration.com\/tr\/wp-json\/wp\/v2\/pages"}],"about":[{"href":"https:\/\/tekoprefrigeration.com\/tr\/wp-json\/wp\/v2\/types\/page"}],"author":[{"embeddable":true,"href":"https:\/\/tekoprefrigeration.com\/tr\/wp-json\/wp\/v2\/users\/1"}],"replies":[{"embeddable":true,"href":"https:\/\/tekoprefrigeration.com\/tr\/wp-json\/wp\/v2\/comments?post=4584"}],"version-history":[{"count":6,"href":"https:\/\/tekoprefrigeration.com\/tr\/wp-json\/wp\/v2\/pages\/4584\/revisions"}],"predecessor-version":[{"id":11158,"href":"https:\/\/tekoprefrigeration.com\/tr\/wp-json\/wp\/v2\/pages\/4584\/revisions\/11158"}],"up":[{"embeddable":true,"href":"https:\/\/tekoprefrigeration.com\/tr\/wp-json\/wp\/v2\/pages\/4581"}],"wp:featuredmedia":[{"embeddable":true,"href":"https:\/\/tekoprefrigeration.com\/tr\/wp-json\/wp\/v2\/media\/4437"}],"wp:attachment":[{"href":"https:\/\/tekoprefrigeration.com\/tr\/wp-json\/wp\/v2\/media?parent=4584"}],"curies":[{"name":"wp","href":"https:\/\/api.w.org\/{rel}","templated":true}]}}